{"id":285,"date":"2020-07-05T18:53:24","date_gmt":"2020-07-05T21:53:24","guid":{"rendered":"https:\/\/wp.ufpel.edu.br\/planilhasgoogle\/?page_id=285"},"modified":"2020-07-05T18:53:24","modified_gmt":"2020-07-05T21:53:24","slug":"atividades-de-fixacao","status":"publish","type":"page","link":"https:\/\/wp.ufpel.edu.br\/planilhasgoogle\/modulo-basico\/aula-7-personalizacao-de-celulas\/atividades-de-fixacao\/","title":{"rendered":"Atividades de Fixa\u00e7\u00e3o"},"content":{"rendered":"<div class=\"box generalbox center clearfix\">\n<div class=\"no-overflow\">\n<h3>Propostas para praticar:<\/h3>\n<ul>\n<li>Crie um formul\u00e1rio para obten\u00e7\u00e3o de dados como Idade, Peso e Sexo;<\/li>\n<li>Insira alguns valores para testar as tabelas que ser\u00e3o geradas \u00e0 partir destas informa\u00e7\u00f5es;<\/li>\n<li>Crie uma\u00a0tabela din\u00e2mica\u00a0associando dados como Sexo e Peso com valores de peso;<\/li>\n<li>Adicione uma linha a esta\u00a0tabela din\u00e2mica\u00a0com a coluna idade;<\/li>\n<li>Crie um gr\u00e1fico relacionando apenas Sexo e Peso;<\/li>\n<li>Crie um gr\u00e1fico relacionando apenas Idade e Peso;<\/li>\n<li>Crie um gr\u00e1fico relacionando Idade, Sexo e Peso;<\/li>\n<li>Escolha um\u00a0tema\u00a0que satisfa\u00e7a a necessidade no caso de uma apresenta\u00e7\u00e3o futura deste conte\u00fado.<\/li>\n<\/ul>\n<\/div>\n<\/div>\n","protected":false},"excerpt":{"rendered":"<p>Propostas para praticar: Crie um formul\u00e1rio para obten\u00e7\u00e3o de dados como Idade, Peso e Sexo; Insira alguns valores para testar as tabelas que ser\u00e3o geradas \u00e0 partir destas informa\u00e7\u00f5es; Crie uma\u00a0tabela din\u00e2mica\u00a0associando dados como Sexo e Peso com valores de peso; Adicione uma linha a esta\u00a0tabela din\u00e2mica\u00a0com a coluna idade; Crie um gr\u00e1fico relacionando apenas [&hellip;]<\/p>\n","protected":false},"author":667,"featured_media":0,"parent":96,"menu_order":4,"comment_status":"closed","ping_status":"closed","template":"","meta":{"jetpack_post_was_ever_published":false,"footnotes":""},"class_list":["post-285","page","type-page","status-publish","hentry"],"jetpack_sharing_enabled":true,"_links":{"self":[{"href":"https:\/\/wp.ufpel.edu.br\/planilhasgoogle\/wp-json\/wp\/v2\/pages\/285","targetHints":{"allow":["GET"]}}],"collection":[{"href":"https:\/\/wp.ufpel.edu.br\/planilhasgoogle\/wp-json\/wp\/v2\/pages"}],"about":[{"href":"https:\/\/wp.ufpel.edu.br\/planilhasgoogle\/wp-json\/wp\/v2\/types\/page"}],"author":[{"embeddable":true,"href":"https:\/\/wp.ufpel.edu.br\/planilhasgoogle\/wp-json\/wp\/v2\/users\/667"}],"replies":[{"embeddable":true,"href":"https:\/\/wp.ufpel.edu.br\/planilhasgoogle\/wp-json\/wp\/v2\/comments?post=285"}],"version-history":[{"count":1,"href":"https:\/\/wp.ufpel.edu.br\/planilhasgoogle\/wp-json\/wp\/v2\/pages\/285\/revisions"}],"predecessor-version":[{"id":287,"href":"https:\/\/wp.ufpel.edu.br\/planilhasgoogle\/wp-json\/wp\/v2\/pages\/285\/revisions\/287"}],"up":[{"embeddable":true,"href":"https:\/\/wp.ufpel.edu.br\/planilhasgoogle\/wp-json\/wp\/v2\/pages\/96"}],"wp:attachment":[{"href":"https:\/\/wp.ufpel.edu.br\/planilhasgoogle\/wp-json\/wp\/v2\/media?parent=285"}],"curies":[{"name":"wp","href":"https:\/\/api.w.org\/{rel}","templated":true}]}}