{"id":281,"date":"2020-07-05T18:52:46","date_gmt":"2020-07-05T21:52:46","guid":{"rendered":"https:\/\/wp.ufpel.edu.br\/planilhasgoogle\/?page_id=281"},"modified":"2020-07-05T18:52:46","modified_gmt":"2020-07-05T21:52:46","slug":"formularios","status":"publish","type":"page","link":"https:\/\/wp.ufpel.edu.br\/planilhasgoogle\/modulo-basico\/aula-7-personalizacao-de-celulas\/formularios\/","title":{"rendered":"Formul\u00e1rios"},"content":{"rendered":"<div class=\"box generalbox center clearfix\">\n<div class=\"no-overflow\">\n<h3>Inserindo um formul\u00e1rio b\u00e1sico<\/h3>\n<p>Formul\u00e1rios s\u00e3o um recurso externo as planilhas do google e possuem diversos recursos muito interessante que facilitam a obten\u00e7\u00e3o de informa\u00e7\u00f5es. Mas um recurso que pouca gente ainda usa \u00e9 o de vincula\u00e7\u00e3o as Planilhas do Google, este processo \u00e9 extremamente simples e pode te fornecer uma forma simples de visualiza\u00e7\u00e3o das informa\u00e7\u00f5es informadas pelos usu\u00e1rios que preencherem os formul\u00e1rios.<\/p>\n<p>\u00c9 poss\u00edvel utilizar estes formul\u00e1rios para pesquisas acad\u00eamicas, para introdu\u00e7\u00e3o de dados gerenciais, para introdu\u00e7\u00e3o de dados administrativos tais como cadastros em eventos, cadastro em projetos, dentre outros usos frequentes dentro do ambiente universit\u00e1rio. Para inserir um formul\u00e1rio nas planilhas do google, basta que cliquemos no item de menu Inserir e selecionemos o item Formul\u00e1rio, quando fazemos isso somos direcionados para uma outra p\u00e1gina para montar o nosso formul\u00e1rio, no entanto, este formul\u00e1rio j\u00e1 estar\u00e1 associado a tabela que estamos trabalhando, vejamos no v\u00eddeo abaixo um exemplo de uso deste recurso.<\/p>\n<div style=\"width: 1280px;\" class=\"wp-video\"><video class=\"wp-video-shortcode\" id=\"video-281-1\" width=\"1280\" height=\"720\" preload=\"metadata\" controls=\"controls\"><source type=\"video\/mp4\" src=\"https:\/\/wp.ufpel.edu.br\/planilhasgoogle\/files\/2020\/07\/formularios.mp4?_=1\" \/><a href=\"https:\/\/wp.ufpel.edu.br\/planilhasgoogle\/files\/2020\/07\/formularios.mp4\">https:\/\/wp.ufpel.edu.br\/planilhasgoogle\/files\/2020\/07\/formularios.mp4<\/a><\/video><\/div>\n<\/div>\n<\/div>\n","protected":false},"excerpt":{"rendered":"<p>Inserindo um formul\u00e1rio b\u00e1sico Formul\u00e1rios s\u00e3o um recurso externo as planilhas do google e possuem diversos recursos muito interessante que facilitam a obten\u00e7\u00e3o de informa\u00e7\u00f5es. Mas um recurso que pouca gente ainda usa \u00e9 o de vincula\u00e7\u00e3o as Planilhas do Google, este processo \u00e9 extremamente simples e pode te fornecer uma forma simples de visualiza\u00e7\u00e3o [&hellip;]<\/p>\n","protected":false},"author":667,"featured_media":0,"parent":96,"menu_order":3,"comment_status":"closed","ping_status":"closed","template":"","meta":{"jetpack_post_was_ever_published":false,"footnotes":""},"class_list":["post-281","page","type-page","status-publish","hentry"],"jetpack_sharing_enabled":true,"_links":{"self":[{"href":"https:\/\/wp.ufpel.edu.br\/planilhasgoogle\/wp-json\/wp\/v2\/pages\/281","targetHints":{"allow":["GET"]}}],"collection":[{"href":"https:\/\/wp.ufpel.edu.br\/planilhasgoogle\/wp-json\/wp\/v2\/pages"}],"about":[{"href":"https:\/\/wp.ufpel.edu.br\/planilhasgoogle\/wp-json\/wp\/v2\/types\/page"}],"author":[{"embeddable":true,"href":"https:\/\/wp.ufpel.edu.br\/planilhasgoogle\/wp-json\/wp\/v2\/users\/667"}],"replies":[{"embeddable":true,"href":"https:\/\/wp.ufpel.edu.br\/planilhasgoogle\/wp-json\/wp\/v2\/comments?post=281"}],"version-history":[{"count":1,"href":"https:\/\/wp.ufpel.edu.br\/planilhasgoogle\/wp-json\/wp\/v2\/pages\/281\/revisions"}],"predecessor-version":[{"id":284,"href":"https:\/\/wp.ufpel.edu.br\/planilhasgoogle\/wp-json\/wp\/v2\/pages\/281\/revisions\/284"}],"up":[{"embeddable":true,"href":"https:\/\/wp.ufpel.edu.br\/planilhasgoogle\/wp-json\/wp\/v2\/pages\/96"}],"wp:attachment":[{"href":"https:\/\/wp.ufpel.edu.br\/planilhasgoogle\/wp-json\/wp\/v2\/media?parent=281"}],"curies":[{"name":"wp","href":"https:\/\/api.w.org\/{rel}","templated":true}]}}