{"id":274,"date":"2020-07-05T18:51:42","date_gmt":"2020-07-05T21:51:42","guid":{"rendered":"https:\/\/wp.ufpel.edu.br\/planilhasgoogle\/?page_id=274"},"modified":"2020-07-05T18:51:42","modified_gmt":"2020-07-05T21:51:42","slug":"graficos","status":"publish","type":"page","link":"https:\/\/wp.ufpel.edu.br\/planilhasgoogle\/modulo-basico\/aula-7-personalizacao-de-celulas\/graficos\/","title":{"rendered":"Gr\u00e1ficos"},"content":{"rendered":"<div class=\"box generalbox center clearfix\">\n<div class=\"no-overflow\">\n<h3>Criando Gr\u00e1ficos<\/h3>\n<p>A cria\u00e7\u00e3o de gr\u00e1ficos nas Planilhas do Google possuem recursos semelhante aos de seus concorrentes como Calc e Excel, e podem ser criados de diversas formas, o primeiro passo para a constru\u00e7\u00e3o de gr\u00e1ficos n\u00e3o \u00e9 na planilha e sim na ideia e separa\u00e7\u00e3o dos dados, o fundamental portanto nesse momento \u00e9 a organiza\u00e7\u00e3o dos dados, normalmente, dados brutos precisam ser analisados, organizados e quantificados para facilitarem a constru\u00e7\u00e3o de um gr\u00e1fico. Nesse ponto, o recurso de\u00a0Tabela Din\u00e2mica\u00a0observado anteriormente \u00e9 a melhor forma de se organizar estes dados nas planilhas de dados.<\/p>\n<p>Vamos criar um gr\u00e1fico \u00e0 partir da sele\u00e7\u00e3o feita anteriormente, temos a faixa-et\u00e1ria em propor\u00e7\u00e3o de evolu\u00e7\u00e3o da COVID 19, para criar um gr\u00e1fico de maneira simples, basta selecionar os campos desejados, clicar em Inserir e selecionar o item gr\u00e1fico.<\/p>\n<div style=\"width: 1280px;\" class=\"wp-video\"><video class=\"wp-video-shortcode\" id=\"video-274-1\" width=\"1280\" height=\"720\" preload=\"metadata\" controls=\"controls\"><source type=\"video\/mp4\" src=\"https:\/\/wp.ufpel.edu.br\/planilhasgoogle\/files\/2020\/07\/grafico_1.mp4?_=1\" \/><a href=\"https:\/\/wp.ufpel.edu.br\/planilhasgoogle\/files\/2020\/07\/grafico_1.mp4\">https:\/\/wp.ufpel.edu.br\/planilhasgoogle\/files\/2020\/07\/grafico_1.mp4<\/a><\/video><\/div>\n<p>Com esta mesma tabela \u00e9 poss\u00edvel extrair dados apenas da rela\u00e7\u00e3o entre Sexo e Evolu\u00e7\u00e3o, para isso, precisaremos reduzir os dados informados para visualizarmos a tabela antes da inclus\u00e3o da faixa et\u00e1ria, no v\u00eddeo abaixo temos um exemplo deste processo, que retirando a quest\u00e3o da sele\u00e7\u00e3o dos dados o resto ser\u00e1 exatamente igual ao processo observado anteriormente.<\/p>\n<div style=\"width: 1280px;\" class=\"wp-video\"><video class=\"wp-video-shortcode\" id=\"video-274-2\" width=\"1280\" height=\"720\" preload=\"metadata\" controls=\"controls\"><source type=\"video\/mp4\" src=\"https:\/\/wp.ufpel.edu.br\/planilhasgoogle\/files\/2020\/07\/grafico_2.mp4?_=2\" \/><a href=\"https:\/\/wp.ufpel.edu.br\/planilhasgoogle\/files\/2020\/07\/grafico_2.mp4\">https:\/\/wp.ufpel.edu.br\/planilhasgoogle\/files\/2020\/07\/grafico_2.mp4<\/a><\/video><\/div>\n<p>O Google ajusta e seleciona o tipo de gr\u00e1fico de acordo com as informa\u00e7\u00f5es selecionadas, vejamos um outro exemplo, no entanto, desta vez, vamos selecionar uma \u00fanica coluna relacionada a evolu\u00e7\u00e3o, tal como a &#8220;EM ACOMPANHAMENTO&#8221;. Observem que o Google selecionou o gr\u00e1fico do tipo\u00a0<strong>Gr\u00e1fico de Pizza<\/strong>, quando, anteriormente, por existirem v\u00e1rias informa\u00e7\u00f5es, achou melhor o tipo\u00a0<strong>Gr\u00e1fico de Colunas<\/strong>.<\/p>\n<div style=\"width: 1280px;\" class=\"wp-video\"><video class=\"wp-video-shortcode\" id=\"video-274-3\" width=\"1280\" height=\"720\" preload=\"metadata\" controls=\"controls\"><source type=\"video\/mp4\" src=\"https:\/\/wp.ufpel.edu.br\/planilhasgoogle\/files\/2020\/07\/grafico_3.mp4?_=3\" \/><a href=\"https:\/\/wp.ufpel.edu.br\/planilhasgoogle\/files\/2020\/07\/grafico_3.mp4\">https:\/\/wp.ufpel.edu.br\/planilhasgoogle\/files\/2020\/07\/grafico_3.mp4<\/a><\/video><\/div>\n<p>Embora seja muito comum o google acertar o gr\u00e1fico que queremos utilizar e em outras vezes ele at\u00e9 encontra um gr\u00e1fico melhor do que o que pretend\u00edamos utilizar. As Planilhas do Google te permitem selecionar um gr\u00e1fico entre diversos dispon\u00edveis e mais adiante veremos como fazer nossos pr\u00f3prios gr\u00e1ficos atrav\u00e9s da linguagem das Planilhas do Google. No momento, vamos observar a altera\u00e7\u00e3o dos gr\u00e1ficos.<\/p>\n<div style=\"width: 1280px;\" class=\"wp-video\"><video class=\"wp-video-shortcode\" id=\"video-274-4\" width=\"1280\" height=\"720\" preload=\"metadata\" controls=\"controls\"><source type=\"video\/mp4\" src=\"https:\/\/wp.ufpel.edu.br\/planilhasgoogle\/files\/2020\/07\/grafico_4.mp4?_=4\" \/><a href=\"https:\/\/wp.ufpel.edu.br\/planilhasgoogle\/files\/2020\/07\/grafico_4.mp4\">https:\/\/wp.ufpel.edu.br\/planilhasgoogle\/files\/2020\/07\/grafico_4.mp4<\/a><\/video><\/div>\n<p>Notem que cada gr\u00e1fico possui diversos campos para se inserir, alguns exigem mais campos do que temos e por isso n\u00e3o s\u00e3o aconselh\u00e1veis, outros no entanto, resumi tanto a informa\u00e7\u00e3o que temos que tamb\u00e9m n\u00e3o \u00e9 uma op\u00e7\u00e3o vi\u00e1vel. O ideal \u00e9 conhecer todos os gr\u00e1ficos, seus usos e as propriedades necess\u00e1rias para sua exibi\u00e7\u00e3o. Devemos perceber essas propriedades como os par\u00e2metros que passamos nas fun\u00e7\u00f5es, s\u00e3o vari\u00e1veis b\u00e1sicas que constroem o nosso objeto, nesse caso, nossos gr\u00e1ficos.<\/p>\n<\/div>\n<\/div>\n","protected":false},"excerpt":{"rendered":"<p>Criando Gr\u00e1ficos A cria\u00e7\u00e3o de gr\u00e1ficos nas Planilhas do Google possuem recursos semelhante aos de seus concorrentes como Calc e Excel, e podem ser criados de diversas formas, o primeiro passo para a constru\u00e7\u00e3o de gr\u00e1ficos n\u00e3o \u00e9 na planilha e sim na ideia e separa\u00e7\u00e3o dos dados, o fundamental portanto nesse momento \u00e9 a [&hellip;]<\/p>\n","protected":false},"author":667,"featured_media":0,"parent":96,"menu_order":2,"comment_status":"closed","ping_status":"closed","template":"","meta":{"jetpack_post_was_ever_published":false,"footnotes":""},"class_list":["post-274","page","type-page","status-publish","hentry"],"jetpack_sharing_enabled":true,"_links":{"self":[{"href":"https:\/\/wp.ufpel.edu.br\/planilhasgoogle\/wp-json\/wp\/v2\/pages\/274","targetHints":{"allow":["GET"]}}],"collection":[{"href":"https:\/\/wp.ufpel.edu.br\/planilhasgoogle\/wp-json\/wp\/v2\/pages"}],"about":[{"href":"https:\/\/wp.ufpel.edu.br\/planilhasgoogle\/wp-json\/wp\/v2\/types\/page"}],"author":[{"embeddable":true,"href":"https:\/\/wp.ufpel.edu.br\/planilhasgoogle\/wp-json\/wp\/v2\/users\/667"}],"replies":[{"embeddable":true,"href":"https:\/\/wp.ufpel.edu.br\/planilhasgoogle\/wp-json\/wp\/v2\/comments?post=274"}],"version-history":[{"count":1,"href":"https:\/\/wp.ufpel.edu.br\/planilhasgoogle\/wp-json\/wp\/v2\/pages\/274\/revisions"}],"predecessor-version":[{"id":280,"href":"https:\/\/wp.ufpel.edu.br\/planilhasgoogle\/wp-json\/wp\/v2\/pages\/274\/revisions\/280"}],"up":[{"embeddable":true,"href":"https:\/\/wp.ufpel.edu.br\/planilhasgoogle\/wp-json\/wp\/v2\/pages\/96"}],"wp:attachment":[{"href":"https:\/\/wp.ufpel.edu.br\/planilhasgoogle\/wp-json\/wp\/v2\/media?parent=274"}],"curies":[{"name":"wp","href":"https:\/\/api.w.org\/{rel}","templated":true}]}}