{"id":264,"date":"2020-07-05T18:50:04","date_gmt":"2020-07-05T21:50:04","guid":{"rendered":"https:\/\/wp.ufpel.edu.br\/planilhasgoogle\/?page_id=264"},"modified":"2020-07-05T18:50:04","modified_gmt":"2020-07-05T21:50:04","slug":"tabela-dinamica","status":"publish","type":"page","link":"https:\/\/wp.ufpel.edu.br\/planilhasgoogle\/modulo-basico\/aula-7-personalizacao-de-celulas\/tabela-dinamica\/","title":{"rendered":"Tabela Din\u00e2mica"},"content":{"rendered":"<div class=\"box generalbox center clearfix\">\n<div class=\"no-overflow\">\n<h3>Tabela Din\u00e2mica<\/h3>\n<p>Digamos que voc\u00ea tem uma tabela como a observada nos dados brutos que foram retirados da p\u00e1gina da secretaria de sa\u00fade do Rio Grande do Sul e que temos utilizado ao longo do curso, para transformar estes dados em algo mais palp\u00e1vel, precisamos inicialmente trabalhar com as informa\u00e7\u00f5es que est\u00e3o contidas nesta. Para isso, um valioso recurso \u00e9 o uso da Tabela Din\u00e2mica, que basicamente cria uma tela de visualiza\u00e7\u00e3o trabalhada em rela\u00e7\u00e3o a outra planilha de dados, normalmente em cima dos dados brutos.<\/p>\n<p>Na se\u00e7\u00e3o do curso que lidamos como\u00a0Valida\u00e7\u00e3o de Dados, trabalhamos em cima do item de menu\u00a0Valida\u00e7\u00e3o de Dados, acabamos por reservar este item para outro t\u00f3pico pois estava ficando sobrecarregado j\u00e1 que se tratava de um t\u00f3pico extenso. A Tabela Din\u00e2mica te permite construir de forma intuitiva e pr\u00e1tica visualiza\u00e7\u00f5es que se f\u00f4ssemos utilizar os filtros para criar, provavelmente levar\u00edamos tempos e bastaria a altera\u00e7\u00e3o de um item para perder todo o trabalho.<\/p>\n<p>O v\u00eddeo abaixo exemplifica o b\u00e1sico da cria\u00e7\u00e3o de uma tabela din\u00e2mica, basicamente, se seleciona a pasta\/tabela que se deseja trabalhar, no nosso caso, trata-se da pasta DADOS BRUTOS, posteriormente, se clica no item de menu Dados e sub item de menu Tabela Din\u00e2mica.<\/p>\n<div style=\"width: 1280px;\" class=\"wp-video\"><video class=\"wp-video-shortcode\" id=\"video-264-1\" width=\"1280\" height=\"720\" preload=\"metadata\" controls=\"controls\"><source type=\"video\/mp4\" src=\"https:\/\/wp.ufpel.edu.br\/planilhasgoogle\/files\/2020\/07\/tabela_dinamica_1.mp4?_=1\" \/><a href=\"https:\/\/wp.ufpel.edu.br\/planilhasgoogle\/files\/2020\/07\/tabela_dinamica_1.mp4\">https:\/\/wp.ufpel.edu.br\/planilhasgoogle\/files\/2020\/07\/tabela_dinamica_1.mp4<\/a><\/video><\/div>\n<p>O Editor da tabela din\u00e2mica te permite estruturar teus dados, informar quais s\u00e3o os campos que voc\u00ea deseja exibir ao cruzar e especificar\u00a0<strong>Linhas<\/strong>\u00a0e\u00a0<strong>Colunas<\/strong>\u00a0que desejas exibir, \u00e9 poss\u00edvel nesse ponto tamb\u00e9m atribuir ordena\u00e7\u00e3o para estes dados. Outro recurso extremamente \u00fatil vemos no bot\u00e3o\u00a0<strong>Valores<\/strong>\u00a0que te permitem inserir resultados a tua tabela, te permitem filtrar e s\u00f3 exibir dados \u00fanicos entre outros. Al\u00e9m disso, temos o recurso de\u00a0<strong>Filtros<\/strong>\u00a0que \u00e9 um dos mais importantes, pois te permitem de fato criar visualiza\u00e7\u00f5es e varia\u00e7\u00f5es da tua tabela.<\/p>\n<div style=\"width: 1280px;\" class=\"wp-video\"><video class=\"wp-video-shortcode\" id=\"video-264-2\" width=\"1280\" height=\"720\" preload=\"metadata\" controls=\"controls\"><source type=\"video\/mp4\" src=\"https:\/\/wp.ufpel.edu.br\/planilhasgoogle\/files\/2020\/07\/tabela_dinamica_2.mp4?_=2\" \/><a href=\"https:\/\/wp.ufpel.edu.br\/planilhasgoogle\/files\/2020\/07\/tabela_dinamica_2.mp4\">https:\/\/wp.ufpel.edu.br\/planilhasgoogle\/files\/2020\/07\/tabela_dinamica_2.mp4<\/a><\/video><\/div>\n<p>Na Op\u00e7\u00e3o Sugerida o Google te passa algumas sugest\u00f5es para esta nova tabela, tais como o controle de cidades por faixa et\u00e1ria, faixa et\u00e1ria por regi\u00e3o, tipo de teste por regi\u00e3o. Estas gera\u00e7\u00f5es autom\u00e1tica de dados normalmente n\u00e3o s\u00e3o muito \u00fateis quando estamos trabalhando com um conte\u00fado que o google ainda n\u00e3o trabalhou, normalmente, depois de alguns testes o Google entende que tipo de tabela din\u00e2mica voc\u00ea pretende criar e te passa sugest\u00f5es mais interessantes. No v\u00eddeo abaixo eu cliquei no sinal de MAIS presente no topo direito das sugest\u00f5es, pois eu n\u00e3o pretendia criar estas tabelas, apenas visualizar as informa\u00e7\u00f5es, mas caso voc\u00ea goste de alguma das op\u00e7\u00f5es sugeridas voc\u00ea poder\u00e1 clicar sobre a sugest\u00e3o em si para criar.<\/p>\n<div style=\"width: 1280px;\" class=\"wp-video\"><video class=\"wp-video-shortcode\" id=\"video-264-3\" width=\"1280\" height=\"720\" preload=\"metadata\" controls=\"controls\"><source type=\"video\/mp4\" src=\"https:\/\/wp.ufpel.edu.br\/planilhasgoogle\/files\/2020\/07\/tabela_dinamica_3.mp4?_=3\" \/><a href=\"https:\/\/wp.ufpel.edu.br\/planilhasgoogle\/files\/2020\/07\/tabela_dinamica_3.mp4\">https:\/\/wp.ufpel.edu.br\/planilhasgoogle\/files\/2020\/07\/tabela_dinamica_3.mp4<\/a><\/video><\/div>\n<p>Na op\u00e7\u00e3o Linha x Coluna, se voc\u00ea est\u00e1 treinando talvez deva estar pensando, porqu\u00ea s\u00f3 aparecem colunas, tanto no item Linhas quanto Colunas? isso acontece porqu\u00ea normalmente desejamos cruzar informa\u00e7\u00f5es, por exemplo, se quisermos separar por sexo quantas pessoas est\u00e3o em acompanhamento, quantas foram curadas e quantas foram \u00e0 \u00f3bito. Estaremos cruzando as informa\u00e7\u00f5es presentes na tabela Sexo pela Evolu\u00e7\u00e3o. Mesmo ao criar a tabela, Linha x Coluna ainda \u00e9 preciso adicionar os valores que desejamos calcular, nesse caso, vamos adicionar o campo Evolu\u00e7\u00e3o como valor. O v\u00eddeo abaixo exemplifica este uso.<\/p>\n<div style=\"width: 1280px;\" class=\"wp-video\"><video class=\"wp-video-shortcode\" id=\"video-264-4\" width=\"1280\" height=\"720\" preload=\"metadata\" controls=\"controls\"><source type=\"video\/mp4\" src=\"https:\/\/wp.ufpel.edu.br\/planilhasgoogle\/files\/2020\/07\/tabela_dinamica_4.mp4?_=4\" \/><a href=\"https:\/\/wp.ufpel.edu.br\/planilhasgoogle\/files\/2020\/07\/tabela_dinamica_4.mp4\">https:\/\/wp.ufpel.edu.br\/planilhasgoogle\/files\/2020\/07\/tabela_dinamica_4.mp4<\/a><\/video><\/div>\n<p>Notem que no v\u00eddeo acima temos alguns dados que precisaremos remover com a limpeza de dados, por exemplo, temos um Feminino escrito Femininio, assim como dados em brancos tanto na tabela Evolu\u00e7\u00e3o quanto de Sexo. Normalmente, nesses casos, se o nosso N, ou seja, se nossa amostra \u00e9 grande o suficiente para podermos remover estas informa\u00e7\u00f5es o fazemos, caso contr\u00e1rio precisamos descobrir a resposta para estes dados.<\/p>\n<p>Adicionar linhas e colunas em tabelas din\u00e2micas torna-se um desafio simples quando entendemos o que o sistema est\u00e1 fazendo, no caso, se quisermos adicionar a informa\u00e7\u00e3o da faixa et\u00e1ria dentro desta tabela, pelo fato de nossos valores estar associado a Evolu\u00e7\u00e3o que est\u00e1 nas colunas, devemos inserir no item Linhas, notem no v\u00eddeo abaixo como fica simples e interessante fazer uso deste recurso.<\/p>\n<div style=\"width: 1280px;\" class=\"wp-video\"><video class=\"wp-video-shortcode\" id=\"video-264-5\" width=\"1280\" height=\"720\" preload=\"metadata\" controls=\"controls\"><source type=\"video\/mp4\" src=\"https:\/\/wp.ufpel.edu.br\/planilhasgoogle\/files\/2020\/07\/tabela_dinamica_5.mp4?_=5\" \/><a href=\"https:\/\/wp.ufpel.edu.br\/planilhasgoogle\/files\/2020\/07\/tabela_dinamica_5.mp4\">https:\/\/wp.ufpel.edu.br\/planilhasgoogle\/files\/2020\/07\/tabela_dinamica_5.mp4<\/a><\/video><\/div>\n<p>Por enquanto, os dados est\u00e3o vindo da tabela completa, mas muitas vezes precisamos fazer um recorte das informa\u00e7\u00f5es, digamos que estamos analisando os dados apenas da cidade de Pelotas, podemos fazer um filtro de duas maneiras, ou selecionamos na linha de filtros a quest\u00e3o do munic\u00edpio e usamos a\u00a0 op\u00e7\u00e3o de Filtrar por condi\u00e7\u00e3o, ou podemos selecionar a op\u00e7\u00e3o Filtrar por valores, no caso de textos fixos recomendamos a segunda op\u00e7\u00e3o para prevenir erros de digita\u00e7\u00e3o. Para dados num\u00e9ricos voc\u00ea pode inclusive comparar com dados em uma determinada tabela. O v\u00eddeo abaixo exemplifica este uso.<\/p>\n<div style=\"width: 1280px;\" class=\"wp-video\"><video class=\"wp-video-shortcode\" id=\"video-264-6\" width=\"1280\" height=\"720\" preload=\"metadata\" controls=\"controls\"><source type=\"video\/mp4\" src=\"https:\/\/wp.ufpel.edu.br\/planilhasgoogle\/files\/2020\/07\/tabela_dinamica_6.mp4?_=6\" \/><a href=\"https:\/\/wp.ufpel.edu.br\/planilhasgoogle\/files\/2020\/07\/tabela_dinamica_6.mp4\">https:\/\/wp.ufpel.edu.br\/planilhasgoogle\/files\/2020\/07\/tabela_dinamica_6.mp4<\/a><\/video><\/div>\n<p>Como \u00faltimo recurso de tabela din\u00e2mica temos a cria\u00e7\u00e3o de tabelas autom\u00e1ticas \u00e0 partir de determinados dados, por exemplo, temos 5 mulheres em acompanhamento na cidade com idades entre 20 e 29 anos e gostar\u00edamos de saber mais detalhes sobre isto, basta clicarmos duas vezes sobre o n\u00famero 5 para que seja montada uma nova tabela com todas as informa\u00e7\u00f5es que geraram estes dados, al\u00e9m de todos os outros dados da tabela bruta, este recurso \u00e9 muito bom quando desejamos analisar apenas um pequeno dado na tabela j\u00e1 criada, poder\u00edamos usar para verificar a exist\u00eancia ou n\u00e3o de comorbidades ou outro detalhe que fosse relevante para a nossa pesquisa.<\/p>\n<div style=\"width: 1280px;\" class=\"wp-video\"><video class=\"wp-video-shortcode\" id=\"video-264-7\" width=\"1280\" height=\"720\" preload=\"metadata\" controls=\"controls\"><source type=\"video\/mp4\" src=\"https:\/\/wp.ufpel.edu.br\/planilhasgoogle\/files\/2020\/07\/tabela_dinamica_7.mp4?_=7\" \/><a href=\"https:\/\/wp.ufpel.edu.br\/planilhasgoogle\/files\/2020\/07\/tabela_dinamica_7.mp4\">https:\/\/wp.ufpel.edu.br\/planilhasgoogle\/files\/2020\/07\/tabela_dinamica_7.mp4<\/a><\/video><\/div>\n<\/div>\n<\/div>\n","protected":false},"excerpt":{"rendered":"<p>Tabela Din\u00e2mica Digamos que voc\u00ea tem uma tabela como a observada nos dados brutos que foram retirados da p\u00e1gina da secretaria de sa\u00fade do Rio Grande do Sul e que temos utilizado ao longo do curso, para transformar estes dados em algo mais palp\u00e1vel, precisamos inicialmente trabalhar com as informa\u00e7\u00f5es que est\u00e3o contidas nesta. Para [&hellip;]<\/p>\n","protected":false},"author":667,"featured_media":0,"parent":96,"menu_order":1,"comment_status":"closed","ping_status":"closed","template":"","meta":{"jetpack_post_was_ever_published":false,"footnotes":""},"class_list":["post-264","page","type-page","status-publish","hentry"],"jetpack_sharing_enabled":true,"_links":{"self":[{"href":"https:\/\/wp.ufpel.edu.br\/planilhasgoogle\/wp-json\/wp\/v2\/pages\/264","targetHints":{"allow":["GET"]}}],"collection":[{"href":"https:\/\/wp.ufpel.edu.br\/planilhasgoogle\/wp-json\/wp\/v2\/pages"}],"about":[{"href":"https:\/\/wp.ufpel.edu.br\/planilhasgoogle\/wp-json\/wp\/v2\/types\/page"}],"author":[{"embeddable":true,"href":"https:\/\/wp.ufpel.edu.br\/planilhasgoogle\/wp-json\/wp\/v2\/users\/667"}],"replies":[{"embeddable":true,"href":"https:\/\/wp.ufpel.edu.br\/planilhasgoogle\/wp-json\/wp\/v2\/comments?post=264"}],"version-history":[{"count":1,"href":"https:\/\/wp.ufpel.edu.br\/planilhasgoogle\/wp-json\/wp\/v2\/pages\/264\/revisions"}],"predecessor-version":[{"id":273,"href":"https:\/\/wp.ufpel.edu.br\/planilhasgoogle\/wp-json\/wp\/v2\/pages\/264\/revisions\/273"}],"up":[{"embeddable":true,"href":"https:\/\/wp.ufpel.edu.br\/planilhasgoogle\/wp-json\/wp\/v2\/pages\/96"}],"wp:attachment":[{"href":"https:\/\/wp.ufpel.edu.br\/planilhasgoogle\/wp-json\/wp\/v2\/media?parent=264"}],"curies":[{"name":"wp","href":"https:\/\/api.w.org\/{rel}","templated":true}]}}