{"id":259,"date":"2020-07-05T18:47:36","date_gmt":"2020-07-05T21:47:36","guid":{"rendered":"https:\/\/wp.ufpel.edu.br\/planilhasgoogle\/?page_id=259"},"modified":"2020-07-05T18:47:36","modified_gmt":"2020-07-05T21:47:36","slug":"tema","status":"publish","type":"page","link":"https:\/\/wp.ufpel.edu.br\/planilhasgoogle\/modulo-basico\/aula-7-personalizacao-de-celulas\/tema\/","title":{"rendered":"Tema"},"content":{"rendered":"<div class=\"box generalbox center clearfix\">\n<div class=\"no-overflow\">\n<h3>Recurso Tema<\/h3>\n<p>O recurso Tema te permitir\u00e1 configurar e padronizar fonte e cores que ser\u00e3o observadas nas mais diversas finalidades dentro das Planilhas do Google, o recurso pode ser encontrado no Item de Menu Formatar, com o nome de Tema. Observe no v\u00eddeo abaixo como \u00e9 simples a sele\u00e7\u00e3o deste.<\/p>\n<div style=\"width: 1280px;\" class=\"wp-video\"><video class=\"wp-video-shortcode\" id=\"video-259-1\" width=\"1280\" height=\"720\" preload=\"metadata\" controls=\"controls\"><source type=\"video\/mp4\" src=\"https:\/\/wp.ufpel.edu.br\/planilhasgoogle\/files\/2020\/07\/tema_1.mp4?_=1\" \/><a href=\"https:\/\/wp.ufpel.edu.br\/planilhasgoogle\/files\/2020\/07\/tema_1.mp4\">https:\/\/wp.ufpel.edu.br\/planilhasgoogle\/files\/2020\/07\/tema_1.mp4<\/a><\/video><\/div>\n<p>Seguindo o trabalho com os dados do COVID 19 no estado do Rio Grande do Sul, montei alguns\u00a0gr\u00e1ficos\u00a0automaticamente pelas planilhas do Google, veremos mais adiante como fazer isso e como montar seus pr\u00f3prios\u00a0gr\u00e1ficos, \u00e0 princ\u00edpio veremos a aplica\u00e7\u00e3o dos temas nestes\u00a0gr\u00e1ficos\u00a0e a forma como alteramos os temas.<\/p>\n<p>Devemos lembrar que temas alteram toda pasta em que estiver selecionada, ou seja, n\u00e3o \u00e9 individual para cada planilha, gr\u00e1fico ou formul\u00e1rio. Ou seja, devemos ter cuidado quando alteramos alguma cor espec\u00edfica para evitar duplicidade de cor em gr\u00e1fico com cores informadas manualmente. Segue um v\u00eddeo abaixo exemplificando essa mudan\u00e7a nos temas.<\/p>\n<div style=\"width: 1280px;\" class=\"wp-video\"><video class=\"wp-video-shortcode\" id=\"video-259-2\" width=\"1280\" height=\"720\" preload=\"metadata\" controls=\"controls\"><source type=\"video\/mp4\" src=\"https:\/\/wp.ufpel.edu.br\/planilhasgoogle\/files\/2020\/07\/tema_2.mp4?_=2\" \/><a href=\"https:\/\/wp.ufpel.edu.br\/planilhasgoogle\/files\/2020\/07\/tema_2.mp4\">https:\/\/wp.ufpel.edu.br\/planilhasgoogle\/files\/2020\/07\/tema_2.mp4<\/a><\/video><\/div>\n<\/div>\n<\/div>\n","protected":false},"excerpt":{"rendered":"<p>Recurso Tema O recurso Tema te permitir\u00e1 configurar e padronizar fonte e cores que ser\u00e3o observadas nas mais diversas finalidades dentro das Planilhas do Google, o recurso pode ser encontrado no Item de Menu Formatar, com o nome de Tema. Observe no v\u00eddeo abaixo como \u00e9 simples a sele\u00e7\u00e3o deste. Seguindo o trabalho com os [&hellip;]<\/p>\n","protected":false},"author":667,"featured_media":0,"parent":96,"menu_order":0,"comment_status":"closed","ping_status":"closed","template":"","meta":{"jetpack_post_was_ever_published":false,"footnotes":""},"class_list":["post-259","page","type-page","status-publish","hentry"],"jetpack_sharing_enabled":true,"_links":{"self":[{"href":"https:\/\/wp.ufpel.edu.br\/planilhasgoogle\/wp-json\/wp\/v2\/pages\/259","targetHints":{"allow":["GET"]}}],"collection":[{"href":"https:\/\/wp.ufpel.edu.br\/planilhasgoogle\/wp-json\/wp\/v2\/pages"}],"about":[{"href":"https:\/\/wp.ufpel.edu.br\/planilhasgoogle\/wp-json\/wp\/v2\/types\/page"}],"author":[{"embeddable":true,"href":"https:\/\/wp.ufpel.edu.br\/planilhasgoogle\/wp-json\/wp\/v2\/users\/667"}],"replies":[{"embeddable":true,"href":"https:\/\/wp.ufpel.edu.br\/planilhasgoogle\/wp-json\/wp\/v2\/comments?post=259"}],"version-history":[{"count":1,"href":"https:\/\/wp.ufpel.edu.br\/planilhasgoogle\/wp-json\/wp\/v2\/pages\/259\/revisions"}],"predecessor-version":[{"id":263,"href":"https:\/\/wp.ufpel.edu.br\/planilhasgoogle\/wp-json\/wp\/v2\/pages\/259\/revisions\/263"}],"up":[{"embeddable":true,"href":"https:\/\/wp.ufpel.edu.br\/planilhasgoogle\/wp-json\/wp\/v2\/pages\/96"}],"wp:attachment":[{"href":"https:\/\/wp.ufpel.edu.br\/planilhasgoogle\/wp-json\/wp\/v2\/media?parent=259"}],"curies":[{"name":"wp","href":"https:\/\/api.w.org\/{rel}","templated":true}]}}