{"id":256,"date":"2020-07-05T18:46:29","date_gmt":"2020-07-05T21:46:29","guid":{"rendered":"https:\/\/wp.ufpel.edu.br\/planilhasgoogle\/?page_id=256"},"modified":"2020-07-05T18:46:29","modified_gmt":"2020-07-05T21:46:29","slug":"atividades-de-fixacao","status":"publish","type":"page","link":"https:\/\/wp.ufpel.edu.br\/planilhasgoogle\/modulo-basico\/aula-6-funcoes-estatisticas\/atividades-de-fixacao\/","title":{"rendered":"Atividades de Fixa\u00e7\u00e3o"},"content":{"rendered":"<div class=\"box generalbox center clearfix\">\n<div class=\"no-overflow\">\n<h3>Propostas para praticar:<\/h3>\n<ul>\n<li>Fa\u00e7a uma c\u00f3pia da Planilha abaixo, para fazer esta c\u00f3pia clique em\u00a0<strong>Arquivo<\/strong>\u00a0e depois em\u00a0<strong>Fazer uma c\u00f3pia<\/strong>\u00a0(voc\u00ea precisar\u00e1 estar logado no google)\n<ul>\n<li><a href=\"https:\/\/docs.google.com\/spreadsheets\/d\/1jaLc8X7qTYYgzLLoRXX2GVdiLZCMi4PruHwv142DBNA\/edit?usp=sharing\">https:\/\/docs.google.com\/spreadsheets\/d\/1jaLc8X7qTYYgzLLoRXX2GVdiLZCMi4PruHwv142DBNA\/edit?usp=sharing<\/a><\/li>\n<\/ul>\n<\/li>\n<li>Crie um\u00a0<strong>Intervalo Nomeado<\/strong>\u00a0para os n\u00fameros\u00a0 da coluna de\u00a0<strong>Novos Confirmados<\/strong>, chame de<strong>\u00a0novosConfirmados<\/strong>;<\/li>\n<li>Insira na\u00a0<strong>coluna K<\/strong>\u00a0as f\u00f3rmulas conforme observado nas aulas para os itens mencionados na\u00a0<strong>coluna J<\/strong>;<\/li>\n<li>Para os dados, utilize o intervalo nomeado chamado de\u00a0<strong>novosConfirmados<\/strong>;<\/li>\n<\/ul>\n<\/div>\n<\/div>\n","protected":false},"excerpt":{"rendered":"<p>Propostas para praticar: Fa\u00e7a uma c\u00f3pia da Planilha abaixo, para fazer esta c\u00f3pia clique em\u00a0Arquivo\u00a0e depois em\u00a0Fazer uma c\u00f3pia\u00a0(voc\u00ea precisar\u00e1 estar logado no google) https:\/\/docs.google.com\/spreadsheets\/d\/1jaLc8X7qTYYgzLLoRXX2GVdiLZCMi4PruHwv142DBNA\/edit?usp=sharing Crie um\u00a0Intervalo Nomeado\u00a0para os n\u00fameros\u00a0 da coluna de\u00a0Novos Confirmados, chame de\u00a0novosConfirmados; Insira na\u00a0coluna K\u00a0as f\u00f3rmulas conforme observado nas aulas para os itens mencionados na\u00a0coluna J; Para os dados, utilize o [&hellip;]<\/p>\n","protected":false},"author":667,"featured_media":0,"parent":93,"menu_order":4,"comment_status":"closed","ping_status":"closed","template":"","meta":{"jetpack_post_was_ever_published":false,"footnotes":""},"class_list":["post-256","page","type-page","status-publish","hentry"],"jetpack_sharing_enabled":true,"_links":{"self":[{"href":"https:\/\/wp.ufpel.edu.br\/planilhasgoogle\/wp-json\/wp\/v2\/pages\/256","targetHints":{"allow":["GET"]}}],"collection":[{"href":"https:\/\/wp.ufpel.edu.br\/planilhasgoogle\/wp-json\/wp\/v2\/pages"}],"about":[{"href":"https:\/\/wp.ufpel.edu.br\/planilhasgoogle\/wp-json\/wp\/v2\/types\/page"}],"author":[{"embeddable":true,"href":"https:\/\/wp.ufpel.edu.br\/planilhasgoogle\/wp-json\/wp\/v2\/users\/667"}],"replies":[{"embeddable":true,"href":"https:\/\/wp.ufpel.edu.br\/planilhasgoogle\/wp-json\/wp\/v2\/comments?post=256"}],"version-history":[{"count":1,"href":"https:\/\/wp.ufpel.edu.br\/planilhasgoogle\/wp-json\/wp\/v2\/pages\/256\/revisions"}],"predecessor-version":[{"id":258,"href":"https:\/\/wp.ufpel.edu.br\/planilhasgoogle\/wp-json\/wp\/v2\/pages\/256\/revisions\/258"}],"up":[{"embeddable":true,"href":"https:\/\/wp.ufpel.edu.br\/planilhasgoogle\/wp-json\/wp\/v2\/pages\/93"}],"wp:attachment":[{"href":"https:\/\/wp.ufpel.edu.br\/planilhasgoogle\/wp-json\/wp\/v2\/media?parent=256"}],"curies":[{"name":"wp","href":"https:\/\/api.w.org\/{rel}","templated":true}]}}