{"id":250,"date":"2020-07-05T18:45:39","date_gmt":"2020-07-05T21:45:39","guid":{"rendered":"https:\/\/wp.ufpel.edu.br\/planilhasgoogle\/?page_id=250"},"modified":"2020-07-05T18:45:39","modified_gmt":"2020-07-05T21:45:39","slug":"ordem-e-padronizacao","status":"publish","type":"page","link":"https:\/\/wp.ufpel.edu.br\/planilhasgoogle\/modulo-basico\/aula-6-funcoes-estatisticas\/ordem-e-padronizacao\/","title":{"rendered":"Ordem e Padroniza\u00e7\u00e3o"},"content":{"rendered":"<div class=\"box generalbox center clearfix\">\n<div class=\"no-overflow\">\n<h3>Ordem<\/h3>\n<h4>ORDEM.PORCENTUAL<\/h4>\n<p><b>F\u00f3rmula:<\/b>\u00a0ORDEM.PORCENTUAL(dados; valor; [digitos_com_sinal]) |\u00a0<b>Descri\u00e7\u00e3o:<\/b>\u00a0Retorna a ordem percentual (percentil) do valor especificado em um conjunto de dados.<\/p>\n<p>Esta fun\u00e7\u00e3o \u00e9 usada para exibir a classifica\u00e7\u00e3o dos valores como uma porcentagem. Por exemplo, voc\u00ea pode classificar o lucro de uma regi\u00e3o espec\u00edfica com base no lucro de todas as regi\u00f5es.\u00a0O c\u00e1lculo pode reiniciar com base nos atributos identificados nas configura\u00e7\u00f5es de par\u00e2metro.<\/p>\n<div style=\"width: 1280px;\" class=\"wp-video\"><video class=\"wp-video-shortcode\" id=\"video-250-1\" width=\"1280\" height=\"720\" preload=\"metadata\" controls=\"controls\"><source type=\"video\/mp4\" src=\"https:\/\/wp.ufpel.edu.br\/planilhasgoogle\/files\/2020\/07\/ordem_porcentual.mp4?_=1\" \/><a href=\"https:\/\/wp.ufpel.edu.br\/planilhasgoogle\/files\/2020\/07\/ordem_porcentual.mp4\">https:\/\/wp.ufpel.edu.br\/planilhasgoogle\/files\/2020\/07\/ordem_porcentual.mp4<\/a><\/video><\/div>\n<h4>ORDEM<\/h4>\n<p><b>F\u00f3rmula:<\/b>\u00a0ORDEM(valor; dados; crescente) |\u00a0<b>Descri\u00e7\u00e3o:<\/b>\u00a0Retorna a posi\u00e7\u00e3o de um valor especificado em um conjunto de dados.<\/p>\n<p>Na estat\u00edstica, ordem \u00e9 a transforma\u00e7\u00e3o de dados na qual os valores num\u00e9ricos ou ordinais s\u00e3o substitu\u00eddos por sua classifica\u00e7\u00e3o quando os dados s\u00e3o classificados. Por exemplo, os dados num\u00e9ricos 3,4 \/ 5,1 \/ 2,6 \/ 7,3 s\u00e3o observados, as classifica\u00e7\u00f5es desses itens de dados seriam 2, 3, 1 e 4, respectivamente. Por exemplo, os dados ordinais quente, frio, quente seriam substitu\u00eddos por 3, 1, 2. Nesses exemplos, as classifica\u00e7\u00f5es s\u00e3o atribu\u00eddas a valores em ordem crescente. (Em alguns outros casos, classifica\u00e7\u00f5es decrescentes s\u00e3o usadas.) As classifica\u00e7\u00f5es est\u00e3o relacionadas \u00e0 lista indexada de estat\u00edsticas de pedidos, que consiste no conjunto de dados original reorganizado em ordem crescente.<\/p>\n<p>O v\u00eddeo abaixo exemplifica o uso da ORDEM nos dados j\u00e1 trabalhados.<\/p>\n<div style=\"width: 1280px;\" class=\"wp-video\"><video class=\"wp-video-shortcode\" id=\"video-250-2\" width=\"1280\" height=\"720\" preload=\"metadata\" controls=\"controls\"><source type=\"video\/mp4\" src=\"https:\/\/wp.ufpel.edu.br\/planilhasgoogle\/files\/2020\/07\/ordem.mp4?_=2\" \/><a href=\"https:\/\/wp.ufpel.edu.br\/planilhasgoogle\/files\/2020\/07\/ordem.mp4\">https:\/\/wp.ufpel.edu.br\/planilhasgoogle\/files\/2020\/07\/ordem.mp4<\/a><\/video><\/div>\n<p>Padroniza\u00e7\u00e3o<\/p>\n<p>Conte\u00fado do par\u00e1grafo para ficar tudo em um formato padronizado.<\/p>\n<h4><\/h4>\n<h4>PADRONIZAR<\/h4>\n<p><b>F\u00f3rmula:<\/b>\u00a0PADRONIZAR(valor; media; desvio_padrao) |\u00a0<b>Descri\u00e7\u00e3o:<\/b>\u00a0Calcula o equivalente normalizado de uma vari\u00e1vel aleat\u00f3ria, dada a m\u00e9dia e o desvio-padr\u00e3o da distribui\u00e7\u00e3o.<\/p>\n<p>Em estat\u00edstica, padroniza\u00e7\u00e3o \u00e9 o processo de colocar vari\u00e1veis \u200b\u200bdiferentes na mesma escala. Esse processo permite comparar pontua\u00e7\u00f5es entre diferentes tipos de vari\u00e1veis. Normalmente, para padronizar vari\u00e1veis, voc\u00ea calcula a m\u00e9dia e o desvio padr\u00e3o para uma vari\u00e1vel. Ent\u00e3o, para cada valor observado da vari\u00e1vel, voc\u00ea subtrai a m\u00e9dia e divide pelo desvio padr\u00e3o.<\/p>\n<p>Esse processo produz escores padr\u00e3o que representam o n\u00famero de desvios padr\u00e3o acima ou abaixo da m\u00e9dia em que uma observa\u00e7\u00e3o espec\u00edfica cai. Por exemplo, um valor padronizado de 2 indica que a observa\u00e7\u00e3o cai 2 desvios padr\u00e3o acima da m\u00e9dia. Essa interpreta\u00e7\u00e3o \u00e9 verdadeira independentemente do tipo de vari\u00e1vel que voc\u00ea padroniza.<\/p>\n<div style=\"width: 1280px;\" class=\"wp-video\"><video class=\"wp-video-shortcode\" id=\"video-250-3\" width=\"1280\" height=\"720\" preload=\"metadata\" controls=\"controls\"><source type=\"video\/mp4\" src=\"https:\/\/wp.ufpel.edu.br\/planilhasgoogle\/files\/2020\/07\/padronizar.mp4?_=3\" \/><a href=\"https:\/\/wp.ufpel.edu.br\/planilhasgoogle\/files\/2020\/07\/padronizar.mp4\">https:\/\/wp.ufpel.edu.br\/planilhasgoogle\/files\/2020\/07\/padronizar.mp4<\/a><\/video><\/div>\n<\/div>\n<\/div>\n","protected":false},"excerpt":{"rendered":"<p>Ordem ORDEM.PORCENTUAL F\u00f3rmula:\u00a0ORDEM.PORCENTUAL(dados; valor; [digitos_com_sinal]) |\u00a0Descri\u00e7\u00e3o:\u00a0Retorna a ordem percentual (percentil) do valor especificado em um conjunto de dados. Esta fun\u00e7\u00e3o \u00e9 usada para exibir a classifica\u00e7\u00e3o dos valores como uma porcentagem. Por exemplo, voc\u00ea pode classificar o lucro de uma regi\u00e3o espec\u00edfica com base no lucro de todas as regi\u00f5es.\u00a0O c\u00e1lculo pode reiniciar com base [&hellip;]<\/p>\n","protected":false},"author":667,"featured_media":0,"parent":93,"menu_order":3,"comment_status":"closed","ping_status":"closed","template":"","meta":{"jetpack_post_was_ever_published":false,"footnotes":""},"class_list":["post-250","page","type-page","status-publish","hentry"],"jetpack_sharing_enabled":true,"_links":{"self":[{"href":"https:\/\/wp.ufpel.edu.br\/planilhasgoogle\/wp-json\/wp\/v2\/pages\/250","targetHints":{"allow":["GET"]}}],"collection":[{"href":"https:\/\/wp.ufpel.edu.br\/planilhasgoogle\/wp-json\/wp\/v2\/pages"}],"about":[{"href":"https:\/\/wp.ufpel.edu.br\/planilhasgoogle\/wp-json\/wp\/v2\/types\/page"}],"author":[{"embeddable":true,"href":"https:\/\/wp.ufpel.edu.br\/planilhasgoogle\/wp-json\/wp\/v2\/users\/667"}],"replies":[{"embeddable":true,"href":"https:\/\/wp.ufpel.edu.br\/planilhasgoogle\/wp-json\/wp\/v2\/comments?post=250"}],"version-history":[{"count":1,"href":"https:\/\/wp.ufpel.edu.br\/planilhasgoogle\/wp-json\/wp\/v2\/pages\/250\/revisions"}],"predecessor-version":[{"id":255,"href":"https:\/\/wp.ufpel.edu.br\/planilhasgoogle\/wp-json\/wp\/v2\/pages\/250\/revisions\/255"}],"up":[{"embeddable":true,"href":"https:\/\/wp.ufpel.edu.br\/planilhasgoogle\/wp-json\/wp\/v2\/pages\/93"}],"wp:attachment":[{"href":"https:\/\/wp.ufpel.edu.br\/planilhasgoogle\/wp-json\/wp\/v2\/media?parent=250"}],"curies":[{"name":"wp","href":"https:\/\/api.w.org\/{rel}","templated":true}]}}