{"id":219,"date":"2020-07-05T18:38:40","date_gmt":"2020-07-05T21:38:40","guid":{"rendered":"https:\/\/wp.ufpel.edu.br\/planilhasgoogle\/?page_id=219"},"modified":"2020-07-05T18:38:40","modified_gmt":"2020-07-05T21:38:40","slug":"validacao-de-dados","status":"publish","type":"page","link":"https:\/\/wp.ufpel.edu.br\/planilhasgoogle\/modulo-basico\/aula-5-validacao-de-dados\/validacao-de-dados\/","title":{"rendered":"Valida\u00e7\u00e3o de Dados"},"content":{"rendered":"<div class=\"box generalbox center clearfix\">\n<div class=\"no-overflow\">\n<h3>Valida\u00e7\u00e3o de dados<\/h3>\n<p>Dentre os itens mais importantes desta aula ressaltamos e colocamos como t\u00edtulo a de valida\u00e7\u00e3o de dados, pois o conhecimento desta ferramenta \u00e9 um facilitador para diversos desenvolvimentos de planilhas, possui muitos recurso interessantes tanto em rela\u00e7\u00e3o a exibi\u00e7\u00e3o dos dados quanto de preenchimento de informa\u00e7\u00f5es (que \u00e9 o objetivo principal deste recurso).<\/p>\n<p>O primeiro recurso que veremos ent\u00e3o \u00e9 a Lista de um Intervalo, \u00e9 uma forma r\u00e1pida e f\u00e1cil de se criar uma valida\u00e7\u00e3o \u00e0 partir de dados pr\u00e9 existentes. \u00c9 um recurso muito \u00fatil para quando precisamos criar tabelas ou\u00a0formul\u00e1rios\u00a0onde o usu\u00e1rio \u00e9 obrigado a preencher um determinado dado, como por exemplo a sele\u00e7\u00e3o de uma categoria espec\u00edfica.<\/p>\n<p>Para fazer isso voc\u00ea precisa de uma lista espec\u00edfica, no nosso caso \u00e9 o nome de Cidades que inserimos em uma segunda pasta, mas que poderia estar na mesma, selecionamos a c\u00e9lula em que quer\u00edamos exibir a lista, clicamos em Dados, depois em Valida\u00e7\u00e3o de Dados e por fim, selecionamos as c\u00e9lulas correspondentes ao intervalo que quer\u00edamos atribuir como possibilidade para o campo. Este procedimento pode ser observado no v\u00eddeo abaixo.<\/p>\n<div style=\"width: 1280px;\" class=\"wp-video\"><video class=\"wp-video-shortcode\" id=\"video-219-1\" width=\"1280\" height=\"720\" preload=\"metadata\" controls=\"controls\"><source type=\"video\/mp4\" src=\"https:\/\/wp.ufpel.edu.br\/planilhasgoogle\/files\/2020\/07\/lista_de_um_intervalo.mp4?_=1\" \/><a href=\"https:\/\/wp.ufpel.edu.br\/planilhasgoogle\/files\/2020\/07\/lista_de_um_intervalo.mp4\">https:\/\/wp.ufpel.edu.br\/planilhasgoogle\/files\/2020\/07\/lista_de_um_intervalo.mp4<\/a><\/video><\/div>\n<p>Outra forma de se criar esta lista \u00e9 utilizando o recurso de\u00a0Intervalos\u00a0visto na sess\u00e3o anterior, ao inv\u00e9s de selecionarmos as c\u00e9lulas desejadas escrevemos o nome do campo criado no Intervalo Nomeado. Segue um v\u00eddeo abaixo exemplificando este uso.<\/p>\n<p>&nbsp;<\/p>\n<div style=\"width: 1280px;\" class=\"wp-video\"><video class=\"wp-video-shortcode\" id=\"video-219-2\" width=\"1280\" height=\"720\" preload=\"metadata\" controls=\"controls\"><source type=\"video\/mp4\" src=\"https:\/\/wp.ufpel.edu.br\/planilhasgoogle\/files\/2020\/07\/lista_de_um_intervalo_por_intervalo_nomeado.mp4?_=2\" \/><a href=\"https:\/\/wp.ufpel.edu.br\/planilhasgoogle\/files\/2020\/07\/lista_de_um_intervalo_por_intervalo_nomeado.mp4\">https:\/\/wp.ufpel.edu.br\/planilhasgoogle\/files\/2020\/07\/lista_de_um_intervalo_por_intervalo_nomeado.mp4<\/a><\/video><\/div>\n<p>\u00c0s vezes n\u00e3o \u00e9 interessante ter uma pasta guardando determinados dados, mas tamb\u00e9m queremos criar uma lista espec\u00edfica de dados para selecionar. Os motivos podem ser diversos, mas normalmente est\u00e1 associado ao fato de n\u00e3o poluir as planilhas com dados desnecess\u00e1rios, tais como se quis\u00e9ssemos jogar uma posi\u00e7\u00e3o geogr\u00e1fica em nossa tabela, poder\u00edamos fazer da forma como exemplificada no v\u00eddeo abaixo.<\/p>\n<div style=\"width: 1280px;\" class=\"wp-video\"><video class=\"wp-video-shortcode\" id=\"video-219-3\" width=\"1280\" height=\"720\" preload=\"metadata\" controls=\"controls\"><source type=\"video\/mp4\" src=\"https:\/\/wp.ufpel.edu.br\/planilhasgoogle\/files\/2020\/07\/lista_de_itens_2.mp4?_=3\" \/><a href=\"https:\/\/wp.ufpel.edu.br\/planilhasgoogle\/files\/2020\/07\/lista_de_itens_2.mp4\">https:\/\/wp.ufpel.edu.br\/planilhasgoogle\/files\/2020\/07\/lista_de_itens_2.mp4<\/a><\/video><\/div>\n<p>Outro recurso interessante \u00e9 a valida\u00e7\u00e3o de n\u00fameros, que permite de forma f\u00e1cil que determinados campos s\u00f3 possam ser n\u00fameros e definidos dentro de um intervalo. Isso possibilita e facilita campos como CPF que cont\u00e9m no m\u00e1ximo 11 n\u00fameros, ou seja, removendo a sequ\u00eancia inicial de zeros, possibilita que o n\u00famero seja no m\u00e1ximo 99999999999, claro que para esse caso espec\u00edfico o ideal \u00e9 utilizar uma f\u00f3rmula espec\u00edfica que veremos mais adiante. O v\u00eddeo abaixo exemplifica o uso deste recurso.<\/p>\n<div style=\"width: 1280px;\" class=\"wp-video\"><video class=\"wp-video-shortcode\" id=\"video-219-4\" width=\"1280\" height=\"720\" preload=\"metadata\" controls=\"controls\"><source type=\"video\/mp4\" src=\"https:\/\/wp.ufpel.edu.br\/planilhasgoogle\/files\/2020\/07\/validacao_de_numeros.mp4?_=4\" \/><a href=\"https:\/\/wp.ufpel.edu.br\/planilhasgoogle\/files\/2020\/07\/validacao_de_numeros.mp4\">https:\/\/wp.ufpel.edu.br\/planilhasgoogle\/files\/2020\/07\/validacao_de_numeros.mp4<\/a><\/video><\/div>\n<p>Al\u00e9m disso, voc\u00ea pode configurar itens como Data, configurando uma data inicial m\u00ednima, uma data inicial m\u00e1xima, voc\u00ea pode tamb\u00e9m estabelecer que campos espec\u00edficos sejam as datas iniciais e finais, isso facilita montar\u00a0formul\u00e1rios\u00a0onde uma data dependa da outra, a valida\u00e7\u00e3o destes campos normalmente s\u00e3o de extrema necessidade pois \u00e9 muito f\u00e1cil digitar errado uma data, o v\u00eddeo abaixo exemplifica um uso.<\/p>\n<div style=\"width: 1280px;\" class=\"wp-video\"><video class=\"wp-video-shortcode\" id=\"video-219-5\" width=\"1280\" height=\"720\" preload=\"metadata\" controls=\"controls\"><source type=\"video\/mp4\" src=\"https:\/\/wp.ufpel.edu.br\/planilhasgoogle\/files\/2020\/07\/validacao_de_datas.mp4?_=5\" \/><a href=\"https:\/\/wp.ufpel.edu.br\/planilhasgoogle\/files\/2020\/07\/validacao_de_datas.mp4\">https:\/\/wp.ufpel.edu.br\/planilhasgoogle\/files\/2020\/07\/validacao_de_datas.mp4<\/a><\/video><\/div>\n<p>Outro recurso dispon\u00edvel \u00e9 a valida\u00e7\u00e3o de textos, dentre os principais usos desta fun\u00e7\u00e3o est\u00e1 a valida\u00e7\u00e3o de emails e sites (url). Vejamos no v\u00eddeo abaixo um exemplo deste uso.<\/p>\n<div style=\"width: 1280px;\" class=\"wp-video\"><video class=\"wp-video-shortcode\" id=\"video-219-6\" width=\"1280\" height=\"720\" preload=\"metadata\" controls=\"controls\"><source type=\"video\/mp4\" src=\"https:\/\/wp.ufpel.edu.br\/planilhasgoogle\/files\/2020\/07\/validacao_texto_site_e_email.mp4?_=6\" \/><a href=\"https:\/\/wp.ufpel.edu.br\/planilhasgoogle\/files\/2020\/07\/validacao_texto_site_e_email.mp4\">https:\/\/wp.ufpel.edu.br\/planilhasgoogle\/files\/2020\/07\/validacao_texto_site_e_email.mp4<\/a><\/video><\/div>\n<\/div>\n<\/div>\n","protected":false},"excerpt":{"rendered":"<p>Valida\u00e7\u00e3o de dados Dentre os itens mais importantes desta aula ressaltamos e colocamos como t\u00edtulo a de valida\u00e7\u00e3o de dados, pois o conhecimento desta ferramenta \u00e9 um facilitador para diversos desenvolvimentos de planilhas, possui muitos recurso interessantes tanto em rela\u00e7\u00e3o a exibi\u00e7\u00e3o dos dados quanto de preenchimento de informa\u00e7\u00f5es (que \u00e9 o objetivo principal deste [&hellip;]<\/p>\n","protected":false},"author":667,"featured_media":0,"parent":90,"menu_order":3,"comment_status":"closed","ping_status":"closed","template":"","meta":{"jetpack_post_was_ever_published":false,"footnotes":""},"class_list":["post-219","page","type-page","status-publish","hentry"],"jetpack_sharing_enabled":true,"_links":{"self":[{"href":"https:\/\/wp.ufpel.edu.br\/planilhasgoogle\/wp-json\/wp\/v2\/pages\/219","targetHints":{"allow":["GET"]}}],"collection":[{"href":"https:\/\/wp.ufpel.edu.br\/planilhasgoogle\/wp-json\/wp\/v2\/pages"}],"about":[{"href":"https:\/\/wp.ufpel.edu.br\/planilhasgoogle\/wp-json\/wp\/v2\/types\/page"}],"author":[{"embeddable":true,"href":"https:\/\/wp.ufpel.edu.br\/planilhasgoogle\/wp-json\/wp\/v2\/users\/667"}],"replies":[{"embeddable":true,"href":"https:\/\/wp.ufpel.edu.br\/planilhasgoogle\/wp-json\/wp\/v2\/comments?post=219"}],"version-history":[{"count":1,"href":"https:\/\/wp.ufpel.edu.br\/planilhasgoogle\/wp-json\/wp\/v2\/pages\/219\/revisions"}],"predecessor-version":[{"id":227,"href":"https:\/\/wp.ufpel.edu.br\/planilhasgoogle\/wp-json\/wp\/v2\/pages\/219\/revisions\/227"}],"up":[{"embeddable":true,"href":"https:\/\/wp.ufpel.edu.br\/planilhasgoogle\/wp-json\/wp\/v2\/pages\/90"}],"wp:attachment":[{"href":"https:\/\/wp.ufpel.edu.br\/planilhasgoogle\/wp-json\/wp\/v2\/media?parent=219"}],"curies":[{"name":"wp","href":"https:\/\/api.w.org\/{rel}","templated":true}]}}