{"id":212,"date":"2020-07-05T18:36:32","date_gmt":"2020-07-05T21:36:32","guid":{"rendered":"https:\/\/wp.ufpel.edu.br\/planilhasgoogle\/?page_id=212"},"modified":"2020-07-05T18:36:32","modified_gmt":"2020-07-05T21:36:32","slug":"intervalos","status":"publish","type":"page","link":"https:\/\/wp.ufpel.edu.br\/planilhasgoogle\/modulo-basico\/aula-5-validacao-de-dados\/intervalos\/","title":{"rendered":"Intervalos"},"content":{"rendered":"<div class=\"box generalbox center clearfix\">\n<div class=\"no-overflow\">\n<h3>Intervalos Nomeados<\/h3>\n<p>Intervalos Nomeados s\u00e3o uma forma de organiza\u00e7\u00e3o de dados, utilizamos estes para trabalhar com conjuntos de dados espec\u00edficos, normalmente s\u00e3o chamados de categorias de dados e facilitam muitos processos que veremos ao longo deste curso. Um conjunto de dados nomeados \u00e9 criado de maneira muito simples, bastando\u00a0<strong>selecionar os dados desejados<\/strong>, clicar com o bot\u00e3o direito do mouse ou\u00a0<strong>ir no item de menu Dados<\/strong>\u00a0e em seguida\u00a0<strong>clicar em Intervalos nomeados<\/strong>. Atribuiremos ent\u00e3o um nome a este intervalo e este estar\u00e1 pronto para uso futuro. O v\u00eddeo abaixo exemplifica esta cria\u00e7\u00e3o.<\/p>\n<div style=\"width: 1280px;\" class=\"wp-video\"><video class=\"wp-video-shortcode\" id=\"video-212-1\" width=\"1280\" height=\"720\" preload=\"metadata\" controls=\"controls\"><source type=\"video\/mp4\" src=\"https:\/\/wp.ufpel.edu.br\/planilhasgoogle\/files\/2020\/07\/intervalos_nomeados.mp4?_=1\" \/><a href=\"https:\/\/wp.ufpel.edu.br\/planilhasgoogle\/files\/2020\/07\/intervalos_nomeados.mp4\">https:\/\/wp.ufpel.edu.br\/planilhasgoogle\/files\/2020\/07\/intervalos_nomeados.mp4<\/a><\/video><\/div>\n<h3><\/h3>\n<h3>Tornar Intervalo Aleat\u00f3rio<\/h3>\n<p>Intervalos aleat\u00f3rios \u00e9 uma forma simples de bagun\u00e7ar, desorganizar, tornar aleat\u00f3rio uma certa ordem de dados. A fun\u00e7\u00e3o serve para diversas finalidades, seja para c\u00e1lculos de propor\u00e7\u00e3o estat\u00edstica quanto para apresenta\u00e7\u00e3o de dados onde n\u00e3o se pretendia ordenar por qualquer que fosse a coluna de dados. Assim como os intervalos nomeados, \u00e9 extremamente simples de se utilizar, vejamos no v\u00eddeo abaixo:<\/p>\n<div style=\"width: 1280px;\" class=\"wp-video\"><video class=\"wp-video-shortcode\" id=\"video-212-2\" width=\"1280\" height=\"720\" preload=\"metadata\" controls=\"controls\"><source type=\"video\/mp4\" src=\"https:\/\/wp.ufpel.edu.br\/planilhasgoogle\/files\/2020\/07\/tornar_intervalos_aleatorios.mp4?_=2\" \/><a href=\"https:\/\/wp.ufpel.edu.br\/planilhasgoogle\/files\/2020\/07\/tornar_intervalos_aleatorios.mp4\">https:\/\/wp.ufpel.edu.br\/planilhasgoogle\/files\/2020\/07\/tornar_intervalos_aleatorios.mp4<\/a><\/video><\/div>\n<p>P\u00e1ginas e Intervalos Protegidos<\/p>\n<p>P\u00e1ginas e intervalos protegidos \u00e9 um recurso extremamente valioso para as Planilhas do Google, pois definem o que uma pessoa ou um conjunto de pessoas podem ou n\u00e3o fazer dentro da sua planilha. Normalmente os recursos de permiss\u00e3o de editar s\u00e3o concedido aos colaboradores das planilhas, no entanto, \u00e0s vezes necessitamos que nem tudo seja edit\u00e1vel. Nesse momento entra o recurso de p\u00e1ginas e intervalos protegidos que servem para definir exatamente o que pode ou n\u00e3o ser alterado e por quem.<\/p>\n<p>No v\u00eddeo abaixo existem dados que os editores dos dados n\u00e3o poder\u00e3o ter acesso a edi\u00e7\u00e3o, at\u00e9 porqu\u00ea n\u00e3o faz sentido, como por exemplo o c\u00e1lculo de Incid\u00eancia e Mortalidade que se daria por uma f\u00f3rmula espec\u00edfica diante da popula\u00e7\u00e3o e do n\u00famero de casos\/\u00f3bitos, desta forma podemos bloquear da seguinte forma,\u00a0<strong>selecione o dado<\/strong>\u00a0que deseja bloquear,\u00a0<strong>clique com o bot\u00e3o direito<\/strong>\u00a0em cima da sele\u00e7\u00e3o e selecione o item\u00a0<strong>Proteger Intervalo<\/strong>\u00a0e configure da maneira desejada.<\/p>\n<div style=\"width: 1280px;\" class=\"wp-video\"><video class=\"wp-video-shortcode\" id=\"video-212-3\" width=\"1280\" height=\"720\" preload=\"metadata\" controls=\"controls\"><source type=\"video\/mp4\" src=\"https:\/\/wp.ufpel.edu.br\/planilhasgoogle\/files\/2020\/07\/protegendo_dados.mp4?_=3\" \/><a href=\"https:\/\/wp.ufpel.edu.br\/planilhasgoogle\/files\/2020\/07\/protegendo_dados.mp4\">https:\/\/wp.ufpel.edu.br\/planilhasgoogle\/files\/2020\/07\/protegendo_dados.mp4<\/a><\/video><\/div>\n<p>Al\u00e9m de faixas espec\u00edficas \u00e9 poss\u00edvel proteger uma pasta inteira, \u00e9 poss\u00edvel ainda fazer de maneira mista, adicionando um tipo de permiss\u00e3o em alguns dados e um tipo diferente no resto da pasta\\planilha. Al\u00e9m disso, proteger a pasta permite criar exce\u00e7\u00f5es e que v\u00e3o servir para a maioria dos casos em que voc\u00ea precisa proteger a planilha, o v\u00eddeo abaixo exemplifica este uso.<\/p>\n<div style=\"width: 1280px;\" class=\"wp-video\"><video class=\"wp-video-shortcode\" id=\"video-212-4\" width=\"1280\" height=\"720\" preload=\"metadata\" controls=\"controls\"><source type=\"video\/mp4\" src=\"https:\/\/wp.ufpel.edu.br\/planilhasgoogle\/files\/2020\/07\/protegendo_pasta.mp4?_=4\" \/><a href=\"https:\/\/wp.ufpel.edu.br\/planilhasgoogle\/files\/2020\/07\/protegendo_pasta.mp4\">https:\/\/wp.ufpel.edu.br\/planilhasgoogle\/files\/2020\/07\/protegendo_pasta.mp4<\/a><\/video><\/div>\n<\/div>\n<\/div>\n","protected":false},"excerpt":{"rendered":"<p>Intervalos Nomeados Intervalos Nomeados s\u00e3o uma forma de organiza\u00e7\u00e3o de dados, utilizamos estes para trabalhar com conjuntos de dados espec\u00edficos, normalmente s\u00e3o chamados de categorias de dados e facilitam muitos processos que veremos ao longo deste curso. Um conjunto de dados nomeados \u00e9 criado de maneira muito simples, bastando\u00a0selecionar os dados desejados, clicar com o [&hellip;]<\/p>\n","protected":false},"author":667,"featured_media":0,"parent":90,"menu_order":2,"comment_status":"closed","ping_status":"closed","template":"","meta":{"jetpack_post_was_ever_published":false,"footnotes":""},"class_list":["post-212","page","type-page","status-publish","hentry"],"jetpack_sharing_enabled":true,"_links":{"self":[{"href":"https:\/\/wp.ufpel.edu.br\/planilhasgoogle\/wp-json\/wp\/v2\/pages\/212","targetHints":{"allow":["GET"]}}],"collection":[{"href":"https:\/\/wp.ufpel.edu.br\/planilhasgoogle\/wp-json\/wp\/v2\/pages"}],"about":[{"href":"https:\/\/wp.ufpel.edu.br\/planilhasgoogle\/wp-json\/wp\/v2\/types\/page"}],"author":[{"embeddable":true,"href":"https:\/\/wp.ufpel.edu.br\/planilhasgoogle\/wp-json\/wp\/v2\/users\/667"}],"replies":[{"embeddable":true,"href":"https:\/\/wp.ufpel.edu.br\/planilhasgoogle\/wp-json\/wp\/v2\/comments?post=212"}],"version-history":[{"count":1,"href":"https:\/\/wp.ufpel.edu.br\/planilhasgoogle\/wp-json\/wp\/v2\/pages\/212\/revisions"}],"predecessor-version":[{"id":218,"href":"https:\/\/wp.ufpel.edu.br\/planilhasgoogle\/wp-json\/wp\/v2\/pages\/212\/revisions\/218"}],"up":[{"embeddable":true,"href":"https:\/\/wp.ufpel.edu.br\/planilhasgoogle\/wp-json\/wp\/v2\/pages\/90"}],"wp:attachment":[{"href":"https:\/\/wp.ufpel.edu.br\/planilhasgoogle\/wp-json\/wp\/v2\/media?parent=212"}],"curies":[{"name":"wp","href":"https:\/\/api.w.org\/{rel}","templated":true}]}}