{"id":203,"date":"2020-07-05T18:34:59","date_gmt":"2020-07-05T21:34:59","guid":{"rendered":"https:\/\/wp.ufpel.edu.br\/planilhasgoogle\/?page_id=203"},"modified":"2020-07-05T18:34:59","modified_gmt":"2020-07-05T21:34:59","slug":"classificacao-e-filtros","status":"publish","type":"page","link":"https:\/\/wp.ufpel.edu.br\/planilhasgoogle\/modulo-basico\/aula-5-validacao-de-dados\/classificacao-e-filtros\/","title":{"rendered":"Classifica\u00e7\u00e3o e Filtros"},"content":{"rendered":"<div class=\"box generalbox center clearfix\">\n<div class=\"no-overflow\">\n<h3>Classifica\u00e7\u00e3o<\/h3>\n<p>A classifica\u00e7\u00e3o de uma tabela \u00e9 algo simples, mas precisamos ter alguns cuidados, o primeiro deles \u00e9 ter em mente que precisamos selecionar todo o conte\u00fado da tabela para fazer uma classifica\u00e7\u00e3o, sen\u00e3o, incorremos ao risco de perder a coer\u00eancia de nossa informa\u00e7\u00e3o. Ent\u00e3o o primeiro passo \u00e9 selecionar toda a tabela, voc\u00ea tem a op\u00e7\u00e3o de selecionar tamb\u00e9m a primeira linha, que normalmente \u00e9 o t\u00edtulo de uma tabela ou n\u00e3o, selecionando o t\u00edtulo voc\u00ea pode classificar escolhendo o t\u00edtulo desejado, caso contr\u00e1rio, voc\u00ea precisar\u00e1 selecionar a coluna correspondente.<\/p>\n<div style=\"width: 1280px;\" class=\"wp-video\"><video class=\"wp-video-shortcode\" id=\"video-203-1\" width=\"1280\" height=\"720\" preload=\"metadata\" controls=\"controls\"><source type=\"video\/mp4\" src=\"https:\/\/wp.ufpel.edu.br\/planilhasgoogle\/files\/2020\/07\/classificacao_simples_modo_1.mp4?_=1\" \/><a href=\"https:\/\/wp.ufpel.edu.br\/planilhasgoogle\/files\/2020\/07\/classificacao_simples_modo_1.mp4\">https:\/\/wp.ufpel.edu.br\/planilhasgoogle\/files\/2020\/07\/classificacao_simples_modo_1.mp4<\/a><\/video><\/div>\n<p>Outra quest\u00e3o que precisamos ter muito aten\u00e7\u00e3o \u00e9 ao formato dos dados, pois, nem tudo \u00e9 da forma como visualizamos, no v\u00eddeo abaixo temos um caso t\u00edpico onde o tipo de informa\u00e7\u00e3o atrapalha e muito a classifica\u00e7\u00e3o dos dados da maneira como gostar\u00edamos. Notem que no v\u00eddeo temos as mesmas colunas que no v\u00eddeo anterior, no entanto, os dados foram especificados com o caractere &#8220;.&#8221; (ponto) ao inv\u00e9s da &#8220;,&#8221; (v\u00edrgula), como a sele\u00e7\u00e3o de dados est\u00e1 configurado para Autom\u00e1tico e em Portugu\u00eas o sistema entendeu que os dados eram referentes a DATA e na hora da ordena\u00e7\u00e3o ficou tudo errado, quando retornamos para &#8220;,&#8221; (v\u00edrgula) como separador os dados voltaram a ser organizados da maneira correta.<\/p>\n<div style=\"width: 1280px;\" class=\"wp-video\"><video class=\"wp-video-shortcode\" id=\"video-203-2\" width=\"1280\" height=\"720\" preload=\"metadata\" controls=\"controls\"><source type=\"video\/mp4\" src=\"https:\/\/wp.ufpel.edu.br\/planilhasgoogle\/files\/2020\/07\/classificacao_simples_problema_da_informacao.mp4?_=2\" \/><a href=\"https:\/\/wp.ufpel.edu.br\/planilhasgoogle\/files\/2020\/07\/classificacao_simples_problema_da_informacao.mp4\">https:\/\/wp.ufpel.edu.br\/planilhasgoogle\/files\/2020\/07\/classificacao_simples_problema_da_informacao.mp4<\/a><\/video><\/div>\n<h3>Filtros<\/h3>\n<p>Os filtros s\u00e3o elementos indispens\u00e1veis em qualquer planilha eletr\u00f4nica e dominar este recurso ir\u00e1 agregar muito a sua planilha. Dentre os principais motivos para se usar filtros est\u00e3o o destaque das informa\u00e7\u00f5es relevantes, a facilidade para a cria\u00e7\u00e3o de sub-tabelas e obten\u00e7\u00e3o de outros dados (informa\u00e7\u00f5es que n\u00e3o era o objetivo de destaque) de forma f\u00e1cil e simplificada.<\/p>\n<p>O v\u00eddeo abaixo exemplifica o uso deste filtro de uma maneira gen\u00e9rica, isso \u00e9, para toda uma tabela de dados, para isso, basta que selecionemos toda a tabela, ir at\u00e9 o item de menu\u00a0<strong>Dados<\/strong>\u00a0e depois em\u00a0<strong>Criar um filtro<\/strong>. Lembrando tamb\u00e9m no v\u00eddeo abaixo que dentre as fun\u00e7\u00f5es do filtro est\u00e3o a pr\u00f3pria classifica\u00e7\u00e3o vista acima.<\/p>\n<div style=\"width: 1280px;\" class=\"wp-video\"><video class=\"wp-video-shortcode\" id=\"video-203-3\" width=\"1280\" height=\"720\" preload=\"metadata\" controls=\"controls\"><source type=\"video\/mp4\" src=\"https:\/\/wp.ufpel.edu.br\/planilhasgoogle\/files\/2020\/07\/filtros_aula_1.mp4?_=3\" \/><a href=\"https:\/\/wp.ufpel.edu.br\/planilhasgoogle\/files\/2020\/07\/filtros_aula_1.mp4\">https:\/\/wp.ufpel.edu.br\/planilhasgoogle\/files\/2020\/07\/filtros_aula_1.mp4<\/a><\/video><\/div>\n<p>O filtro pode ser utilizado apenas uma visualiza\u00e7\u00e3o espec\u00edfica, desta forma, qualquer altera\u00e7\u00e3o que fizermos na sele\u00e7\u00e3o de dados vai ser ignorada quando voltarmos para a tabela como podemos ver no v\u00eddeo a seguir. Devemos selecionar a tabela, ir at\u00e9 o item de menu\u00a0<strong>Dados<\/strong>\u00a0e depois em\u00a0<strong>Visualiza\u00e7\u00f5es de Filtros<\/strong>\u00a0e ent\u00e3o clicar em\u00a0<strong>Criar nova visualiza\u00e7\u00e3o com filtro<\/strong>.<\/p>\n<div style=\"width: 1280px;\" class=\"wp-video\"><video class=\"wp-video-shortcode\" id=\"video-203-4\" width=\"1280\" height=\"720\" preload=\"metadata\" controls=\"controls\"><source type=\"video\/mp4\" src=\"https:\/\/wp.ufpel.edu.br\/planilhasgoogle\/files\/2020\/07\/filtros_aula_2.mp4?_=4\" \/><a href=\"https:\/\/wp.ufpel.edu.br\/planilhasgoogle\/files\/2020\/07\/filtros_aula_2.mp4\">https:\/\/wp.ufpel.edu.br\/planilhasgoogle\/files\/2020\/07\/filtros_aula_2.mp4<\/a><\/video><\/div>\n<p>Outra op\u00e7\u00e3o de filtro interessante \u00e9 a do filtro flutuante, definida atrav\u00e9s do submenu\u00a0<strong>Controle de filtros<\/strong>\u00a0no item de menu\u00a0<strong>Dados<\/strong>\u00a0que permite ressaltar um filtro para o usu\u00e1rio, este recurso \u00e9 muito \u00fatil quando o filtro em si \u00e9 determinante para quem analisar a planilha. Possui diversos controles de configura\u00e7\u00e3o da mesma forma que os filtros convencionais observados acima. Segue um exemplo no v\u00eddeo abaixo de como criar este filtro.<\/p>\n<div style=\"width: 1280px;\" class=\"wp-video\"><video class=\"wp-video-shortcode\" id=\"video-203-5\" width=\"1280\" height=\"720\" preload=\"metadata\" controls=\"controls\"><source type=\"video\/mp4\" src=\"https:\/\/wp.ufpel.edu.br\/planilhasgoogle\/files\/2020\/07\/filtro_flutuante.mp4?_=5\" \/><a href=\"https:\/\/wp.ufpel.edu.br\/planilhasgoogle\/files\/2020\/07\/filtro_flutuante.mp4\">https:\/\/wp.ufpel.edu.br\/planilhasgoogle\/files\/2020\/07\/filtro_flutuante.mp4<\/a><\/video><\/div>\n<p>Diferentemente da Classifica\u00e7\u00e3o, os filtros podem ser inseridos em uma \u00fanica coluna que s\u00e3o expandido para todos automaticamente, claro, que nesse caso n\u00e3o \u00e9 interessante criar mais de uma tabela nas mesmas linhas pois filtrar uma \u00e1rea pode prejudicar a visualiza\u00e7\u00e3o de outra. Segue abaixo um v\u00eddeo exemplificando esta cria\u00e7\u00e3o. A cria\u00e7\u00e3o se d\u00e1 da mesma forma que o primeiro filtro explicado acima a \u00fanica diferen\u00e7a \u00e9 que selecionamos apenas a coluna desejada.<\/p>\n<div style=\"width: 1280px;\" class=\"wp-video\"><video class=\"wp-video-shortcode\" id=\"video-203-6\" width=\"1280\" height=\"720\" preload=\"metadata\" controls=\"controls\"><source type=\"video\/mp4\" src=\"https:\/\/wp.ufpel.edu.br\/planilhasgoogle\/files\/2020\/07\/filtro_em_uma_unica_coluna.mp4?_=6\" \/><a href=\"https:\/\/wp.ufpel.edu.br\/planilhasgoogle\/files\/2020\/07\/filtro_em_uma_unica_coluna.mp4\">https:\/\/wp.ufpel.edu.br\/planilhasgoogle\/files\/2020\/07\/filtro_em_uma_unica_coluna.mp4<\/a><\/video><\/div>\n<\/div>\n<\/div>\n","protected":false},"excerpt":{"rendered":"<p>Classifica\u00e7\u00e3o A classifica\u00e7\u00e3o de uma tabela \u00e9 algo simples, mas precisamos ter alguns cuidados, o primeiro deles \u00e9 ter em mente que precisamos selecionar todo o conte\u00fado da tabela para fazer uma classifica\u00e7\u00e3o, sen\u00e3o, incorremos ao risco de perder a coer\u00eancia de nossa informa\u00e7\u00e3o. Ent\u00e3o o primeiro passo \u00e9 selecionar toda a tabela, voc\u00ea tem [&hellip;]<\/p>\n","protected":false},"author":667,"featured_media":0,"parent":90,"menu_order":1,"comment_status":"closed","ping_status":"closed","template":"","meta":{"jetpack_post_was_ever_published":false,"footnotes":""},"class_list":["post-203","page","type-page","status-publish","hentry"],"jetpack_sharing_enabled":true,"_links":{"self":[{"href":"https:\/\/wp.ufpel.edu.br\/planilhasgoogle\/wp-json\/wp\/v2\/pages\/203","targetHints":{"allow":["GET"]}}],"collection":[{"href":"https:\/\/wp.ufpel.edu.br\/planilhasgoogle\/wp-json\/wp\/v2\/pages"}],"about":[{"href":"https:\/\/wp.ufpel.edu.br\/planilhasgoogle\/wp-json\/wp\/v2\/types\/page"}],"author":[{"embeddable":true,"href":"https:\/\/wp.ufpel.edu.br\/planilhasgoogle\/wp-json\/wp\/v2\/users\/667"}],"replies":[{"embeddable":true,"href":"https:\/\/wp.ufpel.edu.br\/planilhasgoogle\/wp-json\/wp\/v2\/comments?post=203"}],"version-history":[{"count":1,"href":"https:\/\/wp.ufpel.edu.br\/planilhasgoogle\/wp-json\/wp\/v2\/pages\/203\/revisions"}],"predecessor-version":[{"id":211,"href":"https:\/\/wp.ufpel.edu.br\/planilhasgoogle\/wp-json\/wp\/v2\/pages\/203\/revisions\/211"}],"up":[{"embeddable":true,"href":"https:\/\/wp.ufpel.edu.br\/planilhasgoogle\/wp-json\/wp\/v2\/pages\/90"}],"wp:attachment":[{"href":"https:\/\/wp.ufpel.edu.br\/planilhasgoogle\/wp-json\/wp\/v2\/media?parent=203"}],"curies":[{"name":"wp","href":"https:\/\/api.w.org\/{rel}","templated":true}]}}