{"id":196,"date":"2020-07-05T18:31:57","date_gmt":"2020-07-05T21:31:57","guid":{"rendered":"https:\/\/wp.ufpel.edu.br\/planilhasgoogle\/?page_id=196"},"modified":"2020-07-05T18:31:57","modified_gmt":"2020-07-05T21:31:57","slug":"agrupando-dados","status":"publish","type":"page","link":"https:\/\/wp.ufpel.edu.br\/planilhasgoogle\/modulo-basico\/aula-5-validacao-de-dados\/agrupando-dados\/","title":{"rendered":"Agrupando dados"},"content":{"rendered":"<h3>Agrupando Colunas<\/h3>\n<div class=\"box generalbox center clearfix\">\n<div class=\"no-overflow\">\n<p>\u00a0 \u00a0 Os recursos de agrupamento de dados servem para facilitar a leitura de dados tabelados e embora seja um recurso muito simples e f\u00e1cil de se criar muita gente ainda desconhece esta possibilidade. O agrupamento de colunas tem por principal motivo ressaltar os dados mais importantes como o resultado final de um indicador, possibilitando aos leitores terem acesso a todo o conte\u00fado utilizado para a obten\u00e7\u00e3o do resultado.<\/p>\n<p>\u00c9 poss\u00edvel realizar este agrupamento de duas formas principais, a primeira exemplificada no v\u00eddeo abaixo se refere a selecionar as colunas desejadas e realizar o agrupamento diretamente na tela, \u00e9 o modo mais simples de se fazer e tamb\u00e9m a forma que recomendamos.<\/p>\n<div style=\"width: 1280px;\" class=\"wp-video\"><video class=\"wp-video-shortcode\" id=\"video-196-1\" width=\"1280\" height=\"720\" preload=\"metadata\" controls=\"controls\"><source type=\"video\/mp4\" src=\"https:\/\/wp.ufpel.edu.br\/planilhasgoogle\/files\/2020\/07\/agrupando_modo_1.mp4?_=1\" \/><a href=\"https:\/\/wp.ufpel.edu.br\/planilhasgoogle\/files\/2020\/07\/agrupando_modo_1.mp4\">https:\/\/wp.ufpel.edu.br\/planilhasgoogle\/files\/2020\/07\/agrupando_modo_1.mp4<\/a><\/video><\/div>\n<p>A segunda forma de se fazer isso \u00e9 atrav\u00e9s do mesmo item presente no menu Dados que ser\u00e1 explorado ao longo desta aula.<\/p>\n<div style=\"width: 1280px;\" class=\"wp-video\"><video class=\"wp-video-shortcode\" id=\"video-196-2\" width=\"1280\" height=\"720\" preload=\"metadata\" controls=\"controls\"><source type=\"video\/mp4\" src=\"https:\/\/wp.ufpel.edu.br\/planilhasgoogle\/files\/2020\/07\/agrupando_modo_2.mp4?_=2\" \/><a href=\"https:\/\/wp.ufpel.edu.br\/planilhasgoogle\/files\/2020\/07\/agrupando_modo_2.mp4\">https:\/\/wp.ufpel.edu.br\/planilhasgoogle\/files\/2020\/07\/agrupando_modo_2.mp4<\/a><\/video><\/div>\n<p>Existe tamb\u00e9m a possibilidade de se criar &#8216;sub agrupamentos&#8217;, estes devem sempre serem feitos do menor n\u00famero de colunas para um maior, pois caso contr\u00e1rio n\u00e3o ser\u00e1 poss\u00edvel realizar o agrupamento. O procedimento pode ser observado no v\u00eddeo abaixo, outra quest\u00e3o apontada no v\u00eddeo \u00e0 seguir \u00e9 como nos desfazemos dos agrupamentos de colunas, ou seja, como removemos os agrupamentos.<\/p>\n<div style=\"width: 1280px;\" class=\"wp-video\"><video class=\"wp-video-shortcode\" id=\"video-196-3\" width=\"1280\" height=\"720\" preload=\"metadata\" controls=\"controls\"><source type=\"video\/mp4\" src=\"https:\/\/wp.ufpel.edu.br\/planilhasgoogle\/files\/2020\/07\/subgrupo_e_desagrupando.mp4?_=3\" \/><a href=\"https:\/\/wp.ufpel.edu.br\/planilhasgoogle\/files\/2020\/07\/subgrupo_e_desagrupando.mp4\">https:\/\/wp.ufpel.edu.br\/planilhasgoogle\/files\/2020\/07\/subgrupo_e_desagrupando.mp4<\/a><\/video><\/div>\n<p>Agrupando Linhas<\/p>\n<p>Agrupar linhas normalmente tem objetivos bem espec\u00edficos, pode ser um agrupamento para ressaltar um dado que est\u00e1 no meio ou na parte de baixo da tabela, desta forma, conseguimos subir o item dando mais destaque a este, ou, da mesma forma que coluna, \u00e0s vezes utilizamos as linhas para organizar conte\u00fados ou subgrupos, nesse caso, o ideal \u00e9 sempre ter algum dado vis\u00edvel que lembre o dado informado.<\/p>\n<p>Para realizar este agrupamento o processo \u00e9 o mesmo da colunas, no entanto, devemos selecionar linhas da tabela. Tamb\u00e9m permite sub agrupamentos e remo\u00e7\u00e3o da mesma forma, segue um v\u00eddeo abaixo exemplificando.<\/p>\n<div style=\"width: 1280px;\" class=\"wp-video\"><video class=\"wp-video-shortcode\" id=\"video-196-4\" width=\"1280\" height=\"720\" preload=\"metadata\" controls=\"controls\"><source type=\"video\/mp4\" src=\"https:\/\/wp.ufpel.edu.br\/planilhasgoogle\/files\/2020\/07\/agrupamento_de_linhas.mp4?_=4\" \/><a href=\"https:\/\/wp.ufpel.edu.br\/planilhasgoogle\/files\/2020\/07\/agrupamento_de_linhas.mp4\">https:\/\/wp.ufpel.edu.br\/planilhasgoogle\/files\/2020\/07\/agrupamento_de_linhas.mp4<\/a><\/video><\/div>\n<\/div>\n<\/div>\n","protected":false},"excerpt":{"rendered":"<p>Agrupando Colunas \u00a0 \u00a0 Os recursos de agrupamento de dados servem para facilitar a leitura de dados tabelados e embora seja um recurso muito simples e f\u00e1cil de se criar muita gente ainda desconhece esta possibilidade. O agrupamento de colunas tem por principal motivo ressaltar os dados mais importantes como o resultado final de um [&hellip;]<\/p>\n","protected":false},"author":667,"featured_media":0,"parent":90,"menu_order":0,"comment_status":"closed","ping_status":"closed","template":"","meta":{"jetpack_post_was_ever_published":false,"footnotes":""},"class_list":["post-196","page","type-page","status-publish","hentry"],"jetpack_sharing_enabled":true,"_links":{"self":[{"href":"https:\/\/wp.ufpel.edu.br\/planilhasgoogle\/wp-json\/wp\/v2\/pages\/196","targetHints":{"allow":["GET"]}}],"collection":[{"href":"https:\/\/wp.ufpel.edu.br\/planilhasgoogle\/wp-json\/wp\/v2\/pages"}],"about":[{"href":"https:\/\/wp.ufpel.edu.br\/planilhasgoogle\/wp-json\/wp\/v2\/types\/page"}],"author":[{"embeddable":true,"href":"https:\/\/wp.ufpel.edu.br\/planilhasgoogle\/wp-json\/wp\/v2\/users\/667"}],"replies":[{"embeddable":true,"href":"https:\/\/wp.ufpel.edu.br\/planilhasgoogle\/wp-json\/wp\/v2\/comments?post=196"}],"version-history":[{"count":2,"href":"https:\/\/wp.ufpel.edu.br\/planilhasgoogle\/wp-json\/wp\/v2\/pages\/196\/revisions"}],"predecessor-version":[{"id":309,"href":"https:\/\/wp.ufpel.edu.br\/planilhasgoogle\/wp-json\/wp\/v2\/pages\/196\/revisions\/309"}],"up":[{"embeddable":true,"href":"https:\/\/wp.ufpel.edu.br\/planilhasgoogle\/wp-json\/wp\/v2\/pages\/90"}],"wp:attachment":[{"href":"https:\/\/wp.ufpel.edu.br\/planilhasgoogle\/wp-json\/wp\/v2\/media?parent=196"}],"curies":[{"name":"wp","href":"https:\/\/api.w.org\/{rel}","templated":true}]}}