{"id":193,"date":"2020-07-05T18:30:06","date_gmt":"2020-07-05T21:30:06","guid":{"rendered":"https:\/\/wp.ufpel.edu.br\/planilhasgoogle\/?page_id=193"},"modified":"2020-07-05T18:30:06","modified_gmt":"2020-07-05T21:30:06","slug":"atividades-de-fixacao","status":"publish","type":"page","link":"https:\/\/wp.ufpel.edu.br\/planilhasgoogle\/modulo-basico\/aula-4-tratamento-de-texto\/atividades-de-fixacao\/","title":{"rendered":"Atividades de Fixa\u00e7\u00e3o"},"content":{"rendered":"<div class=\"box generalbox center clearfix\">\n<div class=\"no-overflow\">\n<h3>Propostas para praticar:<\/h3>\n<ul>\n<li>Fa\u00e7a um mini dicion\u00e1rio, adicione algumas palavras no campo \u00e0 esquerda e a defini\u00e7\u00e3o delas no lado direito, recomendo utilizar a Segunda e a Quarta coluna, ou seja, B e D e inicie l\u00e1 pela 6 linha;<\/li>\n<li>Na coluna entre estas (C) adicione coloque as palavras da segunda coluna em caracteres mai\u00fasculo, utilize fun\u00e7\u00e3o de concatena\u00e7\u00e3o antes e depois do resultado, por exemplo\u00a0<strong>CONCATENAR(CONCATENAR(&#8221; (&#8220;;MAIUSCULA(B6));&#8221;) &#8220;)<\/strong>\u00a0basicamente o que a fun\u00e7\u00e3o em negrito faz \u00e9 tornar o resultado de B6 em mai\u00fasculo e adiciono um espa\u00e7o e um par\u00eanteses de cada lado, se a palavra em B6 for teste o resultado ser\u00e1 &#8221; (TESTE) &#8220;;<\/li>\n<li>O campo com a defini\u00e7\u00e3o das palavras utilize uma\u00a0formata\u00e7\u00e3o\u00a0do tipo ajustar para que fique mais de acordo com a necessidade;<\/li>\n<li>Adicione nas primeiras linhas fun\u00e7\u00f5es como Pesquisar, onde o texto ser\u00e1 um conjunto de c\u00e9lulas, para fazer isso anote a posi\u00e7\u00e3o da primeira palavra por exemplo C6 e a \u00faltima linha da defini\u00e7\u00e3o, por exemplo E16. Para pesquisar em diversas linhas e colunas podemos inicialmente concatenar o texto em um \u00fanico campo, por exemplo,\u00a0<span class=\" default-formula-text-color\" dir=\"auto\">CONCATENAR<\/span><span class=\" default-formula-text-color\" dir=\"auto\">(<\/span><span dir=\"auto\">C6:E16<\/span><span class=\" default-formula-text-color\" dir=\"auto\">)<\/span>\u00a0e depois execute a fun\u00e7\u00e3o de pesquisar neste campo, por exemplo, se esta concatena\u00e7\u00e3o estiver em C2 a fun\u00e7\u00e3o ficaria: LOCALIZAR(C2)<\/li>\n<\/ul>\n<\/div>\n<\/div>\n","protected":false},"excerpt":{"rendered":"<p>Propostas para praticar: Fa\u00e7a um mini dicion\u00e1rio, adicione algumas palavras no campo \u00e0 esquerda e a defini\u00e7\u00e3o delas no lado direito, recomendo utilizar a Segunda e a Quarta coluna, ou seja, B e D e inicie l\u00e1 pela 6 linha; Na coluna entre estas (C) adicione coloque as palavras da segunda coluna em caracteres mai\u00fasculo, [&hellip;]<\/p>\n","protected":false},"author":667,"featured_media":0,"parent":87,"menu_order":3,"comment_status":"closed","ping_status":"closed","template":"","meta":{"jetpack_post_was_ever_published":false,"footnotes":""},"class_list":["post-193","page","type-page","status-publish","hentry"],"jetpack_sharing_enabled":true,"_links":{"self":[{"href":"https:\/\/wp.ufpel.edu.br\/planilhasgoogle\/wp-json\/wp\/v2\/pages\/193","targetHints":{"allow":["GET"]}}],"collection":[{"href":"https:\/\/wp.ufpel.edu.br\/planilhasgoogle\/wp-json\/wp\/v2\/pages"}],"about":[{"href":"https:\/\/wp.ufpel.edu.br\/planilhasgoogle\/wp-json\/wp\/v2\/types\/page"}],"author":[{"embeddable":true,"href":"https:\/\/wp.ufpel.edu.br\/planilhasgoogle\/wp-json\/wp\/v2\/users\/667"}],"replies":[{"embeddable":true,"href":"https:\/\/wp.ufpel.edu.br\/planilhasgoogle\/wp-json\/wp\/v2\/comments?post=193"}],"version-history":[{"count":1,"href":"https:\/\/wp.ufpel.edu.br\/planilhasgoogle\/wp-json\/wp\/v2\/pages\/193\/revisions"}],"predecessor-version":[{"id":195,"href":"https:\/\/wp.ufpel.edu.br\/planilhasgoogle\/wp-json\/wp\/v2\/pages\/193\/revisions\/195"}],"up":[{"embeddable":true,"href":"https:\/\/wp.ufpel.edu.br\/planilhasgoogle\/wp-json\/wp\/v2\/pages\/87"}],"wp:attachment":[{"href":"https:\/\/wp.ufpel.edu.br\/planilhasgoogle\/wp-json\/wp\/v2\/media?parent=193"}],"curies":[{"name":"wp","href":"https:\/\/api.w.org\/{rel}","templated":true}]}}