{"id":180,"date":"2020-07-05T18:28:22","date_gmt":"2020-07-05T21:28:22","guid":{"rendered":"https:\/\/wp.ufpel.edu.br\/planilhasgoogle\/?page_id=180"},"modified":"2020-07-05T18:28:22","modified_gmt":"2020-07-05T21:28:22","slug":"localizacao-substituicao-e-substring","status":"publish","type":"page","link":"https:\/\/wp.ufpel.edu.br\/planilhasgoogle\/modulo-basico\/aula-4-tratamento-de-texto\/localizacao-substituicao-e-substring\/","title":{"rendered":"Localiza\u00e7\u00e3o, Substitui\u00e7\u00e3o e Substring"},"content":{"rendered":"<div class=\"box generalbox center clearfix\">\n<div class=\"no-overflow\">\n<h3>Localiza\u00e7\u00e3o, Substitui\u00e7\u00e3o e Substring<\/h3>\n<p>A fun\u00e7\u00e3o que permite a localiza\u00e7\u00e3o de um determinado texto, assim como a substitui\u00e7\u00e3o de um determinado conte\u00fado e a obten\u00e7\u00e3o de pequenas partes de um texto est\u00e3o sendo ressaltados nesta sess\u00e3o apesar de comporem as opera\u00e7\u00f5es dispon\u00edveis no item Texto por apresentarem detalhes que ir\u00e3o servir para diversas finalidades futuras.<\/p>\n<p><strong>Localiza\u00e7\u00e3o<\/strong>: Esta opera\u00e7\u00e3o \u00e9 realizada \u00e0 partir da fun\u00e7\u00e3o:\u00a0<strong>LOCALIZAR(pesquisar; texto_a_pesquisar; iniciando_com)<\/strong>\u00a0onde podemos passar at\u00e9 tr\u00eas par\u00e2metros, s\u00e3o estes o Pesquisar que \u00e9 o termo que desejamos pesquisar, o texto_a_pesquisar que ser\u00e1 onde o conte\u00fado que desejamos pesquisar est\u00e1 e o item iniciando_com que \u00e9 o caractere que desejamos come\u00e7ar a contar, vejamos no v\u00eddeo abaixo um exemplo de uso.<\/p>\n<div style=\"width: 1280px;\" class=\"wp-video\"><video class=\"wp-video-shortcode\" id=\"video-180-1\" width=\"1280\" height=\"720\" preload=\"metadata\" controls=\"controls\"><source type=\"video\/mp4\" src=\"https:\/\/wp.ufpel.edu.br\/planilhasgoogle\/files\/2020\/07\/localizar.mp4?_=1\" \/><a href=\"https:\/\/wp.ufpel.edu.br\/planilhasgoogle\/files\/2020\/07\/localizar.mp4\">https:\/\/wp.ufpel.edu.br\/planilhasgoogle\/files\/2020\/07\/localizar.mp4<\/a><\/video><\/div>\n<p>Al\u00e9m da fun\u00e7\u00e3o LOCALIZAR temos uma variante denominada PROCURAR(), os par\u00e2metros s\u00e3o os mesmos a \u00fanica e principal diferen\u00e7a entre estas fun\u00e7\u00f5es \u00e9 que enquanto a LOCALIZAR n\u00e3o diferencia caracteres mai\u00fasculos de min\u00fasculos a fun\u00e7\u00e3o PROCURAR faz esta distin\u00e7\u00e3o.<\/p>\n<div style=\"width: 1280px;\" class=\"wp-video\"><video class=\"wp-video-shortcode\" id=\"video-180-2\" width=\"1280\" height=\"720\" preload=\"metadata\" controls=\"controls\"><source type=\"video\/mp4\" src=\"https:\/\/wp.ufpel.edu.br\/planilhasgoogle\/files\/2020\/07\/procurar.mp4?_=2\" \/><a href=\"https:\/\/wp.ufpel.edu.br\/planilhasgoogle\/files\/2020\/07\/procurar.mp4\">https:\/\/wp.ufpel.edu.br\/planilhasgoogle\/files\/2020\/07\/procurar.mp4<\/a><\/video><\/div>\n<p><strong><br \/>\nSubstitui\u00e7\u00e3o<\/strong>: A fun\u00e7\u00e3o mais utilizada para a substitui\u00e7\u00e3o de uma determinada palavra, n\u00famero ou outro dado de um texto \u00e9 a\u00a0<strong>SUBSTITUIR(texto_a_pesquisar; pesquisar; substituir_por; numero_da_ocorrencia)<\/strong>\u00a0a ordem dos dados \u00e9 um pouco diferente das observadas acima nas fun\u00e7\u00f5es de PROCURAR e LOCALIZAR, na SUBSTITUIR o primeiro par\u00e2metro \u00e9 o texto na qual desejamos pesquisar, o segundo par\u00e2metro \u00e9 a palavra\/texto que desejamos localizar e o terceiro par\u00e2metro \u00e9 a palavra\/texto \u00e0 qual desejamos substituir no texto pela palavra localizada. Existe ainda um quarto par\u00e2metro opcional que se refere a quantidade de ocorr\u00eancias em que a palavra localizada aparece na qual desejamos substituir.\u00a0O V\u00eddeo abaixo exemplifica o uso desta fun\u00e7\u00e3o.<\/p>\n<div style=\"width: 1280px;\" class=\"wp-video\"><video class=\"wp-video-shortcode\" id=\"video-180-3\" width=\"1280\" height=\"720\" preload=\"metadata\" controls=\"controls\"><source type=\"video\/mp4\" src=\"https:\/\/wp.ufpel.edu.br\/planilhasgoogle\/files\/2020\/07\/substituir.mp4?_=3\" \/><a href=\"https:\/\/wp.ufpel.edu.br\/planilhasgoogle\/files\/2020\/07\/substituir.mp4\">https:\/\/wp.ufpel.edu.br\/planilhasgoogle\/files\/2020\/07\/substituir.mp4<\/a><\/video><\/div>\n<p><strong>Substring<\/strong>: Como String significa um objeto do tipo Texto como vimos anteriormente nas formata\u00e7\u00f5es de DATA.VALOR, o termo SubString se refere a um peda\u00e7o do texto. \u00c9 um recurso muito \u00fatil quando precisamos apenas de um peda\u00e7o de um determinado conte\u00fado. Por exemplo, quando recebemos uma abrevia\u00e7\u00e3o de algo em uma tabela junto com os dados que necessitamos, se o tamanho dessa abrevia\u00e7\u00e3o for padr\u00e3o poderemos fazer uso da fun\u00e7\u00e3o de Substring para obter apenas os dados que nos interessam. Para realizar essa opera\u00e7\u00e3o temos tr\u00eas meios, aqui veremos os dois modos mais simples que s\u00e3o atrav\u00e9s dos m\u00e9todos DIREITA e ESQUERDA.<\/p>\n<ul>\n<li><strong>DIREITA(<\/strong>string; numero_de_caracteres<strong>)<\/strong><\/li>\n<li><strong>ESQUERDA(<\/strong>string; numero_de_caracteres<strong>)<\/strong><\/li>\n<\/ul>\n<p>O que diferencia estas duas fun\u00e7\u00f5es \u00e9 a dire\u00e7\u00e3o em que cortaremos os textos, segue um v\u00eddeo exemplificando isto.<\/p>\n<div style=\"width: 1280px;\" class=\"wp-video\"><video class=\"wp-video-shortcode\" id=\"video-180-4\" width=\"1280\" height=\"720\" preload=\"metadata\" controls=\"controls\"><source type=\"video\/mp4\" src=\"https:\/\/wp.ufpel.edu.br\/planilhasgoogle\/files\/2020\/07\/substring.mp4?_=4\" \/><a href=\"https:\/\/wp.ufpel.edu.br\/planilhasgoogle\/files\/2020\/07\/substring.mp4\">https:\/\/wp.ufpel.edu.br\/planilhasgoogle\/files\/2020\/07\/substring.mp4<\/a><\/video><\/div>\n<\/div>\n<\/div>\n","protected":false},"excerpt":{"rendered":"<p>Localiza\u00e7\u00e3o, Substitui\u00e7\u00e3o e Substring A fun\u00e7\u00e3o que permite a localiza\u00e7\u00e3o de um determinado texto, assim como a substitui\u00e7\u00e3o de um determinado conte\u00fado e a obten\u00e7\u00e3o de pequenas partes de um texto est\u00e3o sendo ressaltados nesta sess\u00e3o apesar de comporem as opera\u00e7\u00f5es dispon\u00edveis no item Texto por apresentarem detalhes que ir\u00e3o servir para diversas finalidades futuras. [&hellip;]<\/p>\n","protected":false},"author":667,"featured_media":0,"parent":87,"menu_order":1,"comment_status":"closed","ping_status":"closed","template":"","meta":{"jetpack_post_was_ever_published":false,"footnotes":""},"class_list":["post-180","page","type-page","status-publish","hentry"],"jetpack_sharing_enabled":true,"_links":{"self":[{"href":"https:\/\/wp.ufpel.edu.br\/planilhasgoogle\/wp-json\/wp\/v2\/pages\/180","targetHints":{"allow":["GET"]}}],"collection":[{"href":"https:\/\/wp.ufpel.edu.br\/planilhasgoogle\/wp-json\/wp\/v2\/pages"}],"about":[{"href":"https:\/\/wp.ufpel.edu.br\/planilhasgoogle\/wp-json\/wp\/v2\/types\/page"}],"author":[{"embeddable":true,"href":"https:\/\/wp.ufpel.edu.br\/planilhasgoogle\/wp-json\/wp\/v2\/users\/667"}],"replies":[{"embeddable":true,"href":"https:\/\/wp.ufpel.edu.br\/planilhasgoogle\/wp-json\/wp\/v2\/comments?post=180"}],"version-history":[{"count":1,"href":"https:\/\/wp.ufpel.edu.br\/planilhasgoogle\/wp-json\/wp\/v2\/pages\/180\/revisions"}],"predecessor-version":[{"id":186,"href":"https:\/\/wp.ufpel.edu.br\/planilhasgoogle\/wp-json\/wp\/v2\/pages\/180\/revisions\/186"}],"up":[{"embeddable":true,"href":"https:\/\/wp.ufpel.edu.br\/planilhasgoogle\/wp-json\/wp\/v2\/pages\/87"}],"wp:attachment":[{"href":"https:\/\/wp.ufpel.edu.br\/planilhasgoogle\/wp-json\/wp\/v2\/media?parent=180"}],"curies":[{"name":"wp","href":"https:\/\/api.w.org\/{rel}","templated":true}]}}