{"id":171,"date":"2020-07-05T18:26:49","date_gmt":"2020-07-05T21:26:49","guid":{"rendered":"https:\/\/wp.ufpel.edu.br\/planilhasgoogle\/?page_id=171"},"modified":"2020-07-05T18:26:49","modified_gmt":"2020-07-05T21:26:49","slug":"concatenacao-e-formatacao","status":"publish","type":"page","link":"https:\/\/wp.ufpel.edu.br\/planilhasgoogle\/modulo-basico\/aula-4-tratamento-de-texto\/concatenacao-e-formatacao\/","title":{"rendered":"Concatena\u00e7\u00e3o e Formata\u00e7\u00e3o"},"content":{"rendered":"<div class=\"box generalbox center clearfix\">\n<div class=\"no-overflow\">\n<h3>Mesclar<\/h3>\n<p>Para quem j\u00e1 trabalhou em outras planilhas conhece a import\u00e2ncia deste item, principalmente quando queremos dar uma apar\u00eancia melhor aos nossos dados tabelados onde colunas ou linhas precisam ser unidas por apresentar o mesmo resultado. Existem duas formas b\u00e1sicas de se mesclar c\u00e9lulas, atrav\u00e9s do bot\u00e3o de atalho na barra de ferramentas e na barra de tarefas no item de menu\u00a0<strong>Formatar<\/strong>\u00a0e sub-menu\u00a0<strong>Mesclar C\u00e9lulas<\/strong>\u00a0e escolher a op\u00e7\u00e3o desejada. Segue um v\u00eddeo abaixo exemplificando este uso.<\/p>\n<div style=\"width: 1280px;\" class=\"wp-video\"><video class=\"wp-video-shortcode\" id=\"video-171-1\" width=\"1280\" height=\"720\" preload=\"metadata\" controls=\"controls\"><source type=\"video\/mp4\" src=\"https:\/\/wp.ufpel.edu.br\/planilhasgoogle\/files\/2020\/07\/mesclar_celulas.mp4?_=1\" \/><a href=\"https:\/\/wp.ufpel.edu.br\/planilhasgoogle\/files\/2020\/07\/mesclar_celulas.mp4\">https:\/\/wp.ufpel.edu.br\/planilhasgoogle\/files\/2020\/07\/mesclar_celulas.mp4<\/a><\/video><\/div>\n<h3>Concatenar<\/h3>\n<p>\u00c0s vezes acabamos recebendo dados ou informa\u00e7\u00f5es separadas e precisamos junt\u00e1-las, n\u00e3o raramente estas informa\u00e7\u00f5es s\u00e3o de texto, imaginemos que na tabela recebemos dados como NOME e SOBRENOME em campos separados, mas para fins de organiza\u00e7\u00e3o precisamos unir estas informa\u00e7\u00f5es de modo a ficar &#8220;SOBRENOME, NOME&#8221;, uma maneira simples de se resolver isso \u00e9 atrav\u00e9s da fun\u00e7\u00e3o\u00a0<strong>CONCATENAR()<\/strong>\u00a0que podemos encontrar na lista de\u00a0<strong>fun\u00e7\u00f5es de Texto<\/strong>. O v\u00eddeo abaixo exemplifica este uso.<\/p>\n<div style=\"width: 1280px;\" class=\"wp-video\"><video class=\"wp-video-shortcode\" id=\"video-171-2\" width=\"1280\" height=\"720\" preload=\"metadata\" controls=\"controls\"><source type=\"video\/mp4\" src=\"https:\/\/wp.ufpel.edu.br\/planilhasgoogle\/files\/2020\/07\/concatenar.mp4?_=2\" \/><a href=\"https:\/\/wp.ufpel.edu.br\/planilhasgoogle\/files\/2020\/07\/concatenar.mp4\">https:\/\/wp.ufpel.edu.br\/planilhasgoogle\/files\/2020\/07\/concatenar.mp4<\/a><\/video><\/div>\n<h3>Formata\u00e7\u00e3o\u00a0Geral\u00a0do Texto<\/h3>\n<p>Uma apar\u00eancia bonita n\u00e3o substitui dados ruins mas ajudam a ressaltar bons dados, sendo assim, saber trabalhar com os itens de\u00a0Formata\u00e7\u00e3o\u00a0e Apar\u00eancia de textos \u00e9 essencial para se desenvolver um bom trabalho em planilhas eletr\u00f4nicas e as Planilhas do Google possuem in\u00fameros recursos do b\u00e1sico ao avan\u00e7ado para que voc\u00ea possa desenvolver todo seu potencial criativo. Nesta sess\u00e3o iremos ver os recursos b\u00e1sicos, mais adiante no curso veremos alguns recursos n\u00e3o t\u00e3o b\u00e1sicos mas igualmente importante, principalmente em se tratando de dados. No v\u00eddeo abaixo teremos exemplos de uso de:<\/p>\n<ul>\n<li>Negrito;<\/li>\n<li>It\u00e1lico;<\/li>\n<li>Tachar,<\/li>\n<li>Posicionamento dentro da c\u00e9lula;<\/li>\n<li>Cor de fundo;<\/li>\n<li>Cor da fonte;<\/li>\n<li>Ajuste da c\u00e9lula;<\/li>\n<\/ul>\n<div style=\"width: 1280px;\" class=\"wp-video\"><video class=\"wp-video-shortcode\" id=\"video-171-3\" width=\"1280\" height=\"720\" preload=\"metadata\" controls=\"controls\"><source type=\"video\/mp4\" src=\"https:\/\/wp.ufpel.edu.br\/planilhasgoogle\/files\/2020\/07\/formatacao_e_aparencia_parte_1.mp4?_=3\" \/><a href=\"https:\/\/wp.ufpel.edu.br\/planilhasgoogle\/files\/2020\/07\/formatacao_e_aparencia_parte_1.mp4\">https:\/\/wp.ufpel.edu.br\/planilhasgoogle\/files\/2020\/07\/formatacao_e_aparencia_parte_1.mp4<\/a><\/video><\/div>\n<h3>Fonte<\/h3>\n<p>Outra\u00a0<a class=\"autolink\" title=\"Formata\u00e7\u00e3o\" href=\"https:\/\/ava.ufpel.edu.br\/pre\/mod\/page\/view.php?id=171618\">formata\u00e7\u00e3o<\/a>\u00a0importante \u00e9 a escolha da\u00a0<strong>fonte<\/strong>, embora o google permita a inclus\u00e3o de qualquer uma das suas fontes p\u00fablicas, \u00e0s vezes precisamos escolher uma fonte diferente das tradicionais, uma boa op\u00e7\u00e3o para encontrar a fonte ideal \u00e9 o uso do site Google Fonts (<a href=\"https:\/\/fonts.google.com\/\">https:\/\/fonts.google.com\/<\/a>), que permite a localiza\u00e7\u00e3o de centenas de fontes gratuitas e organizada por diversas categorias. Vamos ver no v\u00eddeo abaixo um exemplo para usar fonte espec\u00edfica do google nas Planilhas do Google.<\/p>\n<div style=\"width: 1280px;\" class=\"wp-video\"><video class=\"wp-video-shortcode\" id=\"video-171-4\" width=\"1280\" height=\"720\" preload=\"metadata\" controls=\"controls\"><source type=\"video\/mp4\" src=\"https:\/\/wp.ufpel.edu.br\/planilhasgoogle\/files\/2020\/07\/formatacao_e_aparencia_parte_2_fontes_do_google.mp4?_=4\" \/><a href=\"https:\/\/wp.ufpel.edu.br\/planilhasgoogle\/files\/2020\/07\/formatacao_e_aparencia_parte_2_fontes_do_google.mp4\">https:\/\/wp.ufpel.edu.br\/planilhasgoogle\/files\/2020\/07\/formatacao_e_aparencia_parte_2_fontes_do_google.mp4<\/a><\/video><\/div>\n<h3>Bordas<\/h3>\n<p>Como Planilhas Eletr\u00f4nicas se tratam de montagem de dados estruturados um \u00f3timo recurso para se conhecer \u00e9 o de bordas que facilitam a organiza\u00e7\u00e3o e separa\u00e7\u00e3o de elementos em uma tabela, mas devem ser discretas o suficiente para n\u00e3o atrapalharem o conte\u00fado que se deseja apresentar. Embora n\u00e3o seja um recurso diretamente associado ao Texto \u00e9 um recurso que precisamos abordar. O v\u00eddeo abaixo mostra um exemplo do uso desta ferramenta.<\/p>\n<div style=\"width: 1280px;\" class=\"wp-video\"><video class=\"wp-video-shortcode\" id=\"video-171-5\" width=\"1280\" height=\"720\" preload=\"metadata\" controls=\"controls\"><source type=\"video\/mp4\" src=\"https:\/\/wp.ufpel.edu.br\/planilhasgoogle\/files\/2020\/07\/borda.mp4?_=5\" \/><a href=\"https:\/\/wp.ufpel.edu.br\/planilhasgoogle\/files\/2020\/07\/borda.mp4\">https:\/\/wp.ufpel.edu.br\/planilhasgoogle\/files\/2020\/07\/borda.mp4<\/a><\/video><\/div>\n<p>Rota\u00e7\u00e3o e Links<\/p>\n<p>Um recurso muito \u00fatil em Tabelas \u00e9 a possibilidade de organizar dados em pequenos espa\u00e7os de forma que possibilitem uma leitura mais interessante das informa\u00e7\u00f5es, sendo assim, o recurso de rota\u00e7\u00e3o permite que textos, legendas entre outros sejam inseridos em espa\u00e7os estreitos. Al\u00e9m disso, a possibilidade de se atribuir links externos ou at\u00e9 mesmo internos (apontando neste caso dados de uma outra tabela) s\u00e3o solu\u00e7\u00f5es que tornam as tabelas mais enxutas e permitem que quem queira observar os dados completos possam visualizar sem comprometer a apar\u00eancia do resultado final. O v\u00eddeo abaixo mostra um exemplo de uso de rota\u00e7\u00e3o e link.<\/p>\n<div style=\"width: 1280px;\" class=\"wp-video\"><video class=\"wp-video-shortcode\" id=\"video-171-6\" width=\"1280\" height=\"720\" preload=\"metadata\" controls=\"controls\"><source type=\"video\/mp4\" src=\"https:\/\/wp.ufpel.edu.br\/planilhasgoogle\/files\/2020\/07\/rotacao_e_links.mp4?_=6\" \/><a href=\"https:\/\/wp.ufpel.edu.br\/planilhasgoogle\/files\/2020\/07\/rotacao_e_links.mp4\">https:\/\/wp.ufpel.edu.br\/planilhasgoogle\/files\/2020\/07\/rotacao_e_links.mp4<\/a><\/video><\/div>\n<p>&nbsp;<\/p>\n<\/div>\n<\/div>\n","protected":false},"excerpt":{"rendered":"<p>Mesclar Para quem j\u00e1 trabalhou em outras planilhas conhece a import\u00e2ncia deste item, principalmente quando queremos dar uma apar\u00eancia melhor aos nossos dados tabelados onde colunas ou linhas precisam ser unidas por apresentar o mesmo resultado. Existem duas formas b\u00e1sicas de se mesclar c\u00e9lulas, atrav\u00e9s do bot\u00e3o de atalho na barra de ferramentas e na [&hellip;]<\/p>\n","protected":false},"author":667,"featured_media":0,"parent":87,"menu_order":0,"comment_status":"closed","ping_status":"closed","template":"","meta":{"jetpack_post_was_ever_published":false,"footnotes":""},"class_list":["post-171","page","type-page","status-publish","hentry"],"jetpack_sharing_enabled":true,"_links":{"self":[{"href":"https:\/\/wp.ufpel.edu.br\/planilhasgoogle\/wp-json\/wp\/v2\/pages\/171","targetHints":{"allow":["GET"]}}],"collection":[{"href":"https:\/\/wp.ufpel.edu.br\/planilhasgoogle\/wp-json\/wp\/v2\/pages"}],"about":[{"href":"https:\/\/wp.ufpel.edu.br\/planilhasgoogle\/wp-json\/wp\/v2\/types\/page"}],"author":[{"embeddable":true,"href":"https:\/\/wp.ufpel.edu.br\/planilhasgoogle\/wp-json\/wp\/v2\/users\/667"}],"replies":[{"embeddable":true,"href":"https:\/\/wp.ufpel.edu.br\/planilhasgoogle\/wp-json\/wp\/v2\/comments?post=171"}],"version-history":[{"count":1,"href":"https:\/\/wp.ufpel.edu.br\/planilhasgoogle\/wp-json\/wp\/v2\/pages\/171\/revisions"}],"predecessor-version":[{"id":179,"href":"https:\/\/wp.ufpel.edu.br\/planilhasgoogle\/wp-json\/wp\/v2\/pages\/171\/revisions\/179"}],"up":[{"embeddable":true,"href":"https:\/\/wp.ufpel.edu.br\/planilhasgoogle\/wp-json\/wp\/v2\/pages\/87"}],"wp:attachment":[{"href":"https:\/\/wp.ufpel.edu.br\/planilhasgoogle\/wp-json\/wp\/v2\/media?parent=171"}],"curies":[{"name":"wp","href":"https:\/\/api.w.org\/{rel}","templated":true}]}}