{"id":164,"date":"2020-07-05T18:24:00","date_gmt":"2020-07-05T21:24:00","guid":{"rendered":"https:\/\/wp.ufpel.edu.br\/planilhasgoogle\/?page_id=164"},"modified":"2020-07-05T18:24:00","modified_gmt":"2020-07-05T21:24:00","slug":"uso-pratico","status":"publish","type":"page","link":"https:\/\/wp.ufpel.edu.br\/planilhasgoogle\/modulo-basico\/aula-3-funcoes-com-data-e-hora\/uso-pratico\/","title":{"rendered":"Uso Pr\u00e1tico"},"content":{"rendered":"<div class=\"box generalbox center clearfix\">\n<div class=\"no-overflow\">\n<h3>Montando um calend\u00e1rio<\/h3>\n<p>Como uso pr\u00e1tico de algumas fun\u00e7\u00f5es de Data\/Hora e\u00a0formata\u00e7\u00e3o\u00a0o v\u00eddeo abaixo exemplifica a cria\u00e7\u00e3o de um calend\u00e1rio com algumas regras de valida\u00e7\u00e3o conforme pode ser observado abaixo.<\/p>\n<div style=\"width: 1280px;\" class=\"wp-video\"><video class=\"wp-video-shortcode\" id=\"video-164-1\" width=\"1280\" height=\"720\" preload=\"metadata\" controls=\"controls\"><source type=\"video\/mp4\" src=\"https:\/\/wp.ufpel.edu.br\/planilhasgoogle\/files\/2020\/07\/exemplo_pr\u00e1tico_montando_calend\u00e1rio.mp4?_=1\" \/><a href=\"https:\/\/wp.ufpel.edu.br\/planilhasgoogle\/files\/2020\/07\/exemplo_pr\u00e1tico_montando_calend\u00e1rio.mp4\">https:\/\/wp.ufpel.edu.br\/planilhasgoogle\/files\/2020\/07\/exemplo_pr\u00e1tico_montando_calend\u00e1rio.mp4<\/a><\/video><\/div>\n<p>Vamos desmembrar a f\u00f3rmula utilizada em quase todo o calend\u00e1rio:<\/p>\n<p><span class=\" default-formula-text-color\" dir=\"auto\">=<\/span><span class=\" default-formula-text-color\" dir=\"auto\">SE<\/span><span class=\" default-formula-text-color\" dir=\"auto\">(<\/span><span dir=\"auto\">B8<\/span><span class=\"  default-formula-text-color\" dir=\"auto\">&lt;&gt;<\/span><span class=\" string \" dir=\"auto\">&#8220;&#8221;<\/span><span class=\" default-formula-text-color\" dir=\"auto\">;<\/span><span class=\" default-formula-text-color\" dir=\"auto\">SE<\/span><span class=\" default-formula-text-color\" dir=\"auto\">(<\/span><span dir=\"auto\">B8<\/span><span class=\"  default-formula-text-color\" dir=\"auto\">+<\/span><span class=\"number\" dir=\"auto\">1<\/span><span class=\"  default-formula-text-color\" dir=\"auto\">&lt;=<\/span><span class=\" default-formula-text-color\" dir=\"auto\">FIMM\u00caS<\/span><span class=\" default-formula-text-color\" dir=\"auto\">(<\/span><span dir=\"auto\">B8<\/span><span class=\" default-formula-text-color\" dir=\"auto\">;<\/span><span class=\"number\" dir=\"auto\">0<\/span><span class=\" default-formula-text-color\" dir=\"auto\">)<\/span><span class=\" default-formula-text-color\" dir=\"auto\">;<\/span><span dir=\"auto\">B8<\/span><span class=\"  default-formula-text-color\" dir=\"auto\">+<\/span><span class=\"number\" dir=\"auto\">1<\/span><span class=\" default-formula-text-color\" dir=\"auto\">;<\/span><span class=\" default-formula-text-color\" dir=\"auto\">)<\/span><span class=\" default-formula-text-color\" dir=\"auto\">;<\/span><span class=\" string \" dir=\"auto\">&#8220;&#8221;<\/span><span class=\" default-formula-text-color\" dir=\"auto\">)<\/span><\/p>\n<p>Podemos iniciar com o motivo de utilizar a f\u00f3rmula, devemos lembrar que fevereiro \u00e0s vezes possui 28 dias e outros anos 29 dias o que em uma\u00a0formata\u00e7\u00e3o\u00a0simples n\u00e3o permitiria, desta forma precisamos verificar se a data que estaremos exibindo \u00e9 &lt;= ao \u00faltimo dia do m\u00eas, para isso, utilizaremos a f\u00f3rmula estudada na sess\u00e3o anterior FIMM\u00caS, onde passaremos como par\u00e2metro a data do dia anterior e 0 que significa que veremos o \u00faltimo dia do m\u00eas em atividade.<\/p>\n<p>Para efetuar estas verifica\u00e7\u00f5es utilizamos a condicional SE que veremos de forma mais aprofundada mais tarde, mas basicamente significa que, se o resultado for VERDADEIRO ent\u00e3o faremos o c\u00e1lculo da data do dia anterior + 1, ou seja, pr\u00f3ximo dia. Caso contr\u00e1rio n\u00e3o exibiremos nada, nesse caso, simbolizado pelas aspas duplas sem conte\u00fado dentro &#8220;&#8221;. A outra valida\u00e7\u00e3o serve para n\u00e3o exibirmos nada caso o valor anterior seja em branco.<\/p>\n<p>Desta forma, podemos alterar o ano e teremos o dia da semana correspondente a qualquer dia do ano, um exemplo pr\u00e1tico e r\u00e1pido para se utilizar as fun\u00e7\u00f5es de Data.<\/p>\n<\/div>\n<\/div>\n","protected":false},"excerpt":{"rendered":"<p>Montando um calend\u00e1rio Como uso pr\u00e1tico de algumas fun\u00e7\u00f5es de Data\/Hora e\u00a0formata\u00e7\u00e3o\u00a0o v\u00eddeo abaixo exemplifica a cria\u00e7\u00e3o de um calend\u00e1rio com algumas regras de valida\u00e7\u00e3o conforme pode ser observado abaixo. Vamos desmembrar a f\u00f3rmula utilizada em quase todo o calend\u00e1rio: =SE(B8&lt;&gt;&#8220;&#8221;;SE(B8+1&lt;=FIMM\u00caS(B8;0);B8+1;);&#8220;&#8221;) Podemos iniciar com o motivo de utilizar a f\u00f3rmula, devemos lembrar que fevereiro \u00e0s [&hellip;]<\/p>\n","protected":false},"author":667,"featured_media":0,"parent":84,"menu_order":2,"comment_status":"closed","ping_status":"closed","template":"","meta":{"jetpack_post_was_ever_published":false,"footnotes":""},"class_list":["post-164","page","type-page","status-publish","hentry"],"jetpack_sharing_enabled":true,"_links":{"self":[{"href":"https:\/\/wp.ufpel.edu.br\/planilhasgoogle\/wp-json\/wp\/v2\/pages\/164","targetHints":{"allow":["GET"]}}],"collection":[{"href":"https:\/\/wp.ufpel.edu.br\/planilhasgoogle\/wp-json\/wp\/v2\/pages"}],"about":[{"href":"https:\/\/wp.ufpel.edu.br\/planilhasgoogle\/wp-json\/wp\/v2\/types\/page"}],"author":[{"embeddable":true,"href":"https:\/\/wp.ufpel.edu.br\/planilhasgoogle\/wp-json\/wp\/v2\/users\/667"}],"replies":[{"embeddable":true,"href":"https:\/\/wp.ufpel.edu.br\/planilhasgoogle\/wp-json\/wp\/v2\/comments?post=164"}],"version-history":[{"count":1,"href":"https:\/\/wp.ufpel.edu.br\/planilhasgoogle\/wp-json\/wp\/v2\/pages\/164\/revisions"}],"predecessor-version":[{"id":167,"href":"https:\/\/wp.ufpel.edu.br\/planilhasgoogle\/wp-json\/wp\/v2\/pages\/164\/revisions\/167"}],"up":[{"embeddable":true,"href":"https:\/\/wp.ufpel.edu.br\/planilhasgoogle\/wp-json\/wp\/v2\/pages\/84"}],"wp:attachment":[{"href":"https:\/\/wp.ufpel.edu.br\/planilhasgoogle\/wp-json\/wp\/v2\/media?parent=164"}],"curies":[{"name":"wp","href":"https:\/\/api.w.org\/{rel}","templated":true}]}}