{"id":134,"date":"2020-07-05T18:18:44","date_gmt":"2020-07-05T21:18:44","guid":{"rendered":"https:\/\/wp.ufpel.edu.br\/planilhasgoogle\/?page_id=134"},"modified":"2020-07-05T18:18:44","modified_gmt":"2020-07-05T21:18:44","slug":"exploracao-de-formulas","status":"publish","type":"page","link":"https:\/\/wp.ufpel.edu.br\/planilhasgoogle\/modulo-basico\/aula-2-operacoes-matematicas\/exploracao-de-formulas\/","title":{"rendered":"Explora\u00e7\u00e3o de F\u00f3rmulas"},"content":{"rendered":"<div class=\"box generalbox center clearfix\">\n<div class=\"no-overflow\">\n<h3>Menu de Fun\u00e7\u00f5es<\/h3>\n<p>O menu de Fun\u00e7\u00f5es prontas das Planilhas do Google permitem uma variedade enorme de automatiza\u00e7\u00e3o de c\u00e1lculos matem\u00e1ticos, disp\u00f5em de praticamente todos os itens dispon\u00edveis em outras planilhas eletr\u00f4nicas como Excel e Calc.<\/p>\n<p>Dentre estas fun\u00e7\u00f5es, por enquanto, vamos destacar alguns menus que utilizaremos e veremos de forma mais aprofundada nas pr\u00f3ximas aulas deste m\u00f3dulo b\u00e1sico, tais como: Analisador, Data, Estat\u00edstica, L\u00f3gica, Matem\u00e1tica, Operador e Texto.<\/p>\n<p>Existem duas formas dispon\u00edveis para acessar estas f\u00f3rmulas, um bot\u00e3o de atalho na barra de ferramentas e atrav\u00e9s do item de menu Inserir -&gt; Fun\u00e7\u00e3o;<\/p>\n<div style=\"width: 1280px;\" class=\"wp-video\"><video class=\"wp-video-shortcode\" id=\"video-134-1\" width=\"1280\" height=\"720\" preload=\"metadata\" controls=\"controls\"><source type=\"video\/mp4\" src=\"https:\/\/wp.ufpel.edu.br\/planilhasgoogle\/files\/2020\/07\/exploracao_de_formulas.mp4?_=1\" \/><a href=\"https:\/\/wp.ufpel.edu.br\/planilhasgoogle\/files\/2020\/07\/exploracao_de_formulas.mp4\">https:\/\/wp.ufpel.edu.br\/planilhasgoogle\/files\/2020\/07\/exploracao_de_formulas.mp4<\/a><\/video><\/div>\n<h4>Analisador:<\/h4>\n<p>Fun\u00e7\u00f5es extremamente \u00fateis de convers\u00f5es de n\u00fameros para dados espec\u00edficos, sejam eles datas, textos ou valor financeiro. O conhecimento destas ferramentas \u00e9 extremamente \u00fatil quando recebemos dados n\u00e3o estruturados e temos que transformar em algo utiliz\u00e1vel, seja para carregar uma base de dados ou para se criar\u00a0gr\u00e1ficos\u00a0para uma apresenta\u00e7\u00e3o.<\/p>\n<div style=\"width: 1280px;\" class=\"wp-video\"><video class=\"wp-video-shortcode\" id=\"video-134-2\" width=\"1280\" height=\"720\" preload=\"metadata\" controls=\"controls\"><source type=\"video\/mp4\" src=\"https:\/\/wp.ufpel.edu.br\/planilhasgoogle\/files\/2020\/07\/analisador.mp4?_=2\" \/><a href=\"https:\/\/wp.ufpel.edu.br\/planilhasgoogle\/files\/2020\/07\/analisador.mp4\">https:\/\/wp.ufpel.edu.br\/planilhasgoogle\/files\/2020\/07\/analisador.mp4<\/a><\/video><\/div>\n<h4>Data:<\/h4>\n<p>As fun\u00e7\u00f5es associada ao item de menu Data servem para efetuarmos opera\u00e7\u00f5es com datas, tais como convers\u00e3o de minutos para horas, para dias, para meses, para anos e vice-versa, al\u00e9m disso, podemos utilizar as fun\u00e7\u00f5es dispon\u00edveis para obter datas espec\u00edficas e convers\u00f5es de datas nos mais diversos formatos ISO, ex. 31\/01\/1950 poderia ser convertido para um padr\u00e3o norte americano ficando 01\/31\/1950, ou ainda convertido para 01-31-1950 de maneira autom\u00e1tica, sem a necessidade de trabalhar com dados espec\u00edficos para dia, m\u00eas e ano.<\/p>\n<div style=\"width: 1280px;\" class=\"wp-video\"><video class=\"wp-video-shortcode\" id=\"video-134-3\" width=\"1280\" height=\"720\" preload=\"metadata\" controls=\"controls\"><source type=\"video\/mp4\" src=\"https:\/\/wp.ufpel.edu.br\/planilhasgoogle\/files\/2020\/07\/data.mp4?_=3\" \/><a href=\"https:\/\/wp.ufpel.edu.br\/planilhasgoogle\/files\/2020\/07\/data.mp4\">https:\/\/wp.ufpel.edu.br\/planilhasgoogle\/files\/2020\/07\/data.mp4<\/a><\/video><\/div>\n<h4>Estat\u00edstica:<\/h4>\n<p>Embora muitas fun\u00e7\u00f5es estat\u00edsticas sejam usadas praticamente apenas por matem\u00e1ticos, economistas e estat\u00edsticos, outras fun\u00e7\u00f5es s\u00e3o utilizadas largamente por todas as \u00e1reas da ci\u00eancia que tendem a fazer trabalhos quantitativos, atrav\u00e9s destas fun\u00e7\u00f5es torna-se muito pr\u00e1tico calcular por exemplo, covari\u00e2ncia, desvio m\u00e9dio, desvio padr\u00e3o, distor\u00e7\u00e3o, gauss, maior n\u00famero, m\u00e9dia, mediana, distribui\u00e7\u00e3o normal, ordem, distribui\u00e7\u00e3o poisson, quartil, varia\u00e7\u00e3o entre outros.<\/p>\n<div style=\"width: 1280px;\" class=\"wp-video\"><video class=\"wp-video-shortcode\" id=\"video-134-4\" width=\"1280\" height=\"720\" preload=\"metadata\" controls=\"controls\"><source type=\"video\/mp4\" src=\"https:\/\/wp.ufpel.edu.br\/planilhasgoogle\/files\/2020\/07\/estatistica.mp4?_=4\" \/><a href=\"https:\/\/wp.ufpel.edu.br\/planilhasgoogle\/files\/2020\/07\/estatistica.mp4\">https:\/\/wp.ufpel.edu.br\/planilhasgoogle\/files\/2020\/07\/estatistica.mp4<\/a><\/video><\/div>\n<h4>L\u00f3gica:<\/h4>\n<p>O conhecimento de algumas fun\u00e7\u00f5es l\u00f3gicas s\u00e3o essenciais para quem deseja trabalhar com qualquer planilha eletr\u00f4nica, as Planilhas do Google disponibilizam diversas ferramentas nesse quesito que v\u00e3o desde ao deslocamento de valores bit \u00e0 bit at\u00e9 operadores l\u00f3gicos como &#8216;E&#8217;, &#8216;OU&#8217;, &#8216;XOR&#8217;, &#8216;NEGA\u00c7\u00c3O&#8217;, al\u00e9m de operadores de controle como &#8216;SE&#8217; e &#8216;SWITCH&#8217;.<\/p>\n<div style=\"width: 1280px;\" class=\"wp-video\"><video class=\"wp-video-shortcode\" id=\"video-134-5\" width=\"1280\" height=\"720\" preload=\"metadata\" controls=\"controls\"><source type=\"video\/mp4\" src=\"https:\/\/wp.ufpel.edu.br\/planilhasgoogle\/files\/2020\/07\/logica.mp4?_=5\" \/><a href=\"https:\/\/wp.ufpel.edu.br\/planilhasgoogle\/files\/2020\/07\/logica.mp4\">https:\/\/wp.ufpel.edu.br\/planilhasgoogle\/files\/2020\/07\/logica.mp4<\/a><\/video><\/div>\n<p>&nbsp;<\/p>\n<h4>Matem\u00e1tica:<\/h4>\n<p>As fun\u00e7\u00f5es dispon\u00edveis nesta se\u00e7\u00e3o s\u00e3o aquelas velhas conhecidas em uma calculadora cient\u00edfica, s\u00e3o opera\u00e7\u00f5es diretas entre 1,2,3 ou mais n\u00fameros e que retornam um valor espec\u00edfico, s\u00e3o fun\u00e7\u00f5es que v\u00e3o desde a opera\u00e7\u00f5es com graus como seno, cosseno, tangente, radianos at\u00e9 opera\u00e7\u00f5es mais simples como soma, subtra\u00e7\u00e3o, multiplica\u00e7\u00e3o, raiz quadrada e etc com v\u00e1rias c\u00e9lulas ao mesmo tempo.<\/p>\n<div style=\"width: 1280px;\" class=\"wp-video\"><video class=\"wp-video-shortcode\" id=\"video-134-6\" width=\"1280\" height=\"720\" preload=\"metadata\" controls=\"controls\"><source type=\"video\/mp4\" src=\"https:\/\/wp.ufpel.edu.br\/planilhasgoogle\/files\/2020\/07\/matematica.mp4?_=6\" \/><a href=\"https:\/\/wp.ufpel.edu.br\/planilhasgoogle\/files\/2020\/07\/matematica.mp4\">https:\/\/wp.ufpel.edu.br\/planilhasgoogle\/files\/2020\/07\/matematica.mp4<\/a><\/video><\/div>\n<h4>Operador:<\/h4>\n<p>Possui fun\u00e7\u00f5es de matem\u00e1tica simples entre dois ou mais n\u00fameros e recursos de valida\u00e7\u00e3o como por exemplo, descobrir se um n\u00famero \u00e9 maior ou menor do que outro, se o n\u00famero \u00e9 igual ao outro e etc.<\/p>\n<div style=\"width: 1280px;\" class=\"wp-video\"><video class=\"wp-video-shortcode\" id=\"video-134-7\" width=\"1280\" height=\"720\" preload=\"metadata\" controls=\"controls\"><source type=\"video\/mp4\" src=\"https:\/\/wp.ufpel.edu.br\/planilhasgoogle\/files\/2020\/07\/operacoes.mp4?_=7\" \/><a href=\"https:\/\/wp.ufpel.edu.br\/planilhasgoogle\/files\/2020\/07\/operacoes.mp4\">https:\/\/wp.ufpel.edu.br\/planilhasgoogle\/files\/2020\/07\/operacoes.mp4<\/a><\/video><\/div>\n<h4>Texto:<\/h4>\n<p>Atrav\u00e9s das fun\u00e7\u00f5es encontrada no item Texto \u00e9 poss\u00edvel conseguir efetuar diversas opera\u00e7\u00f5es matem\u00e1tica que podem \u00e0 princ\u00edpio parecer complicadas quando lidamos apenas com texto, tais como calculo de valor de um n\u00famero romano, localizar a posi\u00e7\u00e3o em que est\u00e1 determinada palavra em um texto, descobrir quantos caracteres tem o texto, dividir um texto em v\u00e1rias partes a partir de um car\u00e1cter ou palavra delimitador e etc.<\/p>\n<div style=\"width: 1280px;\" class=\"wp-video\"><video class=\"wp-video-shortcode\" id=\"video-134-8\" width=\"1280\" height=\"720\" preload=\"metadata\" controls=\"controls\"><source type=\"video\/mp4\" src=\"https:\/\/wp.ufpel.edu.br\/planilhasgoogle\/files\/2020\/07\/texto.mp4?_=8\" \/><a href=\"https:\/\/wp.ufpel.edu.br\/planilhasgoogle\/files\/2020\/07\/texto.mp4\">https:\/\/wp.ufpel.edu.br\/planilhasgoogle\/files\/2020\/07\/texto.mp4<\/a><\/video><\/div>\n<p>Se tiverem interesse ou quiserem localizar uma fun\u00e7\u00e3o espec\u00edfica de uma forma mais pr\u00e1tica recomendo acessarem o link:\u00a0<a href=\"https:\/\/support.google.com\/docs\/table\/25273\">https:\/\/support.google.com\/docs\/table\/25273<\/a>\u00a0neste \u00e9 poss\u00edvel consultar e saber mais detalhes de todas as fun\u00e7\u00f5es dispon\u00edveis nas Planilhas do Google.<\/p>\n<\/div>\n<\/div>\n","protected":false},"excerpt":{"rendered":"<p>Menu de Fun\u00e7\u00f5es O menu de Fun\u00e7\u00f5es prontas das Planilhas do Google permitem uma variedade enorme de automatiza\u00e7\u00e3o de c\u00e1lculos matem\u00e1ticos, disp\u00f5em de praticamente todos os itens dispon\u00edveis em outras planilhas eletr\u00f4nicas como Excel e Calc. Dentre estas fun\u00e7\u00f5es, por enquanto, vamos destacar alguns menus que utilizaremos e veremos de forma mais aprofundada nas pr\u00f3ximas [&hellip;]<\/p>\n","protected":false},"author":667,"featured_media":0,"parent":80,"menu_order":1,"comment_status":"closed","ping_status":"closed","template":"","meta":{"jetpack_post_was_ever_published":false,"footnotes":""},"class_list":["post-134","page","type-page","status-publish","hentry"],"jetpack_sharing_enabled":true,"_links":{"self":[{"href":"https:\/\/wp.ufpel.edu.br\/planilhasgoogle\/wp-json\/wp\/v2\/pages\/134","targetHints":{"allow":["GET"]}}],"collection":[{"href":"https:\/\/wp.ufpel.edu.br\/planilhasgoogle\/wp-json\/wp\/v2\/pages"}],"about":[{"href":"https:\/\/wp.ufpel.edu.br\/planilhasgoogle\/wp-json\/wp\/v2\/types\/page"}],"author":[{"embeddable":true,"href":"https:\/\/wp.ufpel.edu.br\/planilhasgoogle\/wp-json\/wp\/v2\/users\/667"}],"replies":[{"embeddable":true,"href":"https:\/\/wp.ufpel.edu.br\/planilhasgoogle\/wp-json\/wp\/v2\/comments?post=134"}],"version-history":[{"count":1,"href":"https:\/\/wp.ufpel.edu.br\/planilhasgoogle\/wp-json\/wp\/v2\/pages\/134\/revisions"}],"predecessor-version":[{"id":144,"href":"https:\/\/wp.ufpel.edu.br\/planilhasgoogle\/wp-json\/wp\/v2\/pages\/134\/revisions\/144"}],"up":[{"embeddable":true,"href":"https:\/\/wp.ufpel.edu.br\/planilhasgoogle\/wp-json\/wp\/v2\/pages\/80"}],"wp:attachment":[{"href":"https:\/\/wp.ufpel.edu.br\/planilhasgoogle\/wp-json\/wp\/v2\/media?parent=134"}],"curies":[{"name":"wp","href":"https:\/\/api.w.org\/{rel}","templated":true}]}}