{"id":125,"date":"2020-07-05T18:14:50","date_gmt":"2020-07-05T21:14:50","guid":{"rendered":"https:\/\/wp.ufpel.edu.br\/planilhasgoogle\/?page_id=125"},"modified":"2020-07-05T18:14:50","modified_gmt":"2020-07-05T21:14:50","slug":"atividades-de-fixacao","status":"publish","type":"page","link":"https:\/\/wp.ufpel.edu.br\/planilhasgoogle\/modulo-basico\/aula-1-introducao-aos-principais-recursos\/atividades-de-fixacao\/","title":{"rendered":"Atividades de Fixa\u00e7\u00e3o"},"content":{"rendered":"<div class=\"box generalbox center clearfix\">\n<div class=\"no-overflow\">\n<h3>Propostas para praticar:<\/h3>\n<ul>\n<li>Crie uma conta nova do Google para a pr\u00e1tica ou utilize uma conta existente;<\/li>\n<li>Abra ao menos tr\u00eas modelos de planilhas dispon\u00edveis e explore os recursos utilizados por elas;<\/li>\n<li>Crie uma planilha do zero contendo alguns dados dispon\u00edveis no link:<\/li>\n<\/ul>\n<p><a href=\"http:\/\/ti.saude.rs.gov.br\/covid19\/\">http:\/\/ti.saude.rs.gov.br\/covid19\/<\/a><\/p>\n<ul>\n<li>Salve a vers\u00e3o no dia de hoje da planilha criada acima com a data atual (dia-m\u00eas-ano);<\/li>\n<li>Altere no dia seguinte os dados do Covid 19 dispon\u00edveis no link abaixo e fa\u00e7a uma nova vers\u00e3o renomeando para a nova\u00a0data atual (dia-m\u00eas-ano);<\/li>\n<li>Exporte para excel ou csv a planilha, fa\u00e7a alguma altera\u00e7\u00e3o e teste a importa\u00e7\u00e3o conforme demonstrado na aula e observe a quest\u00e3o do\u00a0<a class=\"autolink\" title=\"Versionamento\" href=\"https:\/\/ava.ufpel.edu.br\/pre\/mod\/page\/view.php?id=171595\">versionamento<\/a>;<\/li>\n<\/ul>\n<\/div>\n<\/div>\n","protected":false},"excerpt":{"rendered":"<p>Propostas para praticar: Crie uma conta nova do Google para a pr\u00e1tica ou utilize uma conta existente; Abra ao menos tr\u00eas modelos de planilhas dispon\u00edveis e explore os recursos utilizados por elas; Crie uma planilha do zero contendo alguns dados dispon\u00edveis no link: http:\/\/ti.saude.rs.gov.br\/covid19\/ Salve a vers\u00e3o no dia de hoje da planilha criada acima [&hellip;]<\/p>\n","protected":false},"author":667,"featured_media":0,"parent":77,"menu_order":6,"comment_status":"closed","ping_status":"closed","template":"","meta":{"jetpack_post_was_ever_published":false,"footnotes":""},"class_list":["post-125","page","type-page","status-publish","hentry"],"jetpack_sharing_enabled":true,"_links":{"self":[{"href":"https:\/\/wp.ufpel.edu.br\/planilhasgoogle\/wp-json\/wp\/v2\/pages\/125","targetHints":{"allow":["GET"]}}],"collection":[{"href":"https:\/\/wp.ufpel.edu.br\/planilhasgoogle\/wp-json\/wp\/v2\/pages"}],"about":[{"href":"https:\/\/wp.ufpel.edu.br\/planilhasgoogle\/wp-json\/wp\/v2\/types\/page"}],"author":[{"embeddable":true,"href":"https:\/\/wp.ufpel.edu.br\/planilhasgoogle\/wp-json\/wp\/v2\/users\/667"}],"replies":[{"embeddable":true,"href":"https:\/\/wp.ufpel.edu.br\/planilhasgoogle\/wp-json\/wp\/v2\/comments?post=125"}],"version-history":[{"count":1,"href":"https:\/\/wp.ufpel.edu.br\/planilhasgoogle\/wp-json\/wp\/v2\/pages\/125\/revisions"}],"predecessor-version":[{"id":127,"href":"https:\/\/wp.ufpel.edu.br\/planilhasgoogle\/wp-json\/wp\/v2\/pages\/125\/revisions\/127"}],"up":[{"embeddable":true,"href":"https:\/\/wp.ufpel.edu.br\/planilhasgoogle\/wp-json\/wp\/v2\/pages\/77"}],"wp:attachment":[{"href":"https:\/\/wp.ufpel.edu.br\/planilhasgoogle\/wp-json\/wp\/v2\/media?parent=125"}],"curies":[{"name":"wp","href":"https:\/\/api.w.org\/{rel}","templated":true}]}}