{"id":120,"date":"2020-07-05T18:14:17","date_gmt":"2020-07-05T21:14:17","guid":{"rendered":"https:\/\/wp.ufpel.edu.br\/planilhasgoogle\/?page_id=120"},"modified":"2020-07-05T18:14:17","modified_gmt":"2020-07-05T21:14:17","slug":"formatos-e-conversoes","status":"publish","type":"page","link":"https:\/\/wp.ufpel.edu.br\/planilhasgoogle\/modulo-basico\/aula-1-introducao-aos-principais-recursos\/formatos-e-conversoes\/","title":{"rendered":"Formatos e Convers\u00f5es"},"content":{"rendered":"<div class=\"box generalbox center clearfix\">\n<div class=\"no-overflow\">\n<h3>Fazer Download<\/h3>\n<p>As planilhas do Google permitem o download de seus dados nos principais formatos de planilhas utilizados no mercado, tais como, xlsx, csv, ods, tsv. Al\u00e9m de formatos para apresenta\u00e7\u00e3o, impress\u00e3o ou exibi\u00e7\u00e3o como HTML e PDF.<\/p>\n<p>Para efetuar o procedimento, basta ir at\u00e9 o item de menu Arquivo e ir ao item Fazer o Download e escolher o formato desejado, cada formato ter\u00e1 suas pr\u00f3prias op\u00e7\u00f5es de\u00a0<a class=\"autolink\" title=\"Formata\u00e7\u00e3o\" href=\"https:\/\/ava.ufpel.edu.br\/pre\/mod\/page\/view.php?id=171618\">formata\u00e7\u00e3o<\/a>, o principal item que diferencia estes est\u00e1 na sele\u00e7\u00e3o do conte\u00fado que ser\u00e1 exibido, alguns recursos permitem que todas as p\u00e1ginas sejam exportadas, outros apenas a p\u00e1gina selecionada como pode ser observado no v\u00eddeo abaixo.<\/p>\n<div style=\"width: 1280px;\" class=\"wp-video\"><video class=\"wp-video-shortcode\" id=\"video-120-1\" width=\"1280\" height=\"720\" preload=\"metadata\" controls=\"controls\"><source type=\"video\/mp4\" src=\"https:\/\/wp.ufpel.edu.br\/planilhasgoogle\/files\/2020\/07\/formatos_disponiveis.mp4?_=1\" \/><a href=\"https:\/\/wp.ufpel.edu.br\/planilhasgoogle\/files\/2020\/07\/formatos_disponiveis.mp4\">https:\/\/wp.ufpel.edu.br\/planilhasgoogle\/files\/2020\/07\/formatos_disponiveis.mp4<\/a><\/video><\/div>\n<h3>Importa\u00e7\u00e3o<\/h3>\n<p>Um outro recurso extremamente \u00fatil relativo a formatos e convers\u00f5es dispon\u00edveis nas planilhas do google \u00e9 o item Importa\u00e7\u00e3o que est\u00e1 dispon\u00edvel no item de menu Arquivo e op\u00e7\u00e3o Importa\u00e7\u00e3o.<\/p>\n<p>O sistema permite que voc\u00ea selecione um arquivo presente no seu Google Drive, ou ent\u00e3o algum arquivo compartilhado com voc\u00ea, ou ainda que voc\u00ea possa efetuar o envio do mesmo diretamente para sua planilha.<\/p>\n<p>Nas tr\u00eas formas as telas posteriores s\u00e3o praticamente a mesma, dependem fundamentalmente do formato do arquivo que voc\u00ea est\u00e1 importando, veremos no v\u00eddeo abaixo a importa\u00e7\u00e3o de uma planilha do Excel cujo formato \u00e9 o xlsx.<\/p>\n<div style=\"width: 1280px;\" class=\"wp-video\"><video class=\"wp-video-shortcode\" id=\"video-120-2\" width=\"1280\" height=\"720\" preload=\"metadata\" controls=\"controls\"><source type=\"video\/mp4\" src=\"https:\/\/wp.ufpel.edu.br\/planilhasgoogle\/files\/2020\/07\/importa\u00e7\u00e3o.mp4?_=2\" \/><a href=\"https:\/\/wp.ufpel.edu.br\/planilhasgoogle\/files\/2020\/07\/importa\u00e7\u00e3o.mp4\">https:\/\/wp.ufpel.edu.br\/planilhasgoogle\/files\/2020\/07\/importa\u00e7\u00e3o.mp4<\/a><\/video><\/div>\n<p>Como mostra no v\u00eddeo acima, ao fazer o Upload do arquivo em Excel \u00e9 exibido tr\u00eas op\u00e7\u00f5es fundamentais de como importar o arquivo, s\u00e3o estas: &#8220;Criar nova planilha&#8221;, &#8220;Inserir novas p\u00e1ginas&#8221; e &#8220;Substituir planilha&#8221;. Caso voc\u00ea esteja com uma planilha importante aberta indicamos a primeira op\u00e7\u00e3o, criar nova planilha, desta forma voc\u00ea n\u00e3o perder\u00e1 nenhum dado e n\u00e3o precisar\u00e1 recuperar hist\u00f3rico de altera\u00e7\u00f5es. O item Inserir novas p\u00e1ginas \u00e9 interessante quando se quer agrupar um conte\u00fado de uma tabela externa a planilha atual e o item Substituir planilha \u00e9 muito \u00fatil quando fazemos altera\u00e7\u00f5es em outro editor de planilhas e queremos voltar a trabalhar na Planilha do Google aproveitando os recursos de\u00a0<a class=\"autolink\" title=\"Versionamento\" href=\"https:\/\/ava.ufpel.edu.br\/pre\/mod\/page\/view.php?id=171595\">Versionamento<\/a>\u00a0vistos no item anterior.<\/p>\n<\/div>\n<\/div>\n","protected":false},"excerpt":{"rendered":"<p>Fazer Download As planilhas do Google permitem o download de seus dados nos principais formatos de planilhas utilizados no mercado, tais como, xlsx, csv, ods, tsv. Al\u00e9m de formatos para apresenta\u00e7\u00e3o, impress\u00e3o ou exibi\u00e7\u00e3o como HTML e PDF. Para efetuar o procedimento, basta ir at\u00e9 o item de menu Arquivo e ir ao item Fazer [&hellip;]<\/p>\n","protected":false},"author":667,"featured_media":0,"parent":77,"menu_order":5,"comment_status":"closed","ping_status":"closed","template":"","meta":{"jetpack_post_was_ever_published":false,"footnotes":""},"class_list":["post-120","page","type-page","status-publish","hentry"],"jetpack_sharing_enabled":true,"_links":{"self":[{"href":"https:\/\/wp.ufpel.edu.br\/planilhasgoogle\/wp-json\/wp\/v2\/pages\/120","targetHints":{"allow":["GET"]}}],"collection":[{"href":"https:\/\/wp.ufpel.edu.br\/planilhasgoogle\/wp-json\/wp\/v2\/pages"}],"about":[{"href":"https:\/\/wp.ufpel.edu.br\/planilhasgoogle\/wp-json\/wp\/v2\/types\/page"}],"author":[{"embeddable":true,"href":"https:\/\/wp.ufpel.edu.br\/planilhasgoogle\/wp-json\/wp\/v2\/users\/667"}],"replies":[{"embeddable":true,"href":"https:\/\/wp.ufpel.edu.br\/planilhasgoogle\/wp-json\/wp\/v2\/comments?post=120"}],"version-history":[{"count":1,"href":"https:\/\/wp.ufpel.edu.br\/planilhasgoogle\/wp-json\/wp\/v2\/pages\/120\/revisions"}],"predecessor-version":[{"id":124,"href":"https:\/\/wp.ufpel.edu.br\/planilhasgoogle\/wp-json\/wp\/v2\/pages\/120\/revisions\/124"}],"up":[{"embeddable":true,"href":"https:\/\/wp.ufpel.edu.br\/planilhasgoogle\/wp-json\/wp\/v2\/pages\/77"}],"wp:attachment":[{"href":"https:\/\/wp.ufpel.edu.br\/planilhasgoogle\/wp-json\/wp\/v2\/media?parent=120"}],"curies":[{"name":"wp","href":"https:\/\/api.w.org\/{rel}","templated":true}]}}