{"id":116,"date":"2020-07-05T18:13:20","date_gmt":"2020-07-05T21:13:20","guid":{"rendered":"https:\/\/wp.ufpel.edu.br\/planilhasgoogle\/?page_id=116"},"modified":"2020-07-05T18:13:20","modified_gmt":"2020-07-05T21:13:20","slug":"versionamento","status":"publish","type":"page","link":"https:\/\/wp.ufpel.edu.br\/planilhasgoogle\/modulo-basico\/aula-1-introducao-aos-principais-recursos\/versionamento\/","title":{"rendered":"Versionamento"},"content":{"rendered":"<div id=\"yui_3_17_2_1_1593983833783_132\" class=\"box generalbox center clearfix\">\n<div id=\"yui_3_17_2_1_1593983833783_131\" class=\"no-overflow\">\n<h3>Sistema de Versionamento<\/h3>\n<p>O sistema de versionamento das Planilhas do Google \u00e9 extremamente simples e eficiente, n\u00e3o necessita que voc\u00ea configure qualquer item, ao criar uma planilha nova ele automaticamente cria as vers\u00f5es conforme suas altera\u00e7\u00f5es.<\/p>\n<p>Existem basicamente dois tipos de vers\u00e3o, as que possuem nome e as que s\u00e3o salvas automaticamente pelo sistema que recebem como t\u00edtulo o dia e o hor\u00e1rio da vers\u00e3o. O v\u00eddeo abaixo exemplifica como fazer as opera\u00e7\u00f5es necess\u00e1rias para uma organiza\u00e7\u00e3o destas vers\u00f5es.<\/p>\n<p>Existe praticamente tr\u00eas formas de se acessar o menu de vers\u00f5es das Planilhas do Google, a primeira \u00e9 a mostrada no v\u00eddeo, outra op\u00e7\u00e3o seria atrav\u00e9s do item de menu Arquivo e posteriormente &#8220;Hist\u00f3rico de Vers\u00f5es&#8221;. Ainda possui um bot\u00e3o de atalho para visualiza\u00e7\u00e3o das vers\u00f5es, que \u00e9 atrav\u00e9s da combina\u00e7\u00e3o de teclas &#8220;Ctrl+Alt+Shift+H&#8221; e que funcionar\u00e1 perfeitamente no google Chrome, em outros navegadores pode n\u00e3o funcionar corretamente.<\/p>\n<p>Nomear as vers\u00f5es \u00e9 um bom modo de organizar pontos chaves do arquivo, momentos cr\u00edticos em que voc\u00ea gostaria de poder consultar ou recuperar a planilha no futuro, pode ser para perceber erros ou apenas para imprimir parte do processo de cria\u00e7\u00e3o da planilha.<\/p>\n<div style=\"width: 1280px;\" class=\"wp-video\"><video class=\"wp-video-shortcode\" id=\"video-116-1\" width=\"1280\" height=\"720\" preload=\"metadata\" controls=\"controls\"><source type=\"video\/mp4\" src=\"https:\/\/wp.ufpel.edu.br\/planilhasgoogle\/files\/2020\/07\/versionamento.mp4?_=1\" \/><a href=\"https:\/\/wp.ufpel.edu.br\/planilhasgoogle\/files\/2020\/07\/versionamento.mp4\">https:\/\/wp.ufpel.edu.br\/planilhasgoogle\/files\/2020\/07\/versionamento.mp4<\/a><\/video><\/div>\n<\/div>\n<\/div>\n<div class=\"modified\"><\/div>\n","protected":false},"excerpt":{"rendered":"<p>Sistema de Versionamento O sistema de versionamento das Planilhas do Google \u00e9 extremamente simples e eficiente, n\u00e3o necessita que voc\u00ea configure qualquer item, ao criar uma planilha nova ele automaticamente cria as vers\u00f5es conforme suas altera\u00e7\u00f5es. Existem basicamente dois tipos de vers\u00e3o, as que possuem nome e as que s\u00e3o salvas automaticamente pelo sistema que [&hellip;]<\/p>\n","protected":false},"author":667,"featured_media":0,"parent":77,"menu_order":4,"comment_status":"closed","ping_status":"closed","template":"","meta":{"jetpack_post_was_ever_published":false,"footnotes":""},"class_list":["post-116","page","type-page","status-publish","hentry"],"jetpack_sharing_enabled":true,"_links":{"self":[{"href":"https:\/\/wp.ufpel.edu.br\/planilhasgoogle\/wp-json\/wp\/v2\/pages\/116","targetHints":{"allow":["GET"]}}],"collection":[{"href":"https:\/\/wp.ufpel.edu.br\/planilhasgoogle\/wp-json\/wp\/v2\/pages"}],"about":[{"href":"https:\/\/wp.ufpel.edu.br\/planilhasgoogle\/wp-json\/wp\/v2\/types\/page"}],"author":[{"embeddable":true,"href":"https:\/\/wp.ufpel.edu.br\/planilhasgoogle\/wp-json\/wp\/v2\/users\/667"}],"replies":[{"embeddable":true,"href":"https:\/\/wp.ufpel.edu.br\/planilhasgoogle\/wp-json\/wp\/v2\/comments?post=116"}],"version-history":[{"count":1,"href":"https:\/\/wp.ufpel.edu.br\/planilhasgoogle\/wp-json\/wp\/v2\/pages\/116\/revisions"}],"predecessor-version":[{"id":119,"href":"https:\/\/wp.ufpel.edu.br\/planilhasgoogle\/wp-json\/wp\/v2\/pages\/116\/revisions\/119"}],"up":[{"embeddable":true,"href":"https:\/\/wp.ufpel.edu.br\/planilhasgoogle\/wp-json\/wp\/v2\/pages\/77"}],"wp:attachment":[{"href":"https:\/\/wp.ufpel.edu.br\/planilhasgoogle\/wp-json\/wp\/v2\/media?parent=116"}],"curies":[{"name":"wp","href":"https:\/\/api.w.org\/{rel}","templated":true}]}}