{"id":110,"date":"2020-07-05T18:12:20","date_gmt":"2020-07-05T21:12:20","guid":{"rendered":"https:\/\/wp.ufpel.edu.br\/planilhasgoogle\/?page_id=110"},"modified":"2020-07-05T18:12:20","modified_gmt":"2020-07-05T21:12:20","slug":"compartilhamento-e-cooperacao","status":"publish","type":"page","link":"https:\/\/wp.ufpel.edu.br\/planilhasgoogle\/modulo-basico\/aula-1-introducao-aos-principais-recursos\/compartilhamento-e-cooperacao\/","title":{"rendered":"Compartilhamento e Coopera\u00e7\u00e3o"},"content":{"rendered":"<div class=\"box generalbox center clearfix\">\n<div class=\"no-overflow\">\n<h3>Compartilhar com Pessoas e Grupos<\/h3>\n<p>O Compartilhamento com pessoas e grupos \u00e9 muito simples, exige apenas, que os envolvidos possuam uma conta google, o email pode ser por exemplo, thomas.aguiar@ufpel.edu.br desde que a conta esteja vinculada ao google, caso n\u00e3o esteja ele enviar\u00e1 um email indicando que a pessoa fa\u00e7a esta associa\u00e7\u00e3o.<\/p>\n<p>Conforme pode ser observado no v\u00eddeo abaixo, uma maneira simples de se fazer este compartilhamento \u00e9 clicando sobre o atalho no canto superior direito escrito &#8220;Compartilhar&#8221;, basta ent\u00e3o digitar o e-mail da pessoa com que voc\u00ea gostaria de compartilhar, ou o nome de usu\u00e1rio caso a pessoa esteja em seus contatos do google. Voc\u00ea dever\u00e1 observar com aten\u00e7\u00e3o o tipo de permiss\u00e3o que deseja atribuir a pessoa com quem voc\u00ea est\u00e1 compartilhando algo, os grupos espec\u00edficos do google s\u00e3o: Leitor, Comentarista e Editor. Ainda \u00e9 poss\u00edvel tornar o usu\u00e1rio a quem voc\u00ea est\u00e1 compartilhando o propriet\u00e1rio da planilha.<\/p>\n<p>Nas configura\u00e7\u00f5es deste item, \u00e9 poss\u00edvel ainda especificar, se: &#8220;Os editores podem alterar permiss\u00f5es e compartilhar&#8221;, ou seja, se voc\u00eas querem permitir que pessoas que possam editar a planilha possuem permiss\u00f5es para alterar e compartilhar ou ainda configurar se: &#8220;Os leitores e comentaristas podem ver a op\u00e7\u00e3o de fazer o download, imprimir e copiar&#8221;, ou seja, se estar\u00e1 dispon\u00edvel apenas leitura ou tamb\u00e9m a permiss\u00e3o de baixar ou copiar o arquivo compartilhado com pessoas destes dois grupos.<\/p>\n<p>Uma outra forma de compartilhar \u00e9 atrav\u00e9s do\u00a0compartilhamento por link, chamado de &#8220;Copiar link&#8221;, o item possui acesso restrito, onde apenas pessoas na qual voc\u00ea compartilhou o conte\u00fado ter\u00e3o acesso e a op\u00e7\u00e3o &#8220;Qualquer pessoa com o link&#8221;, na qual voc\u00ea poder\u00e1 compartilhar com muitas pessoas sem a necessidade de adicionar cada uma no arquivo. Ao definir Qualquer pessoa com o link as op\u00e7\u00f5es &#8220;Leitor&#8221;, &#8220;Comentarista&#8221; e &#8220;Editor&#8221; voltar\u00e3o a aparecer, para confirmar a mudan\u00e7a, basta clicar em &#8220;Conclu\u00eddo&#8221;.<\/p>\n<div style=\"width: 1280px;\" class=\"wp-video\"><video class=\"wp-video-shortcode\" id=\"video-110-1\" width=\"1280\" height=\"720\" preload=\"metadata\" controls=\"controls\"><source type=\"video\/mp4\" src=\"https:\/\/wp.ufpel.edu.br\/planilhasgoogle\/files\/2020\/07\/compartilhamento_atalho_compartilhar.mp4?_=1\" \/><a href=\"https:\/\/wp.ufpel.edu.br\/planilhasgoogle\/files\/2020\/07\/compartilhamento_atalho_compartilhar.mp4\">https:\/\/wp.ufpel.edu.br\/planilhasgoogle\/files\/2020\/07\/compartilhamento_atalho_compartilhar.mp4<\/a><\/video><\/div>\n<p>Uma outra op\u00e7\u00e3o para acessar o conte\u00fado de compartilhar conforme descrito acima \u00e9 acessar atrav\u00e9s do item de menu Arquivo e depois clicar em Compartilhar, notem no v\u00eddeo abaixo que se trata do mesmo conte\u00fado, o bot\u00e3o na planilha \u00e9 um atalho r\u00e1pido para chegar neste conte\u00fado.<\/p>\n<div style=\"width: 1280px;\" class=\"wp-video\"><video class=\"wp-video-shortcode\" id=\"video-110-2\" width=\"1280\" height=\"720\" preload=\"metadata\" controls=\"controls\"><source type=\"video\/mp4\" src=\"https:\/\/wp.ufpel.edu.br\/planilhasgoogle\/files\/2020\/07\/arquivo_compartilhar.mp4?_=2\" \/><a href=\"https:\/\/wp.ufpel.edu.br\/planilhasgoogle\/files\/2020\/07\/arquivo_compartilhar.mp4\">https:\/\/wp.ufpel.edu.br\/planilhasgoogle\/files\/2020\/07\/arquivo_compartilhar.mp4<\/a><\/video><\/div>\n<h3><\/h3>\n<h3>Outras formas de se Compartilhar<\/h3>\n<p>No exemplo acima observamos o compartilhamento de uma planilha com pessoas espec\u00edficas, no v\u00eddeo abaixo observaremos um exemplo de compartilhar a planilha atrav\u00e9s da WEB.<\/p>\n<p>Para esta finalidade existem diversas formas de se obter este resultado, mostraremos as maneiras mais comum, primeiro temos o\u00a0compartilhamento de Arquivos, para isto, basta que voc\u00ea salve a planilha em algum formato espec\u00edfico e compartilhe atrav\u00e9s do meio desejado, seja atrav\u00e9s de anexo em um email ou uma rede social. O ponto negativo deste tipo de compartilhamento \u00e9 que como ser\u00e1 um arquivo fixo, qualquer altera\u00e7\u00e3o que for feita na planilha n\u00e3o ser\u00e1 replicada para estas pessoas.<\/p>\n<p>Outra forma de se efetuar esse compartilhamento \u00e9 atrav\u00e9s do item encontrado em Arquivo -&gt; Publicar na Web, este item possui diversas configura\u00e7\u00f5es que podem ser observadas no v\u00eddeo abaixo, inicialmente cabe entender as duas principais formas disto, que \u00e9 atrav\u00e9s de &#8220;Link&#8221; ou &#8220;Incorporar&#8221;.<\/p>\n<p>O modo link permite que se envie a pessoa para uma p\u00e1gina em que receber\u00e1 as atualiza\u00e7\u00f5es constantemente, este link poder\u00e1 ser de um Documento inteiro ou de p\u00e1ginas espec\u00edficas da tabela. Como resultado, teremos um link que poder\u00e1 ser enviado atrav\u00e9s de email, publicado em websites, compartilhado em redes sociais. A outra op\u00e7\u00e3o Incorporar \u00e9 mais comumente utilizada em sites, quando queremos que determinado conte\u00fado que esteja em outro link seja exibido em nossa p\u00e1gina, para isso, fazemos uso da solu\u00e7\u00e3o HTML chamada de IFRAME.<\/p>\n<div style=\"width: 1280px;\" class=\"wp-video\"><video class=\"wp-video-shortcode\" id=\"video-110-3\" width=\"1280\" height=\"720\" preload=\"metadata\" controls=\"controls\"><source type=\"video\/mp4\" src=\"https:\/\/wp.ufpel.edu.br\/planilhasgoogle\/files\/2020\/07\/publicando_na_web.mp4?_=3\" \/><a href=\"https:\/\/wp.ufpel.edu.br\/planilhasgoogle\/files\/2020\/07\/publicando_na_web.mp4\">https:\/\/wp.ufpel.edu.br\/planilhasgoogle\/files\/2020\/07\/publicando_na_web.mp4<\/a><\/video><\/div>\n<p><strong>\u00a0 \u00a0 Observa\u00e7\u00e3o:<\/strong>\u00a0Na solu\u00e7\u00e3o WordPress utilizada na institui\u00e7\u00e3o, recomendamos o uso do Link diretamente no conte\u00fado de um Post ou P\u00e1gina, pois este sistema far\u00e1 a incorpora\u00e7\u00e3o do Link automaticamente. O uso do Iframe \u00e9 permitido no WordPress Institucional, no entanto sua\u00a0formata\u00e7\u00e3o\u00a0neste \u00e9 diferente da informada pelo Planilhas Google.<\/p>\n<\/div>\n<\/div>\n","protected":false},"excerpt":{"rendered":"<p>Compartilhar com Pessoas e Grupos O Compartilhamento com pessoas e grupos \u00e9 muito simples, exige apenas, que os envolvidos possuam uma conta google, o email pode ser por exemplo, thomas.aguiar@ufpel.edu.br desde que a conta esteja vinculada ao google, caso n\u00e3o esteja ele enviar\u00e1 um email indicando que a pessoa fa\u00e7a esta associa\u00e7\u00e3o. Conforme pode ser [&hellip;]<\/p>\n","protected":false},"author":667,"featured_media":0,"parent":77,"menu_order":3,"comment_status":"closed","ping_status":"closed","template":"","meta":{"jetpack_post_was_ever_published":false,"footnotes":""},"class_list":["post-110","page","type-page","status-publish","hentry"],"jetpack_sharing_enabled":true,"_links":{"self":[{"href":"https:\/\/wp.ufpel.edu.br\/planilhasgoogle\/wp-json\/wp\/v2\/pages\/110","targetHints":{"allow":["GET"]}}],"collection":[{"href":"https:\/\/wp.ufpel.edu.br\/planilhasgoogle\/wp-json\/wp\/v2\/pages"}],"about":[{"href":"https:\/\/wp.ufpel.edu.br\/planilhasgoogle\/wp-json\/wp\/v2\/types\/page"}],"author":[{"embeddable":true,"href":"https:\/\/wp.ufpel.edu.br\/planilhasgoogle\/wp-json\/wp\/v2\/users\/667"}],"replies":[{"embeddable":true,"href":"https:\/\/wp.ufpel.edu.br\/planilhasgoogle\/wp-json\/wp\/v2\/comments?post=110"}],"version-history":[{"count":1,"href":"https:\/\/wp.ufpel.edu.br\/planilhasgoogle\/wp-json\/wp\/v2\/pages\/110\/revisions"}],"predecessor-version":[{"id":115,"href":"https:\/\/wp.ufpel.edu.br\/planilhasgoogle\/wp-json\/wp\/v2\/pages\/110\/revisions\/115"}],"up":[{"embeddable":true,"href":"https:\/\/wp.ufpel.edu.br\/planilhasgoogle\/wp-json\/wp\/v2\/pages\/77"}],"wp:attachment":[{"href":"https:\/\/wp.ufpel.edu.br\/planilhasgoogle\/wp-json\/wp\/v2\/media?parent=110"}],"curies":[{"name":"wp","href":"https:\/\/api.w.org\/{rel}","templated":true}]}}