{"id":107,"date":"2020-07-05T18:10:47","date_gmt":"2020-07-05T21:10:47","guid":{"rendered":"https:\/\/wp.ufpel.edu.br\/planilhasgoogle\/?page_id=107"},"modified":"2020-07-05T18:10:47","modified_gmt":"2020-07-05T21:10:47","slug":"nocoes-gerais","status":"publish","type":"page","link":"https:\/\/wp.ufpel.edu.br\/planilhasgoogle\/modulo-basico\/aula-1-introducao-aos-principais-recursos\/nocoes-gerais\/","title":{"rendered":"No\u00e7\u00f5es Gerais"},"content":{"rendered":"<div id=\"yui_3_17_2_1_1593983688121_132\" class=\"box generalbox center clearfix\">\n<div id=\"yui_3_17_2_1_1593983688121_131\" class=\"no-overflow\">\n<h3>Necessidade<\/h3>\n<p class=\"hero-fb--bullet\">\u00a0 \u00a0 O Planilhas foi criado para atender \u00e0s necessidades das organiza\u00e7\u00f5es que precisam de agilidade. Com os recursos de intelig\u00eancia artificial, voc\u00ea acessa os insights certos para tomar decis\u00f5es empresariais importantes. A arquitetura baseada na nuvem permite que voc\u00ea colabore com quem quiser, a qualquer hora e em qualquer lugar. A compatibilidade com sistemas externos, inclusive o Microsoft Office, simplifica o trabalho com v\u00e1rias origens de dados. E como o Planilhas \u00e9 integrado \u00e0 infraestrutura do Google, voc\u00ea tem toda a liberdade para criar sem comprometer a seguran\u00e7a das suas informa\u00e7\u00f5es.<\/p>\n<h3>Facilidade<\/h3>\n<p>Seja para planejar um evento ou compartilhar a receita atualizada da empresa, o Planilhas facilita o trabalho em equipe. Adicione colaboradores aos projetos, veja as altera\u00e7\u00f5es em tempo real, receba notifica\u00e7\u00f5es sobre as edi\u00e7\u00f5es e converse com colegas de trabalho no mesmo documento. Todas as altera\u00e7\u00f5es s\u00e3o salvas automaticamente em tempo real. E o acesso off-line permite que voc\u00ea crie, veja e edite arquivos quando e onde quiser.<\/p>\n<h3>Inovador<\/h3>\n<p>Com o Planilhas, todos os membros da sua organiza\u00e7\u00e3o podem acessar os dados e ver insights valiosos. A acelera\u00e7\u00e3o de f\u00f3rmulas poupa tempo e evita erros mostrando f\u00f3rmulas relevantes \u00e0 medida que voc\u00ea digita. Para facilitar ainda mais o acesso aos seus dados, clique no bot\u00e3o &#8220;Explorar&#8221;, que exibe tend\u00eancias e visualiza\u00e7\u00f5es personaliz\u00e1veis. Voc\u00ea tamb\u00e9m pode digitar uma pergunta em &#8220;Explorar&#8221; para a intelig\u00eancia artificial do Google encontrar as respostas.<\/p>\n<h3>Versionamento<\/h3>\n<p>O Planilhas permite novas formas de colabora\u00e7\u00e3o: voc\u00ea n\u00e3o precisa se preocupar com a vers\u00e3o correta de um arquivo e tem mais tempo para dar vida \u00e0s suas ideias. A compatibilidade com os arquivos da Microsoft e com muitos dos atalhos de teclado que voc\u00ea conhece facilita o uso de v\u00e1rias plataformas.<\/p>\n<h3>Seguran\u00e7a<\/h3>\n<p>No Planilhas, o conte\u00fado \u00e9 protegido por uma das infraestruturas de seguran\u00e7a mais avan\u00e7adas do mundo. Gerencie as permiss\u00f5es com o acesso individual, de grupos ou de dom\u00ednios. Defina datas de validade para seu conte\u00fado. Desative as op\u00e7\u00f5es de download, c\u00f3pia ou impress\u00e3o para colaboradores espec\u00edficos. Use os controles da Preven\u00e7\u00e3o contra perda de dados para proteger dados confidenciais.<\/p>\n<h3>Explora\u00e7\u00e3o de Dados<\/h3>\n<p>O Planilhas tem todas as ferramentas necess\u00e1rias para voc\u00ea analisar, visualizar e aproveitar seus dados ao m\u00e1ximo. As ferramentas do conector e as APIs adicionais ajudam a processar dados de v\u00e1rias origens em CSV, Excel ou qualquer outro formato de arquivo. Para uma an\u00e1lise mais completa, voc\u00ea pode sincronizar as planilhas com o BigQuery e incorporar conjuntos de dados do Departamento do Censo dos Estados Unidos, do Banco Mundial e de outras origens.<\/p>\n<h3>Personaliza\u00e7\u00e3o<\/h3>\n<p id=\"yui_3_17_2_1_1593983688121_136\">\u00a0 \u00a0 Personalize o Planilhas usando o Apps Script. Crie macros para automatizar relat\u00f3rios, fun\u00e7\u00f5es personalizadas para facilitar c\u00e1lculos, automa\u00e7\u00f5es como mesclagens de e-mail e novos itens de menu para facilitar o acesso. Tudo isso no Planilhas. Saiba mais sobre o Apps Script.<\/p>\n<\/div>\n<\/div>\n","protected":false},"excerpt":{"rendered":"<p>Necessidade \u00a0 \u00a0 O Planilhas foi criado para atender \u00e0s necessidades das organiza\u00e7\u00f5es que precisam de agilidade. Com os recursos de intelig\u00eancia artificial, voc\u00ea acessa os insights certos para tomar decis\u00f5es empresariais importantes. A arquitetura baseada na nuvem permite que voc\u00ea colabore com quem quiser, a qualquer hora e em qualquer lugar. A compatibilidade com [&hellip;]<\/p>\n","protected":false},"author":667,"featured_media":0,"parent":77,"menu_order":2,"comment_status":"closed","ping_status":"closed","template":"","meta":{"jetpack_post_was_ever_published":false,"footnotes":""},"class_list":["post-107","page","type-page","status-publish","hentry"],"jetpack_sharing_enabled":true,"_links":{"self":[{"href":"https:\/\/wp.ufpel.edu.br\/planilhasgoogle\/wp-json\/wp\/v2\/pages\/107","targetHints":{"allow":["GET"]}}],"collection":[{"href":"https:\/\/wp.ufpel.edu.br\/planilhasgoogle\/wp-json\/wp\/v2\/pages"}],"about":[{"href":"https:\/\/wp.ufpel.edu.br\/planilhasgoogle\/wp-json\/wp\/v2\/types\/page"}],"author":[{"embeddable":true,"href":"https:\/\/wp.ufpel.edu.br\/planilhasgoogle\/wp-json\/wp\/v2\/users\/667"}],"replies":[{"embeddable":true,"href":"https:\/\/wp.ufpel.edu.br\/planilhasgoogle\/wp-json\/wp\/v2\/comments?post=107"}],"version-history":[{"count":1,"href":"https:\/\/wp.ufpel.edu.br\/planilhasgoogle\/wp-json\/wp\/v2\/pages\/107\/revisions"}],"predecessor-version":[{"id":109,"href":"https:\/\/wp.ufpel.edu.br\/planilhasgoogle\/wp-json\/wp\/v2\/pages\/107\/revisions\/109"}],"up":[{"embeddable":true,"href":"https:\/\/wp.ufpel.edu.br\/planilhasgoogle\/wp-json\/wp\/v2\/pages\/77"}],"wp:attachment":[{"href":"https:\/\/wp.ufpel.edu.br\/planilhasgoogle\/wp-json\/wp\/v2\/media?parent=107"}],"curies":[{"name":"wp","href":"https:\/\/api.w.org\/{rel}","templated":true}]}}