{"id":2,"date":"2021-08-10T10:15:13","date_gmt":"2021-08-10T13:15:13","guid":{"rendered":"https:\/\/wp.ufpel.edu.br\/planejamentourbanofaurb\/?page_id=2"},"modified":"2022-07-20T09:59:25","modified_gmt":"2022-07-20T12:59:25","slug":"sobre","status":"publish","type":"page","link":"https:\/\/wp.ufpel.edu.br\/planejamentourbanofaurb\/sobre\/","title":{"rendered":"Planejamento Urbano"},"content":{"rendered":"\r\n<p><img loading=\"lazy\" decoding=\"async\" class=\"aligncenter  wp-image-26\" src=\"https:\/\/wp.ufpel.edu.br\/planejamentourbanofaurb\/files\/2022\/07\/0fd1bd_c587043818f44c3a84db92b1e7c2f8b9_mv2.jpg\" alt=\"\" width=\"326\" height=\"569\" srcset=\"https:\/\/wp.ufpel.edu.br\/planejamentourbanofaurb\/files\/2022\/07\/0fd1bd_c587043818f44c3a84db92b1e7c2f8b9_mv2.jpg 442w, https:\/\/wp.ufpel.edu.br\/planejamentourbanofaurb\/files\/2022\/07\/0fd1bd_c587043818f44c3a84db92b1e7c2f8b9_mv2-229x400.jpg 229w, https:\/\/wp.ufpel.edu.br\/planejamentourbanofaurb\/files\/2022\/07\/0fd1bd_c587043818f44c3a84db92b1e7c2f8b9_mv2-172x300.jpg 172w\" sizes=\"auto, (max-width: 326px) 100vw, 326px\" \/><\/p>\r\n<p>A disciplina de Planejamento Urbano \u00e9 ministrada na gradua\u00e7\u00e3o em Arquitetura e Urbanismo da FAURB UFPel e integra ensino, extens\u00e3o e pesquisa. O ensino trata da escala urbana da cidade, com a extens\u00e3o fazendo parcerias com prefeituras das cidades pr\u00f3ximas e de fronteira do Brasil com o Uruguai. A pesquisa desenvolve instrumentos para an\u00e1lise espacial intraurbana, para simula\u00e7\u00e3o crescimento da cidade e para mapeamento participativo (em https:\/\/wp.ufpel.edu.br\/urbanmetrics\/, https:\/\/wp.ufpel.edu.br\/citycell\/ e http:\/\/www.peoplegrid.com.br\/, respectivamente).<br \/>Desse modo, fica registrada a produ\u00e7\u00e3o de alunos e professores, disponibilizando os resultados para as cidades parceiras e para a comunidade em geral. Assim podem-se conhecer os projetos dos alunos de modo pr\u00e1tico, gratuito e de qualquer lugar, aproximando a universidade de seu papel social e estimulando a qualidade e o compromisso no cotidiano acad\u00eamico. Trabalhos anteriores est\u00e3o no site https:\/\/planurbfaurbufpel.wixsite.com, que junto com este site funciona como uma publica\u00e7\u00e3o digital, mediante o registro ISSN 2238-3859.<\/p>\r\n<p>&nbsp;<\/p>\r\n\r\n\r\n\r\n<p>&nbsp;<\/p>\r\n","protected":false},"excerpt":{"rendered":"<p>A disciplina de Planejamento Urbano \u00e9 ministrada na gradua\u00e7\u00e3o em Arquitetura e Urbanismo da FAURB UFPel e integra ensino, extens\u00e3o e pesquisa. O ensino trata da escala urbana da cidade, com a extens\u00e3o fazendo parcerias com prefeituras das cidades pr\u00f3ximas e de fronteira do Brasil com o Uruguai. A pesquisa desenvolve instrumentos para an\u00e1lise espacial&#8230; <\/p>\n<div class=\"link-more\"><a href=\"https:\/\/wp.ufpel.edu.br\/planejamentourbanofaurb\/sobre\/\">Leia mais<\/a><\/div>\n","protected":false},"author":420,"featured_media":0,"parent":0,"menu_order":0,"comment_status":"closed","ping_status":"closed","template":"","meta":{"footnotes":""},"class_list":["post-2","page","type-page","status-publish","hentry"],"_links":{"self":[{"href":"https:\/\/wp.ufpel.edu.br\/planejamentourbanofaurb\/wp-json\/wp\/v2\/pages\/2","targetHints":{"allow":["GET"]}}],"collection":[{"href":"https:\/\/wp.ufpel.edu.br\/planejamentourbanofaurb\/wp-json\/wp\/v2\/pages"}],"about":[{"href":"https:\/\/wp.ufpel.edu.br\/planejamentourbanofaurb\/wp-json\/wp\/v2\/types\/page"}],"author":[{"embeddable":true,"href":"https:\/\/wp.ufpel.edu.br\/planejamentourbanofaurb\/wp-json\/wp\/v2\/users\/420"}],"replies":[{"embeddable":true,"href":"https:\/\/wp.ufpel.edu.br\/planejamentourbanofaurb\/wp-json\/wp\/v2\/comments?post=2"}],"version-history":[{"count":6,"href":"https:\/\/wp.ufpel.edu.br\/planejamentourbanofaurb\/wp-json\/wp\/v2\/pages\/2\/revisions"}],"predecessor-version":[{"id":39,"href":"https:\/\/wp.ufpel.edu.br\/planejamentourbanofaurb\/wp-json\/wp\/v2\/pages\/2\/revisions\/39"}],"wp:attachment":[{"href":"https:\/\/wp.ufpel.edu.br\/planejamentourbanofaurb\/wp-json\/wp\/v2\/media?parent=2"}],"curies":[{"name":"wp","href":"https:\/\/api.w.org\/{rel}","templated":true}]}}