{"id":988,"date":"2022-05-18T15:30:46","date_gmt":"2022-05-18T18:30:46","guid":{"rendered":"https:\/\/wp.ufpel.edu.br\/planejamentoufpel\/?page_id=988"},"modified":"2022-05-31T11:32:43","modified_gmt":"2022-05-31T14:32:43","slug":"rg","status":"publish","type":"page","link":"https:\/\/wp.ufpel.edu.br\/planejamentoufpel\/rg\/","title":{"rendered":"RG"},"content":{"rendered":"<header class=\"entry-header\">\n<p style=\"text-align: justify;\"><img class=\" wp-image-42 aligncenter\" src=\"https:\/\/wp.ufpel.edu.br\/planejamentoufpel\/files\/2022\/05\/Relato\u0301rio-de-Gesta\u0303o-400x133.png\" alt=\"\" width=\"463\" height=\"154\" srcset=\"https:\/\/wp.ufpel.edu.br\/planejamentoufpel\/files\/2022\/05\/Relato\u0301rio-de-Gesta\u0303o-400x133.png 400w, https:\/\/wp.ufpel.edu.br\/planejamentoufpel\/files\/2022\/05\/Relato\u0301rio-de-Gesta\u0303o-1024x340.png 1024w, https:\/\/wp.ufpel.edu.br\/planejamentoufpel\/files\/2022\/05\/Relato\u0301rio-de-Gesta\u0303o-768x255.png 768w, https:\/\/wp.ufpel.edu.br\/planejamentoufpel\/files\/2022\/05\/Relato\u0301rio-de-Gesta\u0303o.png 1218w\" sizes=\"(max-width: 463px) 100vw, 463px\" \/><\/p>\n<p><span style=\"font-weight: 400;\">O Relat\u00f3rio de Gest\u00e3o \u00e9 um documento elaborado anualmente pelas Universidades, dentre outras institui\u00e7\u00f5es,\u00a0 com o objetivo de oferecer uma vis\u00e3o clara para a sociedade sobre a estrat\u00e9gia, a governan\u00e7a, o desempenho e as perspectivas da UFPel no contexto de seu ambiente, demonstrando o seu valor p\u00fablico. Al\u00e9m disso, objetiva tamb\u00e9m demonstrar e justificar os resultados alcan\u00e7ados diante daquilo que foi planejado, de maneira a informar os seus usu\u00e1rios e a popula\u00e7\u00e3o em que presta servi\u00e7o e na qual est\u00e1 inserida.<\/span><\/p>\n<p><a href=\"https:\/\/portal.ufpel.edu.br\/relatorios\/\"><span style=\"font-weight: 400;\">Acesse aqui a p\u00e1gina de Transpar\u00eancia e Presta\u00e7\u00e3o de Contas da UFPel, a qual abriga os os Relat\u00f3rios de Gest\u00e3o da UFPel j\u00e1 publicados.<\/span><\/a><\/p>\n<\/header>\n","protected":false},"excerpt":{"rendered":"<p>O Relat\u00f3rio de Gest\u00e3o \u00e9 um documento elaborado anualmente pelas Universidades, dentre outras institui\u00e7\u00f5es,\u00a0 com o objetivo de oferecer uma vis\u00e3o clara para a sociedade sobre a estrat\u00e9gia, a governan\u00e7a, o desempenho e as perspectivas da UFPel no contexto de seu ambiente, demonstrando o seu valor p\u00fablico. Al\u00e9m disso, objetiva tamb\u00e9m demonstrar e justificar os [&hellip;]<\/p>\n","protected":false},"author":1231,"featured_media":0,"parent":0,"menu_order":0,"comment_status":"closed","ping_status":"closed","template":"","meta":{"footnotes":""},"class_list":["post-988","page","type-page","status-publish","hentry"],"_links":{"self":[{"href":"https:\/\/wp.ufpel.edu.br\/planejamentoufpel\/wp-json\/wp\/v2\/pages\/988","targetHints":{"allow":["GET"]}}],"collection":[{"href":"https:\/\/wp.ufpel.edu.br\/planejamentoufpel\/wp-json\/wp\/v2\/pages"}],"about":[{"href":"https:\/\/wp.ufpel.edu.br\/planejamentoufpel\/wp-json\/wp\/v2\/types\/page"}],"author":[{"embeddable":true,"href":"https:\/\/wp.ufpel.edu.br\/planejamentoufpel\/wp-json\/wp\/v2\/users\/1231"}],"replies":[{"embeddable":true,"href":"https:\/\/wp.ufpel.edu.br\/planejamentoufpel\/wp-json\/wp\/v2\/comments?post=988"}],"version-history":[{"count":5,"href":"https:\/\/wp.ufpel.edu.br\/planejamentoufpel\/wp-json\/wp\/v2\/pages\/988\/revisions"}],"predecessor-version":[{"id":1049,"href":"https:\/\/wp.ufpel.edu.br\/planejamentoufpel\/wp-json\/wp\/v2\/pages\/988\/revisions\/1049"}],"wp:attachment":[{"href":"https:\/\/wp.ufpel.edu.br\/planejamentoufpel\/wp-json\/wp\/v2\/media?parent=988"}],"curies":[{"name":"wp","href":"https:\/\/api.w.org\/{rel}","templated":true}]}}