{"id":894,"date":"2022-04-11T17:42:12","date_gmt":"2022-04-11T20:42:12","guid":{"rendered":"https:\/\/wp.ufpel.edu.br\/pdi\/?page_id=883"},"modified":"2022-05-31T11:31:45","modified_gmt":"2022-05-31T14:31:45","slug":"elaboracao-do-pdi-2022-2026","status":"publish","type":"page","link":"https:\/\/wp.ufpel.edu.br\/planejamentoufpel\/elaboracao-do-pdi-2022-2026\/","title":{"rendered":"Elabora\u00e7\u00e3o do PDI 2022-2026"},"content":{"rendered":"<p>A Universidade Federal de Pelotas (UFPel) planejou seu futuro, atrav\u00e9s da elabora\u00e7\u00e3o do novo Plano de Desenvolvimento Institucional (PDI), que ter\u00e1 vig\u00eancia de 2022 a 2026. O PDI apresenta o planejamento estrat\u00e9gico da institui\u00e7\u00e3o, sendo uma ferramenta fundamental no alinhamento das ambi\u00e7\u00f5es da comunidade acad\u00eamica com as necessidades da sociedade.<\/p>\n<p>Al\u00e9m da import\u00e2ncia pr\u00e1tica, o Plano possui uma s\u00e9rie de legisla\u00e7\u00f5es que destacam sua relev\u00e2ncia e at\u00e9 mesmo obrigatoriedade, como no caso da Lei n\u00ba 10.861\/2004, que institui o Sistema Nacional de Avalia\u00e7\u00e3o da Educa\u00e7\u00e3o Superior (SINAES) e indica o PDI como dimens\u00e3o institucional obrigat\u00f3ria no momento de avaliar as Institui\u00e7\u00f5es de Ensino Superior (IES) e seus cursos.<\/p>\n<p>Um documento institucional de tamanha relev\u00e2ncia precisa ser feito a muitas m\u00e3os, por isso, a participa\u00e7\u00e3o na sua elabora\u00e7\u00e3o \u00e9 fundamental! Na UFPel, a participa\u00e7\u00e3o se deu em diversas formas e momentos, desde a utiliza\u00e7\u00e3o de documentos participativos como base (Planos de Desenvolvimento das Unidades, Or\u00e7amento Participativo e Avalia\u00e7\u00e3o Discente de Disciplinas), at\u00e9 a colabora\u00e7\u00e3o direta, atrav\u00e9s de formul\u00e1rio online e participa\u00e7\u00e3o nas <a href=\"https:\/\/wp.ufpel.edu.br\/pdi\/comissoes-de-elaboracao\/\">Comiss\u00f5es de Elabora\u00e7\u00e3o<\/a>.<\/p>\n<p><strong>Formul\u00e1rio de participa\u00e7\u00e3o<\/strong><\/p>\n<p class=\"Texto_Justificado\" dir=\"ltr\">Foi organizado pela CDIP\/PROPLAN em parceria com o COPLAN, baseado nos passos anteriores de participa\u00e7\u00e3o da comunidade: os Planos de Desenvolvimento das Unidades (PDUs), Or\u00e7amento Participativo (OP) e Avalia\u00e7\u00e3o Discente\/Institucional realizado pela Comiss\u00e3o Permanente de Avalia\u00e7\u00e3o (CPA).\u00a0 Esteve aberto para contribui\u00e7\u00f5es de 22 jul. at\u00e9 12 set. 2021.<\/p>\n<p class=\"Texto_Justificado\" dir=\"ltr\"><strong>O principal prop\u00f3sito foi\u00a0 consultar a comunidade acad\u00eamica sobre objetivos e a\u00e7\u00f5es para UFPel nos pr\u00f3ximos 5 anos.<\/strong><\/p>\n<p class=\"Texto_Justificado\" dir=\"ltr\">A porta de entrada do formul\u00e1rio, para o participante, foram os 26 objetivos estrat\u00e9gicos gerados at\u00e9 aquele momento. Ao escolher um destes objetivos estrat\u00e9gicos o passo seguinte foi a avalia\u00e7\u00e3o dos objetivos espec\u00edficos relacionados quanto a sua pertin\u00eancia. Em seguida, o participante p\u00f4de propor a\u00e7\u00f5es para a execu\u00e7\u00e3o.<\/p>\n<p class=\"Texto_Justificado\" dir=\"ltr\"><strong>Os dados obtidos por meio das respostas compuseram um pilar suplementar no embasamento da elabora\u00e7\u00e3o do novo PDI da UFPel.<\/strong><\/p>\n<p><strong>Qual foi o grande diferencial deste PDI 2022-2026?<\/strong><\/p>\n<p>O car\u00e1ter p\u00fablico e a relev\u00e2ncia social das universidades s\u00e3o caracter\u00edsticas que devem balizar o seu planejamento. Assim, a sua concep\u00e7\u00e3o de futuro, bem como suas respectivas decis\u00f5es subsequentes, n\u00e3o devem ser exclusivas de uma administra\u00e7\u00e3o central, mas devem envolver aqueles que s\u00e3o diretamente afetados pelos problemas que necessitam ser resolvidos.<\/p>\n<p>Para tanto, \u00e9 imprescind\u00edvel criar meios que estimulem a ampla participa\u00e7\u00e3o, t\u00e3o necess\u00e1ria. Considerando o exposto, em 2017 e 2018, a UFPel descentralizou parte importante de seu planejamento atrav\u00e9s da mobiliza\u00e7\u00e3o para constru\u00e7\u00e3o participativa dos Planos de Desenvolvimento das Unidades (PDU), processo pelo qual as unidades planejaram suas prioridades a curto prazo. [1]<\/p>\n<p>Na imag\u00e9tica, o planejamento institucional universit\u00e1rio pode ser representado por uma pir\u00e2mide, onde os objetivos estrat\u00e9gicos contidos no PDI est\u00e3o no topo, os objetivos t\u00e1ticos localizados no meio, encontrando-se na base os objetivos operacionais, estes \u00faltimos presentes nos PDUs. As caracter\u00edsticas t\u00e1ticas encontram-se em maior \u00e2mbito nas unidades administrativas, assim como as caracter\u00edsticas operacionais destacam-se nas unidades acad\u00eamicas. Nosso trabalho foi de garantir que os PDUS (e seus objetivos t\u00e1ticos e operacionais) das Unidades Acad\u00eamicas servissem de pilar e influenciassem o novo PDI (objetivos estrat\u00e9gicos).<\/p>\n<p>A metodologia de renova\u00e7\u00e3o do PDI, aprovada pelo CONSUN no in\u00edcio do ano de 2021, demonstrou que mobiliza\u00e7\u00f5es e a\u00e7\u00f5es oriundas da comunidade, tais como: os PDUs, o or\u00e7amento participativo da UFPel, assim como a avalia\u00e7\u00e3o discente possuem grande relev\u00e2ncia na marcha para gera\u00e7\u00e3o do novo PDI da universidade, possibilitando um protagonismo da comunidade acad\u00eamica na decis\u00e3o dos novos rumos que a UFPel escolher\u00e1 para os pr\u00f3ximos 5 anos.<\/p>\n<p>Dessa forma, os objetivos estrat\u00e9gicos foram constru\u00eddos a partir dos objetivos operacionais, efetivando-se a \u201c<strong>invers\u00e3o da pir\u00e2mide de planejamento<\/strong>\u201d, anunciada em 2018. [1] A participa\u00e7\u00e3o da base n\u00e3o se resumiu \u00e0 constru\u00e7\u00e3o dos documentos citados anteriormente, mas deu-se tamb\u00e9m por meio da participa\u00e7\u00e3o na composi\u00e7\u00e3o das Comiss\u00f5es, que redigiram o novo documento. Estas tiveram atribui\u00e7\u00f5es importantes para a completude e a funcionalidade do novo PDI, como a compila\u00e7\u00e3o de dados, a indica\u00e7\u00f5es de a\u00e7\u00f5es e a constru\u00e7\u00e3o de indicadores e cronograma de execu\u00e7\u00e3o.<\/p>\n<p>Ainda, o momento de elabora\u00e7\u00e3o do novo PDI n\u00e3o foi compreendido, simplesmente, como o final de vig\u00eancia de um PDI e o come\u00e7o de um novo, mas sim como um per\u00edodo de transi\u00e7\u00e3o do planejamento da universidade. \u00c9 importante ressaltar, igualmente, que comiss\u00f5es tiveram a atribui\u00e7\u00e3o de conduzir esta transi\u00e7\u00e3o, prezando aqueles pontos que ainda mereciam ser considerados.<\/p>\n<p><a href=\"https:\/\/www.youtube.com\/watch?v=1uYl7mLgaAI\">Acesse aqui a LIVE transmitida em agosto de 2021.<\/a><\/p>\n<p><a href=\"https:\/\/www.youtube.com\/watch?v=1uYl7mLgaAI\"><img class=\"alignnone size-medium wp-image-742\" src=\"https:\/\/wp.ufpel.edu.br\/planejamentoufpel\/files\/2021\/08\/feed-LIVE-PDI-768x768-1-400x400.png\" alt=\"https:\/\/www.youtube.com\/user\/UFPELoficial\" width=\"400\" height=\"400\" srcset=\"https:\/\/wp.ufpel.edu.br\/planejamentoufpel\/files\/2021\/08\/feed-LIVE-PDI-768x768-1-400x400.png 400w, https:\/\/wp.ufpel.edu.br\/planejamentoufpel\/files\/2021\/08\/feed-LIVE-PDI-768x768-1-200x200.png 200w, https:\/\/wp.ufpel.edu.br\/planejamentoufpel\/files\/2021\/08\/feed-LIVE-PDI-768x768-1.png 768w\" sizes=\"(max-width: 400px) 100vw, 400px\" \/><\/a><\/p>\n<p>&nbsp;<\/p>\n<p>&nbsp;<\/p>\n<p>______________________________<\/p>\n<p>[1]\u00a0<a href=\"https:\/\/wp.ufpel.edu.br\/planejamentoufpel\/files\/2021\/08\/Folder-sobre-PDUs-2018-1.pdf\">Folder-sobre-PDUs-2018-1<\/a><\/p>\n","protected":false},"excerpt":{"rendered":"<p>A Universidade Federal de Pelotas (UFPel) planejou seu futuro, atrav\u00e9s da elabora\u00e7\u00e3o do novo Plano de Desenvolvimento Institucional (PDI), que ter\u00e1 vig\u00eancia de 2022 a 2026. O PDI apresenta o planejamento estrat\u00e9gico da institui\u00e7\u00e3o, sendo uma ferramenta fundamental no alinhamento das ambi\u00e7\u00f5es da comunidade acad\u00eamica com as necessidades da sociedade. Al\u00e9m da import\u00e2ncia pr\u00e1tica, o [&hellip;]<\/p>\n","protected":false},"author":1231,"featured_media":0,"parent":0,"menu_order":0,"comment_status":"closed","ping_status":"closed","template":"","meta":{"footnotes":""},"class_list":["post-894","page","type-page","status-publish","hentry"],"_links":{"self":[{"href":"https:\/\/wp.ufpel.edu.br\/planejamentoufpel\/wp-json\/wp\/v2\/pages\/894","targetHints":{"allow":["GET"]}}],"collection":[{"href":"https:\/\/wp.ufpel.edu.br\/planejamentoufpel\/wp-json\/wp\/v2\/pages"}],"about":[{"href":"https:\/\/wp.ufpel.edu.br\/planejamentoufpel\/wp-json\/wp\/v2\/types\/page"}],"author":[{"embeddable":true,"href":"https:\/\/wp.ufpel.edu.br\/planejamentoufpel\/wp-json\/wp\/v2\/users\/1231"}],"replies":[{"embeddable":true,"href":"https:\/\/wp.ufpel.edu.br\/planejamentoufpel\/wp-json\/wp\/v2\/comments?post=894"}],"version-history":[{"count":6,"href":"https:\/\/wp.ufpel.edu.br\/planejamentoufpel\/wp-json\/wp\/v2\/pages\/894\/revisions"}],"predecessor-version":[{"id":1012,"href":"https:\/\/wp.ufpel.edu.br\/planejamentoufpel\/wp-json\/wp\/v2\/pages\/894\/revisions\/1012"}],"wp:attachment":[{"href":"https:\/\/wp.ufpel.edu.br\/planejamentoufpel\/wp-json\/wp\/v2\/media?parent=894"}],"curies":[{"name":"wp","href":"https:\/\/api.w.org\/{rel}","templated":true}]}}