{"id":819,"date":"2021-09-28T14:58:53","date_gmt":"2021-09-28T17:58:53","guid":{"rendered":"https:\/\/wp.ufpel.edu.br\/pdi\/?page_id=819"},"modified":"2022-05-31T11:31:36","modified_gmt":"2022-05-31T14:31:36","slug":"comissoes-de-elaboracao","status":"publish","type":"page","link":"https:\/\/wp.ufpel.edu.br\/planejamentoufpel\/comissoes-de-elaboracao\/","title":{"rendered":"Documentos importantes"},"content":{"rendered":"<p><a href=\"https:\/\/wp.ufpel.edu.br\/scs\/files\/2021\/03\/Resolucao-46-CONSUN.pdf\"><span style=\"font-weight: 400;\">Resolu\u00e7\u00e3o n\u00ba 46, de 2021, do CONSUN<\/span><\/a><span style=\"font-weight: 400;\"> &#8211; Aprova o processo de elabora\u00e7\u00e3o do PDI (2022-2026)<\/span><\/p>\n<p>Comiss\u00f5es de Reda\u00e7\u00e3o e Elabora\u00e7\u00e3o do PDI: Portarias <a href=\"https:\/\/wp.ufpel.edu.br\/coplan\/files\/2021\/10\/Portaria-Comissoes-PDI.pdf\">1308\/21<\/a>, <a href=\"https:\/\/wp.ufpel.edu.br\/coplan\/files\/2021\/10\/Portaria-Comissoes-Retificada.pdf\">1361\/21<\/a>, <a href=\"https:\/\/wp.ufpel.edu.br\/coplan\/files\/2021\/10\/Portaria-comissoes-2a-Retificacao-10.10.2021.pdf\">1628\/21<\/a> e <a href=\"https:\/\/wp.ufpel.edu.br\/planejamentoufpel\/files\/2022\/02\/Portaria20142021.pdf\">2014\/21<\/a>.<\/p>\n<p><a href=\"https:\/\/wp.ufpel.edu.br\/coplan\/files\/2021\/09\/Conceitos-Basicos-sobre-planejamento-institucional.pdf\">Conceitos B\u00e1sicos sobre Planejamento Institucional<\/a>.<\/p>\n<p>Formul\u00e1rio de contribui\u00e7\u00e3o da Comunidade (contribui\u00e7\u00f5es de 22 jul. at\u00e9 12 set. 2021).<\/p>\n<p><strong>Documentos Relacionados<\/strong><\/p>\n<ol>\n<li><a href=\"https:\/\/wp.ufpel.edu.br\/coplan\/files\/2021\/10\/Objetivos-estrategicos-PDI-comparados.pdf\">Objetivos Estrat\u00e9gicos de acordo com OP, PDUs e Avalia\u00e7\u00e3o discente (AD)<\/a>.<\/li>\n<li><a href=\"https:\/\/wp.ufpel.edu.br\/coplan\/files\/2021\/09\/Objetivos-especificos-separados-por-TEMAS.pdf\">Objetivos Espec\u00edficos\/A\u00e7\u00f5es, de acordo com OP, PDUs e AD, divididos por temas<\/a>.<\/li>\n<li><a href=\"https:\/\/wp.ufpel.edu.br\/coplan\/files\/2021\/10\/Formulario-completo-publicado-no-site-do-COPLAN.pdf\">Formul\u00e1rio disponibilizado \u00e0 comunidade para a participa\u00e7\u00e3o (na integralidade<\/a>): Objetivos estrat\u00e9gicos e espec\u00edficos diretamente relacionados e sua respectiva divis\u00e3o nos temas (Comiss\u00f5es).<\/li>\n<li><a href=\"https:\/\/wp.ufpel.edu.br\/coplan\/pareceres\/\">Relat\u00f3rios parciais do trabalho das Comiss\u00f5es<\/a>.<\/li>\n<li><a href=\"https:\/\/wp.ufpel.edu.br\/coplan\/files\/2021\/10\/exemplos-de-indicadores.pdf\">Exemplos de Indicadores divididos por tema<\/a>.<\/li>\n<li><a href=\"https:\/\/wp.ufpel.edu.br\/coplan\/files\/2021\/10\/template-para-redacao-do-PDI-2022-2026.pdf\"><em>Template<\/em>\u00a0para reda\u00e7\u00e3o do PDI<\/a>.<\/li>\n<\/ol>\n<p>&nbsp;<\/p>\n<p>&nbsp;<\/p>\n","protected":false},"excerpt":{"rendered":"<p>Resolu\u00e7\u00e3o n\u00ba 46, de 2021, do CONSUN &#8211; Aprova o processo de elabora\u00e7\u00e3o do PDI (2022-2026) Comiss\u00f5es de Reda\u00e7\u00e3o e Elabora\u00e7\u00e3o do PDI: Portarias 1308\/21, 1361\/21, 1628\/21 e 2014\/21. Conceitos B\u00e1sicos sobre Planejamento Institucional. Formul\u00e1rio de contribui\u00e7\u00e3o da Comunidade (contribui\u00e7\u00f5es de 22 jul. at\u00e9 12 set. 2021). Documentos Relacionados Objetivos Estrat\u00e9gicos de acordo com OP, [&hellip;]<\/p>\n","protected":false},"author":1231,"featured_media":0,"parent":0,"menu_order":0,"comment_status":"closed","ping_status":"closed","template":"","meta":{"footnotes":""},"class_list":["post-819","page","type-page","status-publish","hentry"],"_links":{"self":[{"href":"https:\/\/wp.ufpel.edu.br\/planejamentoufpel\/wp-json\/wp\/v2\/pages\/819","targetHints":{"allow":["GET"]}}],"collection":[{"href":"https:\/\/wp.ufpel.edu.br\/planejamentoufpel\/wp-json\/wp\/v2\/pages"}],"about":[{"href":"https:\/\/wp.ufpel.edu.br\/planejamentoufpel\/wp-json\/wp\/v2\/types\/page"}],"author":[{"embeddable":true,"href":"https:\/\/wp.ufpel.edu.br\/planejamentoufpel\/wp-json\/wp\/v2\/users\/1231"}],"replies":[{"embeddable":true,"href":"https:\/\/wp.ufpel.edu.br\/planejamentoufpel\/wp-json\/wp\/v2\/comments?post=819"}],"version-history":[{"count":2,"href":"https:\/\/wp.ufpel.edu.br\/planejamentoufpel\/wp-json\/wp\/v2\/pages\/819\/revisions"}],"predecessor-version":[{"id":976,"href":"https:\/\/wp.ufpel.edu.br\/planejamentoufpel\/wp-json\/wp\/v2\/pages\/819\/revisions\/976"}],"wp:attachment":[{"href":"https:\/\/wp.ufpel.edu.br\/planejamentoufpel\/wp-json\/wp\/v2\/media?parent=819"}],"curies":[{"name":"wp","href":"https:\/\/api.w.org\/{rel}","templated":true}]}}