{"id":68,"date":"2022-05-11T16:35:31","date_gmt":"2022-05-11T19:35:31","guid":{"rendered":"https:\/\/wp.ufpel.edu.br\/planejamentoufpel\/?page_id=68"},"modified":"2022-09-26T16:41:11","modified_gmt":"2022-09-26T19:41:11","slug":"pdus-2o-ciclo-2022","status":"publish","type":"page","link":"https:\/\/wp.ufpel.edu.br\/planejamentoufpel\/pdus-2o-ciclo-2022\/","title":{"rendered":"Apresenta\u00e7\u00e3o"},"content":{"rendered":"<p><b>O segundo ciclo de Planos de Desenvolvimento das Unidades<\/b><\/p>\n<p style=\"text-align: justify;\"><span style=\"font-weight: 400;\">Considerando o atual estado de planejamento na UFPel, amplamente participativo e descentralizado, com um novo PDI vigente (2022-2026) e iniciando seu segundo ciclo de PDUs, a pir\u00e2mide, j\u00e1 invertida no primeiro ciclo, novamente \u00e9 objeto de debates, especialmente no aprofundamento de um processo democr\u00e1tico e dial\u00f3gico, surgindo em seu lugar um<\/span><b> carrossel do planejamento<\/b><span style=\"font-weight: 400;\">, onde os documentos que o comp\u00f5em n\u00e3o mais exercem entre si uma hierarquia, mas inter apoiam-se. sustentados por uma comunidade protagonista que os construiu coletivamente.\u00a0\u00a0<\/span><\/p>\n<p><img class=\"alignnone size-medium wp-image-955 aligncenter\" src=\"https:\/\/wp.ufpel.edu.br\/planejamentoufpel\/files\/2022\/05\/Carrossel-1-400x284.jpg\" alt=\"\" width=\"400\" height=\"284\" srcset=\"https:\/\/wp.ufpel.edu.br\/planejamentoufpel\/files\/2022\/05\/Carrossel-1-400x284.jpg 400w, https:\/\/wp.ufpel.edu.br\/planejamentoufpel\/files\/2022\/05\/Carrossel-1-1024x726.jpg 1024w, https:\/\/wp.ufpel.edu.br\/planejamentoufpel\/files\/2022\/05\/Carrossel-1-768x545.jpg 768w, https:\/\/wp.ufpel.edu.br\/planejamentoufpel\/files\/2022\/05\/Carrossel-1-1536x1090.jpg 1536w, https:\/\/wp.ufpel.edu.br\/planejamentoufpel\/files\/2022\/05\/Carrossel-1.jpg 1748w\" sizes=\"(max-width: 400px) 100vw, 400px\" \/><\/p>\n<p style=\"text-align: justify;\"><span style=\"font-weight: 400;\">Este segundo ciclo dos PDUs, cuja elabora\u00e7\u00e3o se inicia em 2022, d\u00e1 sequ\u00eancia a essa caminhada de planejamento institucional da UFPel, atentando para caracter\u00edsticas espec\u00edficas de cada unidade, seja ela administrativa, seja acad\u00eamica. Nesse sentido, ressalta-se a import\u00e2ncia da natureza t\u00e1tica preponderante nas unidades administrativas, em sua tarefa de defini\u00e7\u00e3o dos caminhos poss\u00edveis para a execu\u00e7\u00e3o das estrat\u00e9gias institucionais.\u00a0<\/span><\/p>\n<p style=\"text-align: justify;\"><span style=\"font-weight: 400;\">Por sua vez, tem-se nas unidades acad\u00eamicas a preponder\u00e2ncia da natureza operacional das a\u00e7\u00f5es a serem realizadas, pretendendo concretizar objetivos e metas previstos nas dimens\u00f5es anteriores (estrat\u00e9gica e t\u00e1tica). Da\u00ed a necess\u00e1ria elabora\u00e7\u00e3o pr\u00e9via dos PDUs das unidades administrativas a fim de que as acad\u00eamicas possam tomar conhecimento a respeito dos caminhos t\u00e1ticos tra\u00e7ados.\u00a0<\/span><\/p>\n<p style=\"text-align: justify;\"><span style=\"font-weight: 400;\">Em vista de tais inova\u00e7\u00f5es, com a finalidade de facilitar e harmonizar o processo de elabora\u00e7\u00e3o dos PDUs, um <\/span><i><span style=\"font-weight: 400;\">template<\/span><\/i><span style=\"font-weight: 400;\"> para seu preenchimento est\u00e1 disponibilizado na segunda edi\u00e7\u00e3o do \u201cGuia para elabora\u00e7\u00e3o dos planos de desenvolvimento das unidades da UFPel 2022-2024\u201d. Procurou-se, com isso, de maneira did\u00e1tica apontar os requisitos necess\u00e1rios desses documentos, incluindo a necessidade da previs\u00e3o de indicadores para auferir a correta execu\u00e7\u00e3o dos objetivos previstos.<\/span><\/p>\n<p style=\"text-align: justify;\"><span style=\"font-weight: 400;\">Enfim, nunca \u00e9 demais ressaltar que o PDI 2022-2026 constitui-se como documento indispens\u00e1vel para a elabora\u00e7\u00e3o dos PDUs, tornando-se um elo de liga\u00e7\u00e3o entre as unidades e a institui\u00e7\u00e3o e entre ambas com as comunidades interna e externa. Tais comunidades s\u00e3o, especialmente, valiosas participantes de todo esse processo em sua constru\u00e7\u00e3o dial\u00f3gica, possibilitando um planejamento universit\u00e1rio mais democr\u00e1tico e coletivo.<\/span><\/p>\n<p><b>Chegou a hora de dar mais um giro no carrossel do Planejamento Universit\u00e1rio da UFPel!<\/b><\/p>\n<p><b>Participe!<\/b><\/p>\n<p><b>Vem a\u00ed o segundo ciclo de PDUs! <a href=\"http:\/\/guaiaca.ufpel.edu.br:8080\/handle\/prefix\/8704\">Acesse aqui o Guia para Elabora\u00e7\u00e3o dos Planos de Desenvolvimento das Unidades.<\/a><\/b><\/p>\n<p><span style=\"font-weight: 400;\">Informe-se na dire\u00e7\u00e3o de sua Unidade sobre como participar da elabora\u00e7\u00e3o do PDU.\u00a0<\/span><\/p>\n<p><span style=\"font-weight: 400;\">Informa\u00e7\u00f5es tamb\u00e9m podem ser obtidas no portal UFPel, na p\u00e1gina da PROPLAN, ou por email, escrevendo para cdip@ufpel.edu.br com a sigla PDU no t\u00edtulo.<\/span><\/p>\n<h3>Acesse aqui os <a href=\"https:\/\/wp.ufpel.edu.br\/planejamentoufpel\/pdus-2o-ciclo\/\">PDUs T\u00e1ticos <\/a>e os <a href=\"https:\/\/wp.ufpel.edu.br\/planejamentoufpel\/pdus-operacionais\/\">PDUS Operacionais.<\/a><\/h3>\n<h2><span style=\"font-weight: 400;\">\u00a0<\/span><\/h2>\n","protected":false},"excerpt":{"rendered":"<p>O segundo ciclo de Planos de Desenvolvimento das Unidades Considerando o atual estado de planejamento na UFPel, amplamente participativo e descentralizado, com um novo PDI vigente (2022-2026) e iniciando seu segundo ciclo de PDUs, a pir\u00e2mide, j\u00e1 invertida no primeiro ciclo, novamente \u00e9 objeto de debates, especialmente no aprofundamento de um processo democr\u00e1tico e dial\u00f3gico, [&hellip;]<\/p>\n","protected":false},"author":1231,"featured_media":0,"parent":0,"menu_order":0,"comment_status":"closed","ping_status":"closed","template":"","meta":{"footnotes":""},"class_list":["post-68","page","type-page","status-publish","hentry"],"_links":{"self":[{"href":"https:\/\/wp.ufpel.edu.br\/planejamentoufpel\/wp-json\/wp\/v2\/pages\/68","targetHints":{"allow":["GET"]}}],"collection":[{"href":"https:\/\/wp.ufpel.edu.br\/planejamentoufpel\/wp-json\/wp\/v2\/pages"}],"about":[{"href":"https:\/\/wp.ufpel.edu.br\/planejamentoufpel\/wp-json\/wp\/v2\/types\/page"}],"author":[{"embeddable":true,"href":"https:\/\/wp.ufpel.edu.br\/planejamentoufpel\/wp-json\/wp\/v2\/users\/1231"}],"replies":[{"embeddable":true,"href":"https:\/\/wp.ufpel.edu.br\/planejamentoufpel\/wp-json\/wp\/v2\/comments?post=68"}],"version-history":[{"count":18,"href":"https:\/\/wp.ufpel.edu.br\/planejamentoufpel\/wp-json\/wp\/v2\/pages\/68\/revisions"}],"predecessor-version":[{"id":1251,"href":"https:\/\/wp.ufpel.edu.br\/planejamentoufpel\/wp-json\/wp\/v2\/pages\/68\/revisions\/1251"}],"wp:attachment":[{"href":"https:\/\/wp.ufpel.edu.br\/planejamentoufpel\/wp-json\/wp\/v2\/media?parent=68"}],"curies":[{"name":"wp","href":"https:\/\/api.w.org\/{rel}","templated":true}]}}