{"id":65,"date":"2022-05-11T16:36:01","date_gmt":"2022-05-11T19:36:01","guid":{"rendered":"https:\/\/wp.ufpel.edu.br\/planejamentoufpel\/?page_id=65"},"modified":"2024-10-29T11:57:18","modified_gmt":"2024-10-29T14:57:18","slug":"pdus-1o-ciclo","status":"publish","type":"page","link":"https:\/\/wp.ufpel.edu.br\/planejamentoufpel\/pdus-1o-ciclo\/","title":{"rendered":"PDUs 1\u00ba Ciclo &#8211; 2019"},"content":{"rendered":"<p><b>O primeiro ciclo de Planos de Desenvolvimento das Unidades<\/b><\/p>\n<p style=\"text-align: justify;\"><span style=\"font-weight: 400;\">\u00a0<\/span><span style=\"font-weight: 400;\">Durante o ano de 2018 a comunidade mobilizou-se para as discuss\u00f5es e constru\u00e7\u00e3o dos Planos de Desenvolvimento das Unidades. Esta marcha foi conduzida, \u00e0 \u00e9poca, pela Coordena\u00e7\u00e3o para o Desenvolvimento Institucional e Inser\u00e7\u00e3o Territorial (CDIT) da PROPLAN, que elaborou o guia do primeiro ciclo de PDUs na UFPel e apoiou as unidades acad\u00eamicas e administrativas em todas as etapas do processo, iniciando com uma mobiliza\u00e7\u00e3o para divulga\u00e7\u00e3o, visto o car\u00e1ter de novidade no assunto naquele momento.<\/span><\/p>\n<p style=\"text-align: justify;\"><span style=\"font-weight: 400;\">Os PDUs foram os primeiros documentos constru\u00eddos no novo caminho escolhido pela Universidade para o seu planejamento, cuja principal caracter\u00edstica \u00e9 a constru\u00e7\u00e3o descentralizada e participativa. Para tanto, com o objetivo de aproximar a comunidade do planejamento de sua unidade e evitar que o documento fosse constru\u00eddo a poucas m\u00e3os, o guia de elabora\u00e7\u00e3o previa que as unidades deveriam detalhar os m\u00e9todos participativos usados para as discuss\u00f5es e elabora\u00e7\u00e3o do plano. Essa diretriz manteve-se no guia do segundo ciclo.\u00a0\u00a0<\/span><\/p>\n<p style=\"text-align: justify;\"><span style=\"font-weight: 400;\">A descentraliza\u00e7\u00e3o do planejamento realizado na UFPel, representada em partes atrav\u00e9s da mobiliza\u00e7\u00e3o para a constru\u00e7\u00e3o dos PDUs, dentre outras movimenta\u00e7\u00f5es participativas, constituiu um passo importante na dire\u00e7\u00e3o de <\/span><b>inter-relacionar as dimens\u00f5es do planejamento \u00e0 partir da sua comunidade<\/b><span style=\"font-weight: 400;\">. A inter-rela\u00e7\u00e3o mencionada materializou-se por meio da forte influ\u00eancia que os PDUs exerceram na constru\u00e7\u00e3o dos objetivos estrat\u00e9gicos da Universidade durante a marcha de renova\u00e7\u00e3o do PDI.\u00a0\u00a0\u00a0\u00a0<\/span><\/p>\n<p style=\"text-align: justify;\"><span style=\"font-weight: 400;\">As demandas coletivas presentes nos documentos geraram objetivos &#8211; ap\u00f3s um trabalho de retro-dimensionamento entre as dimens\u00f5es operacional e estrat\u00e9gica &#8211; os quais foram organizados em um formul\u00e1rio para a contribui\u00e7\u00e3o da comunidade. Dessa forma, os objetivos estrat\u00e9gicos foram constru\u00eddos a partir dos objetivos operacionais, efetivando-se a originalidade anunciada no guia de 2018 da \u201c<\/span><b>invers\u00e3o da pir\u00e2mide de planejamento<\/b><span style=\"font-weight: 400;\">\u201d. Tal invers\u00e3o modifica a hierarquia desse modelo piramidal no qual as decis\u00f5es prov\u00eam do topo (minoria).<\/span><\/p>\n<p style=\"text-align: justify;\"><span style=\"font-weight: 400;\">A elabora\u00e7\u00e3o dos PDUs, assim, simbolizou o in\u00edcio de uma forma de constru\u00e7\u00e3o do planejamento institucional universit\u00e1rio, abrindo caminho para a produ\u00e7\u00e3o e renova\u00e7\u00e3o, nos mesmos moldes, de outros documentos de planejamento, ao mesmo tempo em que oportuniza as rela\u00e7\u00f5es entre eles.<\/span><\/p>\n<p><a href=\"https:\/\/wp.ufpel.edu.br\/planejamentoufpel\/pdus-documentos-1o-ciclo\/\"><span style=\"font-weight: 400;\">Acesse aqui os PDUs do 1\u00ba ciclo (2019-2022)<\/span><\/a><\/p>\n<p><span style=\"font-weight: 400;\">Materiais:<\/span><\/p>\n<p><a href=\"https:\/\/guaiaca.ufpel.edu.br\/handle\/prefix\/14380\"><span style=\"font-weight: 400;\">Guia para Elabora\u00e7\u00e3o de PDU\u2019s<\/span><\/a><span style=\"font-weight: 400;\"> 1\u00ba ciclo\u00a0<\/span><\/p>\n<p><a href=\"https:\/\/wp.ufpel.edu.br\/proplan\/files\/2018\/06\/Folder-sobre-PDUs-2018-1.pdf\"><span style=\"font-weight: 400;\">Folder sobre PDUs do 1\u00ba ciclo (2018)\u00a0<\/span><\/a><\/p>\n<p><a href=\"https:\/\/wp.ufpel.edu.br\/cdip\/files\/2022\/03\/Indicadores-de-Planejamento.pdf\"><span style=\"font-weight: 400;\">Indicadores<\/span><\/a><\/p>\n","protected":false},"excerpt":{"rendered":"<p>O primeiro ciclo de Planos de Desenvolvimento das Unidades \u00a0Durante o ano de 2018 a comunidade mobilizou-se para as discuss\u00f5es e constru\u00e7\u00e3o dos Planos de Desenvolvimento das Unidades. Esta marcha foi conduzida, \u00e0 \u00e9poca, pela Coordena\u00e7\u00e3o para o Desenvolvimento Institucional e Inser\u00e7\u00e3o Territorial (CDIT) da PROPLAN, que elaborou o guia do primeiro ciclo de PDUs [&hellip;]<\/p>\n","protected":false},"author":1231,"featured_media":0,"parent":0,"menu_order":0,"comment_status":"closed","ping_status":"closed","template":"","meta":{"footnotes":""},"class_list":["post-65","page","type-page","status-publish","hentry"],"_links":{"self":[{"href":"https:\/\/wp.ufpel.edu.br\/planejamentoufpel\/wp-json\/wp\/v2\/pages\/65","targetHints":{"allow":["GET"]}}],"collection":[{"href":"https:\/\/wp.ufpel.edu.br\/planejamentoufpel\/wp-json\/wp\/v2\/pages"}],"about":[{"href":"https:\/\/wp.ufpel.edu.br\/planejamentoufpel\/wp-json\/wp\/v2\/types\/page"}],"author":[{"embeddable":true,"href":"https:\/\/wp.ufpel.edu.br\/planejamentoufpel\/wp-json\/wp\/v2\/users\/1231"}],"replies":[{"embeddable":true,"href":"https:\/\/wp.ufpel.edu.br\/planejamentoufpel\/wp-json\/wp\/v2\/comments?post=65"}],"version-history":[{"count":13,"href":"https:\/\/wp.ufpel.edu.br\/planejamentoufpel\/wp-json\/wp\/v2\/pages\/65\/revisions"}],"predecessor-version":[{"id":1435,"href":"https:\/\/wp.ufpel.edu.br\/planejamentoufpel\/wp-json\/wp\/v2\/pages\/65\/revisions\/1435"}],"wp:attachment":[{"href":"https:\/\/wp.ufpel.edu.br\/planejamentoufpel\/wp-json\/wp\/v2\/media?parent=65"}],"curies":[{"name":"wp","href":"https:\/\/api.w.org\/{rel}","templated":true}]}}