{"id":5,"date":"2022-05-09T15:51:27","date_gmt":"2022-05-09T18:51:27","guid":{"rendered":"https:\/\/wp.ufpel.edu.br\/planejamentoufpel\/?page_id=5"},"modified":"2022-12-12T11:17:00","modified_gmt":"2022-12-12T14:17:00","slug":"pdus-documentos-1o-ciclo","status":"publish","type":"page","link":"https:\/\/wp.ufpel.edu.br\/planejamentoufpel\/pdus-documentos-1o-ciclo\/","title":{"rendered":"PDUs &#8211; 1\u00ba Ciclo"},"content":{"rendered":"<h3 style=\"text-align: center;\"><span style=\"font-family: georgia, palatino, serif;\">PDUS Unidades Acad\u00eamicas<\/span><\/h3>\n<h3 style=\"text-align: center;\"><span style=\"font-family: georgia, palatino, serif;\">(vig\u00eancia 2019\/2022)*<\/span><\/h3>\n<p><a href=\"http:\/\/portal.ufpel.edu.br\/wp-content\/uploads\/CArtes-PDU-Completo_dezembro_2018.pdf\">CENTRO DE ARTES (CA)<\/a><\/p>\n<p><a href=\"http:\/\/portal.ufpel.edu.br\/wp-content\/uploads\/PDU_ccqfa_2019_2020_conselho_revisado.pdf\">CENTRO DE CI\u00caNCIAS QU\u00cdMICAS, FARMAC\u00caUTICAS E DE ALIMENTOS (CCQFA)<\/a><\/p>\n<p><a href=\"http:\/\/portal.ufpel.edu.br\/wp-content\/uploads\/PDU_CDTec-FINAL-extempora%CC%82neo-em-27-de-novembro.pdf\">CENTRO DE DESENVOLVIMENTO TECNOL\u00d3GICO (CDTEC)<\/a><\/p>\n<p><a href=\"http:\/\/portal.ufpel.edu.br\/wp-content\/uploads\/PDU_CEng_Final.pdf\">CENTRO DE ENGENHARIAS (CENG)<\/a><\/p>\n<p><a href=\"http:\/\/portal.ufpel.edu.br\/wp-content\/uploads\/CIM-PDU_FINAL_CIM.pdf\">CENTRO DE INTEGRA\u00c7\u00c3O DO MERCOSUL (CIM)<\/a><\/p>\n<p><a href=\"http:\/\/portal.ufpel.edu.br\/wp-content\/uploads\/CLC-Plano_de_Desenvolvimento_da_Unidade_CLC_Completo_Ultima_versao_Julho_2019.pdf\">CENTRO DE LETRAS E COMUNICA\u00c7\u00c3O (CLC)<\/a><\/p>\n<p><a href=\"http:\/\/portal.ufpel.edu.br\/wp-content\/uploads\/ESEF-PDU_final_11.06.pdf\">ESCOLA SUPERIOR DE EDUCA\u00c7\u00c3O F\u00cdSICA (ESEF)<\/a><\/p>\n<p><a href=\"http:\/\/portal.ufpel.edu.br\/wp-content\/uploads\/PDU___FAT_03_05_19.pdf\">FACULDADE DE ADMINISTRA\u00c7\u00c3O E TURISMO (FAT)<\/a><\/p>\n<p><a href=\"http:\/\/portal.ufpel.edu.br\/wp-content\/uploads\/FAEM-PDU-Completo.pdf\">FACULDADE DE AGRONOMIA ELISEU MACIEL (FAEM)<\/a><\/p>\n<p><a href=\"http:\/\/portal.ufpel.edu.br\/wp-content\/uploads\/PDU_FAUrb.pdf\">FACULDADE DE ARQUITETURA E URBANISMO (FAURB)<\/a><\/p>\n<p><a href=\"http:\/\/portal.ufpel.edu.br\/wp-content\/uploads\/FD-PDU___Faculdade_de_Direito-FINAL-extempor%C3%A2neo-1.pdf\">FACULDADE DE DIREITO<\/a><\/p>\n<p><a href=\"http:\/\/portal.ufpel.edu.br\/wp-content\/uploads\/FAE-PDU.UltimaVersaoFaE.pdf\">FACULDADE DE EDUCA\u00c7\u00c3O (FAE)<\/a><\/p>\n<p><a href=\"http:\/\/portal.ufpel.edu.br\/wp-content\/uploads\/FE-PDU-Completo-mar%C3%A7o-2019.pdf\">FACULDADE DE ENFERMAGEM<\/a><\/p>\n<p><a href=\"http:\/\/portal.ufpel.edu.br\/wp-content\/uploads\/FAMED-PDU_2019_2020_FAMED.pdf\">FACULDADE DE MEDICINA (FAMED)<\/a><\/p>\n<p><a href=\"http:\/\/portal.ufpel.edu.br\/wp-content\/uploads\/FAMET-PDU-Completo-Bloco-B.pdf\">FACULDADE DE METEOROLOGIA (FAMET)<\/a><\/p>\n<p><a href=\"http:\/\/portal.ufpel.edu.br\/wp-content\/uploads\/FN-PDU_Nutricao_Parte_I_e_II-Bloco-D.pdf\">FACULDADE DE NUTRI\u00c7\u00c3O (FN)<\/a><\/p>\n<p><a href=\"http:\/\/portal.ufpel.edu.br\/wp-content\/uploads\/FO-PDU_FO-EXTEMPOR%C3%82NEO-em-23-10-19.pdf\">FACULDADE DE ODONTOLOGIA (FO)<\/a><\/p>\n<p><a href=\"http:\/\/portal.ufpel.edu.br\/wp-content\/uploads\/FV-PLANO_DE_DESENVOLVIMENTO_DE_UNIDADE_FV-Completo-2a-vers%C3%A3o-Bloco-D.pdf\">FACULDADE DE VETERIN\u00c1RIA (FAVET)<\/a><\/p>\n<p>GABINETE REITORIA<\/p>\n<p><a href=\"http:\/\/portal.ufpel.edu.br\/wp-content\/uploads\/GRV-PDU-Completo-mar%C3%A7o-2019.pdf\">GABINETE VICE-REITORIA<\/a><\/p>\n<p><a href=\"http:\/\/portal.ufpel.edu.br\/wp-content\/uploads\/PDU_Instituto_de_Biologia__Parte_Analitica-mesclado-Propositiva.pdf\">INSTITUTO DE BIOLOGIA (IB)<\/a><\/p>\n<p><a href=\"http:\/\/portal.ufpel.edu.br\/wp-content\/uploads\/ICH-PDU-Completo-Texto_final_ICH.pdf\">INSTITUTO DE CI\u00caNCIAS HUMANAS (ICH)<\/a><\/p>\n<p><a href=\"http:\/\/portal.ufpel.edu.br\/wp-content\/uploads\/IFM-PDU-Completo.pdf\">INSTITUTO DE F\u00cdSICA E MATEM\u00c1TICA (IFM)<\/a><\/p>\n<p><a href=\"http:\/\/portal.ufpel.edu.br\/wp-content\/uploads\/IFISP-PDU-Completo-mar%C3%A7o-2019.pdf\">INSTITUTO DE FILOSOFIA, SOCIOLOGIA E POL\u00cdTICA (IFISP)<\/a><\/p>\n<h3 style=\"text-align: center;\">PDUS Unidades Administrativas<\/h3>\n<h3 style=\"text-align: center;\">(vig\u00eancia 2019\/2022\/1)**<\/h3>\n<p><a href=\"http:\/\/portal.ufpel.edu.br\/wp-content\/uploads\/PRE-PDUFinal-Bloco-D-P%C3%93S.pdf\">PR\u00d3-REITORIA DE ENSINO<\/a><\/p>\n<p><a href=\"http:\/\/portal.ufpel.edu.br\/wp-content\/uploads\/PREC-PDU_PREC_2019_2020_.pdf\">PR\u00d3-REITORIA DE EXTENS\u00c3O E CULTURA<\/a><\/p>\n<p>PR\u00d3-REITORIA DE PESQUISA, P\u00d3S-GRADUA\u00c7\u00c3O E INOVA\u00c7\u00c3O<\/p>\n<p><a href=\"http:\/\/portal.ufpel.edu.br\/wp-content\/uploads\/PROPLAN-PDU__PROPLAN_2019_2020__2_.pdf\">PR\u00d3-REITORIA DE PLANEJAMENTO<\/a><\/p>\n<p><a href=\"http:\/\/portal.ufpel.edu.br\/wp-content\/uploads\/PDU_PRA.pdf\">PR\u00d3-REITORIA ADMINISTRATIVA<\/a><\/p>\n<p><a href=\"http:\/\/portal.ufpel.edu.br\/wp-content\/uploads\/PDTIC__2019_2021-PROGIC.pdf\">PR\u00d3-REITORIA DE GEST\u00c3O DA INFORMA\u00c7\u00c3O E COMUNICA\u00c7\u00c3O<\/a><\/p>\n<p><a href=\"http:\/\/portal.ufpel.edu.br\/wp-content\/uploads\/PRAE-PDU.pdf\">PR\u00d3-REITORIA DE ASSIST\u00caNCIA ESTUDANTIL<\/a><\/p>\n<p><a href=\"http:\/\/portal.ufpel.edu.br\/wp-content\/uploads\/PROGEP-PDU_PROGEP_pronto_revisado-EXTEMPOR%C3%82NEO-em-23-10-19.pdf\">PR\u00d3-REITORIA DE GEST\u00c3O DE PESSOAS<\/a><\/p>\n<p>&nbsp;<\/p>\n<p>*Vig\u00eancia de 2019 \u00e0 2020. (Prorrogado at\u00e9 31 de dezembro de 2022 atrav\u00e9s do processo eletr\u00f4nico 23110.014152\/2018-85)<\/p>\n<p>**Vig\u00eancia de 2019 \u00e0 2022\/1. (Processo eletr\u00f4nico 23110.017724\/2022-64)<\/p>\n<p><a href=\"https:\/\/wp.ufpel.edu.br\/planejamentoufpel\/pdus-2o-ciclo\/\">Acesse aqui os PDUs das Unidades Administrativas vigentes de 2022\/2 \u00e0 2024\/1.<\/a><\/p>\n","protected":false},"excerpt":{"rendered":"<p>PDUS Unidades Acad\u00eamicas (vig\u00eancia 2019\/2022)* CENTRO DE ARTES (CA) CENTRO DE CI\u00caNCIAS QU\u00cdMICAS, FARMAC\u00caUTICAS E DE ALIMENTOS (CCQFA) CENTRO DE DESENVOLVIMENTO TECNOL\u00d3GICO (CDTEC) CENTRO DE ENGENHARIAS (CENG) CENTRO DE INTEGRA\u00c7\u00c3O DO MERCOSUL (CIM) CENTRO DE LETRAS E COMUNICA\u00c7\u00c3O (CLC) ESCOLA SUPERIOR DE EDUCA\u00c7\u00c3O F\u00cdSICA (ESEF) FACULDADE DE ADMINISTRA\u00c7\u00c3O E TURISMO (FAT) FACULDADE DE AGRONOMIA ELISEU [&hellip;]<\/p>\n","protected":false},"author":667,"featured_media":0,"parent":0,"menu_order":0,"comment_status":"closed","ping_status":"closed","template":"","meta":{"footnotes":""},"class_list":["post-5","page","type-page","status-publish","hentry"],"_links":{"self":[{"href":"https:\/\/wp.ufpel.edu.br\/planejamentoufpel\/wp-json\/wp\/v2\/pages\/5","targetHints":{"allow":["GET"]}}],"collection":[{"href":"https:\/\/wp.ufpel.edu.br\/planejamentoufpel\/wp-json\/wp\/v2\/pages"}],"about":[{"href":"https:\/\/wp.ufpel.edu.br\/planejamentoufpel\/wp-json\/wp\/v2\/types\/page"}],"author":[{"embeddable":true,"href":"https:\/\/wp.ufpel.edu.br\/planejamentoufpel\/wp-json\/wp\/v2\/users\/667"}],"replies":[{"embeddable":true,"href":"https:\/\/wp.ufpel.edu.br\/planejamentoufpel\/wp-json\/wp\/v2\/comments?post=5"}],"version-history":[{"count":10,"href":"https:\/\/wp.ufpel.edu.br\/planejamentoufpel\/wp-json\/wp\/v2\/pages\/5\/revisions"}],"predecessor-version":[{"id":1286,"href":"https:\/\/wp.ufpel.edu.br\/planejamentoufpel\/wp-json\/wp\/v2\/pages\/5\/revisions\/1286"}],"wp:attachment":[{"href":"https:\/\/wp.ufpel.edu.br\/planejamentoufpel\/wp-json\/wp\/v2\/media?parent=5"}],"curies":[{"name":"wp","href":"https:\/\/api.w.org\/{rel}","templated":true}]}}