{"id":49,"date":"2022-05-09T15:51:00","date_gmt":"2022-05-09T18:51:00","guid":{"rendered":"https:\/\/wp.ufpel.edu.br\/planejamentoufpel\/?page_id=49"},"modified":"2022-05-31T11:32:10","modified_gmt":"2022-05-31T14:32:10","slug":"plano-de-desenvolvimento-de-unidades-pdu","status":"publish","type":"page","link":"https:\/\/wp.ufpel.edu.br\/planejamentoufpel\/plano-de-desenvolvimento-de-unidades-pdu\/","title":{"rendered":"PDU"},"content":{"rendered":"<p><img class=\" wp-image-36 aligncenter\" src=\"https:\/\/wp.ufpel.edu.br\/planejamentoufpel\/files\/2022\/05\/plano-de-desenvolvimento-das-unidades-400x106.png\" alt=\"\" width=\"623\" height=\"165\" srcset=\"https:\/\/wp.ufpel.edu.br\/planejamentoufpel\/files\/2022\/05\/plano-de-desenvolvimento-das-unidades-400x106.png 400w, https:\/\/wp.ufpel.edu.br\/planejamentoufpel\/files\/2022\/05\/plano-de-desenvolvimento-das-unidades-1024x271.png 1024w, https:\/\/wp.ufpel.edu.br\/planejamentoufpel\/files\/2022\/05\/plano-de-desenvolvimento-das-unidades-768x203.png 768w, https:\/\/wp.ufpel.edu.br\/planejamentoufpel\/files\/2022\/05\/plano-de-desenvolvimento-das-unidades.png 1533w\" sizes=\"(max-width: 623px) 100vw, 623px\" \/><\/p>\n<p><span style=\"font-weight: 400;\">Os Planos de Desenvolvimento das Unidades (PDUs), que devem ser <\/span><span style=\"font-weight: 400;\">elaborados pelas <\/span><span style=\"font-weight: 400;\">trinta e uma unidades da UFPel (nove Unidades Administrativas e vinte e duas Unidades Acad\u00eamicas), s\u00e3o instrumentos vitais para a <\/span><b>descentraliza\u00e7\u00e3o do planejamento<\/b><span style=\"font-weight: 400;\"> e para o aprofundamento da <\/span><b>constru\u00e7\u00e3o coletiva<\/b><span style=\"font-weight: 400;\"> no \u00e2mbito universit\u00e1rio. Eles prev\u00eaem, de maneira transparente e p\u00fablica, as a\u00e7\u00f5es a serem realizadas pelas unidades, tornando poss\u00edvel a concretiza\u00e7\u00e3o do planejamento previsto por toda a institui\u00e7\u00e3o no Plano de Desenvolvimento Institucional (PDI).<\/span><\/p>\n<p><span style=\"font-weight: 400;\">A inter-rela\u00e7\u00e3o entre PDUs e PDI decorre das tr\u00eas dimens\u00f5es do planejamento: <\/span><b>estrat\u00e9gica, t\u00e1tica e operacional<\/b><span style=\"font-weight: 400;\">. A <\/span><b>estrat\u00e9gica<\/b> <span style=\"font-weight: 400;\">institui os prop\u00f3sitos de ampla perspectiva e de mais longa execu\u00e7\u00e3o prevendo mudan\u00e7as em toda a institui\u00e7\u00e3o. \u00c9 nesta dimens\u00e3o, representada na UFPel &#8211; e em todas as IFES &#8211; pelo seu PDI (2022-2026), em que os conceitos de eixos tem\u00e1ticos e objetivos estrat\u00e9gicos est\u00e3o presentes.<\/span><\/p>\n<p><span style=\"font-weight: 400;\">A <\/span><b>dimens\u00e3o t\u00e1tica<\/b><span style=\"font-weight: 400;\">, por sua vez, define os caminhos poss\u00edveis para a execu\u00e7\u00e3o dos objetivos e metas contidos na dimens\u00e3o estrat\u00e9gica, considerando vari\u00e1veis pr\u00f3prias \u00e0 gest\u00e3o da institui\u00e7\u00e3o. Por fim, a <\/span><b>dimens\u00e3o operacional<\/b><span style=\"font-weight: 400;\"> est\u00e1 diretamente relacionada com as a\u00e7\u00f5es que desenvolvem o que foi constru\u00eddo nas dimens\u00f5es anteriores, voltadas integralmente \u00e0 concretiza\u00e7\u00e3o das atividades-fim. Os PDUs, neste contexto, prev\u00eaem objetivos t\u00e1ticos e operacionais elaborados pelas unidades da UFPel.<\/span><\/p>\n","protected":false},"excerpt":{"rendered":"<p>Os Planos de Desenvolvimento das Unidades (PDUs), que devem ser elaborados pelas trinta e uma unidades da UFPel (nove Unidades Administrativas e vinte e duas Unidades Acad\u00eamicas), s\u00e3o instrumentos vitais para a descentraliza\u00e7\u00e3o do planejamento e para o aprofundamento da constru\u00e7\u00e3o coletiva no \u00e2mbito universit\u00e1rio. Eles prev\u00eaem, de maneira transparente e p\u00fablica, as a\u00e7\u00f5es a [&hellip;]<\/p>\n","protected":false},"author":1231,"featured_media":0,"parent":0,"menu_order":0,"comment_status":"closed","ping_status":"closed","template":"","meta":{"footnotes":""},"class_list":["post-49","page","type-page","status-publish","hentry"],"_links":{"self":[{"href":"https:\/\/wp.ufpel.edu.br\/planejamentoufpel\/wp-json\/wp\/v2\/pages\/49","targetHints":{"allow":["GET"]}}],"collection":[{"href":"https:\/\/wp.ufpel.edu.br\/planejamentoufpel\/wp-json\/wp\/v2\/pages"}],"about":[{"href":"https:\/\/wp.ufpel.edu.br\/planejamentoufpel\/wp-json\/wp\/v2\/types\/page"}],"author":[{"embeddable":true,"href":"https:\/\/wp.ufpel.edu.br\/planejamentoufpel\/wp-json\/wp\/v2\/users\/1231"}],"replies":[{"embeddable":true,"href":"https:\/\/wp.ufpel.edu.br\/planejamentoufpel\/wp-json\/wp\/v2\/comments?post=49"}],"version-history":[{"count":6,"href":"https:\/\/wp.ufpel.edu.br\/planejamentoufpel\/wp-json\/wp\/v2\/pages\/49\/revisions"}],"predecessor-version":[{"id":1006,"href":"https:\/\/wp.ufpel.edu.br\/planejamentoufpel\/wp-json\/wp\/v2\/pages\/49\/revisions\/1006"}],"wp:attachment":[{"href":"https:\/\/wp.ufpel.edu.br\/planejamentoufpel\/wp-json\/wp\/v2\/media?parent=49"}],"curies":[{"name":"wp","href":"https:\/\/api.w.org\/{rel}","templated":true}]}}