{"id":1478,"date":"2025-07-17T17:24:00","date_gmt":"2025-07-17T20:24:00","guid":{"rendered":"https:\/\/wp.ufpel.edu.br\/planejamentoufpel\/?page_id=1478"},"modified":"2025-07-17T17:24:09","modified_gmt":"2025-07-17T20:24:09","slug":"apresentacao-3o-ciclo","status":"publish","type":"page","link":"https:\/\/wp.ufpel.edu.br\/planejamentoufpel\/apresentacao-3o-ciclo\/","title":{"rendered":"Apresenta\u00e7\u00e3o &#8211; 3\u00ba Ciclo"},"content":{"rendered":"<p style=\"text-align: justify;\"><b>O terceiro ciclo de Planos de Desenvolvimento das Unidades<\/b><\/p>\n<p style=\"text-align: justify;\">O Planejamento Participativo e descentralizado d\u00e1 mais um passo neste momento, no qual \u00e9 lan\u00e7ado o <a href=\"https:\/\/wp.ufpel.edu.br\/planejamentoufpel\/files\/2024\/11\/PROPLAN-CDIP_Novo.pdf\"><strong>Guia para Elabora\u00e7\u00e3o dos Planos de Desenvolvimento das Unidades (PDUs)<\/strong> do terceiro ciclo.<\/a><\/p>\n<p style=\"text-align: justify;\">O novo guia enfatiza:<\/p>\n<div class=\"flex max-w-full flex-col flex-grow\" style=\"text-align: justify;\">\n<div class=\"min-h-8 text-message flex w-full flex-col items-end gap-2 whitespace-normal break-words [.text-message+&amp;]:mt-5\" dir=\"auto\" data-message-author-role=\"assistant\" data-message-id=\"3350ec81-84cc-4d6e-9cef-cb45bab0b0a9\" data-message-model-slug=\"gpt-4o\">\n<div class=\"flex w-full flex-col gap-1 empty:hidden first:pt-[3px]\">\n<div class=\"markdown prose w-full break-words dark:prose-invert light\">\n<ol>\n<li><strong>Planejamento participativo:<\/strong> Todas as unidades acad\u00eamicas e administrativas devem elaborar seus PDUs de forma colaborativa.<\/li>\n<li><strong>Dimens\u00f5es do planejamento:<\/strong> Unidades administrativas focar\u00e3o no planejamento t\u00e1tico, enquanto as acad\u00eamicas no operacional.<\/li>\n<li><strong>Novidade do ciclo:<\/strong> Integra\u00e7\u00e3o mais estreita entre os Projetos Pedag\u00f3gicos dos Cursos, avalia\u00e7\u00f5es e planejamento institucionais.<\/li>\n<li><strong>Modelos padronizados:<\/strong> O guia inclui templates espec\u00edficos para os PDUs t\u00e1ticos (administrativos) e operacionais (acad\u00eamicos), que devem ser seguidos para garantir uniformidade.<\/li>\n<li><strong>Apoio \u00e0s unidades:<\/strong> Oferecimento de suporte durante a elabora\u00e7\u00e3o, como fornecimento de dados e esclarecimento de d\u00favidas, com possibilidade de agendamento de atendimentos personalizados, atrav\u00e9s do e-mail &lt;<a href=\"mailto:cdip@ufpel.edu.br\" target=\"_blank\" rel=\"noopener\">cdip@ufpel.edu.br&gt;.<\/a><\/li>\n<li><strong>Envio e avalia\u00e7\u00e3o:<\/strong> Os PDUs devem ser submetidos em PDF, analisados pelo Conselho de Planejamento (COPLAN) e oficializados por portaria.<\/li>\n<li><strong>Processo de elabora\u00e7\u00e3o:<\/strong> Mant\u00e9m-se a estrutura em duas etapas: anal\u00edtica e propositiva, utilizando a ferramenta PlanejaPDU para preenchimento e gerenciamento.<\/li>\n<\/ol>\n<\/div>\n<\/div>\n<\/div>\n<\/div>\n<div class=\"flex max-w-full flex-col flex-grow\">\n<div class=\"min-h-8 text-message flex w-full flex-col items-end gap-2 whitespace-normal break-words [.text-message+&amp;]:mt-5\" dir=\"auto\" data-message-author-role=\"assistant\" data-message-id=\"3350ec81-84cc-4d6e-9cef-cb45bab0b0a9\" data-message-model-slug=\"gpt-4o\"><\/div>\n<\/div>\n","protected":false},"excerpt":{"rendered":"<p>O terceiro ciclo de Planos de Desenvolvimento das Unidades O Planejamento Participativo e descentralizado d\u00e1 mais um passo neste momento, no qual \u00e9 lan\u00e7ado o Guia para Elabora\u00e7\u00e3o dos Planos de Desenvolvimento das Unidades (PDUs) do terceiro ciclo. O novo guia enfatiza: Planejamento participativo: Todas as unidades acad\u00eamicas e administrativas devem elaborar seus PDUs de [&hellip;]<\/p>\n","protected":false},"author":1231,"featured_media":0,"parent":0,"menu_order":0,"comment_status":"closed","ping_status":"closed","template":"","meta":{"footnotes":""},"class_list":["post-1478","page","type-page","status-publish","hentry"],"_links":{"self":[{"href":"https:\/\/wp.ufpel.edu.br\/planejamentoufpel\/wp-json\/wp\/v2\/pages\/1478","targetHints":{"allow":["GET"]}}],"collection":[{"href":"https:\/\/wp.ufpel.edu.br\/planejamentoufpel\/wp-json\/wp\/v2\/pages"}],"about":[{"href":"https:\/\/wp.ufpel.edu.br\/planejamentoufpel\/wp-json\/wp\/v2\/types\/page"}],"author":[{"embeddable":true,"href":"https:\/\/wp.ufpel.edu.br\/planejamentoufpel\/wp-json\/wp\/v2\/users\/1231"}],"replies":[{"embeddable":true,"href":"https:\/\/wp.ufpel.edu.br\/planejamentoufpel\/wp-json\/wp\/v2\/comments?post=1478"}],"version-history":[{"count":1,"href":"https:\/\/wp.ufpel.edu.br\/planejamentoufpel\/wp-json\/wp\/v2\/pages\/1478\/revisions"}],"predecessor-version":[{"id":1480,"href":"https:\/\/wp.ufpel.edu.br\/planejamentoufpel\/wp-json\/wp\/v2\/pages\/1478\/revisions\/1480"}],"wp:attachment":[{"href":"https:\/\/wp.ufpel.edu.br\/planejamentoufpel\/wp-json\/wp\/v2\/media?parent=1478"}],"curies":[{"name":"wp","href":"https:\/\/api.w.org\/{rel}","templated":true}]}}