{"id":1437,"date":"2024-11-11T18:56:14","date_gmt":"2024-11-11T21:56:14","guid":{"rendered":"https:\/\/wp.ufpel.edu.br\/planejamentoufpel\/?page_id=1437"},"modified":"2024-11-18T08:55:10","modified_gmt":"2024-11-18T11:55:10","slug":"pdtic","status":"publish","type":"page","link":"https:\/\/wp.ufpel.edu.br\/planejamentoufpel\/pdtic\/","title":{"rendered":"PDTIC"},"content":{"rendered":"<h1 style=\"text-align: center;\">Plano Diretor de Tecnologia da<br \/>\nInforma\u00e7\u00e3o e Comunica\u00e7\u00e3o \u2013 PDTIC<\/h1>\n<p><a href=\"https:\/\/wikigovernanca.ufpel.edu.br\/_media\/pdtic_2023-2027_v.4_cgd.pdf\">Acesse o Plano Diretor de TIC 2023-2027 da UFPel clicando aqui.<\/a><\/p>\n","protected":false},"excerpt":{"rendered":"<p>Plano Diretor de Tecnologia da Informa\u00e7\u00e3o e Comunica\u00e7\u00e3o \u2013 PDTIC Acesse o Plano Diretor de TIC 2023-2027 da UFPel clicando aqui.<\/p>\n","protected":false},"author":1231,"featured_media":0,"parent":0,"menu_order":0,"comment_status":"closed","ping_status":"closed","template":"","meta":{"footnotes":""},"class_list":["post-1437","page","type-page","status-publish","hentry"],"_links":{"self":[{"href":"https:\/\/wp.ufpel.edu.br\/planejamentoufpel\/wp-json\/wp\/v2\/pages\/1437","targetHints":{"allow":["GET"]}}],"collection":[{"href":"https:\/\/wp.ufpel.edu.br\/planejamentoufpel\/wp-json\/wp\/v2\/pages"}],"about":[{"href":"https:\/\/wp.ufpel.edu.br\/planejamentoufpel\/wp-json\/wp\/v2\/types\/page"}],"author":[{"embeddable":true,"href":"https:\/\/wp.ufpel.edu.br\/planejamentoufpel\/wp-json\/wp\/v2\/users\/1231"}],"replies":[{"embeddable":true,"href":"https:\/\/wp.ufpel.edu.br\/planejamentoufpel\/wp-json\/wp\/v2\/comments?post=1437"}],"version-history":[{"count":3,"href":"https:\/\/wp.ufpel.edu.br\/planejamentoufpel\/wp-json\/wp\/v2\/pages\/1437\/revisions"}],"predecessor-version":[{"id":1442,"href":"https:\/\/wp.ufpel.edu.br\/planejamentoufpel\/wp-json\/wp\/v2\/pages\/1437\/revisions\/1442"}],"wp:attachment":[{"href":"https:\/\/wp.ufpel.edu.br\/planejamentoufpel\/wp-json\/wp\/v2\/media?parent=1437"}],"curies":[{"name":"wp","href":"https:\/\/api.w.org\/{rel}","templated":true}]}}