{"id":1330,"date":"2023-03-14T14:38:20","date_gmt":"2023-03-14T17:38:20","guid":{"rendered":"https:\/\/wp.ufpel.edu.br\/planejamentoufpel\/?page_id=1330"},"modified":"2025-05-19T09:22:29","modified_gmt":"2025-05-19T12:22:29","slug":"plano-diretor","status":"publish","type":"page","link":"https:\/\/wp.ufpel.edu.br\/planejamentoufpel\/plano-diretor\/","title":{"rendered":"Plano Diretor"},"content":{"rendered":"<p><img class=\"alignnone size-medium wp-image-39 aligncenter\" src=\"https:\/\/wp.ufpel.edu.br\/planejamentoufpel\/files\/2022\/05\/Plano-Diretor-400x159.png\" sizes=\"(max-width: 400px) 100vw, 400px\" srcset=\"https:\/\/wp.ufpel.edu.br\/planejamentoufpel\/files\/2022\/05\/Plano-Diretor-400x159.png 400w, https:\/\/wp.ufpel.edu.br\/planejamentoufpel\/files\/2022\/05\/Plano-Diretor-768x305.png 768w, https:\/\/wp.ufpel.edu.br\/planejamentoufpel\/files\/2022\/05\/Plano-Diretor.png 1019w\" alt=\"\" width=\"400\" height=\"159\" \/><\/p>\n<p>O <a href=\"https:\/\/wp.ufpel.edu.br\/planejamentoufpel\/files\/2025\/05\/PLANO-DIRETOR-UFPel-final-1-1.pdf\">Plano Diretor<\/a> \u00e9 o documento institucional de planejamento do espa\u00e7o territorial, constru\u00eddo e natural ocupado pela UFPel. Ele estabelece as diretrizes que dever\u00e3o ser seguidas pela UFPel nos pr\u00f3ximos anos, as quais ser\u00e3o elaboradas de forma participativa, a partir de um diagn\u00f3stico do cen\u00e1rio atual da universidade nos aspectos de infraestrutura, ambiental, cultural, social e econ\u00f4mico.<\/p>\n<p><a href=\"https:\/\/wp.ufpel.edu.br\/planejamentoufpel\/files\/2025\/05\/PLANO-DIRETOR-UFPel-final-1-1.pdf\"><img class=\"size-medium wp-image-1463 aligncenter\" src=\"https:\/\/wp.ufpel.edu.br\/planejamentoufpel\/files\/2025\/05\/Screenshot-2025-05-19-at-09-16-01-PLANO-DIRETOR-UFPel-final-1-1.pdf-284x400.png\" alt=\"\" width=\"284\" height=\"400\" srcset=\"https:\/\/wp.ufpel.edu.br\/planejamentoufpel\/files\/2025\/05\/Screenshot-2025-05-19-at-09-16-01-PLANO-DIRETOR-UFPel-final-1-1.pdf-284x400.png 284w, https:\/\/wp.ufpel.edu.br\/planejamentoufpel\/files\/2025\/05\/Screenshot-2025-05-19-at-09-16-01-PLANO-DIRETOR-UFPel-final-1-1.pdf.png 488w\" sizes=\"(max-width: 284px) 100vw, 284px\" \/><\/a><\/p>\n<p>&nbsp;<\/p>\n","protected":false},"excerpt":{"rendered":"<p>O Plano Diretor \u00e9 o documento institucional de planejamento do espa\u00e7o territorial, constru\u00eddo e natural ocupado pela UFPel. Ele estabelece as diretrizes que dever\u00e3o ser seguidas pela UFPel nos pr\u00f3ximos anos, as quais ser\u00e3o elaboradas de forma participativa, a partir de um diagn\u00f3stico do cen\u00e1rio atual da universidade nos aspectos de infraestrutura, ambiental, cultural, social [&hellip;]<\/p>\n","protected":false},"author":1231,"featured_media":0,"parent":0,"menu_order":0,"comment_status":"closed","ping_status":"closed","template":"","meta":{"footnotes":""},"class_list":["post-1330","page","type-page","status-publish","hentry"],"_links":{"self":[{"href":"https:\/\/wp.ufpel.edu.br\/planejamentoufpel\/wp-json\/wp\/v2\/pages\/1330","targetHints":{"allow":["GET"]}}],"collection":[{"href":"https:\/\/wp.ufpel.edu.br\/planejamentoufpel\/wp-json\/wp\/v2\/pages"}],"about":[{"href":"https:\/\/wp.ufpel.edu.br\/planejamentoufpel\/wp-json\/wp\/v2\/types\/page"}],"author":[{"embeddable":true,"href":"https:\/\/wp.ufpel.edu.br\/planejamentoufpel\/wp-json\/wp\/v2\/users\/1231"}],"replies":[{"embeddable":true,"href":"https:\/\/wp.ufpel.edu.br\/planejamentoufpel\/wp-json\/wp\/v2\/comments?post=1330"}],"version-history":[{"count":5,"href":"https:\/\/wp.ufpel.edu.br\/planejamentoufpel\/wp-json\/wp\/v2\/pages\/1330\/revisions"}],"predecessor-version":[{"id":1471,"href":"https:\/\/wp.ufpel.edu.br\/planejamentoufpel\/wp-json\/wp\/v2\/pages\/1330\/revisions\/1471"}],"wp:attachment":[{"href":"https:\/\/wp.ufpel.edu.br\/planejamentoufpel\/wp-json\/wp\/v2\/media?parent=1330"}],"curies":[{"name":"wp","href":"https:\/\/api.w.org\/{rel}","templated":true}]}}