{"id":1298,"date":"2022-12-16T17:34:34","date_gmt":"2022-12-16T20:34:34","guid":{"rendered":"https:\/\/wp.ufpel.edu.br\/planejamentoufpel\/?page_id=1298"},"modified":"2025-05-19T09:20:04","modified_gmt":"2025-05-19T12:20:04","slug":"politica-ambiental","status":"publish","type":"page","link":"https:\/\/wp.ufpel.edu.br\/planejamentoufpel\/politica-ambiental\/","title":{"rendered":"Pol\u00edtica Ambiental"},"content":{"rendered":"<p><img class=\"alignnone size-medium wp-image-40 aligncenter\" src=\"https:\/\/wp.ufpel.edu.br\/planejamentoufpel\/files\/2022\/05\/Poli\u0301tica-Ambiental-400x135.png\" alt=\"\" width=\"400\" height=\"135\" srcset=\"https:\/\/wp.ufpel.edu.br\/planejamentoufpel\/files\/2022\/05\/Poli\u0301tica-Ambiental-400x135.png 400w, https:\/\/wp.ufpel.edu.br\/planejamentoufpel\/files\/2022\/05\/Poli\u0301tica-Ambiental-1024x347.png 1024w, https:\/\/wp.ufpel.edu.br\/planejamentoufpel\/files\/2022\/05\/Poli\u0301tica-Ambiental-768x260.png 768w, https:\/\/wp.ufpel.edu.br\/planejamentoufpel\/files\/2022\/05\/Poli\u0301tica-Ambiental.png 1196w\" sizes=\"(max-width: 400px) 100vw, 400px\" \/><\/p>\n<p style=\"text-align: justify;\">A <a href=\"https:\/\/wp.ufpel.edu.br\/planejamentoufpel\/files\/2025\/05\/POLITICA_AMBIENTAL.pdf\">Pol\u00edtica Ambienta<\/a>l \u00e9 um documento institucional que re\u00fane um conjunto de princ\u00edpios, diretrizes e instrumentos norteadores das decis\u00f5es administrativas com vistas \u00e0 preserva\u00e7\u00e3o ambiental e melhoria cont\u00ednua das pr\u00e1ticas ambientais.<\/p>\n<h3 style=\"text-align: center;\"><a href=\"https:\/\/wp.ufpel.edu.br\/planejamentoufpel\/files\/2025\/05\/POLITICA_AMBIENTAL.pdf\"><img class=\"alignnone size-medium wp-image-1467\" src=\"https:\/\/wp.ufpel.edu.br\/planejamentoufpel\/files\/2025\/05\/Screenshot-2025-05-19-at-09-19-25-POLITICA_AMBIENTAL.pdf-285x400.png\" alt=\"\" width=\"285\" height=\"400\" srcset=\"https:\/\/wp.ufpel.edu.br\/planejamentoufpel\/files\/2025\/05\/Screenshot-2025-05-19-at-09-19-25-POLITICA_AMBIENTAL.pdf-285x400.png 285w, https:\/\/wp.ufpel.edu.br\/planejamentoufpel\/files\/2025\/05\/Screenshot-2025-05-19-at-09-19-25-POLITICA_AMBIENTAL.pdf.png 490w\" sizes=\"(max-width: 285px) 100vw, 285px\" \/><\/a><\/h3>\n<p>&nbsp;<\/p>\n","protected":false},"excerpt":{"rendered":"<p>A Pol\u00edtica Ambiental \u00e9 um documento institucional que re\u00fane um conjunto de princ\u00edpios, diretrizes e instrumentos norteadores das decis\u00f5es administrativas com vistas \u00e0 preserva\u00e7\u00e3o ambiental e melhoria cont\u00ednua das pr\u00e1ticas ambientais. &nbsp;<\/p>\n","protected":false},"author":1231,"featured_media":0,"parent":0,"menu_order":0,"comment_status":"closed","ping_status":"closed","template":"","meta":{"footnotes":""},"class_list":["post-1298","page","type-page","status-publish","hentry"],"_links":{"self":[{"href":"https:\/\/wp.ufpel.edu.br\/planejamentoufpel\/wp-json\/wp\/v2\/pages\/1298","targetHints":{"allow":["GET"]}}],"collection":[{"href":"https:\/\/wp.ufpel.edu.br\/planejamentoufpel\/wp-json\/wp\/v2\/pages"}],"about":[{"href":"https:\/\/wp.ufpel.edu.br\/planejamentoufpel\/wp-json\/wp\/v2\/types\/page"}],"author":[{"embeddable":true,"href":"https:\/\/wp.ufpel.edu.br\/planejamentoufpel\/wp-json\/wp\/v2\/users\/1231"}],"replies":[{"embeddable":true,"href":"https:\/\/wp.ufpel.edu.br\/planejamentoufpel\/wp-json\/wp\/v2\/comments?post=1298"}],"version-history":[{"count":5,"href":"https:\/\/wp.ufpel.edu.br\/planejamentoufpel\/wp-json\/wp\/v2\/pages\/1298\/revisions"}],"predecessor-version":[{"id":1468,"href":"https:\/\/wp.ufpel.edu.br\/planejamentoufpel\/wp-json\/wp\/v2\/pages\/1298\/revisions\/1468"}],"wp:attachment":[{"href":"https:\/\/wp.ufpel.edu.br\/planejamentoufpel\/wp-json\/wp\/v2\/media?parent=1298"}],"curies":[{"name":"wp","href":"https:\/\/api.w.org\/{rel}","templated":true}]}}