{"id":1222,"date":"2022-09-15T10:07:24","date_gmt":"2022-09-15T13:07:24","guid":{"rendered":"https:\/\/wp.ufpel.edu.br\/planejamentoufpel\/?page_id=1222"},"modified":"2022-09-15T10:07:24","modified_gmt":"2022-09-15T13:07:24","slug":"pdi-2015-2021","status":"publish","type":"page","link":"https:\/\/wp.ufpel.edu.br\/planejamentoufpel\/pdi-2015-2021\/","title":{"rendered":"PDI 2015-2021"},"content":{"rendered":"<h3 style=\"text-align: center;\">Plano de Desenvolvimento Institucional (2015-2021)<\/h3>\n<ul>\n<li><a href=\"https:\/\/wp.ufpel.edu.br\/planejamentoufpel\/files\/2022\/06\/PDI-UFPel_13-2015_rev03.pdf\">PDI (2015-2021)<\/a><\/li>\n<li><a href=\"https:\/\/wp.ufpel.edu.br\/coplan\/files\/2021\/09\/Metodologia-PDI.pdf\">Resolu\u00e7\u00e3o prorroga\u00e7\u00e3o da vig\u00eancia do PDI<\/a><\/li>\n<\/ul>\n<h4>Relat\u00f3rio de execu\u00e7\u00e3o e avalia\u00e7\u00e3o do PDI 2015-2021<\/h4>\n<ul>\n<li><a href=\"https:\/\/wp.ufpel.edu.br\/planejamentoufpel\/files\/2022\/06\/1.-Relatorio-PDI-2015-2020_rev05-com-ficha-catolg.pdf\">Avalia\u00e7\u00e3o e execu\u00e7\u00e3o do Plano de Desenvolvimento Institucional (PDI)<\/a><\/li>\n<li><a href=\"https:\/\/wp.ufpel.edu.br\/planejamentoufpel\/files\/2021\/09\/Revista-PDI-versao-finalissima.pdf\">Revista do PDI 2015-2021 &#8211; A\u00e7\u00f5es e Conex\u00f5es<\/a><\/li>\n<\/ul>\n<p><a href=\"https:\/\/wp.ufpel.edu.br\/planejamentoufpel\/files\/2022\/06\/PDI-UFPel_13-2015_rev03.pdf\"><img class=\"alignnone size-medium wp-image-1107\" src=\"https:\/\/wp.ufpel.edu.br\/planejamentoufpel\/files\/2022\/07\/CAPA-pdi-279x400.png\" alt=\"\" width=\"279\" height=\"400\" srcset=\"https:\/\/wp.ufpel.edu.br\/planejamentoufpel\/files\/2022\/07\/CAPA-pdi-279x400.png 279w, https:\/\/wp.ufpel.edu.br\/planejamentoufpel\/files\/2022\/07\/CAPA-pdi.png 454w\" sizes=\"(max-width: 279px) 100vw, 279px\" \/><\/a>\u00a0 \u00a0 <a href=\"https:\/\/wp.ufpel.edu.br\/planejamentoufpel\/files\/2022\/06\/1.-Relatorio-PDI-2015-2020_rev05-com-ficha-catolg.pdf\"><img class=\"alignnone size-medium wp-image-1014\" src=\"https:\/\/wp.ufpel.edu.br\/planejamentoufpel\/files\/2022\/05\/Relatorio-PDI-2015-2020_rev04-1_page-0001-283x400.jpg\" alt=\"\" width=\"283\" height=\"400\" srcset=\"https:\/\/wp.ufpel.edu.br\/planejamentoufpel\/files\/2022\/05\/Relatorio-PDI-2015-2020_rev04-1_page-0001-283x400.jpg 283w, https:\/\/wp.ufpel.edu.br\/planejamentoufpel\/files\/2022\/05\/Relatorio-PDI-2015-2020_rev04-1_page-0001-725x1024.jpg 725w, https:\/\/wp.ufpel.edu.br\/planejamentoufpel\/files\/2022\/05\/Relatorio-PDI-2015-2020_rev04-1_page-0001-768x1085.jpg 768w, https:\/\/wp.ufpel.edu.br\/planejamentoufpel\/files\/2022\/05\/Relatorio-PDI-2015-2020_rev04-1_page-0001-1087x1536.jpg 1087w, https:\/\/wp.ufpel.edu.br\/planejamentoufpel\/files\/2022\/05\/Relatorio-PDI-2015-2020_rev04-1_page-0001.jpg 1241w\" sizes=\"(max-width: 283px) 100vw, 283px\" \/><\/a>\u00a0 \u00a0 <a href=\"https:\/\/wp.ufpel.edu.br\/planejamentoufpel\/files\/2021\/09\/Revista-PDI-versao-finalissima.pdf\"><img class=\"alignnone size-medium wp-image-811\" src=\"https:\/\/wp.ufpel.edu.br\/planejamentoufpel\/files\/2021\/09\/Revista-PDI-versao-finalissima_pages-to-jpg-0001-283x400.jpg\" alt=\"\" width=\"283\" height=\"400\" srcset=\"https:\/\/wp.ufpel.edu.br\/planejamentoufpel\/files\/2021\/09\/Revista-PDI-versao-finalissima_pages-to-jpg-0001-283x400.jpg 283w, https:\/\/wp.ufpel.edu.br\/planejamentoufpel\/files\/2021\/09\/Revista-PDI-versao-finalissima_pages-to-jpg-0001-725x1024.jpg 725w, https:\/\/wp.ufpel.edu.br\/planejamentoufpel\/files\/2021\/09\/Revista-PDI-versao-finalissima_pages-to-jpg-0001-768x1085.jpg 768w, https:\/\/wp.ufpel.edu.br\/planejamentoufpel\/files\/2021\/09\/Revista-PDI-versao-finalissima_pages-to-jpg-0001-1087x1536.jpg 1087w, https:\/\/wp.ufpel.edu.br\/planejamentoufpel\/files\/2021\/09\/Revista-PDI-versao-finalissima_pages-to-jpg-0001.jpg 1241w\" sizes=\"(max-width: 283px) 100vw, 283px\" \/><\/a><\/p>\n<p>&nbsp;<\/p>\n<p>&nbsp;<\/p>\n","protected":false},"excerpt":{"rendered":"<p>Plano de Desenvolvimento Institucional (2015-2021) PDI (2015-2021) Resolu\u00e7\u00e3o prorroga\u00e7\u00e3o da vig\u00eancia do PDI Relat\u00f3rio de execu\u00e7\u00e3o e avalia\u00e7\u00e3o do PDI 2015-2021 Avalia\u00e7\u00e3o e execu\u00e7\u00e3o do Plano de Desenvolvimento Institucional (PDI) Revista do PDI 2015-2021 &#8211; A\u00e7\u00f5es e Conex\u00f5es \u00a0 \u00a0 \u00a0 \u00a0 &nbsp; &nbsp;<\/p>\n","protected":false},"author":1231,"featured_media":0,"parent":0,"menu_order":0,"comment_status":"closed","ping_status":"closed","template":"","meta":{"footnotes":""},"class_list":["post-1222","page","type-page","status-publish","hentry"],"_links":{"self":[{"href":"https:\/\/wp.ufpel.edu.br\/planejamentoufpel\/wp-json\/wp\/v2\/pages\/1222","targetHints":{"allow":["GET"]}}],"collection":[{"href":"https:\/\/wp.ufpel.edu.br\/planejamentoufpel\/wp-json\/wp\/v2\/pages"}],"about":[{"href":"https:\/\/wp.ufpel.edu.br\/planejamentoufpel\/wp-json\/wp\/v2\/types\/page"}],"author":[{"embeddable":true,"href":"https:\/\/wp.ufpel.edu.br\/planejamentoufpel\/wp-json\/wp\/v2\/users\/1231"}],"replies":[{"embeddable":true,"href":"https:\/\/wp.ufpel.edu.br\/planejamentoufpel\/wp-json\/wp\/v2\/comments?post=1222"}],"version-history":[{"count":1,"href":"https:\/\/wp.ufpel.edu.br\/planejamentoufpel\/wp-json\/wp\/v2\/pages\/1222\/revisions"}],"predecessor-version":[{"id":1224,"href":"https:\/\/wp.ufpel.edu.br\/planejamentoufpel\/wp-json\/wp\/v2\/pages\/1222\/revisions\/1224"}],"wp:attachment":[{"href":"https:\/\/wp.ufpel.edu.br\/planejamentoufpel\/wp-json\/wp\/v2\/media?parent=1222"}],"curies":[{"name":"wp","href":"https:\/\/api.w.org\/{rel}","templated":true}]}}