{"id":1212,"date":"2022-09-15T09:49:25","date_gmt":"2022-09-15T12:49:25","guid":{"rendered":"https:\/\/wp.ufpel.edu.br\/planejamentoufpel\/?page_id=1212"},"modified":"2022-09-28T09:21:29","modified_gmt":"2022-09-28T12:21:29","slug":"apresentacao-2","status":"publish","type":"page","link":"https:\/\/wp.ufpel.edu.br\/planejamentoufpel\/apresentacao-2\/","title":{"rendered":"Apresenta\u00e7\u00e3o"},"content":{"rendered":"<p><img class=\"alignnone wp-image-37 aligncenter\" src=\"https:\/\/wp.ufpel.edu.br\/planejamentoufpel\/files\/2022\/05\/Plano-de-desenvolvimento-institucional-400x107.png\" alt=\"\" width=\"531\" height=\"142\" srcset=\"https:\/\/wp.ufpel.edu.br\/planejamentoufpel\/files\/2022\/05\/Plano-de-desenvolvimento-institucional-400x107.png 400w, https:\/\/wp.ufpel.edu.br\/planejamentoufpel\/files\/2022\/05\/Plano-de-desenvolvimento-institucional-1024x273.png 1024w, https:\/\/wp.ufpel.edu.br\/planejamentoufpel\/files\/2022\/05\/Plano-de-desenvolvimento-institucional-768x204.png 768w, https:\/\/wp.ufpel.edu.br\/planejamentoufpel\/files\/2022\/05\/Plano-de-desenvolvimento-institucional.png 1521w\" sizes=\"(max-width: 531px) 100vw, 531px\" \/><\/p>\n<p>&nbsp;<\/p>\n<p style=\"text-align: justify;\">Com o objetivo de facilitar o entendimento sobre Planejamento Universit\u00e1rio e <strong>Plano de Desenvolvimento Institucional<\/strong> (PDI) <a href=\"https:\/\/wp.ufpel.edu.br\/planejamentoufpel\/pdi-vigente-2022-2026\/\">(acesse aqui o PDI 2022-2026)<\/a> a CDIP\/PROPLAN organizou um material, estruturado em perguntas e respostas, com conceitos b\u00e1sicos sobre planejamento institucional universit\u00e1rio.<\/p>\n<p>Acesse o material\u00a0<strong><a href=\"https:\/\/wp.ufpel.edu.br\/coplan\/files\/2021\/08\/Conceitos-Basicos-sobre-planejamento-institucional.pdf\">clicando aqui <\/a><\/strong>ou acompanhe abaixo:<\/p>\n<ol style=\"text-align: justify;\">\n<li><b>O que \u00e9 um PDI?<\/b><\/li>\n<\/ol>\n<p style=\"text-align: justify;\"><span style=\"font-weight: 400;\">O PDI \u00e9 um documento institucional de planejamento e gest\u00e3o que estabelece as diretrizes a serem seguidas pela institui\u00e7\u00e3o nos pr\u00f3ximos 5 anos, atrav\u00e9s de objetivos estrat\u00e9gicos, objetivos espec\u00edficos, a\u00e7\u00f5es e indicadores; considerando sua identidade, estrutura organizacional e comunidade acad\u00eamica.<\/span><\/p>\n<p style=\"text-align: justify;\"><span style=\"font-weight: 400;\">O PDI est\u00e1 previsto no <\/span><a href=\"http:\/\/www.planalto.gov.br\/ccivil_03\/_ato2015-2018\/2017\/decreto\/D9235.htm\"><span style=\"font-weight: 400;\">Decreto n\u00b0 9235\/2017<\/span><\/a><span style=\"font-weight: 400;\">, sendo um dos requisitos obrigat\u00f3rios para avalia\u00e7\u00e3o de cursos superiores.<\/span><\/p>\n<ol style=\"text-align: justify;\" start=\"2\">\n<li><b><\/b> <b>O que s\u00e3o objetivos estrat\u00e9gicos?<\/b><\/li>\n<\/ol>\n<p style=\"text-align: justify;\"><span style=\"font-weight: 400;\">Objetivos estrat\u00e9gicos s\u00e3o desafios que precisam ser alcan\u00e7ados para que a institui\u00e7\u00e3o consiga trilhar o caminho desejado.<\/span><\/p>\n<ol style=\"text-align: justify;\" start=\"3\">\n<li><b><\/b> <b>O que s\u00e3o objetivos espec\u00edficos?<\/b><\/li>\n<\/ol>\n<p style=\"text-align: justify;\"><span style=\"font-weight: 400;\">Os objetivos espec\u00edficos detalham cada objetivo estrat\u00e9gico, expondo resultados que se pretende alcan\u00e7ar a partir deles.<\/span><\/p>\n<ol style=\"text-align: justify;\" start=\"4\">\n<li><b><\/b> <b>O que s\u00e3o a\u00e7\u00f5es?<\/b><\/li>\n<\/ol>\n<p style=\"text-align: justify;\"><span style=\"font-weight: 400;\">As a\u00e7\u00f5es s\u00e3o as atividades que devem ser realizadas para o alcance de cada objetivo, configurando-se como o n\u00edvel mais espec\u00edfico e detalhado de execu\u00e7\u00e3o.\u00a0<\/span><\/p>\n<ol style=\"text-align: justify;\" start=\"5\">\n<li><b><\/b> <b>O que s\u00e3o indicadores?<\/b><\/li>\n<\/ol>\n<p style=\"text-align: justify;\"><span style=\"font-weight: 400;\">Indicadores s\u00e3o recursos metodol\u00f3gicos que informam acerca do alcance dos objetivos e\/ou realiza\u00e7\u00e3o das a\u00e7\u00f5es, por isso podem servir de par\u00e2metro para propostas de transforma\u00e7\u00e3o, ou para decis\u00f5es de gest\u00e3o. Estabelecendo metas a serem alcan\u00e7adas \u00e9 poss\u00edvel avaliar a execu\u00e7\u00e3o atrav\u00e9s da sua medi\u00e7\u00e3o. Para criar um bom indicador \u00e9 fundamental entender o objetivo a que se quer chegar e em seguida, definir uma medida que possa indicar se esse objetivo est\u00e1 sendo alcan\u00e7ado, por exemplo, o percentual de diploma\u00e7\u00e3o por semestre.<\/span><\/p>\n<ol style=\"text-align: justify;\" start=\"6\">\n<li><b><\/b> <b>O que \u00e9 cronograma?<\/b><\/li>\n<\/ol>\n<p style=\"text-align: justify;\"><span style=\"font-weight: 400;\">O cronograma \u00e9 uma ferramenta de planejamento e controle onde s\u00e3o apresentados os objetivos e\/ou as atividades a serem executadas durante o per\u00edodo de execu\u00e7\u00e3o do PDI, recebendo prazos e metas individuais que servir\u00e3o de base para avaliar a execu\u00e7\u00e3o do Plano.<\/span><\/p>\n<ol style=\"text-align: justify;\" start=\"7\">\n<li><b>O que \u00e9 um PDU?<\/b><\/li>\n<\/ol>\n<p style=\"text-align: justify;\"><span style=\"font-weight: 400;\">Os PDUs s\u00e3o Planos de Desenvolvimento das Unidades, elaborados de forma participativa na UFPel, onde s\u00e3o apresentados os planejamentos t\u00e1ticos das unidades administrativas e operacionais das unidades acad\u00eamicas, servindo de base para a proposta de elabora\u00e7\u00e3o de objetivos estrat\u00e9gicos e espec\u00edficos quando da renova\u00e7\u00e3o do PDI.<\/span><\/p>\n<ol style=\"text-align: justify;\" start=\"8\">\n<li><b><\/b> <b>O que \u00e9 o or\u00e7amento participativo da UFPel?<\/b><\/li>\n<\/ol>\n<p style=\"text-align: justify;\"><span style=\"font-weight: 400;\">O or\u00e7amento participativo \u00e9 uma pe\u00e7a de gest\u00e3o compartilhada onde parte dos recursos da universidade t\u00eam sua aplica\u00e7\u00e3o definida pela comunidade acad\u00eamica, atrav\u00e9s de ampla participa\u00e7\u00e3o, servindo de base para a elabora\u00e7\u00e3o de objetivos estrat\u00e9gicos do novo PDI.<\/span><\/p>\n<ol style=\"text-align: justify;\" start=\"9\">\n<li><b><\/b> <b>O que \u00e9 a avalia\u00e7\u00e3o discente de disciplinas?<\/b><\/li>\n<\/ol>\n<p style=\"text-align: justify;\"><span style=\"font-weight: 400;\">A avalia\u00e7\u00e3o discente de disciplinas \u00e9 o momento em que os alunos podem avaliar todas as disciplinas em que est\u00e3o matriculados e todos os professores com os quais t\u00eam aula. A avalia\u00e7\u00e3o considera o trabalho do professor, a infraestrutura oferecida pela Universidade para a disciplina, a disciplina propriamente dita, o desempenho do pr\u00f3prio estudante na disciplina, entre outros aspectos, servindo de base para a elabora\u00e7\u00e3o de objetivos espec\u00edficos do novo PDI.<\/span><\/p>\n<ol style=\"text-align: justify;\" start=\"10\">\n<li><b> O que \u00e9 obrigat\u00f3rio no PDI?<\/b><\/li>\n<\/ol>\n<p style=\"text-align: justify;\"><span style=\"font-weight: 400;\">O conte\u00fado m\u00ednimo do PDI \u00e9 definido pelo <\/span><b>Artigo 21<\/b><span style=\"font-weight: 400;\"> do <\/span><a href=\"http:\/\/www.planalto.gov.br\/ccivil_03\/_ato2015-2018\/2017\/decreto\/D9235.htm\"><span style=\"font-weight: 400;\">Decreto n\u00ba 9235, de 2017<\/span><\/a><span style=\"font-weight: 400;\">, onde s\u00e3o apontados a necessidade de objetivos e metas, Projeto Pedag\u00f3gico Institucional (PPI), organiza\u00e7\u00e3o did\u00e1tico \u00adpedag\u00f3gico, planejamento de oferta de cursos, funcionamento administrativo, infraestrutura, entre outros aspectos.<\/span><\/p>\n<ol style=\"text-align: justify;\" start=\"11\">\n<li><b> Quem \u00e9 o respons\u00e1vel pela elabora\u00e7\u00e3o do PDI?<\/b><\/li>\n<\/ol>\n<p style=\"text-align: justify;\"><span style=\"font-weight: 400;\">As Institui\u00e7\u00f5es de Educa\u00e7\u00e3o Superior (IES) P\u00fablicas s\u00e3o respons\u00e1veis pela elabora\u00e7\u00e3o de seus PDIs. Na UFPel, o PDI 2022-2026 foi elaborado com base na metodologia aprovada pelo Conselho Universit\u00e1rio (CONSUN), atrav\u00e9s da Resolu\u00e7\u00e3o n\u00ba 46, de 2021, onde a etapa de elabora\u00e7\u00e3o \u00e9 conduzida pelas Comiss\u00f5es de Elabora\u00e7\u00e3o do PDI, constitu\u00eddas de forma participativa e subsidiadas pelo Conselho de Planejamento (COPLAN). Al\u00e9m disso, a participa\u00e7\u00e3o da comunidade tamb\u00e9m se deu atrav\u00e9s de consultas e formul\u00e1rios amplamente divulgados.<\/span><\/p>\n<ol style=\"text-align: justify;\" start=\"12\">\n<li><b> Como foi o processo de elabora\u00e7\u00e3o do PDI (2022-2026)?<\/b><\/li>\n<\/ol>\n<p style=\"text-align: justify;\"><span style=\"font-weight: 400;\">O processo de elabora\u00e7\u00e3o do PDI foi participativo, aprovado atrav\u00e9s da <\/span><a href=\"https:\/\/wp.ufpel.edu.br\/scs\/files\/2021\/03\/Resolucao-46-CONSUN.pdf\"><span style=\"font-weight: 400;\">Resolu\u00e7\u00e3o n\u00ba 46, de 2021, do CONSUN<\/span><\/a><span style=\"font-weight: 400;\">, compreendendo quatro grandes passos: avalia\u00e7\u00e3o, diretrizes, elabora\u00e7\u00e3o e aprova\u00e7\u00e3o.<\/span><\/p>\n<p style=\"text-align: justify;\"><span style=\"font-weight: 400;\">A avalia\u00e7\u00e3o consistiu na an\u00e1lise dos Relat\u00f3rios de Gest\u00e3o dos anos de 2015 a 2020 e na realiza\u00e7\u00e3o de semin\u00e1rios internos com os setores respons\u00e1veis pela execu\u00e7\u00e3o, com a finalidade de avaliar o PDI 2015-2021. A Coordena\u00e7\u00e3o de Desenvolvimento Institucional Participativo (CDIP) organizou um documento reunindo as informa\u00e7\u00f5es colhidas a esse respeito.\u00a0 <a href=\"https:\/\/wp.ufpel.edu.br\/pdi\/files\/2022\/03\/Relatorio-PDI-2015-2020_rev05.pdf\">Acesse aqui o Relat\u00f3rio de execu\u00e7\u00e3o e avalia\u00e7\u00e3o do PDI 2015-2021.<\/a><\/span><\/p>\n<p style=\"text-align: justify;\"><span style=\"font-weight: 400;\">Na etapa de diretrizes, foram definidos os objetivos estrat\u00e9gicos e espec\u00edficos do novo PDI, tendo como base a an\u00e1lise de documentos pr\u00e9vios elaborados participativamente, como os PDUs, o or\u00e7amento participativo e a avalia\u00e7\u00e3o discente de disciplinas, al\u00e9m da consulta \u00e0 comunidade atrav\u00e9s de formul\u00e1rio online. Assim, a renova\u00e7\u00e3o participativa do PDI foi iniciada com a mobiliza\u00e7\u00e3o da comunidade para elabora\u00e7\u00e3o participativa dos documentos citados acima, em 2018 e 2019.<\/span><\/p>\n<p style=\"text-align: justify;\"><span style=\"font-weight: 400;\">A etapa de elabora\u00e7\u00e3o consistiu na reda\u00e7\u00e3o do novo PDI e na elabora\u00e7\u00e3o de suas metas, indicadores e cronograma.<\/span><\/p>\n<p style=\"text-align: justify;\"><span style=\"font-weight: 400;\">Por fim, a aprova\u00e7\u00e3o do documento se deu a partir do CONSUN.<\/span><\/p>\n<ol style=\"text-align: justify;\" start=\"13\">\n<li><b>O que fizeram as Comiss\u00f5es de Elabora\u00e7\u00e3o do PDI?<\/b><\/li>\n<\/ol>\n<p style=\"text-align: justify;\"><span style=\"font-weight: 400;\">As Comiss\u00f5es de Elabora\u00e7\u00e3o do PDI foram respons\u00e1veis por redigir o documento final, com especial aten\u00e7\u00e3o aos objetivos estrat\u00e9gicos e espec\u00edficos e \u00e0s a\u00e7\u00f5es geradas na etapa de diretrizes, al\u00e9m de propor as metas, indicadores e cronograma para a execu\u00e7\u00e3o do PDI 2022-2026. Elas podem, igualmente, complementar a\u00e7\u00f5es, al\u00e9m de analisar e avaliar a transi\u00e7\u00e3o entre o PDI (2015 &#8211; 2021) e o PDI (2022 &#8211; 2026). Todo o trabalho realizado pelas comiss\u00f5es foi submetido ao COPLAN, que ap\u00f3s an\u00e1lise, enviou o texto \u00e0 aprova\u00e7\u00e3o final.\u00a0\u00a0<\/span><\/p>\n<ol style=\"text-align: justify;\" start=\"14\">\n<li><b> Quem aprovou o PDI?<\/b><\/li>\n<\/ol>\n<p style=\"text-align: justify;\"><span style=\"font-weight: 400;\">A aprova\u00e7\u00e3o final do PDI \u00e9 realizada pelo Conselho Universit\u00e1rio.<\/span><\/p>\n<ol style=\"text-align: justify;\" start=\"15\">\n<li><b> Qual o horizonte de planejamento do PDI e qual a sua periodicidade de execu\u00e7\u00e3o?<\/b><\/li>\n<\/ol>\n<p style=\"text-align: justify;\"><span style=\"font-weight: 400;\">O horizonte de planejamento do PDI se d\u00e1 a partir das grandes ambi\u00e7\u00f5es da comunidade acad\u00eamica, abordando, atrav\u00e9s de objetivos estrat\u00e9gicos e espec\u00edficos desdobrados em a\u00e7\u00f5es, as estrat\u00e9gias tra\u00e7adas para alcan\u00e7ar o desejado. O olhar estrat\u00e9gico para a institui\u00e7\u00e3o como um todo faz com que o PDI se diferencie de outros documentos de planejamento, como os PDUs, por exemplo, que abordam objetivos e a\u00e7\u00f5es a partir das especificidades do cotidiano de cada unidade.<\/span><\/p>\n<p style=\"text-align: justify;\"><span style=\"font-weight: 400;\">O novo PDI tem vig\u00eancia de cinco anos, conforme disp\u00f5e o item 19.2 do anexo da <\/span><a href=\"https:\/\/www.in.gov.br\/materia\/-\/asset_publisher\/Kujrw0TZC2Mb\/content\/id\/1284644\/do1-2017-12-22-portaria-n-21-de-21-de-dezembro-de-2017-1284640-1284640\"><span style=\"font-weight: 400;\">Portaria n\u00ba. 21, de 2017<\/span><\/a><span style=\"font-weight: 400;\">, do Minist\u00e9rio da Educa\u00e7\u00e3o (MEC).<\/span><\/p>\n<ol style=\"text-align: justify;\" start=\"16\">\n<li><b> Qual a rela\u00e7\u00e3o entre PPI e PDI?\u00a0<\/b><\/li>\n<\/ol>\n<p style=\"text-align: justify;\"><span style=\"font-weight: 400;\">Tanto o PPI quanto o PDI s\u00e3o fundamentais para a defini\u00e7\u00e3o da identidade da institui\u00e7\u00e3o e indicam inten\u00e7\u00f5es e propostas de inova\u00e7\u00e3o que pretendem alcan\u00e7ar, entretanto, o primeiro norteia as pr\u00e1ticas acad\u00eamicas da institui\u00e7\u00e3o enquanto o segundo est\u00e1 mais ligado com a pr\u00e1tica e os resultados institucionais. O PPI \u00e9 o documento orientador das aspira\u00e7\u00f5es acad\u00eamico-pedag\u00f3gicas institucionais, ou seja, das atividades fim da universidade, enquanto o PDI tra\u00e7a a completude de todas as naturezas de a\u00e7\u00f5es visando viabilizar as concretiza\u00e7\u00f5es.\u00a0<\/span><\/p>\n<p style=\"text-align: justify;\"><a href=\"https:\/\/wp.ufpel.edu.br\/planejamentoufpel\/pdi-vigente-2022-2026\/\"><span style=\"font-weight: 400;\">Acesse o nosso Plano de Desenvolvimento Institucional (PDI) vigente<\/span><\/a><span style=\"font-weight: 400;\">.<\/span><\/p>\n<p style=\"text-align: justify;\"><a href=\"https:\/\/wp.ufpel.edu.br\/planejamentoufpel\/files\/2015\/08\/PPI_16_09.pdf\"><span style=\"font-weight: 400;\">Acesse o nosso Projeto Pedag\u00f3gico Institucional (PPI) vigente<\/span><\/a><span style=\"font-weight: 400;\">.<\/span><\/p>\n","protected":false},"excerpt":{"rendered":"<p>&nbsp; Com o objetivo de facilitar o entendimento sobre Planejamento Universit\u00e1rio e Plano de Desenvolvimento Institucional (PDI) (acesse aqui o PDI 2022-2026) a CDIP\/PROPLAN organizou um material, estruturado em perguntas e respostas, com conceitos b\u00e1sicos sobre planejamento institucional universit\u00e1rio. Acesse o material\u00a0clicando aqui ou acompanhe abaixo: O que \u00e9 um PDI? O PDI \u00e9 um [&hellip;]<\/p>\n","protected":false},"author":1231,"featured_media":0,"parent":0,"menu_order":0,"comment_status":"closed","ping_status":"closed","template":"","meta":{"footnotes":""},"class_list":["post-1212","page","type-page","status-publish","hentry"],"_links":{"self":[{"href":"https:\/\/wp.ufpel.edu.br\/planejamentoufpel\/wp-json\/wp\/v2\/pages\/1212","targetHints":{"allow":["GET"]}}],"collection":[{"href":"https:\/\/wp.ufpel.edu.br\/planejamentoufpel\/wp-json\/wp\/v2\/pages"}],"about":[{"href":"https:\/\/wp.ufpel.edu.br\/planejamentoufpel\/wp-json\/wp\/v2\/types\/page"}],"author":[{"embeddable":true,"href":"https:\/\/wp.ufpel.edu.br\/planejamentoufpel\/wp-json\/wp\/v2\/users\/1231"}],"replies":[{"embeddable":true,"href":"https:\/\/wp.ufpel.edu.br\/planejamentoufpel\/wp-json\/wp\/v2\/comments?post=1212"}],"version-history":[{"count":4,"href":"https:\/\/wp.ufpel.edu.br\/planejamentoufpel\/wp-json\/wp\/v2\/pages\/1212\/revisions"}],"predecessor-version":[{"id":1255,"href":"https:\/\/wp.ufpel.edu.br\/planejamentoufpel\/wp-json\/wp\/v2\/pages\/1212\/revisions\/1255"}],"wp:attachment":[{"href":"https:\/\/wp.ufpel.edu.br\/planejamentoufpel\/wp-json\/wp\/v2\/media?parent=1212"}],"curies":[{"name":"wp","href":"https:\/\/api.w.org\/{rel}","templated":true}]}}