{"id":12,"date":"2022-05-06T17:28:41","date_gmt":"2022-05-06T20:28:41","guid":{"rendered":"https:\/\/wp.ufpel.edu.br\/planejamentoufpel\/?page_id=12"},"modified":"2022-05-31T11:32:28","modified_gmt":"2022-05-31T14:32:28","slug":"planos-de-desenvolvimento-da-unidade-pdu","status":"publish","type":"page","link":"https:\/\/wp.ufpel.edu.br\/planejamentoufpel\/planos-de-desenvolvimento-da-unidade-pdu\/","title":{"rendered":"PLANO DE DESENVOLVIMENTO DA UNIDADE &#8211; PDU &#8211; 1\u00ba ciclo"},"content":{"rendered":"<div>Um novo processo de Planejamento est\u00e1 come\u00e7ando na UFPel. Mas, afinal de contas:<\/div>\n<div>\n<p dir=\"ltr\"><strong>O que \u00e9 Planejamento?<\/strong><\/p>\n<p dir=\"ltr\">\u00c9 poss\u00edvel dizer que o planejamento de uma institui\u00e7\u00e3o tem tr\u00eas dimens\u00f5es: a estrat\u00e9gica, a t\u00e1tica e a operacional.<\/p>\n<p dir=\"ltr\">Dimens\u00e3o estrat\u00e9gica \u00e9 aquela que estabelece um horizonte para as mudan\u00e7as, define eixos tem\u00e1ticos e objetivos gerais de longo prazo. Na UFPel, objetivos estrat\u00e9gicos est\u00e3o reunidos no Plano de Desenvolvimento Institucional (o PDI), que estar\u00e1 em vigor at\u00e9 2020.<\/p>\n<p dir=\"ltr\">A dimens\u00e3o t\u00e1tica corresponde aos caminhos poss\u00edveis e vi\u00e1veis para transformar a realidade. T\u00e1ticas eficientes n\u00e3o podem perder de vista os objetivos estrat\u00e9gicos, mas tamb\u00e9m precisam levar em conta transforma\u00e7\u00f5es inesperadas no contexto em que a institui\u00e7\u00e3o est\u00e1 inserida.<\/p>\n<p dir=\"ltr\">J\u00e1 a dimens\u00e3o operacional \u00e9 aquela na qual as a\u00e7\u00f5es planejadas s\u00e3o executadas.\u00a0 Nessa dimens\u00e3o, mais pr\u00f3xima do cotidiano, se define com precis\u00e3o a aplica\u00e7\u00e3o direta dos recursos humanos, infraestruturais e or\u00e7ament\u00e1rios dispon\u00edveis.<\/p>\n<p><b>\u00a0<\/b><\/p>\n<p dir=\"ltr\"><strong>Como se d\u00e1 o \u00a0Planejamento na Universidade?<\/strong><\/p>\n<p dir=\"ltr\">Universidades s\u00e3o institui\u00e7\u00f5es muito complexas, povoadas de pessoas que t\u00eam diferentes projetos, objetivos e desejos. Ao contr\u00e1rio do que acontece em empresas privadas, nas universidades p\u00fablicas o poder de decis\u00e3o est\u00e1 disperso, e \u00e9 exercido em muitos n\u00edveis, com diferentes escalas de valor.<\/p>\n<p dir=\"ltr\">Essa condi\u00e7\u00e3o faz com que o planejamento universit\u00e1rio tenha que levar em conta uma grande diversidade de opini\u00f5es, sem perder de vista a necessidade de pactuar objetivos de interesse comum.<\/p>\n<p dir=\"ltr\">Boa parte do sucesso do planejamento em universidades depende do efetivo envolvimento de muitas pessoas na defini\u00e7\u00e3o de estrat\u00e9gias, t\u00e1ticas, a\u00e7\u00f5es e metas. Isso pode parecer dif\u00edcil, mas s\u00f3 assim as a\u00e7\u00f5es planejadas ganham legitimidade, envolvem e comprometem uma coletividade t\u00e3o diversificada.<\/p>\n<p dir=\"ltr\">Existem muitas maneira de planejar no ambiente universit\u00e1rio. O Plano de Desenvolvimento da Unidade (P.D.U.) \u00e9 uma delas, e est\u00e1 previsto no PDI da UFPel desde 2015. Chegou a hora de faz\u00ea-lo acontecer!<\/p>\n<h1><strong>O que \u00e9 o PDU?<\/strong><\/h1>\n<p dir=\"ltr\">O Plano de Desenvolvimento da Unidade (P.D.U.) \u00e9 o principal instrumento de descentraliza\u00e7\u00e3o do planejamento universit\u00e1rio.<\/p>\n<p dir=\"ltr\">Planejar uma institui\u00e7\u00e3o complexa n\u00e3o deve ser tarefa para um pequeno grupo de pessoas fechadas numa sala. A exist\u00eancia de PDUs permite que as decis\u00f5es que interferem no futuro da Universidade sejam tomadas com ampla participa\u00e7\u00e3o de seus professores, estudantes e t\u00e9cnicos-administrativos.<\/p>\n<p dir=\"ltr\">Isso significa que as pessoas podem e devem expressar no PDU o que desejam para o futuro pr\u00f3ximo, estabelecendo metas de curto prazo, e indicando o que cada um e cada uma precisa fazer para que essas metas sejam alcan\u00e7adas.<\/p>\n<p dir=\"ltr\">Por meio do PDU, os problemas s\u00e3o identificados por quem mais \u00e9 afetado por eles, estabelecendo prioridades, escolhendo indicadores e meios de avalia\u00e7\u00e3o. Isso deve fazer surgir na UFPel uma nova cultura de planejamento, descentralizada e socialmente referenciada.<\/p>\n<p dir=\"ltr\">A elabora\u00e7\u00e3o do PDU \u00e9 uma importante oportunidade de reflex\u00e3o sobre a rela\u00e7\u00e3o da Unidade com o restante da Universidade e com toda a Sociedade. Ele permite apresentar, avaliar e debater a situa\u00e7\u00e3o atual, revendo e propondo inser\u00e7\u00f5es e compromissos sociais para os pr\u00f3ximos dois anos, ou quatro semestres letivos.<\/p>\n<p dir=\"ltr\">O processo todo ter\u00e1 o suporte da Pr\u00f3-Reitoria de Planejamento e Desenvolvimento da UFPel, que sugere um calend\u00e1rio de elabora\u00e7\u00e3o, acompanha e apoia a realiza\u00e7\u00e3o de suas etapas, fornece dados e prop\u00f5e uma estrutura m\u00ednima para o documento final.<\/p>\n<p dir=\"ltr\">Esta estrutura ser\u00e1 a mesma para todos os PDUs da UFPel, o que permitir\u00e1 que eles se articulem com o PDI que j\u00e1 existe, e estejam em sintonia com t\u00e1ticas e diretrizes institucionais mais amplas, sem prejudicar o envolvimento coletivo, e o surgimento de novas iniciativas em cada Unidade.<\/p>\n<p dir=\"ltr\">Na UFPel, os PDUs tamb\u00e9m v\u00e3o subsidiar a elabora\u00e7\u00e3o do pr\u00f3ximo PDI, e dever\u00e3o influenciar decis\u00f5es de gest\u00e3o e pol\u00edticas internas. Isso quer dizer que futuras estrat\u00e9gias comuns a toda a UFPel ser\u00e3o feitas levando em conta os Planos de Unidades, o que corresponde a uma invers\u00e3o da pir\u00e2mide do Planejamento, colocando as escolhas da maior parte das pessoas no topo, n\u00e3o na base da Planejamento Universit\u00e1rio.<\/p>\n<p dir=\"ltr\">Participe do Planejamento Universit\u00e1rio! Se informe na dire\u00e7\u00e3o de sua Unidade sobre como participar da elabora\u00e7\u00e3o do PDU. Informa\u00e7\u00f5es tamb\u00e9m podem ser obtidas no portal UFPel, na p\u00e1gina da PROPLAN, ou por email, escrevendo para\u00a0<a href=\"mailto:cdit@ufpel.edu.br\" target=\"_blank\" rel=\"noopener noreferrer\">cdit@ufpel.edu.br<\/a>\u00a0com a sigla PDU no t\u00edtulo.<\/p>\n<p dir=\"ltr\">A UFPel quer saber: o que planejas?<\/p>\n<p dir=\"ltr\"><a href=\"https:\/\/wp.ufpel.edu.br\/proplan\/files\/2019\/04\/Guia-PDU.pdf\">Guia para Elabora\u00e7\u00e3o de PDU\u2019s<\/a>\u00a0\u2013 Este documento est\u00e1 sendo atualizado e ser\u00e1 lan\u00e7ada nova vers\u00e3o em breve.<\/p>\n<p dir=\"ltr\"><a href=\"https:\/\/wp.ufpel.edu.br\/proplan\/files\/2018\/06\/Folder-sobre-PDUs-2018-1.pdf\">Folder sobre PDUs 2018 (1)<\/a><\/p>\n<p dir=\"ltr\"><a href=\"https:\/\/wp.ufpel.edu.br\/cdip\/files\/2022\/03\/Indicadores-de-Planejamento.pdf\">Indicadores<\/a><\/p>\n<\/div>\n","protected":false},"excerpt":{"rendered":"<p>Um novo processo de Planejamento est\u00e1 come\u00e7ando na UFPel. Mas, afinal de contas: O que \u00e9 Planejamento? \u00c9 poss\u00edvel dizer que o planejamento de uma institui\u00e7\u00e3o tem tr\u00eas dimens\u00f5es: a estrat\u00e9gica, a t\u00e1tica e a operacional. Dimens\u00e3o estrat\u00e9gica \u00e9 aquela que estabelece um horizonte para as mudan\u00e7as, define eixos tem\u00e1ticos e objetivos gerais de longo [&hellip;]<\/p>\n","protected":false},"author":667,"featured_media":0,"parent":0,"menu_order":0,"comment_status":"closed","ping_status":"closed","template":"","meta":{"footnotes":""},"class_list":["post-12","page","type-page","status-publish","hentry"],"_links":{"self":[{"href":"https:\/\/wp.ufpel.edu.br\/planejamentoufpel\/wp-json\/wp\/v2\/pages\/12","targetHints":{"allow":["GET"]}}],"collection":[{"href":"https:\/\/wp.ufpel.edu.br\/planejamentoufpel\/wp-json\/wp\/v2\/pages"}],"about":[{"href":"https:\/\/wp.ufpel.edu.br\/planejamentoufpel\/wp-json\/wp\/v2\/types\/page"}],"author":[{"embeddable":true,"href":"https:\/\/wp.ufpel.edu.br\/planejamentoufpel\/wp-json\/wp\/v2\/users\/667"}],"replies":[{"embeddable":true,"href":"https:\/\/wp.ufpel.edu.br\/planejamentoufpel\/wp-json\/wp\/v2\/comments?post=12"}],"version-history":[{"count":4,"href":"https:\/\/wp.ufpel.edu.br\/planejamentoufpel\/wp-json\/wp\/v2\/pages\/12\/revisions"}],"predecessor-version":[{"id":72,"href":"https:\/\/wp.ufpel.edu.br\/planejamentoufpel\/wp-json\/wp\/v2\/pages\/12\/revisions\/72"}],"wp:attachment":[{"href":"https:\/\/wp.ufpel.edu.br\/planejamentoufpel\/wp-json\/wp\/v2\/media?parent=12"}],"curies":[{"name":"wp","href":"https:\/\/api.w.org\/{rel}","templated":true}]}}