{"id":1135,"date":"2022-08-16T10:04:47","date_gmt":"2022-08-16T13:04:47","guid":{"rendered":"https:\/\/wp.ufpel.edu.br\/planejamentoufpel\/?page_id=1135"},"modified":"2023-09-18T09:25:42","modified_gmt":"2023-09-18T12:25:42","slug":"pdus-2o-ciclo","status":"publish","type":"page","link":"https:\/\/wp.ufpel.edu.br\/planejamentoufpel\/pdus-2o-ciclo\/","title":{"rendered":"PDUs &#8211; Administrativos e Acad\u00eamicos"},"content":{"rendered":"<h1 style=\"text-align: center;\"><strong>PDUs Operacionais (acad\u00eamicos) &#8211; 2\u00ba Ciclo &#8211; 2023\/1 &#8211; 2024\/2<\/strong><\/h1>\n<p><a href=\"https:\/\/wp.ufpel.edu.br\/planejamentoufpel\/files\/2023\/03\/PDU_CA.pdf\">Centro de Artes<\/a><\/p>\n<p><a href=\"https:\/\/wp.ufpel.edu.br\/planejamentoufpel\/files\/2023\/02\/PDU_CCQFA_2023_2024___Aprovado_em_Assembleia.pdf\">Centro de Ci\u00eancias Qu\u00edmicas, Farmac\u00eauticas e de Alimentos<\/a><\/p>\n<p><a href=\"https:\/\/wp.ufpel.edu.br\/planejamentoufpel\/files\/2023\/03\/PDU_CCSO.pdf\">Centro de Ci\u00eancias S\u00f3cio-Organizacionais<\/a><\/p>\n<p><a href=\"https:\/\/wp.ufpel.edu.br\/planejamentoufpel\/files\/2023\/02\/PDU_CDTec_2023_2024_.pdf\">Centro de Desenvolvimento Tecnol\u00f3gico<\/a><\/p>\n<p><a href=\"https:\/\/wp.ufpel.edu.br\/planejamentoufpel\/files\/2023\/03\/PDU_CEng.pdf\">Centro de Engenharias<\/a><\/p>\n<p><a href=\"https:\/\/wp.ufpel.edu.br\/planejamentoufpel\/files\/2023\/03\/PDU_CLC.pdf\">Centro de Letras e Comunica\u00e7\u00e3o<\/a><\/p>\n<p><a href=\"https:\/\/wp.ufpel.edu.br\/planejamentoufpel\/files\/2023\/06\/PDU_Centro_de_Integracao_do_Mercosul_2023.pdf\">Centro de Integra\u00e7\u00e3o do Mercosul<\/a><\/p>\n<p><a href=\"https:\/\/wp.ufpel.edu.br\/planejamentoufpel\/files\/2023\/03\/PDU_ESEF.pdf\">Escola Superior de Educa\u00e7\u00e3o F\u00edsica<\/a><\/p>\n<p><a href=\"https:\/\/wp.ufpel.edu.br\/planejamentoufpel\/files\/2023\/06\/PDU___FAEM.pdf\">Faculdade de Agronomia<\/a><\/p>\n<p><a href=\"https:\/\/wp.ufpel.edu.br\/planejamentoufpel\/files\/2023\/02\/PDU_FAUrb_2023_24.pdf\">Faculdade de Arquitetura e Urbanismo<\/a><\/p>\n<p>Faculdade de Direito &#8211; PDU n\u00e3o entregue<\/p>\n<p><a href=\"https:\/\/wp.ufpel.edu.br\/planejamentoufpel\/files\/2023\/03\/PDU_FAE.pdf\">Faculdade de Educa\u00e7\u00e3o<\/a><\/p>\n<p><a href=\"https:\/\/wp.ufpel.edu.br\/planejamentoufpel\/files\/2023\/05\/PDU_FE_2023.pdf\">Faculdade de Enfermagem<\/a><\/p>\n<p><a href=\"https:\/\/wp.ufpel.edu.br\/planejamentoufpel\/files\/2023\/03\/PDU_FAMED.pdf\">Faculdade de Medicina<\/a><\/p>\n<p><a href=\"https:\/\/wp.ufpel.edu.br\/planejamentoufpel\/files\/2023\/03\/PDU_FAMET.pdf\">Faculdade de Meteorologia<\/a><\/p>\n<p><a href=\"https:\/\/wp.ufpel.edu.br\/planejamentoufpel\/files\/2023\/03\/PDU_FN.pdf\">Faculdade de Nutri\u00e7\u00e3o<\/a><\/p>\n<p><a href=\"https:\/\/wp.ufpel.edu.br\/planejamentoufpel\/files\/2023\/04\/PDU_FO.pdf\">Faculdade de Odontologia<\/a><\/p>\n<p>Faculdade de Veterin\u00e1ria &#8211; PDU n\u00e3o entregue<\/p>\n<p><a href=\"https:\/\/wp.ufpel.edu.br\/planejamentoufpel\/files\/2023\/03\/PDU_IB.pdf\">Instituto de Biologia<\/a><\/p>\n<p><a href=\"https:\/\/wp.ufpel.edu.br\/planejamentoufpel\/files\/2023\/02\/PDU_ICH_2__Ciclo_2023_2024__Versao_Final_.pdf\">Instituto de Ci\u00eancias Humanas<\/a><\/p>\n<p><a href=\"https:\/\/wp.ufpel.edu.br\/planejamentoufpel\/files\/2023\/03\/PDU_IFM.pdf\">Instituto de F\u00edsica e Matem\u00e1tica<\/a><\/p>\n<p><a href=\"https:\/\/wp.ufpel.edu.br\/planejamentoufpel\/files\/2023\/03\/PDU_IFISP.pdf\">Instituto de Filosofia, Sociologia e Pol\u00edtica<\/a><\/p>\n<p>&nbsp;<\/p>\n<p>Processo SEI 23110.002689\/2023-60<\/p>\n<p><a href=\"https:\/\/wp.ufpel.edu.br\/planejamentoufpel\/files\/2023\/02\/SEI_UFPel-2032730-Portaria.pdf\">Portaria n\u00ba5 de 31\/01\/2023 (2032730)<\/a><\/p>\n<p><a href=\"https:\/\/wp.ufpel.edu.br\/planejamentoufpel\/files\/2023\/03\/SEI_UFPel-2093767-Portaria.pdf\">Portaria n\u00ba 23, de 21 de mar\u00e7o de 2023 (2093767)<\/a><\/p>\n<p><a href=\"https:\/\/wp.ufpel.edu.br\/planejamentoufpel\/files\/2023\/04\/SEI_UFPel-2125143-Portaria.pdf\">Portaria n\u00ba 27, de 12 de abril de 2023 (2125143)<\/a><\/p>\n<p><a href=\"https:\/\/wp.ufpel.edu.br\/planejamentoufpel\/files\/2023\/05\/PDU_FE_2023.pdf\">Portaria n\u00ba 28 de 4 de maio de 2023 (2156350)<\/a><\/p>\n<p><a href=\"https:\/\/wp.ufpel.edu.br\/planejamentoufpel\/files\/2023\/06\/SEI_UFPel-2230823-Portaria.pdf\">Portaria n\u00ba 35 de 23 de junho de 2023 (2230823)<\/a><\/p>\n<h1 style=\"text-align: center;\"><strong>PDUs T\u00e1ticos (administrativos) &#8211; 2\u00ba Ciclo &#8211; 2022\/2 &#8211; 2024\/1<\/strong><\/h1>\n<p><a href=\"https:\/\/wp.ufpel.edu.br\/planejamentoufpel\/files\/2022\/08\/Gabinete-da-Reitoria.pdf\">Gabinete da Reitoria<\/a><\/p>\n<p><a href=\"https:\/\/wp.ufpel.edu.br\/planejamentoufpel\/files\/2022\/08\/Gabinete-da-Vice-Reitoria.pdf\">Gabinete da Vice-Reitoria<\/a><\/p>\n<p><a href=\"https:\/\/wp.ufpel.edu.br\/planejamentoufpel\/files\/2022\/08\/Pro-Reitoria-Administrativa.pdf\">Pr\u00f3-Reitoria Administrativa<\/a><\/p>\n<p><a href=\"https:\/\/wp.ufpel.edu.br\/planejamentoufpel\/files\/2022\/08\/Pro-Reitoria-de-Assuntos-Estudantis.pdf\">Pr\u00f3-Reitoria de Assuntos Estudantis<\/a><\/p>\n<p><a href=\"https:\/\/wp.ufpel.edu.br\/planejamentoufpel\/files\/2022\/08\/Pro-Reitoria-de-Ensino.pdf\">Pr\u00f3-Reitoria de Ensino<\/a><\/p>\n<p><a href=\"https:\/\/wp.ufpel.edu.br\/planejamentoufpel\/files\/2022\/08\/Pro-Reitoria-de-Extensao-e-Cultura.pdf\">Pr\u00f3-Reitoria de Extens\u00e3o e Cultura<\/a><\/p>\n<p><a href=\"https:\/\/wp.ufpel.edu.br\/planejamentoufpel\/files\/2022\/08\/Pro-Reitoria-de-Gestao-de-Pessoas.pdf\">Pr\u00f3-Reitoria de Gest\u00e3o de Pessoas<\/a><\/p>\n<p><a href=\"https:\/\/wp.ufpel.edu.br\/planejamentoufpel\/files\/2022\/08\/Pro-Reitoria-de-Pesquisa-e-Pos-Graduacao.pdf\">Pr\u00f3-Reitoria de Pesquisa e P\u00f3s-Gradua\u00e7\u00e3o<\/a><\/p>\n<p><a href=\"https:\/\/wp.ufpel.edu.br\/planejamentoufpel\/files\/2022\/08\/Pro-Reitoria-de-Planejamento-e-Desenvolvimento.pdf\">Pr\u00f3-Reitoria de Planejamento e Desenvolvimento<\/a><\/p>\n<p><a href=\"https:\/\/wp.ufpel.edu.br\/planejamentoufpel\/files\/2022\/08\/Auditoria-Interna-da-UFPel.pdf\">Auditoria Interna da UFPel *<\/a><\/p>\n<p>&nbsp;<\/p>\n<p><a href=\"https:\/\/wp.ufpel.edu.br\/planejamentoufpel\/files\/2023\/02\/SEI_UFPel-1821390-Portaria.pdf\">Portaria n\u00ba 1653 de 15\/08\/2022 (1821390) &#8211; Processo SEI 23110.030580\/20<\/a><\/p>\n<p>*A Auditoria Interna, embora n\u00e3o tenha perfil de unidade administrativa, elaborou seu PDU para fins de planejamento interno.<\/p>\n","protected":false},"excerpt":{"rendered":"<p>PDUs Operacionais (acad\u00eamicos) &#8211; 2\u00ba Ciclo &#8211; 2023\/1 &#8211; 2024\/2 Centro de Artes Centro de Ci\u00eancias Qu\u00edmicas, Farmac\u00eauticas e de Alimentos Centro de Ci\u00eancias S\u00f3cio-Organizacionais Centro de Desenvolvimento Tecnol\u00f3gico Centro de Engenharias Centro de Letras e Comunica\u00e7\u00e3o Centro de Integra\u00e7\u00e3o do Mercosul Escola Superior de Educa\u00e7\u00e3o F\u00edsica Faculdade de Agronomia Faculdade de Arquitetura e Urbanismo [&hellip;]<\/p>\n","protected":false},"author":1231,"featured_media":0,"parent":0,"menu_order":0,"comment_status":"closed","ping_status":"closed","template":"","meta":{"footnotes":""},"class_list":["post-1135","page","type-page","status-publish","hentry"],"_links":{"self":[{"href":"https:\/\/wp.ufpel.edu.br\/planejamentoufpel\/wp-json\/wp\/v2\/pages\/1135","targetHints":{"allow":["GET"]}}],"collection":[{"href":"https:\/\/wp.ufpel.edu.br\/planejamentoufpel\/wp-json\/wp\/v2\/pages"}],"about":[{"href":"https:\/\/wp.ufpel.edu.br\/planejamentoufpel\/wp-json\/wp\/v2\/types\/page"}],"author":[{"embeddable":true,"href":"https:\/\/wp.ufpel.edu.br\/planejamentoufpel\/wp-json\/wp\/v2\/users\/1231"}],"replies":[{"embeddable":true,"href":"https:\/\/wp.ufpel.edu.br\/planejamentoufpel\/wp-json\/wp\/v2\/comments?post=1135"}],"version-history":[{"count":14,"href":"https:\/\/wp.ufpel.edu.br\/planejamentoufpel\/wp-json\/wp\/v2\/pages\/1135\/revisions"}],"predecessor-version":[{"id":1402,"href":"https:\/\/wp.ufpel.edu.br\/planejamentoufpel\/wp-json\/wp\/v2\/pages\/1135\/revisions\/1402"}],"wp:attachment":[{"href":"https:\/\/wp.ufpel.edu.br\/planejamentoufpel\/wp-json\/wp\/v2\/media?parent=1135"}],"curies":[{"name":"wp","href":"https:\/\/api.w.org\/{rel}","templated":true}]}}