{"id":1036,"date":"2022-05-19T10:33:26","date_gmt":"2022-05-19T13:33:26","guid":{"rendered":"https:\/\/wp.ufpel.edu.br\/planejamentoufpel\/?page_id=1036"},"modified":"2022-05-31T11:31:16","modified_gmt":"2022-05-31T14:31:16","slug":"coplan","status":"publish","type":"page","link":"https:\/\/wp.ufpel.edu.br\/planejamentoufpel\/coplan\/","title":{"rendered":"COPLAN"},"content":{"rendered":"<p><img class=\"alignnone size-medium wp-image-1038 aligncenter\" src=\"https:\/\/wp.ufpel.edu.br\/planejamentoufpel\/files\/2022\/05\/coplan-400x132.gif\" alt=\"\" width=\"400\" height=\"132\" srcset=\"https:\/\/wp.ufpel.edu.br\/planejamentoufpel\/files\/2022\/05\/coplan-400x132.gif 400w, https:\/\/wp.ufpel.edu.br\/planejamentoufpel\/files\/2022\/05\/coplan-1024x337.gif 1024w, https:\/\/wp.ufpel.edu.br\/planejamentoufpel\/files\/2022\/05\/coplan-768x253.gif 768w, https:\/\/wp.ufpel.edu.br\/planejamentoufpel\/files\/2022\/05\/coplan-1536x506.gif 1536w\" sizes=\"(max-width: 400px) 100vw, 400px\" \/><\/p>\n<p style=\"text-align: justify;\"><span style=\"font-weight: 400;\">O COPLAN \u00e9 uma inst\u00e2ncia consultiva e propositiva que tem por objetivo refletir e planejar o futuro da UFPel. Sua fun\u00e7\u00e3o \u00e9 emitir pareceres, avaliar, orientar e encaminhar aos conselhos deliberativos da Universidade projetos e a\u00e7\u00f5es de planejamento e desenvolvimento, conforme a necessidade. Al\u00e9m do grupo eleito, compor\u00e3o o COPLAN, ainda, um organizador e um membro externo \u00e0 UFPel. O funcionamento do Conselho prev\u00ea a possibilidade de serem constitu\u00eddos grupos de trabalho que debater\u00e3o temas espec\u00edficos e emitir\u00e3o pareceres.<\/span><\/p>\n<p style=\"text-align: justify;\"><span style=\"font-weight: 400;\">Os encaminhamentos ao COPLAN podem envolver investimentos em obras e estrutura f\u00edsica, aloca\u00e7\u00e3o de recursos or\u00e7ament\u00e1rios, quest\u00f5es que envolvam duas ou mais unidades, gest\u00e3o sobre espa\u00e7o f\u00edsico, aprecia\u00e7\u00f5es sobre PDI e PDUs, planos de a\u00e7\u00e3o administrativos de interesse da comunidade e outras quest\u00f5es de planejamento, desenvolvimento e administra\u00e7\u00e3o da UFPel.<\/span><\/p>\n<p><a href=\"https:\/\/wp.ufpel.edu.br\/coplan\/\">Acesse aqui a p\u00e1gina do COPLAN.<\/a><\/p>\n","protected":false},"excerpt":{"rendered":"<p>O COPLAN \u00e9 uma inst\u00e2ncia consultiva e propositiva que tem por objetivo refletir e planejar o futuro da UFPel. Sua fun\u00e7\u00e3o \u00e9 emitir pareceres, avaliar, orientar e encaminhar aos conselhos deliberativos da Universidade projetos e a\u00e7\u00f5es de planejamento e desenvolvimento, conforme a necessidade. Al\u00e9m do grupo eleito, compor\u00e3o o COPLAN, ainda, um organizador e um [&hellip;]<\/p>\n","protected":false},"author":1231,"featured_media":0,"parent":0,"menu_order":0,"comment_status":"closed","ping_status":"closed","template":"","meta":{"footnotes":""},"class_list":["post-1036","page","type-page","status-publish","hentry"],"_links":{"self":[{"href":"https:\/\/wp.ufpel.edu.br\/planejamentoufpel\/wp-json\/wp\/v2\/pages\/1036","targetHints":{"allow":["GET"]}}],"collection":[{"href":"https:\/\/wp.ufpel.edu.br\/planejamentoufpel\/wp-json\/wp\/v2\/pages"}],"about":[{"href":"https:\/\/wp.ufpel.edu.br\/planejamentoufpel\/wp-json\/wp\/v2\/types\/page"}],"author":[{"embeddable":true,"href":"https:\/\/wp.ufpel.edu.br\/planejamentoufpel\/wp-json\/wp\/v2\/users\/1231"}],"replies":[{"embeddable":true,"href":"https:\/\/wp.ufpel.edu.br\/planejamentoufpel\/wp-json\/wp\/v2\/comments?post=1036"}],"version-history":[{"count":3,"href":"https:\/\/wp.ufpel.edu.br\/planejamentoufpel\/wp-json\/wp\/v2\/pages\/1036\/revisions"}],"predecessor-version":[{"id":1051,"href":"https:\/\/wp.ufpel.edu.br\/planejamentoufpel\/wp-json\/wp\/v2\/pages\/1036\/revisions\/1051"}],"wp:attachment":[{"href":"https:\/\/wp.ufpel.edu.br\/planejamentoufpel\/wp-json\/wp\/v2\/media?parent=1036"}],"curies":[{"name":"wp","href":"https:\/\/api.w.org\/{rel}","templated":true}]}}