{"id":991,"date":"2019-08-29T22:16:43","date_gmt":"2019-08-30T01:16:43","guid":{"rendered":"https:\/\/wp.ufpel.edu.br\/placeageproject\/?page_id=991"},"modified":"2019-10-20T17:55:06","modified_gmt":"2019-10-20T20:55:06","slug":"bolsistas-de-iniciacao-cientifica-e-de-graduacao","status":"publish","type":"page","link":"https:\/\/wp.ufpel.edu.br\/placeageproject\/bolsistas-de-iniciacao-cientifica-e-de-graduacao\/","title":{"rendered":"Bolsistas de Inicia\u00e7\u00e3o Cient\u00edfica e Colaboradores"},"content":{"rendered":"<p style=\"text-align: center\"><span style=\"font-size: 18pt\">Bolsistas de Inicia\u00e7\u00e3o Cient\u00edfica &amp; Colaboradores<\/span><\/p>\n<p><img loading=\"lazy\" decoding=\"async\" class=\"aligncenter\" src=\"https:\/\/wp.ufpel.edu.br\/placeageproject\/files\/2019\/10\/Colaboradores-1.jpg\" width=\"692\" height=\"379\" \/><\/p>\n<p><img loading=\"lazy\" decoding=\"async\" class=\"aligncenter wp-image-2552\" src=\"https:\/\/wp.ufpel.edu.br\/placeageproject\/files\/2019\/10\/colaborators.jpg\" alt=\"\" width=\"637\" height=\"377\" srcset=\"https:\/\/wp.ufpel.edu.br\/placeageproject\/files\/2019\/10\/colaborators.jpg 3000w, https:\/\/wp.ufpel.edu.br\/placeageproject\/files\/2019\/10\/colaborators-400x237.jpg 400w, https:\/\/wp.ufpel.edu.br\/placeageproject\/files\/2019\/10\/colaborators-768x455.jpg 768w, https:\/\/wp.ufpel.edu.br\/placeageproject\/files\/2019\/10\/colaborators-1024x607.jpg 1024w, https:\/\/wp.ufpel.edu.br\/placeageproject\/files\/2019\/10\/colaborators-506x300.jpg 506w\" sizes=\"auto, (max-width: 637px) 100vw, 637px\" \/><\/p>\n<p><img loading=\"lazy\" decoding=\"async\" class=\"aligncenter wp-image-2558\" src=\"https:\/\/wp.ufpel.edu.br\/placeageproject\/files\/2019\/10\/colaborators-1.jpg\" alt=\"\" width=\"649\" height=\"370\" srcset=\"https:\/\/wp.ufpel.edu.br\/placeageproject\/files\/2019\/10\/colaborators-1.jpg 2987w, https:\/\/wp.ufpel.edu.br\/placeageproject\/files\/2019\/10\/colaborators-1-400x228.jpg 400w, https:\/\/wp.ufpel.edu.br\/placeageproject\/files\/2019\/10\/colaborators-1-768x438.jpg 768w, https:\/\/wp.ufpel.edu.br\/placeageproject\/files\/2019\/10\/colaborators-1-1024x584.jpg 1024w, https:\/\/wp.ufpel.edu.br\/placeageproject\/files\/2019\/10\/colaborators-1-526x300.jpg 526w\" sizes=\"auto, (max-width: 649px) 100vw, 649px\" \/><\/p>\n<p style=\"text-align: center\"><strong>Emily Schiavinatto Nogueira<\/strong> &#8211; Universidade Federal de Pelotas, Brasil (Bolsista do CNPQ)<br \/>\nFaculdade de Arquitetura e Urbanismo; <a href=\"mailto:ey.nogueira@gmail.com\">ey.nogueira@gmail.com<\/a><\/p>\n<p style=\"text-align: center\"><strong>P\u00e2mela Padilha Silveira<\/strong> \u2013 Universidade Federal de Pelotas, Brasil (Bolsistas da UFPel)<br \/>\nFaculdade de Arquitetura e Urbanismo; <a href=\"mailto:pamelasilveira01@hotmail.com\">pamelasilveira01@hotmail.com<\/a><\/p>\n<p style=\"text-align: center\"><strong>Maureen Roux Cordeiro Lautenschl\u00e4ger<\/strong> &#8211; Universidade Federal de Pelotas, Brasil (Bolsista do CNPQ)<br \/>\nFaculdade de Arquitetura e Urbanismo; <a href=\"mailto:maureen_roux@hotmail.com\">maureen_roux@hotmail.com<\/a><\/p>\n<p style=\"text-align: center\"><strong>Daniela Bilhalva de Farias<\/strong> &#8211; Universidade Federal de Pelotas, Brasil (Bolsista da FAPERGS)<br \/>\nFaculdade de Arquitetura e Urbanismo; <a href=\"mailto:danielabdefarias@gmail.com\">danielabdefarias@gmail.com<\/a><\/p>\n<p style=\"text-align: center\"><strong>Dara Elisa dos Santos Bandeira<\/strong> &#8211; Universidade Federal de Pelotas, Brasil<br \/>\nFaculdade de Arquitetura e Urbanismo; <a href=\"mailto:bddaraelisa@gmail.com\">bddaraelisa@gmail.com<\/a><\/p>\n<p style=\"text-align: center\"><strong>Bruna Disconzi Meotti<\/strong> &#8211; Universidade Federal de Pelotas, Brasil<br \/>\nFaculdade de Arquitetura e Urbanismo; <a href=\"mailto:brunameotti@hotmail.com\">brunameotti@hotmail.com<\/a><\/p>\n<p style=\"text-align: center\"><strong>Lauren Nicole Gon\u00e7alves Duarte<\/strong> &#8211; Universidade Federal de Pelotas, Brasil<br \/>\nFaculdade de Arquitetura e Urbanismo; <a href=\"mailto:lnicoleduarte@hotmail.com\">lnicoleduarte@hotmail.com<\/a><\/p>\n<p style=\"text-align: center\"><strong>Rafaela Campelo Caldieraro<\/strong> &#8211; Universidade Federal de Pelotas, Brasil<br \/>\nFaculdade de Arquitetura e Urbanismo; <a href=\"mailto:rafaelacaldi@gmail.com\">rafaelacaldi@gmail.com<\/a><\/p>\n<p style=\"text-align: center\"><strong>James Silva Couto<\/strong> &#8211; Universidade Federal de Pelotas, Brasil<br \/>\nFaculdade de Arquitetura e Urbanismo; <a href=\"mailto:jamessilvacouto@hotmail.com\">jamessilvacouto@hotmail.com<\/a><\/p>\n<p style=\"text-align: center\"><strong>Andressa Kunzler<\/strong> \u2013 Universidade Federal de Pelotas, Brasil<br \/>\nFaculdade de Arquitetura e Urbanismo; <a href=\"mailto:andressakkunzler@gmail.com\">andressakkunzler@gmail.com<\/a><\/p>\n<p style=\"text-align: center\"><strong>Bibiana Fagundes<\/strong> \u2013 Universidade Federal de Pelotas, Brasil<br \/>\nFaculdade de Arquitetura e Urbanismo<\/p>\n<p style=\"text-align: center\"><strong>Eduardo Schuch<\/strong> \u2013 Universidade Federal de Pelotas, Brasil<br \/>\nFaculdade de Arquitetura e Urbanismo; <a href=\"mailto:duducarpena99@gmail.com\">duducarpena99@gmail.com<\/a><\/p>\n<p style=\"text-align: center\"><strong>Lucas Noskoski<\/strong> \u2013 Universidade Federal de Pelotas, Brasil<br \/>\nFaculdade de Arquitetura e Urbanismo; <a href=\"mailto:lucasnoskoski@hotmail.com\">lucasnoskoski@hotmail.com<\/a><\/p>\n<p style=\"text-align: center\"><strong>Marcelo Lopes<\/strong> \u2013 Universidade Federal de Pelotas, Brasil<br \/>\nFaculdade de Arquitetura e Urbanismo; <a href=\"mailto:marcelo.lopes@live.com\">marcelo.lopes@live.com<\/a><\/p>\n<p style=\"text-align: center\"><strong>Mariana Marroni<\/strong> \u2013 Universidade Federal de Pelotas, Brasil<br \/>\nFaculdade de Arquitetura e Urbanismo; <a href=\"mailto:marianamarroni@gmail.com\">marianamarroni@gmail.com<\/a><\/p>\n<p style=\"text-align: center\"><strong>Nat\u00e1lia Favero<\/strong> \u2013 Universidade Federal de Pelotas, Brasil<br \/>\nFaculdade de Arquitetura e Urbanismo; <a href=\"mailto:nataliaffavero@gmail.com\">nataliaffavero@gmail.com<\/a><\/p>\n<p style=\"text-align: center\"><strong>Monica Lopes<\/strong> \u2013 Universidade Federal de Pelotas, Brasil<br \/>\nFaculdade de Arquitetura e Urbanismo; <a href=\"mailto:m.faurb@gmail.com\">m.faurb@gmail.com<\/a><\/p>\n<p style=\"text-align: center\"><strong>Cibele Peres<\/strong> \u2013 Universidade Federal de Pelotas, Brasil<br \/>\nFaculdade de Arquitetura e Urbanismo; <a href=\"mailto:cibeleperes.arquitetura@gmail.com\">cibeleperes.arquitetura@gmail.com<\/a><\/p>\n<p style=\"text-align: center\"><strong>Lucas Prezotto<\/strong> \u2013 Universidade Federal de Pelotas, Brasil<br \/>\nFaculdade de Arquitetura e Urbanismo; <a href=\"mailto:lucasprezotto@hotmail.com\">lucasprezotto@hotmail.com<\/a><\/p>\n<p style=\"text-align: center\"><strong>Greyci Bolzan<\/strong> \u2013 Universidade Federal de Pelotas, Brasil<br \/>\nFaculdade de Arquitetura e Urbanismo; <a href=\"mailto:greycibolzan@hotmail.com\">greycibolzan@hotmail.com<\/a><\/p>\n<p style=\"text-align: center\"><strong>Tulio Souza<\/strong> \u2013 Universidade Federal de Pelotas, Brasil<br \/>\nInstituto de Ci\u00eancias Humanas; <a href=\"mailto:tulio.sid@gmail.com\">tulio.sid@gmail.com<\/a><\/p>\n<p style=\"text-align: center\"><strong>Jullye Schaun<\/strong> \u2013 Universidade Federal de Pelotas, Brasil<br \/>\nFaculdade de Arquitetura e Urbanismo; <a href=\"mailto:jullye_svp@hotmail.com\">jullye_svp@hotmail.com<\/a><\/p>\n","protected":false},"excerpt":{"rendered":"<p>Bolsistas de Inicia\u00e7\u00e3o Cient\u00edfica &amp; Colaboradores Emily Schiavinatto Nogueira &#8211; Universidade Federal de Pelotas, Brasil (Bolsista do CNPQ) Faculdade de Arquitetura e Urbanismo; ey.nogueira@gmail.com P\u00e2mela Padilha Silveira \u2013 Universidade Federal de Pelotas, Brasil (Bolsistas da UFPel) Faculdade de Arquitetura e Urbanismo; pamelasilveira01@hotmail.com Maureen Roux Cordeiro Lautenschl\u00e4ger &#8211; Universidade Federal de Pelotas, Brasil (Bolsista do CNPQ)&#8230; <\/p>\n<div class=\"link-more\"><a href=\"https:\/\/wp.ufpel.edu.br\/placeageproject\/bolsistas-de-iniciacao-cientifica-e-de-graduacao\/\">Leia mais<\/a><\/div>\n","protected":false},"author":717,"featured_media":0,"parent":0,"menu_order":0,"comment_status":"closed","ping_status":"closed","template":"","meta":{"footnotes":""},"class_list":["post-991","page","type-page","status-publish","hentry"],"_links":{"self":[{"href":"https:\/\/wp.ufpel.edu.br\/placeageproject\/wp-json\/wp\/v2\/pages\/991","targetHints":{"allow":["GET"]}}],"collection":[{"href":"https:\/\/wp.ufpel.edu.br\/placeageproject\/wp-json\/wp\/v2\/pages"}],"about":[{"href":"https:\/\/wp.ufpel.edu.br\/placeageproject\/wp-json\/wp\/v2\/types\/page"}],"author":[{"embeddable":true,"href":"https:\/\/wp.ufpel.edu.br\/placeageproject\/wp-json\/wp\/v2\/users\/717"}],"replies":[{"embeddable":true,"href":"https:\/\/wp.ufpel.edu.br\/placeageproject\/wp-json\/wp\/v2\/comments?post=991"}],"version-history":[{"count":18,"href":"https:\/\/wp.ufpel.edu.br\/placeageproject\/wp-json\/wp\/v2\/pages\/991\/revisions"}],"predecessor-version":[{"id":2564,"href":"https:\/\/wp.ufpel.edu.br\/placeageproject\/wp-json\/wp\/v2\/pages\/991\/revisions\/2564"}],"wp:attachment":[{"href":"https:\/\/wp.ufpel.edu.br\/placeageproject\/wp-json\/wp\/v2\/media?parent=991"}],"curies":[{"name":"wp","href":"https:\/\/api.w.org\/{rel}","templated":true}]}}