{"id":951,"date":"2019-08-29T21:54:49","date_gmt":"2019-08-30T00:54:49","guid":{"rendered":"https:\/\/wp.ufpel.edu.br\/placeageproject\/?page_id=951"},"modified":"2019-10-17T17:08:29","modified_gmt":"2019-10-17T20:08:29","slug":"pessoas-2","status":"publish","type":"page","link":"https:\/\/wp.ufpel.edu.br\/placeageproject\/pessoas-2\/","title":{"rendered":"Pessoas"},"content":{"rendered":"<p style=\"text-align: center\"><span style=\"font-size: 18pt\">Pessoas<\/span><\/p>\n<p><img loading=\"lazy\" decoding=\"async\" class=\"aligncenter\" src=\"https:\/\/wp.ufpel.edu.br\/placeageproject\/files\/2019\/10\/people.jpg\" width=\"608\" height=\"334\" \/><\/p>\n<p style=\"text-align: center\"><span style=\"font-size: 12pt\"><a href=\"https:\/\/wp.ufpel.edu.br\/placeageproject\/investigadores-principais\/\">Investigadores Principais<\/a><\/span><br \/>\n<span style=\"font-size: 12pt\"><a href=\"https:\/\/wp.ufpel.edu.br\/placeageproject\/equipe-de-pesquisadores-britanicos\/\">Equipe de Pesquisadores Brit\u00e2nicos<\/a><\/span><br \/>\n<span style=\"font-size: 12pt\"><a href=\"https:\/\/wp.ufpel.edu.br\/placeageproject\/equipe-de-pesquisadores-brasileiros\">Equipe de Pesquisadores Brasileiros<\/a><\/span><br \/>\n<span style=\"font-size: 12pt\"><a href=\"https:\/\/wp.ufpel.edu.br\/placeageproject\/https:\/\/wp.ufpel.edu.br\/placeageproject\/equipe-de-pesquisadores-indianos\/\">Equipe de Pesquisadores Indianos<\/a><\/span><br \/>\n<span style=\"font-size: 12pt\"><a href=\"https:\/\/wp.ufpel.edu.br\/placeageproject\/bolsistas-de-iniciacao-cientifica-e-de-graduacao\">Bolsistas de Inicia\u00e7\u00e3o Cient\u00edfica &amp; Colaboradores<\/a><\/span><\/p>\n","protected":false},"excerpt":{"rendered":"<p>Pessoas Investigadores Principais Equipe de Pesquisadores Brit\u00e2nicos Equipe de Pesquisadores Brasileiros Equipe de Pesquisadores Indianos Bolsistas de Inicia\u00e7\u00e3o Cient\u00edfica &amp; Colaboradores<\/p>\n","protected":false},"author":717,"featured_media":0,"parent":0,"menu_order":0,"comment_status":"closed","ping_status":"closed","template":"","meta":{"footnotes":""},"class_list":["post-951","page","type-page","status-publish","hentry"],"_links":{"self":[{"href":"https:\/\/wp.ufpel.edu.br\/placeageproject\/wp-json\/wp\/v2\/pages\/951","targetHints":{"allow":["GET"]}}],"collection":[{"href":"https:\/\/wp.ufpel.edu.br\/placeageproject\/wp-json\/wp\/v2\/pages"}],"about":[{"href":"https:\/\/wp.ufpel.edu.br\/placeageproject\/wp-json\/wp\/v2\/types\/page"}],"author":[{"embeddable":true,"href":"https:\/\/wp.ufpel.edu.br\/placeageproject\/wp-json\/wp\/v2\/users\/717"}],"replies":[{"embeddable":true,"href":"https:\/\/wp.ufpel.edu.br\/placeageproject\/wp-json\/wp\/v2\/comments?post=951"}],"version-history":[{"count":15,"href":"https:\/\/wp.ufpel.edu.br\/placeageproject\/wp-json\/wp\/v2\/pages\/951\/revisions"}],"predecessor-version":[{"id":2472,"href":"https:\/\/wp.ufpel.edu.br\/placeageproject\/wp-json\/wp\/v2\/pages\/951\/revisions\/2472"}],"wp:attachment":[{"href":"https:\/\/wp.ufpel.edu.br\/placeageproject\/wp-json\/wp\/v2\/media?parent=951"}],"curies":[{"name":"wp","href":"https:\/\/api.w.org\/{rel}","templated":true}]}}