{"id":712,"date":"2019-08-27T11:18:51","date_gmt":"2019-08-27T14:18:51","guid":{"rendered":"https:\/\/wp.ufpel.edu.br\/placeageproject\/?page_id=712"},"modified":"2019-10-20T16:59:42","modified_gmt":"2019-10-20T19:59:42","slug":"2018-2019-pacote-de-trabalho-3-projetando-para-o-sentido-do-lugar","status":"publish","type":"page","link":"https:\/\/wp.ufpel.edu.br\/placeageproject\/2018-2019-pacote-de-trabalho-3-projetando-para-o-sentido-do-lugar\/","title":{"rendered":"2018-2019 Pacote de Trabalho 3 &#8211; Projetando para o sentido do lugar"},"content":{"rendered":"<p style=\"text-align: center\"><span style=\"font-size: 18pt\">Pacote de Trabalho 3 &#8211; Projetando para o sentido do lugar<\/span><\/p>\n<p><img loading=\"lazy\" decoding=\"async\" class=\"aligncenter\" src=\"https:\/\/wp.ufpel.edu.br\/placeageproject\/files\/2019\/10\/IMG_7567.jpg\" width=\"602\" height=\"452\" \/><\/p>\n<p style=\"text-align: justify\"><span style=\"font-size: 12pt\">O WP 3 foi projetado para traduzir as descobertas do WP1 e do WP2 em diretrizes e pol\u00edticas p\u00fablicas locais e nacionais para a cria\u00e7\u00e3o de bairros que preservem o senso de lugar para os idosos, que acomodem tanto a necessidade de independ\u00eancia quanto a mobilidade, incentivando a participa\u00e7\u00e3o social e o envolvimento da comunidade. Esses resultados ampliaram o que sabemos atualmente, ou seja, em termos de Design Inclusivo e Universal, ao serem mais claramente articulados em torno das experi\u00eancias de senso de lugar dos idosos e, em particular, de suas contribui\u00e7\u00f5es ativas como criadores de lugares e sentidos que constroem significado e senso de intera\u00e7\u00e3o com seu ambiente, uma perspectiva que falta nas abordagens atuais para o design de ambientes amigos do idoso (Loe, 2010).<\/span><\/p>\n<p style=\"text-align: justify\"><span style=\"font-size: 12pt\">As diretrizes de pol\u00edtica e pr\u00e1tica foram desenvolvidas por meio de F\u00f3runs de Pol\u00edticas e Pr\u00e1ticas (PPFs), focados na s\u00edntese das descobertas do projeto para abordar especificamente as quest\u00f5es de quais pol\u00edticas e a\u00e7\u00f5es pr\u00e1ticas amig\u00e1veis \u200b\u200b\u00e0 idade s\u00e3o necess\u00e1rias para apoiar o senso de lugar do local onde os idosos vivem. O Workshop 1 focou no desenvolvimento de um conjunto de diretrizes para a cria\u00e7\u00e3o de cidades amigas da idade em cada um dos locais de estudo de caso, incluindo: recursos do bairro e comodidades locais; desenho de lugares comunit\u00e1rios e espa\u00e7os sociais; apoios culturais para permitir o envelhecimento no local. O Workshop 2 focou no desenvolvimento de um kit de ferramentas para profissionais da \u00e1rea urbana que detalhou procedimentos e processos metodol\u00f3gicos espec\u00edficos para envolver efetivamente os idosos no processo de planejamento e projeto. Essas diretrizes apresentaram exemplos dos m\u00e9todos adotados na pesquisa, juntamente com outras metodologias de co-design e di\u00e1logo colaborativo. O Workshop 3 trabalhou para o desenvolvimento de um Plano de Sustentabilidade, identificando maneiras espec\u00edficas pelas quais a cidade amiga do idoso e a agenda da comunidade podem progredir em cada uma das cidades do estudo de caso. Isso incluiu pr\u00e1ticas espec\u00edficas de gerenciamento e manuten\u00e7\u00e3o de locais e apoios institucionais que precisam ser adotados para garantir que as parcerias desenvolvidas nessa pesquisa sejam sustentadas a longo prazo.<\/span><\/p>\n<p style=\"text-align: justify\"><span style=\"font-size: 12pt\">Cada workshop envolveu at\u00e9 30 participantes, incluindo os seguintes grupos: (i) formuladores de pol\u00edticas e aqueles que implementam diretrizes amigas do idoso em n\u00edvel local, por ex. autoridades locais, planejadores, desenvolvedores, arquitetos; (ii) ag\u00eancias ou \u00f3rg\u00e3os de caridade envolvidos com idosos; (iii) grupos de campanha que apoiam idosos e o design de lugares e espa\u00e7os inclusivos; (iv) idosos e grupos de defesa s\u00eanior.<\/span><\/p>\n<p style=\"text-align: justify\"><span style=\"font-size: 12pt\">As anota\u00e7\u00f5es dos pesquisadores foram registradas nas oficinas. Os dados foram analisados \u200b\u200busando an\u00e1lise de grade e c\u00f3digo tem\u00e1tico de se\u00e7\u00e3o transversal e m\u00e9todos de recupera\u00e7\u00e3o para identificar especificamente as prioridades necess\u00e1rias para o desenvolvimento de diretrizes de senso de local. No final, as equipes do Reino Unido, Brasil e \u00cdndia produziram um relat\u00f3rio sobre as descobertas das oficinas e processo de como as diretrizes foram desenvolvidas.<\/span><\/p>\n<p style=\"text-align: justify\"><span style=\"font-size: 12pt\">Um evento nacional \u00e9 realizado em cada um dos pa\u00edses participantes, focado no lan\u00e7amento das diretrizes de desenvolvimento do senso de lugar. O evento nacional envolve: grupos de idosos, organiza\u00e7\u00f5es comunit\u00e1rias, formuladores de pol\u00edticas, governo local, planejadores urbanos e desenvolvedores. Um evento transnacional foi realizado no Reino Unido, envolvendo membros da equipe do projeto, focados na an\u00e1lise comparativa transnacional das diretrizes desenvolvidas a partir do WP3, identificando elementos de entrela\u00e7amento e sobreposi\u00e7\u00e3o nos locais do estudo de caso e projetar e supervisionar os aspectos do final do projeto do plano de divulga\u00e7\u00e3o.<\/span><\/p>\n","protected":false},"excerpt":{"rendered":"<p>Pacote de Trabalho 3 &#8211; Projetando para o sentido do lugar O WP 3 foi projetado para traduzir as descobertas do WP1 e do WP2 em diretrizes e pol\u00edticas p\u00fablicas locais e nacionais para a cria\u00e7\u00e3o de bairros que preservem o senso de lugar para os idosos, que acomodem tanto a necessidade de independ\u00eancia quanto&#8230; <\/p>\n<div class=\"link-more\"><a href=\"https:\/\/wp.ufpel.edu.br\/placeageproject\/2018-2019-pacote-de-trabalho-3-projetando-para-o-sentido-do-lugar\/\">Leia mais<\/a><\/div>\n","protected":false},"author":717,"featured_media":0,"parent":0,"menu_order":0,"comment_status":"closed","ping_status":"closed","template":"","meta":{"footnotes":""},"class_list":["post-712","page","type-page","status-publish","hentry"],"_links":{"self":[{"href":"https:\/\/wp.ufpel.edu.br\/placeageproject\/wp-json\/wp\/v2\/pages\/712","targetHints":{"allow":["GET"]}}],"collection":[{"href":"https:\/\/wp.ufpel.edu.br\/placeageproject\/wp-json\/wp\/v2\/pages"}],"about":[{"href":"https:\/\/wp.ufpel.edu.br\/placeageproject\/wp-json\/wp\/v2\/types\/page"}],"author":[{"embeddable":true,"href":"https:\/\/wp.ufpel.edu.br\/placeageproject\/wp-json\/wp\/v2\/users\/717"}],"replies":[{"embeddable":true,"href":"https:\/\/wp.ufpel.edu.br\/placeageproject\/wp-json\/wp\/v2\/comments?post=712"}],"version-history":[{"count":4,"href":"https:\/\/wp.ufpel.edu.br\/placeageproject\/wp-json\/wp\/v2\/pages\/712\/revisions"}],"predecessor-version":[{"id":2877,"href":"https:\/\/wp.ufpel.edu.br\/placeageproject\/wp-json\/wp\/v2\/pages\/712\/revisions\/2877"}],"wp:attachment":[{"href":"https:\/\/wp.ufpel.edu.br\/placeageproject\/wp-json\/wp\/v2\/media?parent=712"}],"curies":[{"name":"wp","href":"https:\/\/api.w.org\/{rel}","templated":true}]}}