{"id":622,"date":"2019-08-27T10:01:29","date_gmt":"2019-08-27T13:01:29","guid":{"rendered":"https:\/\/wp.ufpel.edu.br\/placeageproject\/?page_id=622"},"modified":"2021-03-21T13:46:24","modified_gmt":"2021-03-21T16:46:24","slug":"financiamento-2","status":"publish","type":"page","link":"https:\/\/wp.ufpel.edu.br\/placeageproject\/financiamento-2\/","title":{"rendered":"Financiamento"},"content":{"rendered":"<div class=\"\">\n<p style=\"text-align: center\"><span style=\"font-size: 18pt\">Financiamento<\/span><\/p>\n<p><img loading=\"lazy\" decoding=\"async\" class=\"alignnone\" src=\"https:\/\/wp.ufpel.edu.br\/placeageproject\/files\/2019\/10\/logos.jpg\" width=\"535\" height=\"127\" \/> <img loading=\"lazy\" decoding=\"async\" class=\"wp-image-2899 alignnone\" src=\"https:\/\/wp.ufpel.edu.br\/placeageproject\/files\/2021\/03\/cnpq-logo.png\" alt=\"\" width=\"210\" height=\"90\" srcset=\"https:\/\/wp.ufpel.edu.br\/placeageproject\/files\/2021\/03\/cnpq-logo.png 5000w, https:\/\/wp.ufpel.edu.br\/placeageproject\/files\/2021\/03\/cnpq-logo-400x171.png 400w, https:\/\/wp.ufpel.edu.br\/placeageproject\/files\/2021\/03\/cnpq-logo-1024x437.png 1024w, https:\/\/wp.ufpel.edu.br\/placeageproject\/files\/2021\/03\/cnpq-logo-768x328.png 768w, https:\/\/wp.ufpel.edu.br\/placeageproject\/files\/2021\/03\/cnpq-logo-1536x656.png 1536w, https:\/\/wp.ufpel.edu.br\/placeageproject\/files\/2021\/03\/cnpq-logo-2048x875.png 2048w, https:\/\/wp.ufpel.edu.br\/placeageproject\/files\/2021\/03\/cnpq-logo-600x256.png 600w\" sizes=\"auto, (max-width: 210px) 100vw, 210px\" \/> <img loading=\"lazy\" decoding=\"async\" class=\"alignnone wp-image-2911\" src=\"https:\/\/wp.ufpel.edu.br\/placeageproject\/files\/2021\/03\/fapergs-logo.jpg\" alt=\"\" width=\"197\" height=\"102\" srcset=\"https:\/\/wp.ufpel.edu.br\/placeageproject\/files\/2021\/03\/fapergs-logo.jpg 1541w, https:\/\/wp.ufpel.edu.br\/placeageproject\/files\/2021\/03\/fapergs-logo-400x208.jpg 400w, https:\/\/wp.ufpel.edu.br\/placeageproject\/files\/2021\/03\/fapergs-logo-1024x532.jpg 1024w, https:\/\/wp.ufpel.edu.br\/placeageproject\/files\/2021\/03\/fapergs-logo-768x399.jpg 768w, https:\/\/wp.ufpel.edu.br\/placeageproject\/files\/2021\/03\/fapergs-logo-1536x797.jpg 1536w, https:\/\/wp.ufpel.edu.br\/placeageproject\/files\/2021\/03\/fapergs-logo-578x300.jpg 578w\" sizes=\"auto, (max-width: 197px) 100vw, 197px\" \/><\/p>\n<p style=\"text-align: justify\"><strong><span style=\"font-size: 12pt\">O Projeto PlaceAge \u00e9 constitu\u00eddo por dois projetos financiados pelo ESRC (Economic and Social Research Council) do Reino Unido, num total de \u00a31.213.116,00 libras esterlinas.<\/span><\/strong><\/p>\n<p style=\"text-align: justify\"><span style=\"font-size: 12pt\"><strong>Projeto: \u2018Projetando lugares com os idosos: Rumo a comunidades amigas do envelhecimento\u2019.<\/strong><\/span><\/p>\n<p style=\"text-align: justify\"><span style=\"font-size: 12pt\">Financiamento: \u00a3 808.289 libras esterlinas.<\/span><\/p>\n<p style=\"text-align: justify\"><span style=\"font-size: 12pt\">Esta pesquisa entre o Brasil e o Reino Unido \u00e9 totalmente financiada pelo<strong>\u00a0<a href=\"https:\/\/esrc.ukri.org\/\">ESRC<\/a>\u00a0<\/strong>(Economic and Social Research Council) do Reino Unido no \u00e2mbito do<strong><a href=\"https:\/\/www.urbantransformations.ox.ac.uk\/\">\u00a0Programa de Pesquisa de Transforma\u00e7\u00f5es Urbanas<\/a><\/strong>. O Projeto foi submetido ao `<a href=\"https:\/\/confap.org.br\/news\/healthy-urban-living-and-the-social-science-of-the-food-water-energy-nexus\/\">Healthy Urban Living and the Social Science of the Food-Water-Energy Nexus: UK-Brazil Calls for Collaborative Research<\/a>`.<\/span><\/p>\n<p style=\"text-align: justify\"><span style=\"font-size: 12pt\"><strong>Projeto: \u2018Bom Envelhecimento em Ambientes Urbanos: Projetando cidades e comunidades com idosos\u2019.<\/strong><\/span><\/p>\n<p style=\"text-align: justify\"><span style=\"font-size: 12pt\">Financiamento: \u00a3 404,827 libras esterlinas.<\/span><\/p>\n<p style=\"text-align: justify\"><span style=\"font-size: 12pt\">A pesquisa entre o Reino Unido, Brasil e \u00cdndia \u00e9 financiada pelo ESRC (Economic and Social Research Council) do Reino Unido e ICSSR (Conselho Indiano de Pesquisa em Ci\u00eancias Sociais) da \u00cdndia no \u00e2mbito do Programa de Pesquisa de Transforma\u00e7\u00f5es Urbanas.<\/span><\/p>\n<p style=\"text-align: justify\"><strong><span style=\"font-size: 12pt\">Projeto: \u2018PlaceAge-COVID\u2019.<\/span><\/strong><\/p>\n<p style=\"text-align: justify\"><span style=\"font-size: 12pt\"> Financiamento: R$ 60,000 Brazil Reals<\/span><\/p>\n<p style=\"text-align: justify\"><span style=\"font-size: 12pt\">A pesquisa no Brasil, com parceria do Reino Unido, \u00e9 financiada pelo CNPQ (Conselho Nacional de Desenvolvimento Cient\u00edfico e Tecnol\u00f3gico) no Brasil. Se desenvolver\u00e1 inicialmente no Brasil totalmente online, devido a pandemia, e futuramente poder\u00e1 ser estendida \u00e0 residentes na \u00cdndia e Reino Unido. Para este Projeto todas as informa\u00e7\u00f5es se encontram em: <a href=\"https:\/\/wp.ufpel.edu.br\/agefriendlycities\/\">https:\/\/wp.ufpel.edu.br\/agefriendlycities\/<\/a><\/span><\/p>\n<\/div>\n","protected":false},"excerpt":{"rendered":"<p>Financiamento O Projeto PlaceAge \u00e9 constitu\u00eddo por dois projetos financiados pelo ESRC (Economic and Social Research Council) do Reino Unido, num total de \u00a31.213.116,00 libras esterlinas. Projeto: \u2018Projetando lugares com os idosos: Rumo a comunidades amigas do envelhecimento\u2019. Financiamento: \u00a3 808.289 libras esterlinas. Esta pesquisa entre o Brasil e o Reino Unido \u00e9 totalmente financiada&#8230; <\/p>\n<div class=\"link-more\"><a href=\"https:\/\/wp.ufpel.edu.br\/placeageproject\/financiamento-2\/\">Leia mais<\/a><\/div>\n","protected":false},"author":717,"featured_media":0,"parent":0,"menu_order":0,"comment_status":"closed","ping_status":"closed","template":"","meta":{"footnotes":""},"class_list":["post-622","page","type-page","status-publish","hentry"],"_links":{"self":[{"href":"https:\/\/wp.ufpel.edu.br\/placeageproject\/wp-json\/wp\/v2\/pages\/622","targetHints":{"allow":["GET"]}}],"collection":[{"href":"https:\/\/wp.ufpel.edu.br\/placeageproject\/wp-json\/wp\/v2\/pages"}],"about":[{"href":"https:\/\/wp.ufpel.edu.br\/placeageproject\/wp-json\/wp\/v2\/types\/page"}],"author":[{"embeddable":true,"href":"https:\/\/wp.ufpel.edu.br\/placeageproject\/wp-json\/wp\/v2\/users\/717"}],"replies":[{"embeddable":true,"href":"https:\/\/wp.ufpel.edu.br\/placeageproject\/wp-json\/wp\/v2\/comments?post=622"}],"version-history":[{"count":41,"href":"https:\/\/wp.ufpel.edu.br\/placeageproject\/wp-json\/wp\/v2\/pages\/622\/revisions"}],"predecessor-version":[{"id":2908,"href":"https:\/\/wp.ufpel.edu.br\/placeageproject\/wp-json\/wp\/v2\/pages\/622\/revisions\/2908"}],"wp:attachment":[{"href":"https:\/\/wp.ufpel.edu.br\/placeageproject\/wp-json\/wp\/v2\/media?parent=622"}],"curies":[{"name":"wp","href":"https:\/\/api.w.org\/{rel}","templated":true}]}}