{"id":46,"date":"2019-08-24T11:45:37","date_gmt":"2019-08-24T14:45:37","guid":{"rendered":"https:\/\/wp.ufpel.edu.br\/placeageproject\/?page_id=46"},"modified":"2019-10-20T15:44:03","modified_gmt":"2019-10-20T18:44:03","slug":"plataforma-sig","status":"publish","type":"page","link":"https:\/\/wp.ufpel.edu.br\/placeageproject\/plataforma-sig\/","title":{"rendered":"Plataforma SIG"},"content":{"rendered":"<p style=\"text-align: center\"><span style=\"font-size: 18pt\">Mapeamento no Sistema de Informa\u00e7\u00e3o Geogr\u00e1fica (SIG)<\/span><\/p>\n<p style=\"text-align: center\"><span style=\"font-size: 12pt\">O Projeto PlaceAge reconhece que m\u00e9todos digitais utilizados de maneiras inovadoras melhoram os resultados do desenvolvimento da pesquisa. Iniciamos um teste de uma plataforma GIS para organizar e compartilhar alguns dados e resultados da pesquisa. Isso foi desenvolvido para alguns dados obtidos no Reino Unido e no Brasil. As informa\u00e7\u00f5es do estudo na \u00cdndia ser\u00e3o adicionadas em breve.<\/span><\/p>\n<p style=\"text-align: center\"><a href=\"https:\/\/www.arcgis.com\/apps\/MapSeries\/index.html?appid=f8a3e87420f94557a433949b5a5ac928\">Para acessar a plataforma clique Aqui.<\/a><\/p>\n<p><img decoding=\"async\" class=\"aligncenter\" src=\"https:\/\/wp.ufpel.edu.br\/placeageproject\/files\/2019\/10\/Sem-t%C3%ADtulo-1-1800x720.jpg\" \/><\/p>\n","protected":false},"excerpt":{"rendered":"<p>Mapeamento no Sistema de Informa\u00e7\u00e3o Geogr\u00e1fica (SIG) O Projeto PlaceAge reconhece que m\u00e9todos digitais utilizados de maneiras inovadoras melhoram os resultados do desenvolvimento da pesquisa. Iniciamos um teste de uma plataforma GIS para organizar e compartilhar alguns dados e resultados da pesquisa. Isso foi desenvolvido para alguns dados obtidos no Reino Unido e no Brasil&#8230;. <\/p>\n<div class=\"link-more\"><a href=\"https:\/\/wp.ufpel.edu.br\/placeageproject\/plataforma-sig\/\">Leia mais<\/a><\/div>\n","protected":false},"author":717,"featured_media":0,"parent":0,"menu_order":0,"comment_status":"closed","ping_status":"closed","template":"","meta":{"footnotes":""},"class_list":["post-46","page","type-page","status-publish","hentry"],"_links":{"self":[{"href":"https:\/\/wp.ufpel.edu.br\/placeageproject\/wp-json\/wp\/v2\/pages\/46","targetHints":{"allow":["GET"]}}],"collection":[{"href":"https:\/\/wp.ufpel.edu.br\/placeageproject\/wp-json\/wp\/v2\/pages"}],"about":[{"href":"https:\/\/wp.ufpel.edu.br\/placeageproject\/wp-json\/wp\/v2\/types\/page"}],"author":[{"embeddable":true,"href":"https:\/\/wp.ufpel.edu.br\/placeageproject\/wp-json\/wp\/v2\/users\/717"}],"replies":[{"embeddable":true,"href":"https:\/\/wp.ufpel.edu.br\/placeageproject\/wp-json\/wp\/v2\/comments?post=46"}],"version-history":[{"count":6,"href":"https:\/\/wp.ufpel.edu.br\/placeageproject\/wp-json\/wp\/v2\/pages\/46\/revisions"}],"predecessor-version":[{"id":2527,"href":"https:\/\/wp.ufpel.edu.br\/placeageproject\/wp-json\/wp\/v2\/pages\/46\/revisions\/2527"}],"wp:attachment":[{"href":"https:\/\/wp.ufpel.edu.br\/placeageproject\/wp-json\/wp\/v2\/media?parent=46"}],"curies":[{"name":"wp","href":"https:\/\/api.w.org\/{rel}","templated":true}]}}