{"id":44,"date":"2019-08-24T11:45:37","date_gmt":"2019-08-24T14:45:37","guid":{"rendered":"https:\/\/wp.ufpel.edu.br\/placeageproject\/?page_id=44"},"modified":"2021-02-03T14:46:45","modified_gmt":"2021-02-03T17:46:45","slug":"resultados","status":"publish","type":"page","link":"https:\/\/wp.ufpel.edu.br\/placeageproject\/resultados\/","title":{"rendered":"Resultados"},"content":{"rendered":"<p style=\"text-align: center\"><span style=\"font-size: 18pt\">Resultados<\/span><\/p>\n<p style=\"text-align: center\"><span style=\"font-size: 12pt\">A pesquisa da PlaceAge re\u00fane idosos, formuladores de pol\u00edticas p\u00fablicas, profissionais e acad\u00eamicos do Reino Unido, Brasil e \u00cdndia para explorar como promover um envelhecimento ativo e saud\u00e1vel da popula\u00e7\u00e3o em diversos contextos urbanos, sociais e culturais. A investiga\u00e7\u00e3o compreende tr\u00eas pacotes de trabalho vinculados (WPs), cujo objetivo final \u00e9 a defini\u00e7\u00e3o de pol\u00edticas p\u00fablicas priorit\u00e1rias para a garantia de um envelhecimento saud\u00e1vel e ativo para todos:<\/span><\/p>\n<p style=\"text-align: center\"><a href=\"https:\/\/wp.ufpel.edu.br\/placeageproject\/2016-2017-pacote-de-trabalho-1-capturando-o-sentido-do-lugar\/\"><span style=\"font-size: 12pt\"><strong>Pacote de Trabalho 1 \u2013\u00a0<\/strong><strong>Capturando o sentido do lugar<\/strong><\/span><\/a><\/p>\n<p style=\"text-align: center\"><span style=\"font-size: 12pt\"><img loading=\"lazy\" decoding=\"async\" class=\"aligncenter wp-image-2302\" src=\"https:\/\/wp.ufpel.edu.br\/placeageproject\/files\/2019\/10\/16422767_1166069486824031_6875369266076427682_o.jpg\" alt=\"\" width=\"390\" height=\"292\" srcset=\"https:\/\/wp.ufpel.edu.br\/placeageproject\/files\/2019\/10\/16422767_1166069486824031_6875369266076427682_o.jpg 1440w, https:\/\/wp.ufpel.edu.br\/placeageproject\/files\/2019\/10\/16422767_1166069486824031_6875369266076427682_o-400x300.jpg 400w, https:\/\/wp.ufpel.edu.br\/placeageproject\/files\/2019\/10\/16422767_1166069486824031_6875369266076427682_o-768x576.jpg 768w, https:\/\/wp.ufpel.edu.br\/placeageproject\/files\/2019\/10\/16422767_1166069486824031_6875369266076427682_o-1024x768.jpg 1024w\" sizes=\"auto, (max-width: 390px) 100vw, 390px\" \/><\/span><\/p>\n<p style=\"text-align: center\"><a href=\"https:\/\/wp.ufpel.edu.br\/placeageproject\/2017-2018-pacote-de-trabalho-2-mapeando-o-sentido-do-lugar\/\"><span style=\"font-size: 12pt\"><strong>Pacote de Trabalho 2 \u2013\u00a0<\/strong><strong>Mapeando o sentido do lugar<\/strong><\/span><\/a><\/p>\n<p style=\"text-align: center\"><span style=\"font-size: 12pt\"><img loading=\"lazy\" decoding=\"async\" class=\"aligncenter wp-image-2303\" src=\"https:\/\/wp.ufpel.edu.br\/placeageproject\/files\/2019\/10\/24799315_1909382935743076_6706592206662157138_o.jpg\" alt=\"\" width=\"395\" height=\"296\" srcset=\"https:\/\/wp.ufpel.edu.br\/placeageproject\/files\/2019\/10\/24799315_1909382935743076_6706592206662157138_o.jpg 1152w, https:\/\/wp.ufpel.edu.br\/placeageproject\/files\/2019\/10\/24799315_1909382935743076_6706592206662157138_o-400x300.jpg 400w, https:\/\/wp.ufpel.edu.br\/placeageproject\/files\/2019\/10\/24799315_1909382935743076_6706592206662157138_o-768x576.jpg 768w, https:\/\/wp.ufpel.edu.br\/placeageproject\/files\/2019\/10\/24799315_1909382935743076_6706592206662157138_o-1024x768.jpg 1024w\" sizes=\"auto, (max-width: 395px) 100vw, 395px\" \/><\/span><\/p>\n<p style=\"text-align: center\"><span style=\"font-size: 12pt\"><strong><a href=\"https:\/\/wp.ufpel.edu.br\/placeageproject\/2018-2019-pacote-de-trabalho-3-projetando-para-o-sentido-do-lugar\/\">Pacote de Trabalho 3 \u2013\u00a0Projetando para o sentido do lugar<\/a><\/strong><\/span><\/p>\n<p style=\"text-align: center\"><span style=\"font-size: 12pt\"><img loading=\"lazy\" decoding=\"async\" class=\"aligncenter wp-image-2307\" src=\"https:\/\/wp.ufpel.edu.br\/placeageproject\/files\/2019\/10\/IMG_7567.jpg\" alt=\"\" width=\"403\" height=\"303\" srcset=\"https:\/\/wp.ufpel.edu.br\/placeageproject\/files\/2019\/10\/IMG_7567.jpg 4032w, https:\/\/wp.ufpel.edu.br\/placeageproject\/files\/2019\/10\/IMG_7567-400x300.jpg 400w, https:\/\/wp.ufpel.edu.br\/placeageproject\/files\/2019\/10\/IMG_7567-768x576.jpg 768w, https:\/\/wp.ufpel.edu.br\/placeageproject\/files\/2019\/10\/IMG_7567-1024x768.jpg 1024w\" sizes=\"auto, (max-width: 403px) 100vw, 403px\" \/><\/span><\/p>\n<p style=\"text-align: center\"><a href=\"https:\/\/wp.ufpel.edu.br\/placeageproject\/2878-2\/\"><span style=\"font-size: 12pt\"><strong>Pacote de Trabalho 4 \u2013 Impacto da Pesquisa<\/strong><\/span><\/a><\/p>\n<p><img loading=\"lazy\" decoding=\"async\" class=\" wp-image-2873 aligncenter\" src=\"https:\/\/wp.ufpel.edu.br\/placeageproject\/files\/2021\/02\/grandfather-5910483_1920.jpg\" alt=\"\" width=\"407\" height=\"272\" srcset=\"https:\/\/wp.ufpel.edu.br\/placeageproject\/files\/2021\/02\/grandfather-5910483_1920.jpg 1920w, https:\/\/wp.ufpel.edu.br\/placeageproject\/files\/2021\/02\/grandfather-5910483_1920-400x267.jpg 400w, https:\/\/wp.ufpel.edu.br\/placeageproject\/files\/2021\/02\/grandfather-5910483_1920-1024x683.jpg 1024w, https:\/\/wp.ufpel.edu.br\/placeageproject\/files\/2021\/02\/grandfather-5910483_1920-768x512.jpg 768w, https:\/\/wp.ufpel.edu.br\/placeageproject\/files\/2021\/02\/grandfather-5910483_1920-1536x1025.jpg 1536w, https:\/\/wp.ufpel.edu.br\/placeageproject\/files\/2021\/02\/grandfather-5910483_1920-960x640.jpg 960w, https:\/\/wp.ufpel.edu.br\/placeageproject\/files\/2021\/02\/grandfather-5910483_1920-450x300.jpg 450w\" sizes=\"auto, (max-width: 407px) 100vw, 407px\" \/><\/p>\n","protected":false},"excerpt":{"rendered":"<p>Resultados A pesquisa da PlaceAge re\u00fane idosos, formuladores de pol\u00edticas p\u00fablicas, profissionais e acad\u00eamicos do Reino Unido, Brasil e \u00cdndia para explorar como promover um envelhecimento ativo e saud\u00e1vel da popula\u00e7\u00e3o em diversos contextos urbanos, sociais e culturais. A investiga\u00e7\u00e3o compreende tr\u00eas pacotes de trabalho vinculados (WPs), cujo objetivo final \u00e9 a defini\u00e7\u00e3o de pol\u00edticas&#8230; <\/p>\n<div class=\"link-more\"><a href=\"https:\/\/wp.ufpel.edu.br\/placeageproject\/resultados\/\">Leia mais<\/a><\/div>\n","protected":false},"author":717,"featured_media":0,"parent":0,"menu_order":0,"comment_status":"closed","ping_status":"closed","template":"","meta":{"footnotes":""},"class_list":["post-44","page","type-page","status-publish","hentry"],"_links":{"self":[{"href":"https:\/\/wp.ufpel.edu.br\/placeageproject\/wp-json\/wp\/v2\/pages\/44","targetHints":{"allow":["GET"]}}],"collection":[{"href":"https:\/\/wp.ufpel.edu.br\/placeageproject\/wp-json\/wp\/v2\/pages"}],"about":[{"href":"https:\/\/wp.ufpel.edu.br\/placeageproject\/wp-json\/wp\/v2\/types\/page"}],"author":[{"embeddable":true,"href":"https:\/\/wp.ufpel.edu.br\/placeageproject\/wp-json\/wp\/v2\/users\/717"}],"replies":[{"embeddable":true,"href":"https:\/\/wp.ufpel.edu.br\/placeageproject\/wp-json\/wp\/v2\/comments?post=44"}],"version-history":[{"count":18,"href":"https:\/\/wp.ufpel.edu.br\/placeageproject\/wp-json\/wp\/v2\/pages\/44\/revisions"}],"predecessor-version":[{"id":2893,"href":"https:\/\/wp.ufpel.edu.br\/placeageproject\/wp-json\/wp\/v2\/pages\/44\/revisions\/2893"}],"wp:attachment":[{"href":"https:\/\/wp.ufpel.edu.br\/placeageproject\/wp-json\/wp\/v2\/media?parent=44"}],"curies":[{"name":"wp","href":"https:\/\/api.w.org\/{rel}","templated":true}]}}