{"id":42,"date":"2019-08-24T11:45:36","date_gmt":"2019-08-24T14:45:36","guid":{"rendered":"https:\/\/wp.ufpel.edu.br\/placeageproject\/?page_id=42"},"modified":"2021-03-21T14:13:49","modified_gmt":"2021-03-21T17:13:49","slug":"fotos","status":"publish","type":"page","link":"https:\/\/wp.ufpel.edu.br\/placeageproject\/fotos\/","title":{"rendered":"Fotos"},"content":{"rendered":"<p style=\"text-align: center\"><span style=\"font-size: 18pt\">Fotos<\/span><\/p>\n<p style=\"text-align: center\"><span style=\"font-size: 12pt\">Miss\u00e3o de Pesquisa PlaceAge para Edimburgo, Reino Unido &#8211; Janeiro de 2020.<\/span><\/p>\n<p><img loading=\"lazy\" decoding=\"async\" class=\" wp-image-2931 aligncenter\" src=\"https:\/\/wp.ufpel.edu.br\/placeageproject\/files\/2021\/03\/4fa13e2e-967e-479a-8f99-2eee6d79afc2.jpg\" alt=\"\" width=\"550\" height=\"361\" srcset=\"https:\/\/wp.ufpel.edu.br\/placeageproject\/files\/2021\/03\/4fa13e2e-967e-479a-8f99-2eee6d79afc2.jpg 710w, https:\/\/wp.ufpel.edu.br\/placeageproject\/files\/2021\/03\/4fa13e2e-967e-479a-8f99-2eee6d79afc2-400x263.jpg 400w, https:\/\/wp.ufpel.edu.br\/placeageproject\/files\/2021\/03\/4fa13e2e-967e-479a-8f99-2eee6d79afc2-457x300.jpg 457w\" sizes=\"auto, (max-width: 550px) 100vw, 550px\" \/><\/p>\n<p style=\"text-align: center\"><span style=\"font-size: 12pt\">Miss\u00e3o de Pesquisa PlaceAge para Edimburgo, Reino Unido &#8211; Agosto de 2019.<\/span><\/p>\n<p><img loading=\"lazy\" decoding=\"async\" class=\"aligncenter\" src=\"https:\/\/wp.ufpel.edu.br\/placeageproject\/files\/2019\/10\/69967899_10158621547144688_7752480574178066432_n-1-1.jpg\" width=\"547\" height=\"410\" \/><\/p>\n<p style=\"text-align: center\"><span style=\"font-size: 12pt\">Miss\u00e3o de Pesquisa PlaceAge para Delhi, \u00cdndia &#8211; Julho de 2019.<\/span><\/p>\n<p><img loading=\"lazy\" decoding=\"async\" class=\"aligncenter\" src=\"https:\/\/wp.ufpel.edu.br\/placeageproject\/files\/2019\/10\/67359504_10158484365814688_3833776654103085056_n.jpg\" width=\"554\" height=\"339\" \/><\/p>\n<p style=\"text-align: center\"><span style=\"font-size: 12pt\">Miss\u00e3o de Pesquisa PlaceAge para a Confer\u00eancia EDRA em Nova Iorque, USA &#8211; Maio de 2019.<\/span><\/p>\n<p><img loading=\"lazy\" decoding=\"async\" class=\"aligncenter\" src=\"https:\/\/wp.ufpel.edu.br\/placeageproject\/files\/2019\/10\/61650415_10158336713034688_6139410558539005952_n-1.jpg\" width=\"562\" height=\"421\" \/><\/p>\n<p style=\"text-align: center\"><span style=\"font-size: 12pt\">Miss\u00e3o de Pesquisa PlaceAge para Bras\u00edlia, Brasil &#8211; Dezembro de 2018.<\/span><\/p>\n<p><img loading=\"lazy\" decoding=\"async\" class=\"aligncenter\" src=\"https:\/\/wp.ufpel.edu.br\/placeageproject\/files\/2019\/10\/grupo-1.jpg\" width=\"567\" height=\"298\" \/><\/p>\n<p style=\"text-align: center\"><span style=\"font-size: 12pt\">Miss\u00e3o de Pesquisa da Professora Adriana Portella para a ONU em Genebra, Su\u00ed\u00e7a &#8211; Novembro de 2018.<\/span><\/p>\n<p><img loading=\"lazy\" decoding=\"async\" class=\"aligncenter\" src=\"https:\/\/wp.ufpel.edu.br\/placeageproject\/files\/2019\/10\/45696420_10157771448199688_1731211414762160128_n-1.jpg\" width=\"572\" height=\"418\" \/><\/p>\n<p style=\"text-align: center\"><span style=\"font-size: 12pt\">Miss\u00e3o de Pesquisa PlaceAge para Tirupati, \u00cdndia &#8211; Agosto de 2018.<\/span><\/p>\n<p><img loading=\"lazy\" decoding=\"async\" class=\"aligncenter\" src=\"https:\/\/wp.ufpel.edu.br\/placeageproject\/files\/2019\/10\/people.jpg\" width=\"574\" height=\"315\" \/><\/p>\n<p style=\"text-align: center\"><span style=\"font-size: 12pt\">Miss\u00e3o de Pesquisa PlaceAge para a Confer\u00eancia do IAPS em Roma, It\u00e1lia &#8211; Julho de 2018.<\/span><\/p>\n<p><img loading=\"lazy\" decoding=\"async\" class=\"aligncenter\" src=\"https:\/\/wp.ufpel.edu.br\/placeageproject\/files\/2019\/10\/37010151_10157436079224688_1101502151844167680_n-1-1.jpg\" width=\"573\" height=\"430\" \/><\/p>\n<p style=\"text-align: center\"><span style=\"font-size: 12pt\">Miss\u00e3o de Pesquisa PlaceAge ao <em>ESRC Newton Impact Event<\/em>\u00a0 em Glasgow, Reino Unido &#8211; Mar\u00e7o de 2018.<\/span><\/p>\n<p><img loading=\"lazy\" decoding=\"async\" class=\"aligncenter\" src=\"https:\/\/wp.ufpel.edu.br\/placeageproject\/files\/2019\/10\/28661425_10157058083549688_7066513970616926398_n-1.jpg\" width=\"576\" height=\"411\" \/><\/p>\n<p style=\"text-align: center\"><span style=\"font-size: 12pt\">Miss\u00e3o de Pesquisa PlaceAge para Pelotas, Brasil- Dezembro de 2017.<\/span><\/p>\n<p><img loading=\"lazy\" decoding=\"async\" class=\"aligncenter\" src=\"https:\/\/wp.ufpel.edu.br\/placeageproject\/files\/2019\/10\/24231907_10156756438759688_5811364114517027697_n.jpg\" width=\"576\" height=\"382\" \/><\/p>\n<p style=\"text-align: center\"><span style=\"font-size: 12pt\">Miss\u00e3o de Pesquisa PlaceAge para Manchester, Reino Unido &#8211; Setembro de 2017.<\/span><\/p>\n<p><img loading=\"lazy\" decoding=\"async\" class=\"aligncenter\" src=\"https:\/\/wp.ufpel.edu.br\/placeageproject\/files\/2019\/10\/21272147_2450545708504185_3325066305834094407_n.jpg\" width=\"580\" height=\"435\" \/><\/p>\n<p style=\"text-align: center\"><span style=\"font-size: 12pt\">Miss\u00e3o de Pesquisa PlaceAge para Dundee, Reino Unido &#8211; Junho de 2017.<\/span><\/p>\n<p><img loading=\"lazy\" decoding=\"async\" class=\"aligncenter\" src=\"https:\/\/wp.ufpel.edu.br\/placeageproject\/files\/2019\/10\/18835737_10156118650574688_1202226430008295832_n.jpg\" width=\"577\" height=\"448\" \/><\/p>\n<p style=\"text-align: center\"><span style=\"font-size: 12pt\">Miss\u00e3o de Pesquisa PlaceAge para Pelotas, Brasil &#8211; Dezembro de 2016.<\/span><\/p>\n<p><img loading=\"lazy\" decoding=\"async\" class=\"aligncenter\" src=\"https:\/\/wp.ufpel.edu.br\/placeageproject\/files\/2019\/10\/15370175_2223987194493372_6176194380223983229_o.jpg\" width=\"574\" height=\"431\" \/><\/p>\n<p style=\"text-align: center\"><span style=\"font-size: 12pt\">Miss\u00e3o de Pesquisa PlaceAge para Edimburgo e Glasgow, Reino Unido &#8211; Julho de 2016.<\/span><\/p>\n<p><img loading=\"lazy\" decoding=\"async\" class=\"aligncenter\" src=\"https:\/\/wp.ufpel.edu.br\/placeageproject\/files\/2019\/10\/13575900_10154922921999688_1496444026155164913_o.jpg\" width=\"580\" height=\"384\" \/><\/p>\n","protected":false},"excerpt":{"rendered":"<p>Fotos Miss\u00e3o de Pesquisa PlaceAge para Edimburgo, Reino Unido &#8211; Janeiro de 2020. Miss\u00e3o de Pesquisa PlaceAge para Edimburgo, Reino Unido &#8211; Agosto de 2019. Miss\u00e3o de Pesquisa PlaceAge para Delhi, \u00cdndia &#8211; Julho de 2019. Miss\u00e3o de Pesquisa PlaceAge para a Confer\u00eancia EDRA em Nova Iorque, USA &#8211; Maio de 2019. Miss\u00e3o de Pesquisa&#8230; <\/p>\n<div class=\"link-more\"><a href=\"https:\/\/wp.ufpel.edu.br\/placeageproject\/fotos\/\">Leia mais<\/a><\/div>\n","protected":false},"author":717,"featured_media":0,"parent":0,"menu_order":0,"comment_status":"closed","ping_status":"closed","template":"","meta":{"footnotes":""},"class_list":["post-42","page","type-page","status-publish","hentry"],"_links":{"self":[{"href":"https:\/\/wp.ufpel.edu.br\/placeageproject\/wp-json\/wp\/v2\/pages\/42","targetHints":{"allow":["GET"]}}],"collection":[{"href":"https:\/\/wp.ufpel.edu.br\/placeageproject\/wp-json\/wp\/v2\/pages"}],"about":[{"href":"https:\/\/wp.ufpel.edu.br\/placeageproject\/wp-json\/wp\/v2\/types\/page"}],"author":[{"embeddable":true,"href":"https:\/\/wp.ufpel.edu.br\/placeageproject\/wp-json\/wp\/v2\/users\/717"}],"replies":[{"embeddable":true,"href":"https:\/\/wp.ufpel.edu.br\/placeageproject\/wp-json\/wp\/v2\/comments?post=42"}],"version-history":[{"count":29,"href":"https:\/\/wp.ufpel.edu.br\/placeageproject\/wp-json\/wp\/v2\/pages\/42\/revisions"}],"predecessor-version":[{"id":2932,"href":"https:\/\/wp.ufpel.edu.br\/placeageproject\/wp-json\/wp\/v2\/pages\/42\/revisions\/2932"}],"wp:attachment":[{"href":"https:\/\/wp.ufpel.edu.br\/placeageproject\/wp-json\/wp\/v2\/media?parent=42"}],"curies":[{"name":"wp","href":"https:\/\/api.w.org\/{rel}","templated":true}]}}