{"id":2878,"date":"2021-02-03T14:38:42","date_gmt":"2021-02-03T17:38:42","guid":{"rendered":"https:\/\/wp.ufpel.edu.br\/placeageproject\/?page_id=2878"},"modified":"2021-02-03T14:38:42","modified_gmt":"2021-02-03T17:38:42","slug":"2878-2","status":"publish","type":"page","link":"https:\/\/wp.ufpel.edu.br\/placeageproject\/2878-2\/","title":{"rendered":""},"content":{"rendered":"<p style=\"text-align: center\"><span style=\"font-size: 18pt\">Pacote de Trabalho 4 &#8211; Impacto da Pesquisa<\/span><\/p>\n<p style=\"text-align: center\"><img loading=\"lazy\" decoding=\"async\" class=\" wp-image-2880 aligncenter\" src=\"https:\/\/wp.ufpel.edu.br\/placeageproject\/files\/2021\/02\/grandfather-5910483_1920-1.jpg\" alt=\"\" width=\"603\" height=\"402\" srcset=\"https:\/\/wp.ufpel.edu.br\/placeageproject\/files\/2021\/02\/grandfather-5910483_1920-1.jpg 1920w, https:\/\/wp.ufpel.edu.br\/placeageproject\/files\/2021\/02\/grandfather-5910483_1920-1-400x267.jpg 400w, https:\/\/wp.ufpel.edu.br\/placeageproject\/files\/2021\/02\/grandfather-5910483_1920-1-1024x683.jpg 1024w, https:\/\/wp.ufpel.edu.br\/placeageproject\/files\/2021\/02\/grandfather-5910483_1920-1-768x512.jpg 768w, https:\/\/wp.ufpel.edu.br\/placeageproject\/files\/2021\/02\/grandfather-5910483_1920-1-1536x1025.jpg 1536w, https:\/\/wp.ufpel.edu.br\/placeageproject\/files\/2021\/02\/grandfather-5910483_1920-1-960x640.jpg 960w, https:\/\/wp.ufpel.edu.br\/placeageproject\/files\/2021\/02\/grandfather-5910483_1920-1-450x300.jpg 450w\" sizes=\"auto, (max-width: 603px) 100vw, 603px\" \/><\/p>\n<p style=\"text-align: justify\"><span style=\"font-size: 12pt\">O ano de 2020 inicia com a pandemia do COVID-19 e esse novo momento trouxe novos desafios para o Projeto PlaceAge. A\u00e7\u00f5es de monitoramento de como os idosos nas cidades estudo est\u00e3o sendo impactados pela pandemia e pelo isolamento social est\u00e3o sendo aplicadas. Atividades de desenvolvimento de projetos de lei voltados ao envelhecimento saud\u00e1vel para as cidades estudadas est\u00e3o sendo desenvolvidas para que os resultados do Projeto possam auxiliar diretamente e na pr\u00e1tica a popula\u00e7\u00e3o participante. Al\u00e9m disso, nessa fase se realiza estudos de quanto o conhecimento gerado pelo PlaceAge contribui, beneficia e influencia a sociedade, a cultura, o\u00a0 ambiente e a economia. Dentro desse Pacote de Trabalho, a ag\u00eancia CNPQ (Conselho Nacional de Desenvolvimento Cient\u00edfico e Tecnol\u00f3gico) do Brasil financia duas bolsas de pesquisa (inicia\u00e7\u00e3o cient\u00edfica e extens\u00e3o no pa\u00eds), e a seguinte a\u00e7\u00e3o de pesquisa relacionada ao PlaceAge: &#8216;Projetando comunidades amigas do envelhecimento para apoiar o bem-estar social em resposta ao COVID-19&#8217;. A a\u00e7\u00e3o busca investigar as experi\u00eancias de idosos residentes no Brasil inicialmente, para determinar os impactos da pandemia do COVID-19 no bem-estar social e a efic\u00e1cia de respostas como medidas de distanciamento social e \u2018estadia em casa\u2019 para enfrentar a crise. Pretende-se concluir este Pacote de Trabalho em 2023.<\/span><\/p>\n","protected":false},"excerpt":{"rendered":"<p>Pacote de Trabalho 4 &#8211; Impacto da Pesquisa O ano de 2020 inicia com a pandemia do COVID-19 e esse novo momento trouxe novos desafios para o Projeto PlaceAge. A\u00e7\u00f5es de monitoramento de como os idosos nas cidades estudo est\u00e3o sendo impactados pela pandemia e pelo isolamento social est\u00e3o sendo aplicadas. Atividades de desenvolvimento de&#8230; <\/p>\n<div class=\"link-more\"><a href=\"https:\/\/wp.ufpel.edu.br\/placeageproject\/2878-2\/\">Leia mais<\/a><\/div>\n","protected":false},"author":717,"featured_media":0,"parent":0,"menu_order":0,"comment_status":"closed","ping_status":"closed","template":"","meta":{"footnotes":""},"class_list":["post-2878","page","type-page","status-publish","hentry"],"_links":{"self":[{"href":"https:\/\/wp.ufpel.edu.br\/placeageproject\/wp-json\/wp\/v2\/pages\/2878","targetHints":{"allow":["GET"]}}],"collection":[{"href":"https:\/\/wp.ufpel.edu.br\/placeageproject\/wp-json\/wp\/v2\/pages"}],"about":[{"href":"https:\/\/wp.ufpel.edu.br\/placeageproject\/wp-json\/wp\/v2\/types\/page"}],"author":[{"embeddable":true,"href":"https:\/\/wp.ufpel.edu.br\/placeageproject\/wp-json\/wp\/v2\/users\/717"}],"replies":[{"embeddable":true,"href":"https:\/\/wp.ufpel.edu.br\/placeageproject\/wp-json\/wp\/v2\/comments?post=2878"}],"version-history":[{"count":1,"href":"https:\/\/wp.ufpel.edu.br\/placeageproject\/wp-json\/wp\/v2\/pages\/2878\/revisions"}],"predecessor-version":[{"id":2881,"href":"https:\/\/wp.ufpel.edu.br\/placeageproject\/wp-json\/wp\/v2\/pages\/2878\/revisions\/2881"}],"wp:attachment":[{"href":"https:\/\/wp.ufpel.edu.br\/placeageproject\/wp-json\/wp\/v2\/media?parent=2878"}],"curies":[{"name":"wp","href":"https:\/\/api.w.org\/{rel}","templated":true}]}}