{"id":2,"date":"2019-08-16T15:18:57","date_gmt":"2019-08-16T18:18:57","guid":{"rendered":"https:\/\/wp.ufpel.edu.br\/placeageproject\/?page_id=2"},"modified":"2021-03-21T13:38:43","modified_gmt":"2021-03-21T16:38:43","slug":"pagina-exemplo","status":"publish","type":"page","link":"https:\/\/wp.ufpel.edu.br\/placeageproject\/pagina-exemplo\/","title":{"rendered":"Projeto"},"content":{"rendered":"<div class=\"\">\n<p style=\"text-align: center\"><span style=\"font-size: 18pt\">Projeto<\/span><\/p>\n<p style=\"text-align: justify\"><span style=\"font-size: 12pt;text-align: justify\"><strong>O Projeto PlaceAge \u00e9 constitu\u00eddo por tr\u00eas projetos financiados pelo ESRC (Economic and Social Research Council) do Reino Unido, num total de \u00a31.213.116,00 libras esterlinas.<\/strong> Entre os pa\u00edses envolvidos, participam o <strong>Reino Unido, o Brasil e a \u00cdndia.<\/strong> Os projetos possuem tamb\u00e9m suporte brasileiro pelas ag\u00eancias de pesquisa CNPQ (Conselho Nacional de Desenvolvimento Cient\u00edfico e Tecnol\u00f3gico) e FAPERGS (Funda\u00e7\u00e3o de Amparo \u00e0 Pesquisa do Estado do Rio Grande do Sul), e pela Universidade Federal de Pelotas com o financiamento de bolsistas de inicia\u00e7\u00e3o cient\u00edfica, ensino e extens\u00e3o.<\/span><\/p>\n<\/div>\n<div class=\"content\" style=\"text-align: justify\">\n<p style=\"text-align: justify\"><span style=\"font-size: 12pt\">1. <strong>O projeto que deu origem ao PlaceAge se chama \u201cProjetando lugares com os idosos: Rumo a comunidades amigas do envelhecimento\u201d<\/strong> e tem como foco explorar como os idosos enfrentam o envelhecimento em diferentes contextos urbanos, sociais e culturais no Reino Unido e no Brasil. \u00c9 financiado no valor de \u00a3808.289 libras esterlinas pelo ESRC (Economic and Social Research Council). O projeto iniciou em 2016, tendo as atividades de coleta de dados e an\u00e1lise conclu\u00eddas em 2019. De 2020 a 2023 o projeto continua com atividades de impacto e desenvolvimento de pol\u00edticas p\u00fablicas junto a \u00f3rg\u00e3o nacionais e internacionais.<\/span><\/p>\n<p style=\"text-align: justify\"><span style=\"font-size: 12pt\">2. <strong>O segundo projeto denomina-se \u201cBom Envelhecimento em Ambientes Urbanos: Projetando cidades e comunidades com idosos\u201d.<\/strong> Essa iniciativa tem parceira entre o Reino Unido, \u00cdndia e Brasil e \u00e9 financiado pelo ESRC (Economic and Social Research Council) do Reino Unido e pelo ICSSR (Conselho Indiano de Pesquisa em Ci\u00eancias Sociais) da \u00cdndia. As atividades iniciaram em 2018 e ser\u00e3o conclu\u00eddas em 2021. O financiamento \u00e9 no total de \u00a3404.827 libras esterlinas.<\/span><\/p>\n<p style=\"text-align: justify\"><span style=\"font-size: 12pt\">3. O terceiro Projeto se denomina\u00a0<b>\u201c<\/b><a href=\"https:\/\/wp.ufpel.edu.br\/agefriendlycities\/\"><strong>PlaceAge-COVID<b>\u201d<\/b>\u00a0<\/strong><\/a>e estuda as experi\u00eancias de idosos para determinar os impactos da pandemia do COVID-19 no bem-estar social e o impacto de medidas como o distanciamento social e \u2018estadia em casa\u2019 na sa\u00fade f\u00edsica e mental das pessoas. \u00c9 uma parceria internacional entre o Brasil (Universidade Federal de Pelotas) e a Heriot-Watt University (Reino Unido). As atividades iniciaram em 2021 e ser\u00e3o conclu\u00eddas em 2023. Mais informa\u00e7\u00f5es sobre o projeto podem ser acessadas em:\u00a0<a href=\"https:\/\/wp.ufpel.edu.br\/agefriendlycities\/\">https:\/\/wp.ufpel.edu.br\/agefriendlycities\/<\/a><\/span><\/p>\n<p style=\"text-align: justify\"><span style=\"font-size: 12pt\">Os projetos t\u00eam parceria internacional entre as Universidades Heriot-Watt em Edimburgo no Reino Unido, Universidade Federal de Pelotas no Brasil, e Universidade Sri Venkateswara na \u00cdndia.<\/span><\/p>\n<p style=\"text-align: justify\"><span style=\"font-size: 12pt\">As popula\u00e7\u00f5es envelhecidas no Reino Unido, Brasil e \u00cdndia geraram novos desafios em como projetar melhores ambientes urbanos que apoiem e promovam o envolvimento social cotidiano e a vida urbana saud\u00e1vel para os idosos. \u00c0 medida que envelhecem, as pessoas enfrentam limita\u00e7\u00f5es em suas capacidades f\u00edsicas e cognitivas, mudan\u00e7as nos arranjos de vida e perda de apoios sociais. Em resposta a isso, a Agenda do Envelhecimento Local da Organiza\u00e7\u00e3o Mundial da Sa\u00fade tornou-se uma quest\u00e3o importante na redefini\u00e7\u00e3o de pol\u00edticas para idosos. A Agenda do Envelhecimento Local postula que o ambiente preferido pelos idosos \u00e9 a comunidade, onde eles podem permanecer ativos, engajados, socialmente conectados e independentes. No entanto, as cidades urbanas contempor\u00e2neas podem ser \u201chostis\u201d aos idosos, agindo como uma barreira ao acesso a oportunidades sociais, econ\u00f4micas e c\u00edvicas. O Projeto PlaceAge reconhece que simplesmente mudar a forma constru\u00edda n\u00e3o \u00e9 suficiente para criar um ambiente mais inclusivo para o envelhecimento, pois os lugares s\u00e3o mais do que espa\u00e7os f\u00edsicos. Ambientes vi\u00e1veis s\u00e3o articulados atrav\u00e9s de um forte sentido de lugar, definido como os v\u00ednculos sociais, psicol\u00f3gicos e emocionais que as pessoas t\u00eam com seu ambiente. Um forte senso de lugar resulta do acesso a apoios para participa\u00e7\u00e3o ativa, oportunidades para construir e sustentar redes sociais e assumir um papel significativo na comunidade. Em contraste, um sentimento de exclus\u00e3o ou \u201cfalta de oportunidades de participa\u00e7\u00e3o na comunidade\u201d est\u00e1 associado \u00e0 aliena\u00e7\u00e3o, ao isolamento e \u00e0 solid\u00e3o, muitas vezes resultando em problemas adversos de sa\u00fade e bem-estar, particularmente entre os idosos vulner\u00e1veis. Socialmente, a cria\u00e7\u00e3o de ambientes urbanos amig\u00e1veis ao envelhecimento que apoiam o sentido de lugar s\u00e3o parte integrante do envelhecimento bem-sucedido, garantindo que os idosos possam continuar a contribuir positivamente na velhice, atrasando a necessidade de cuidados institucionais e reduzindo os custos de sa\u00fade e assist\u00eancia social. Atrav\u00e9s do desenvolvimento de uma compreens\u00e3o de experi\u00eancia transcultural do envelhecimento no local certo, que leva em conta transforma\u00e7\u00f5es da pessoa e lugar. O Projeto PlaceAge reconhece a import\u00e2ncia de desenvolver espa\u00e7os urbanos amig\u00e1veis para os idosos que respondam a diferentes impactos ambientais, sociais, culturais e estrutura pol\u00edtica.<\/span><\/p>\n<\/div>\n","protected":false},"excerpt":{"rendered":"<p>Projeto O Projeto PlaceAge \u00e9 constitu\u00eddo por tr\u00eas projetos financiados pelo ESRC (Economic and Social Research Council) do Reino Unido, num total de \u00a31.213.116,00 libras esterlinas. Entre os pa\u00edses envolvidos, participam o Reino Unido, o Brasil e a \u00cdndia. Os projetos possuem tamb\u00e9m suporte brasileiro pelas ag\u00eancias de pesquisa CNPQ (Conselho Nacional de Desenvolvimento Cient\u00edfico&#8230; <\/p>\n<div class=\"link-more\"><a href=\"https:\/\/wp.ufpel.edu.br\/placeageproject\/pagina-exemplo\/\">Leia mais<\/a><\/div>\n","protected":false},"author":956,"featured_media":0,"parent":0,"menu_order":0,"comment_status":"closed","ping_status":"closed","template":"","meta":{"footnotes":""},"class_list":["post-2","page","type-page","status-publish","hentry"],"_links":{"self":[{"href":"https:\/\/wp.ufpel.edu.br\/placeageproject\/wp-json\/wp\/v2\/pages\/2","targetHints":{"allow":["GET"]}}],"collection":[{"href":"https:\/\/wp.ufpel.edu.br\/placeageproject\/wp-json\/wp\/v2\/pages"}],"about":[{"href":"https:\/\/wp.ufpel.edu.br\/placeageproject\/wp-json\/wp\/v2\/types\/page"}],"author":[{"embeddable":true,"href":"https:\/\/wp.ufpel.edu.br\/placeageproject\/wp-json\/wp\/v2\/users\/956"}],"replies":[{"embeddable":true,"href":"https:\/\/wp.ufpel.edu.br\/placeageproject\/wp-json\/wp\/v2\/comments?post=2"}],"version-history":[{"count":16,"href":"https:\/\/wp.ufpel.edu.br\/placeageproject\/wp-json\/wp\/v2\/pages\/2\/revisions"}],"predecessor-version":[{"id":2826,"href":"https:\/\/wp.ufpel.edu.br\/placeageproject\/wp-json\/wp\/v2\/pages\/2\/revisions\/2826"}],"wp:attachment":[{"href":"https:\/\/wp.ufpel.edu.br\/placeageproject\/wp-json\/wp\/v2\/media?parent=2"}],"curies":[{"name":"wp","href":"https:\/\/api.w.org\/{rel}","templated":true}]}}