{"id":1909,"date":"2019-09-29T22:27:25","date_gmt":"2019-09-30T01:27:25","guid":{"rendered":"https:\/\/wp.ufpel.edu.br\/placeageproject\/?page_id=1909"},"modified":"2020-07-19T21:08:28","modified_gmt":"2020-07-20T00:08:28","slug":"publicacoes","status":"publish","type":"page","link":"https:\/\/wp.ufpel.edu.br\/placeageproject\/publicacoes\/","title":{"rendered":"Publica\u00e7\u00f5es"},"content":{"rendered":"<p style=\"text-align: center\"><span style=\"font-size: 18pt\">Publica\u00e7\u00f5es<\/span><\/p>\n<p><img loading=\"lazy\" decoding=\"async\" class=\"aligncenter\" src=\"https:\/\/wp.ufpel.edu.br\/placeageproject\/files\/2019\/10\/Newsletter-revista-1.jpg\" width=\"609\" height=\"288\" \/><\/p>\n<p style=\"text-align: center\"><span style=\"font-size: 12pt\"><a href=\"https:\/\/issuu.com\/placeage\/docs\/newsletter_volume1_n1_2017\">PlaceAge Newsletter<\/a> &#8211; vol 1.<\/span><\/p>\n<p style=\"text-align: center\"><span style=\"font-size: 12pt\">PlaceAge Newsletter &#8211; vol 2. <a href=\"https:\/\/issuu.com\/placeage\/docs\/newsletter_volume1_n2_2018\">Portugu\u00eas<\/a>\/ <a href=\"https:\/\/issuu.com\/placeage\/docs\/newsletter_volume1_n1_2018\">Ingl\u00eas<\/a>.<\/span><\/p>\n<p style=\"text-align: center\"><span style=\"font-size: 12pt\">Livro &#8211; <a href=\"https:\/\/issuu.com\/placeage\/docs\/placeage_book_edinburgh\">Place-Making with Older Adults: Towards Age-Friendly Cities and Communities<\/a>.<\/span><\/p>\n<p style=\"text-align: center\"><span style=\"font-size: 12pt\">Livro &#8211; <a href=\"https:\/\/issuu.com\/placeage\/docs\/livro_placeage_reduzido_1_compressed\">Ageing in Place. Narratives and Memories in the UK and Brazil<\/a>.<\/span><\/p>\n","protected":false},"excerpt":{"rendered":"<p>Publica\u00e7\u00f5es PlaceAge Newsletter &#8211; vol 1. PlaceAge Newsletter &#8211; vol 2. Portugu\u00eas\/ Ingl\u00eas. Livro &#8211; Place-Making with Older Adults: Towards Age-Friendly Cities and Communities. Livro &#8211; Ageing in Place. Narratives and Memories in the UK and Brazil.<\/p>\n","protected":false},"author":717,"featured_media":0,"parent":0,"menu_order":0,"comment_status":"closed","ping_status":"closed","template":"","meta":{"footnotes":""},"class_list":["post-1909","page","type-page","status-publish","hentry"],"_links":{"self":[{"href":"https:\/\/wp.ufpel.edu.br\/placeageproject\/wp-json\/wp\/v2\/pages\/1909","targetHints":{"allow":["GET"]}}],"collection":[{"href":"https:\/\/wp.ufpel.edu.br\/placeageproject\/wp-json\/wp\/v2\/pages"}],"about":[{"href":"https:\/\/wp.ufpel.edu.br\/placeageproject\/wp-json\/wp\/v2\/types\/page"}],"author":[{"embeddable":true,"href":"https:\/\/wp.ufpel.edu.br\/placeageproject\/wp-json\/wp\/v2\/users\/717"}],"replies":[{"embeddable":true,"href":"https:\/\/wp.ufpel.edu.br\/placeageproject\/wp-json\/wp\/v2\/comments?post=1909"}],"version-history":[{"count":6,"href":"https:\/\/wp.ufpel.edu.br\/placeageproject\/wp-json\/wp\/v2\/pages\/1909\/revisions"}],"predecessor-version":[{"id":2687,"href":"https:\/\/wp.ufpel.edu.br\/placeageproject\/wp-json\/wp\/v2\/pages\/1909\/revisions\/2687"}],"wp:attachment":[{"href":"https:\/\/wp.ufpel.edu.br\/placeageproject\/wp-json\/wp\/v2\/media?parent=1909"}],"curies":[{"name":"wp","href":"https:\/\/api.w.org\/{rel}","templated":true}]}}