{"id":738,"date":"2019-03-28T17:50:45","date_gmt":"2019-03-28T20:50:45","guid":{"rendered":"https:\/\/wp.ufpel.edu.br\/placeage\/?page_id=738"},"modified":"2019-03-31T15:27:50","modified_gmt":"2019-03-31T18:27:50","slug":"vistos","status":"publish","type":"page","link":"https:\/\/wp.ufpel.edu.br\/placeage\/vistos\/","title":{"rendered":"Vistos"},"content":{"rendered":"<p style=\"text-align: justify\"><span style=\"font-family: helvetica, arial, sans-serif\">Se voc\u00ea mora no exterior, por favor, verifique a necessidade ou n\u00e3o de solicitar um visto para visitar o Brasil.<\/span><\/p>\n<p style=\"text-align: justify\"><span style=\"font-family: helvetica, arial, sans-serif;font-size: 12pt\">O Brasil exige que residentes de muitos pa\u00edses solicitem visto com anteced\u00eancia para entrar no pa\u00eds. Por exemplo, Austr\u00e1lia, Canad\u00e1, Jap\u00e3o, Cingapura, etc. A necessidade de requerimento de visto deve ser verificada antes da entrada no Brasil, pois esses podem levar algum tempo para serem processados. <\/span><\/p>\n<p style=\"text-align: justify\"><span style=\"font-family: helvetica, arial, sans-serif;font-size: 12pt\">Por favor, se voc\u00ea tiver alguma d\u00favida, confira os links abaixo: <\/span><\/p>\n<p><a href=\"http:\/\/www.portalconsular.itamaraty.gov.br\/vistos-para-viajar-ao-brasil#precisa\" target=\"_blank\" rel=\"noopener noreferrer\"><span style=\"font-family: helvetica, arial, sans-serif\">http:\/\/www.portalconsular.itamaraty.gov.br\/vistos-para-viajar-ao-brasil#precisa<\/span><\/a><\/p>\n<p><a href=\"http:\/\/www.portalconsular.itamaraty.gov.br\/images\/qgrv\/QGRV-simples-ing-Dec21.pdf\" target=\"_blank\" rel=\"noopener noreferrer\"><span style=\"font-family: helvetica, arial, sans-serif\">http:\/\/www.portalconsular.itamaraty.gov.br\/images\/qgrv\/QGRV-simples-ing-Dec21.pdf<\/span><\/a><\/p>\n<p>&nbsp;<\/p>\n","protected":false},"excerpt":{"rendered":"<p>Se voc\u00ea mora no exterior, por favor, verifique a necessidade ou n\u00e3o de solicitar um visto para visitar o Brasil. O Brasil exige que residentes de muitos pa\u00edses solicitem visto com anteced\u00eancia para entrar no pa\u00eds. Por exemplo, Austr\u00e1lia, Canad\u00e1, Jap\u00e3o, Cingapura, etc. A necessidade de requerimento de visto deve ser verificada antes da entrada &hellip; <\/p>\n<p class=\"link-more\"><a href=\"https:\/\/wp.ufpel.edu.br\/placeage\/vistos\/\" class=\"more-link\">Continue lendo<span class=\"screen-reader-text\"> &#8220;Vistos&#8221;<\/span><\/a><\/p>\n","protected":false},"author":717,"featured_media":743,"parent":0,"menu_order":0,"comment_status":"closed","ping_status":"closed","template":"","meta":{"footnotes":""},"class_list":["post-738","page","type-page","status-publish","has-post-thumbnail","hentry"],"yoast_head":"<!-- This site is optimized with the Yoast SEO plugin v26.7 - https:\/\/yoast.com\/wordpress\/plugins\/seo\/ -->\n<title>Vistos - Ageing in Place in a World of Inequalities:<\/title>\n<meta name=\"robots\" content=\"index, follow, max-snippet:-1, max-image-preview:large, max-video-preview:-1\" \/>\n<link rel=\"canonical\" href=\"https:\/\/wp.ufpel.edu.br\/placeage\/vistos\/\" \/>\n<meta property=\"og:locale\" content=\"pt_BR\" \/>\n<meta property=\"og:type\" content=\"article\" \/>\n<meta property=\"og:title\" content=\"Vistos - Ageing in Place in a World of Inequalities:\" \/>\n<meta property=\"og:description\" content=\"Se voc\u00ea mora no exterior, por favor, verifique a necessidade ou n\u00e3o de solicitar um visto para visitar o Brasil. O Brasil exige que residentes de muitos pa\u00edses solicitem visto com anteced\u00eancia para entrar no pa\u00eds. Por exemplo, Austr\u00e1lia, Canad\u00e1, Jap\u00e3o, Cingapura, etc. A necessidade de requerimento de visto deve ser verificada antes da entrada &hellip; Continue lendo &quot;Vistos&quot;\" \/>\n<meta property=\"og:url\" content=\"https:\/\/wp.ufpel.edu.br\/placeage\/vistos\/\" \/>\n<meta property=\"og:site_name\" content=\"Ageing in Place in a World of Inequalities:\" \/>\n<meta property=\"article:modified_time\" content=\"2019-03-31T18:27:50+00:00\" \/>\n<meta property=\"og:image\" content=\"https:\/\/wp.ufpel.edu.br\/placeage\/files\/2019\/03\/passaportebrasileiro_div_1280x720-e1553806592328.jpg\" \/>\n\t<meta property=\"og:image:width\" content=\"1280\" \/>\n\t<meta property=\"og:image:height\" content=\"364\" \/>\n\t<meta property=\"og:image:type\" content=\"image\/jpeg\" \/>\n<meta name=\"twitter:card\" content=\"summary_large_image\" \/>\n<meta name=\"twitter:label1\" content=\"Est. tempo de leitura\" \/>\n\t<meta name=\"twitter:data1\" content=\"1 minuto\" \/>\n<script type=\"application\/ld+json\" class=\"yoast-schema-graph\">{\"@context\":\"https:\/\/schema.org\",\"@graph\":[{\"@type\":\"WebPage\",\"@id\":\"https:\/\/wp.ufpel.edu.br\/placeage\/vistos\/\",\"url\":\"https:\/\/wp.ufpel.edu.br\/placeage\/vistos\/\",\"name\":\"Vistos - Ageing in Place in a World of Inequalities:\",\"isPartOf\":{\"@id\":\"https:\/\/wp.ufpel.edu.br\/placeage\/#website\"},\"primaryImageOfPage\":{\"@id\":\"https:\/\/wp.ufpel.edu.br\/placeage\/vistos\/#primaryimage\"},\"image\":{\"@id\":\"https:\/\/wp.ufpel.edu.br\/placeage\/vistos\/#primaryimage\"},\"thumbnailUrl\":\"https:\/\/wp.ufpel.edu.br\/placeage\/files\/2019\/03\/passaportebrasileiro_div_1280x720-e1553806592328.jpg\",\"datePublished\":\"2019-03-28T20:50:45+00:00\",\"dateModified\":\"2019-03-31T18:27:50+00:00\",\"breadcrumb\":{\"@id\":\"https:\/\/wp.ufpel.edu.br\/placeage\/vistos\/#breadcrumb\"},\"inLanguage\":\"pt-BR\",\"potentialAction\":[{\"@type\":\"ReadAction\",\"target\":[\"https:\/\/wp.ufpel.edu.br\/placeage\/vistos\/\"]}]},{\"@type\":\"ImageObject\",\"inLanguage\":\"pt-BR\",\"@id\":\"https:\/\/wp.ufpel.edu.br\/placeage\/vistos\/#primaryimage\",\"url\":\"https:\/\/wp.ufpel.edu.br\/placeage\/files\/2019\/03\/passaportebrasileiro_div_1280x720-e1553806592328.jpg\",\"contentUrl\":\"https:\/\/wp.ufpel.edu.br\/placeage\/files\/2019\/03\/passaportebrasileiro_div_1280x720-e1553806592328.jpg\",\"width\":1280,\"height\":364},{\"@type\":\"BreadcrumbList\",\"@id\":\"https:\/\/wp.ufpel.edu.br\/placeage\/vistos\/#breadcrumb\",\"itemListElement\":[{\"@type\":\"ListItem\",\"position\":1,\"name\":\"In\u00edcio\",\"item\":\"https:\/\/wp.ufpel.edu.br\/placeage\/\"},{\"@type\":\"ListItem\",\"position\":2,\"name\":\"Vistos\"}]},{\"@type\":\"WebSite\",\"@id\":\"https:\/\/wp.ufpel.edu.br\/placeage\/#website\",\"url\":\"https:\/\/wp.ufpel.edu.br\/placeage\/\",\"name\":\"Symposium Ageing Inequalities\",\"description\":\"How to Design Healthy Cities for All | IAPS SYMPOSIUM 2019\",\"publisher\":{\"@id\":\"https:\/\/wp.ufpel.edu.br\/placeage\/#organization\"},\"potentialAction\":[{\"@type\":\"SearchAction\",\"target\":{\"@type\":\"EntryPoint\",\"urlTemplate\":\"https:\/\/wp.ufpel.edu.br\/placeage\/?s={search_term_string}\"},\"query-input\":{\"@type\":\"PropertyValueSpecification\",\"valueRequired\":true,\"valueName\":\"search_term_string\"}}],\"inLanguage\":\"pt-BR\"},{\"@type\":\"Organization\",\"@id\":\"https:\/\/wp.ufpel.edu.br\/placeage\/#organization\",\"name\":\"Syposium IAPS 2019\",\"url\":\"https:\/\/wp.ufpel.edu.br\/placeage\/\",\"logo\":{\"@type\":\"ImageObject\",\"inLanguage\":\"pt-BR\",\"@id\":\"https:\/\/wp.ufpel.edu.br\/placeage\/#\/schema\/logo\/image\/\",\"url\":\"https:\/\/wp.ufpel.edu.br\/placeage\/files\/2019\/04\/cropped-data-17-17-4.png\",\"contentUrl\":\"https:\/\/wp.ufpel.edu.br\/placeage\/files\/2019\/04\/cropped-data-17-17-4.png\",\"width\":411,\"height\":250,\"caption\":\"Syposium IAPS 2019\"},\"image\":{\"@id\":\"https:\/\/wp.ufpel.edu.br\/placeage\/#\/schema\/logo\/image\/\"}}]}<\/script>\n<!-- \/ Yoast SEO plugin. -->","yoast_head_json":{"title":"Vistos - Ageing in Place in a World of Inequalities:","robots":{"index":"index","follow":"follow","max-snippet":"max-snippet:-1","max-image-preview":"max-image-preview:large","max-video-preview":"max-video-preview:-1"},"canonical":"https:\/\/wp.ufpel.edu.br\/placeage\/vistos\/","og_locale":"pt_BR","og_type":"article","og_title":"Vistos - Ageing in Place in a World of Inequalities:","og_description":"Se voc\u00ea mora no exterior, por favor, verifique a necessidade ou n\u00e3o de solicitar um visto para visitar o Brasil. O Brasil exige que residentes de muitos pa\u00edses solicitem visto com anteced\u00eancia para entrar no pa\u00eds. Por exemplo, Austr\u00e1lia, Canad\u00e1, Jap\u00e3o, Cingapura, etc. A necessidade de requerimento de visto deve ser verificada antes da entrada &hellip; Continue lendo \"Vistos\"","og_url":"https:\/\/wp.ufpel.edu.br\/placeage\/vistos\/","og_site_name":"Ageing in Place in a World of Inequalities:","article_modified_time":"2019-03-31T18:27:50+00:00","og_image":[{"width":1280,"height":364,"url":"https:\/\/wp.ufpel.edu.br\/placeage\/files\/2019\/03\/passaportebrasileiro_div_1280x720-e1553806592328.jpg","type":"image\/jpeg"}],"twitter_card":"summary_large_image","twitter_misc":{"Est. tempo de leitura":"1 minuto"},"schema":{"@context":"https:\/\/schema.org","@graph":[{"@type":"WebPage","@id":"https:\/\/wp.ufpel.edu.br\/placeage\/vistos\/","url":"https:\/\/wp.ufpel.edu.br\/placeage\/vistos\/","name":"Vistos - Ageing in Place in a World of Inequalities:","isPartOf":{"@id":"https:\/\/wp.ufpel.edu.br\/placeage\/#website"},"primaryImageOfPage":{"@id":"https:\/\/wp.ufpel.edu.br\/placeage\/vistos\/#primaryimage"},"image":{"@id":"https:\/\/wp.ufpel.edu.br\/placeage\/vistos\/#primaryimage"},"thumbnailUrl":"https:\/\/wp.ufpel.edu.br\/placeage\/files\/2019\/03\/passaportebrasileiro_div_1280x720-e1553806592328.jpg","datePublished":"2019-03-28T20:50:45+00:00","dateModified":"2019-03-31T18:27:50+00:00","breadcrumb":{"@id":"https:\/\/wp.ufpel.edu.br\/placeage\/vistos\/#breadcrumb"},"inLanguage":"pt-BR","potentialAction":[{"@type":"ReadAction","target":["https:\/\/wp.ufpel.edu.br\/placeage\/vistos\/"]}]},{"@type":"ImageObject","inLanguage":"pt-BR","@id":"https:\/\/wp.ufpel.edu.br\/placeage\/vistos\/#primaryimage","url":"https:\/\/wp.ufpel.edu.br\/placeage\/files\/2019\/03\/passaportebrasileiro_div_1280x720-e1553806592328.jpg","contentUrl":"https:\/\/wp.ufpel.edu.br\/placeage\/files\/2019\/03\/passaportebrasileiro_div_1280x720-e1553806592328.jpg","width":1280,"height":364},{"@type":"BreadcrumbList","@id":"https:\/\/wp.ufpel.edu.br\/placeage\/vistos\/#breadcrumb","itemListElement":[{"@type":"ListItem","position":1,"name":"In\u00edcio","item":"https:\/\/wp.ufpel.edu.br\/placeage\/"},{"@type":"ListItem","position":2,"name":"Vistos"}]},{"@type":"WebSite","@id":"https:\/\/wp.ufpel.edu.br\/placeage\/#website","url":"https:\/\/wp.ufpel.edu.br\/placeage\/","name":"Symposium Ageing Inequalities","description":"How to Design Healthy Cities for All | IAPS SYMPOSIUM 2019","publisher":{"@id":"https:\/\/wp.ufpel.edu.br\/placeage\/#organization"},"potentialAction":[{"@type":"SearchAction","target":{"@type":"EntryPoint","urlTemplate":"https:\/\/wp.ufpel.edu.br\/placeage\/?s={search_term_string}"},"query-input":{"@type":"PropertyValueSpecification","valueRequired":true,"valueName":"search_term_string"}}],"inLanguage":"pt-BR"},{"@type":"Organization","@id":"https:\/\/wp.ufpel.edu.br\/placeage\/#organization","name":"Syposium IAPS 2019","url":"https:\/\/wp.ufpel.edu.br\/placeage\/","logo":{"@type":"ImageObject","inLanguage":"pt-BR","@id":"https:\/\/wp.ufpel.edu.br\/placeage\/#\/schema\/logo\/image\/","url":"https:\/\/wp.ufpel.edu.br\/placeage\/files\/2019\/04\/cropped-data-17-17-4.png","contentUrl":"https:\/\/wp.ufpel.edu.br\/placeage\/files\/2019\/04\/cropped-data-17-17-4.png","width":411,"height":250,"caption":"Syposium IAPS 2019"},"image":{"@id":"https:\/\/wp.ufpel.edu.br\/placeage\/#\/schema\/logo\/image\/"}}]}},"_links":{"self":[{"href":"https:\/\/wp.ufpel.edu.br\/placeage\/wp-json\/wp\/v2\/pages\/738","targetHints":{"allow":["GET"]}}],"collection":[{"href":"https:\/\/wp.ufpel.edu.br\/placeage\/wp-json\/wp\/v2\/pages"}],"about":[{"href":"https:\/\/wp.ufpel.edu.br\/placeage\/wp-json\/wp\/v2\/types\/page"}],"author":[{"embeddable":true,"href":"https:\/\/wp.ufpel.edu.br\/placeage\/wp-json\/wp\/v2\/users\/717"}],"replies":[{"embeddable":true,"href":"https:\/\/wp.ufpel.edu.br\/placeage\/wp-json\/wp\/v2\/comments?post=738"}],"version-history":[{"count":7,"href":"https:\/\/wp.ufpel.edu.br\/placeage\/wp-json\/wp\/v2\/pages\/738\/revisions"}],"predecessor-version":[{"id":1042,"href":"https:\/\/wp.ufpel.edu.br\/placeage\/wp-json\/wp\/v2\/pages\/738\/revisions\/1042"}],"wp:featuredmedia":[{"embeddable":true,"href":"https:\/\/wp.ufpel.edu.br\/placeage\/wp-json\/wp\/v2\/media\/743"}],"wp:attachment":[{"href":"https:\/\/wp.ufpel.edu.br\/placeage\/wp-json\/wp\/v2\/media?parent=738"}],"curies":[{"name":"wp","href":"https:\/\/api.w.org\/{rel}","templated":true}]}}