{"id":459,"date":"2019-03-25T16:20:47","date_gmt":"2019-03-25T19:20:47","guid":{"rendered":"https:\/\/wp.ufpel.edu.br\/placeage\/?page_id=459"},"modified":"2019-03-29T23:22:18","modified_gmt":"2019-03-30T02:22:18","slug":"contato-2","status":"publish","type":"page","link":"https:\/\/wp.ufpel.edu.br\/placeage\/contato-2\/","title":{"rendered":"Contato"},"content":{"rendered":"<h2 class=\"site-description\"><span style=\"color: #333333\"><span style=\"font-family: helvetica, arial, sans-serif;font-size: 12pt\">Qualquer d\u00favida que voc\u00ea tenha sobre o evento, por favor, nos contacte pelo e-mail <span style=\"font-family: helvetica, arial, sans-serif\"><strong><span style=\"color: #800023\">simposioiaps2019@gmail.com<\/span><\/strong><\/span> que estaremos lhe ajudando. Estamos sediados no <a href=\"https:\/\/www.labcom.space\/\">LabCom<\/a> &#8211; Laborat\u00f3rio de Estudos Comportamentais da UFPel.<\/span><\/span><\/h2>\n<h2 class=\"site-description\"><span style=\"color: #333333\"><strong><span style=\"font-family: helvetica, arial, sans-serif;font-size: 12pt\">Laborat\u00f3rio de Estudos Comportamentais<\/span><\/strong><\/span><span style=\"font-family: helvetica, arial, sans-serif;font-size: 12pt;color: #333333\"><br \/>\nFaculdade de Arquitetura e Urbanismo | UFPel<\/span><br \/>\n<span style=\"font-family: helvetica, arial, sans-serif;font-size: 12pt;color: #333333\">Endere\u00e7o: Rua Benjamin Constant, 1359 \u2013 Bairro Porto \u2013 Pelotas CEP 96010-020<\/span><br \/>\n<span style=\"font-family: helvetica, arial, sans-serif;font-size: 12pt;color: #333333\">Fone: 55 53 32845511<\/span><\/h2>\n<p><img loading=\"lazy\" decoding=\"async\" class=\"alignnone wp-image-466 size-full\" src=\"https:\/\/wp.ufpel.edu.br\/placeage\/files\/2019\/03\/maps_faurb-19-e1553542256923.jpg\" alt=\"\" width=\"3139\" height=\"1970\" srcset=\"https:\/\/wp.ufpel.edu.br\/placeage\/files\/2019\/03\/maps_faurb-19-e1553542256923.jpg 3139w, https:\/\/wp.ufpel.edu.br\/placeage\/files\/2019\/03\/maps_faurb-19-e1553542256923-400x251.jpg 400w, https:\/\/wp.ufpel.edu.br\/placeage\/files\/2019\/03\/maps_faurb-19-e1553542256923-768x482.jpg 768w, https:\/\/wp.ufpel.edu.br\/placeage\/files\/2019\/03\/maps_faurb-19-e1553542256923-1024x643.jpg 1024w\" sizes=\"auto, (max-width: 706px) 89vw, (max-width: 767px) 82vw, 740px\" \/><\/p>\n","protected":false},"excerpt":{"rendered":"<p>Qualquer d\u00favida que voc\u00ea tenha sobre o evento, por favor, nos contacte pelo e-mail simposioiaps2019@gmail.com que estaremos lhe ajudando. Estamos sediados no LabCom &#8211; Laborat\u00f3rio de Estudos Comportamentais da UFPel. Laborat\u00f3rio de Estudos Comportamentais Faculdade de Arquitetura e Urbanismo | UFPel Endere\u00e7o: Rua Benjamin Constant, 1359 \u2013 Bairro Porto \u2013 Pelotas CEP 96010-020 Fone: 55 &hellip; <\/p>\n<p class=\"link-more\"><a href=\"https:\/\/wp.ufpel.edu.br\/placeage\/contato-2\/\" class=\"more-link\">Continue lendo<span class=\"screen-reader-text\"> &#8220;Contato&#8221;<\/span><\/a><\/p>\n","protected":false},"author":717,"featured_media":0,"parent":0,"menu_order":0,"comment_status":"closed","ping_status":"closed","template":"","meta":{"footnotes":""},"class_list":["post-459","page","type-page","status-publish","hentry"],"yoast_head":"<!-- This site is optimized with the Yoast SEO plugin v26.7 - https:\/\/yoast.com\/wordpress\/plugins\/seo\/ -->\n<title>Contato - Ageing in Place in a World of Inequalities:<\/title>\n<meta name=\"robots\" content=\"index, follow, max-snippet:-1, max-image-preview:large, max-video-preview:-1\" \/>\n<link rel=\"canonical\" href=\"https:\/\/wp.ufpel.edu.br\/placeage\/contato-2\/\" \/>\n<meta property=\"og:locale\" content=\"pt_BR\" \/>\n<meta property=\"og:type\" content=\"article\" \/>\n<meta property=\"og:title\" content=\"Contato - Ageing in Place in a World of Inequalities:\" \/>\n<meta property=\"og:description\" content=\"Qualquer d\u00favida que voc\u00ea tenha sobre o evento, por favor, nos contacte pelo e-mail simposioiaps2019@gmail.com que estaremos lhe ajudando. Estamos sediados no LabCom &#8211; Laborat\u00f3rio de Estudos Comportamentais da UFPel. Laborat\u00f3rio de Estudos Comportamentais Faculdade de Arquitetura e Urbanismo | UFPel Endere\u00e7o: Rua Benjamin Constant, 1359 \u2013 Bairro Porto \u2013 Pelotas CEP 96010-020 Fone: 55 &hellip; Continue lendo &quot;Contato&quot;\" \/>\n<meta property=\"og:url\" content=\"https:\/\/wp.ufpel.edu.br\/placeage\/contato-2\/\" \/>\n<meta property=\"og:site_name\" content=\"Ageing in Place in a World of Inequalities:\" \/>\n<meta property=\"article:modified_time\" content=\"2019-03-30T02:22:18+00:00\" \/>\n<meta property=\"og:image\" content=\"https:\/\/wp.ufpel.edu.br\/placeage\/files\/2019\/03\/maps_faurb-19-e1553542256923.jpg\" \/>\n<meta name=\"twitter:card\" content=\"summary_large_image\" \/>\n<script type=\"application\/ld+json\" class=\"yoast-schema-graph\">{\"@context\":\"https:\/\/schema.org\",\"@graph\":[{\"@type\":\"WebPage\",\"@id\":\"https:\/\/wp.ufpel.edu.br\/placeage\/contato-2\/\",\"url\":\"https:\/\/wp.ufpel.edu.br\/placeage\/contato-2\/\",\"name\":\"Contato - Ageing in Place in a World of Inequalities:\",\"isPartOf\":{\"@id\":\"https:\/\/wp.ufpel.edu.br\/placeage\/#website\"},\"primaryImageOfPage\":{\"@id\":\"https:\/\/wp.ufpel.edu.br\/placeage\/contato-2\/#primaryimage\"},\"image\":{\"@id\":\"https:\/\/wp.ufpel.edu.br\/placeage\/contato-2\/#primaryimage\"},\"thumbnailUrl\":\"https:\/\/wp.ufpel.edu.br\/placeage\/files\/2019\/03\/maps_faurb-19-e1553542256923.jpg\",\"datePublished\":\"2019-03-25T19:20:47+00:00\",\"dateModified\":\"2019-03-30T02:22:18+00:00\",\"breadcrumb\":{\"@id\":\"https:\/\/wp.ufpel.edu.br\/placeage\/contato-2\/#breadcrumb\"},\"inLanguage\":\"pt-BR\",\"potentialAction\":[{\"@type\":\"ReadAction\",\"target\":[\"https:\/\/wp.ufpel.edu.br\/placeage\/contato-2\/\"]}]},{\"@type\":\"ImageObject\",\"inLanguage\":\"pt-BR\",\"@id\":\"https:\/\/wp.ufpel.edu.br\/placeage\/contato-2\/#primaryimage\",\"url\":\"https:\/\/wp.ufpel.edu.br\/placeage\/files\/2019\/03\/maps_faurb-19-e1553542256923.jpg\",\"contentUrl\":\"https:\/\/wp.ufpel.edu.br\/placeage\/files\/2019\/03\/maps_faurb-19-e1553542256923.jpg\",\"width\":3139,\"height\":1970},{\"@type\":\"BreadcrumbList\",\"@id\":\"https:\/\/wp.ufpel.edu.br\/placeage\/contato-2\/#breadcrumb\",\"itemListElement\":[{\"@type\":\"ListItem\",\"position\":1,\"name\":\"In\u00edcio\",\"item\":\"https:\/\/wp.ufpel.edu.br\/placeage\/\"},{\"@type\":\"ListItem\",\"position\":2,\"name\":\"Contato\"}]},{\"@type\":\"WebSite\",\"@id\":\"https:\/\/wp.ufpel.edu.br\/placeage\/#website\",\"url\":\"https:\/\/wp.ufpel.edu.br\/placeage\/\",\"name\":\"Symposium Ageing Inequalities\",\"description\":\"How to Design Healthy Cities for All | IAPS SYMPOSIUM 2019\",\"publisher\":{\"@id\":\"https:\/\/wp.ufpel.edu.br\/placeage\/#organization\"},\"potentialAction\":[{\"@type\":\"SearchAction\",\"target\":{\"@type\":\"EntryPoint\",\"urlTemplate\":\"https:\/\/wp.ufpel.edu.br\/placeage\/?s={search_term_string}\"},\"query-input\":{\"@type\":\"PropertyValueSpecification\",\"valueRequired\":true,\"valueName\":\"search_term_string\"}}],\"inLanguage\":\"pt-BR\"},{\"@type\":\"Organization\",\"@id\":\"https:\/\/wp.ufpel.edu.br\/placeage\/#organization\",\"name\":\"Syposium IAPS 2019\",\"url\":\"https:\/\/wp.ufpel.edu.br\/placeage\/\",\"logo\":{\"@type\":\"ImageObject\",\"inLanguage\":\"pt-BR\",\"@id\":\"https:\/\/wp.ufpel.edu.br\/placeage\/#\/schema\/logo\/image\/\",\"url\":\"https:\/\/wp.ufpel.edu.br\/placeage\/files\/2019\/04\/cropped-data-17-17-4.png\",\"contentUrl\":\"https:\/\/wp.ufpel.edu.br\/placeage\/files\/2019\/04\/cropped-data-17-17-4.png\",\"width\":411,\"height\":250,\"caption\":\"Syposium IAPS 2019\"},\"image\":{\"@id\":\"https:\/\/wp.ufpel.edu.br\/placeage\/#\/schema\/logo\/image\/\"}}]}<\/script>\n<!-- \/ Yoast SEO plugin. -->","yoast_head_json":{"title":"Contato - Ageing in Place in a World of Inequalities:","robots":{"index":"index","follow":"follow","max-snippet":"max-snippet:-1","max-image-preview":"max-image-preview:large","max-video-preview":"max-video-preview:-1"},"canonical":"https:\/\/wp.ufpel.edu.br\/placeage\/contato-2\/","og_locale":"pt_BR","og_type":"article","og_title":"Contato - Ageing in Place in a World of Inequalities:","og_description":"Qualquer d\u00favida que voc\u00ea tenha sobre o evento, por favor, nos contacte pelo e-mail simposioiaps2019@gmail.com que estaremos lhe ajudando. Estamos sediados no LabCom &#8211; Laborat\u00f3rio de Estudos Comportamentais da UFPel. Laborat\u00f3rio de Estudos Comportamentais Faculdade de Arquitetura e Urbanismo | UFPel Endere\u00e7o: Rua Benjamin Constant, 1359 \u2013 Bairro Porto \u2013 Pelotas CEP 96010-020 Fone: 55 &hellip; Continue lendo \"Contato\"","og_url":"https:\/\/wp.ufpel.edu.br\/placeage\/contato-2\/","og_site_name":"Ageing in Place in a World of Inequalities:","article_modified_time":"2019-03-30T02:22:18+00:00","og_image":[{"url":"https:\/\/wp.ufpel.edu.br\/placeage\/files\/2019\/03\/maps_faurb-19-e1553542256923.jpg","type":"","width":"","height":""}],"twitter_card":"summary_large_image","schema":{"@context":"https:\/\/schema.org","@graph":[{"@type":"WebPage","@id":"https:\/\/wp.ufpel.edu.br\/placeage\/contato-2\/","url":"https:\/\/wp.ufpel.edu.br\/placeage\/contato-2\/","name":"Contato - Ageing in Place in a World of Inequalities:","isPartOf":{"@id":"https:\/\/wp.ufpel.edu.br\/placeage\/#website"},"primaryImageOfPage":{"@id":"https:\/\/wp.ufpel.edu.br\/placeage\/contato-2\/#primaryimage"},"image":{"@id":"https:\/\/wp.ufpel.edu.br\/placeage\/contato-2\/#primaryimage"},"thumbnailUrl":"https:\/\/wp.ufpel.edu.br\/placeage\/files\/2019\/03\/maps_faurb-19-e1553542256923.jpg","datePublished":"2019-03-25T19:20:47+00:00","dateModified":"2019-03-30T02:22:18+00:00","breadcrumb":{"@id":"https:\/\/wp.ufpel.edu.br\/placeage\/contato-2\/#breadcrumb"},"inLanguage":"pt-BR","potentialAction":[{"@type":"ReadAction","target":["https:\/\/wp.ufpel.edu.br\/placeage\/contato-2\/"]}]},{"@type":"ImageObject","inLanguage":"pt-BR","@id":"https:\/\/wp.ufpel.edu.br\/placeage\/contato-2\/#primaryimage","url":"https:\/\/wp.ufpel.edu.br\/placeage\/files\/2019\/03\/maps_faurb-19-e1553542256923.jpg","contentUrl":"https:\/\/wp.ufpel.edu.br\/placeage\/files\/2019\/03\/maps_faurb-19-e1553542256923.jpg","width":3139,"height":1970},{"@type":"BreadcrumbList","@id":"https:\/\/wp.ufpel.edu.br\/placeage\/contato-2\/#breadcrumb","itemListElement":[{"@type":"ListItem","position":1,"name":"In\u00edcio","item":"https:\/\/wp.ufpel.edu.br\/placeage\/"},{"@type":"ListItem","position":2,"name":"Contato"}]},{"@type":"WebSite","@id":"https:\/\/wp.ufpel.edu.br\/placeage\/#website","url":"https:\/\/wp.ufpel.edu.br\/placeage\/","name":"Symposium Ageing Inequalities","description":"How to Design Healthy Cities for All | IAPS SYMPOSIUM 2019","publisher":{"@id":"https:\/\/wp.ufpel.edu.br\/placeage\/#organization"},"potentialAction":[{"@type":"SearchAction","target":{"@type":"EntryPoint","urlTemplate":"https:\/\/wp.ufpel.edu.br\/placeage\/?s={search_term_string}"},"query-input":{"@type":"PropertyValueSpecification","valueRequired":true,"valueName":"search_term_string"}}],"inLanguage":"pt-BR"},{"@type":"Organization","@id":"https:\/\/wp.ufpel.edu.br\/placeage\/#organization","name":"Syposium IAPS 2019","url":"https:\/\/wp.ufpel.edu.br\/placeage\/","logo":{"@type":"ImageObject","inLanguage":"pt-BR","@id":"https:\/\/wp.ufpel.edu.br\/placeage\/#\/schema\/logo\/image\/","url":"https:\/\/wp.ufpel.edu.br\/placeage\/files\/2019\/04\/cropped-data-17-17-4.png","contentUrl":"https:\/\/wp.ufpel.edu.br\/placeage\/files\/2019\/04\/cropped-data-17-17-4.png","width":411,"height":250,"caption":"Syposium IAPS 2019"},"image":{"@id":"https:\/\/wp.ufpel.edu.br\/placeage\/#\/schema\/logo\/image\/"}}]}},"_links":{"self":[{"href":"https:\/\/wp.ufpel.edu.br\/placeage\/wp-json\/wp\/v2\/pages\/459","targetHints":{"allow":["GET"]}}],"collection":[{"href":"https:\/\/wp.ufpel.edu.br\/placeage\/wp-json\/wp\/v2\/pages"}],"about":[{"href":"https:\/\/wp.ufpel.edu.br\/placeage\/wp-json\/wp\/v2\/types\/page"}],"author":[{"embeddable":true,"href":"https:\/\/wp.ufpel.edu.br\/placeage\/wp-json\/wp\/v2\/users\/717"}],"replies":[{"embeddable":true,"href":"https:\/\/wp.ufpel.edu.br\/placeage\/wp-json\/wp\/v2\/comments?post=459"}],"version-history":[{"count":11,"href":"https:\/\/wp.ufpel.edu.br\/placeage\/wp-json\/wp\/v2\/pages\/459\/revisions"}],"predecessor-version":[{"id":947,"href":"https:\/\/wp.ufpel.edu.br\/placeage\/wp-json\/wp\/v2\/pages\/459\/revisions\/947"}],"wp:attachment":[{"href":"https:\/\/wp.ufpel.edu.br\/placeage\/wp-json\/wp\/v2\/media?parent=459"}],"curies":[{"name":"wp","href":"https:\/\/api.w.org\/{rel}","templated":true}]}}